{"id":1008,"date":"2025-03-20T13:24:23","date_gmt":"2025-03-20T12:24:23","guid":{"rendered":"https:\/\/musialjanicka.art\/?page_id=1008"},"modified":"2025-03-20T13:25:45","modified_gmt":"2025-03-20T12:25:45","slug":"lista-zyczen","status":"publish","type":"page","link":"https:\/\/musialjanicka.art\/pl\/wishlist\/","title":{"rendered":"Lista \u017cycze\u0144"},"content":{"rendered":"","protected":false},"excerpt":{"rendered":"","protected":false},"author":1,"featured_media":0,"parent":0,"menu_order":0,"comment_status":"closed","ping_status":"closed","template":"","meta":{"pgc_sgb_lightbox_settings":"","footnotes":""},"class_list":["post-1008","page","type-page","status-publish","hentry"],"blocksy_meta":[],"yoast_head":"<!-- This site is optimized with the Yoast SEO plugin v27.5 - https:\/\/yoast.com\/product\/yoast-seo-wordpress\/ -->\n<title>Wishlist - musialjanicka.art<\/title>\n<meta name=\"description\" content=\"Wishlist Joanna Musia\u0142-Janicka - Art Supporting Peace of Your Mind and Soul\" \/>\n<meta name=\"robots\" content=\"index, follow, max-snippet:-1, max-image-preview:large, max-video-preview:-1\" \/>\n<link rel=\"canonical\" href=\"https:\/\/musialjanicka.art\/pl\/lista-zyczen\/\" \/>\n<meta property=\"og:locale\" content=\"pl_PL\" \/>\n<meta property=\"og:type\" content=\"article\" \/>\n<meta property=\"og:title\" content=\"Wishlist - musialjanicka.art\" \/>\n<meta property=\"og:description\" content=\"Wishlist Joanna Musia\u0142-Janicka - Art Supporting Peace of Your Mind and Soul\" \/>\n<meta property=\"og:url\" content=\"https:\/\/musialjanicka.art\/pl\/lista-zyczen\/\" \/>\n<meta property=\"og:site_name\" content=\"musialjanicka.art\" \/>\n<meta property=\"article:publisher\" content=\"https:\/\/www.facebook.com\/profile.php?id=61558487248297\" \/>\n<meta property=\"article:modified_time\" content=\"2025-03-20T12:25:45+00:00\" \/>\n<meta name=\"twitter:card\" content=\"summary_large_image\" \/>\n<script type=\"application\/ld+json\" class=\"yoast-schema-graph\">{\"@context\":\"https:\\\/\\\/schema.org\",\"@graph\":[{\"@type\":\"WebPage\",\"@id\":\"https:\\\/\\\/musialjanicka.art\\\/wishlist\\\/\",\"url\":\"https:\\\/\\\/musialjanicka.art\\\/wishlist\\\/\",\"name\":\"Wishlist - musialjanicka.art\",\"isPartOf\":{\"@id\":\"https:\\\/\\\/musialjanicka.art\\\/#website\"},\"datePublished\":\"2025-03-20T12:24:23+00:00\",\"dateModified\":\"2025-03-20T12:25:45+00:00\",\"description\":\"Wishlist Joanna Musia\u0142-Janicka - Art Supporting Peace of Your Mind and Soul\",\"breadcrumb\":{\"@id\":\"https:\\\/\\\/musialjanicka.art\\\/wishlist\\\/#breadcrumb\"},\"inLanguage\":\"pl-PL\",\"potentialAction\":[{\"@type\":\"ReadAction\",\"target\":[\"https:\\\/\\\/musialjanicka.art\\\/wishlist\\\/\"]}]},{\"@type\":\"BreadcrumbList\",\"@id\":\"https:\\\/\\\/musialjanicka.art\\\/wishlist\\\/#breadcrumb\",\"itemListElement\":[{\"@type\":\"ListItem\",\"position\":1,\"name\":\"Home\",\"item\":\"https:\\\/\\\/musialjanicka.art\\\/\"},{\"@type\":\"ListItem\",\"position\":2,\"name\":\"Wishlist\"}]},{\"@type\":\"WebSite\",\"@id\":\"https:\\\/\\\/musialjanicka.art\\\/#website\",\"url\":\"https:\\\/\\\/musialjanicka.art\\\/\",\"name\":\"musialjanicka.art\",\"description\":\"Art Supporting Peace of Your Mind and Soul\",\"publisher\":{\"@id\":\"https:\\\/\\\/musialjanicka.art\\\/#organization\"},\"potentialAction\":[{\"@type\":\"SearchAction\",\"target\":{\"@type\":\"EntryPoint\",\"urlTemplate\":\"https:\\\/\\\/musialjanicka.art\\\/?s={search_term_string}\"},\"query-input\":{\"@type\":\"PropertyValueSpecification\",\"valueRequired\":true,\"valueName\":\"search_term_string\"}}],\"inLanguage\":\"pl-PL\"},{\"@type\":\"Organization\",\"@id\":\"https:\\\/\\\/musialjanicka.art\\\/#organization\",\"name\":\"musialjanicka.art\",\"url\":\"https:\\\/\\\/musialjanicka.art\\\/\",\"logo\":{\"@type\":\"ImageObject\",\"inLanguage\":\"pl-PL\",\"@id\":\"https:\\\/\\\/musialjanicka.art\\\/#\\\/schema\\\/logo\\\/image\\\/\",\"url\":\"https:\\\/\\\/musialjanicka.art\\\/wp-content\\\/uploads\\\/2025\\\/02\\\/cropped-Nowe-logo-kwadrat-620x620px.png\",\"contentUrl\":\"https:\\\/\\\/musialjanicka.art\\\/wp-content\\\/uploads\\\/2025\\\/02\\\/cropped-Nowe-logo-kwadrat-620x620px.png\",\"width\":512,\"height\":512,\"caption\":\"musialjanicka.art\"},\"image\":{\"@id\":\"https:\\\/\\\/musialjanicka.art\\\/#\\\/schema\\\/logo\\\/image\\\/\"},\"sameAs\":[\"https:\\\/\\\/www.facebook.com\\\/profile.php?id=61558487248297\",\"https:\\\/\\\/www.instagram.com\\\/peacefulnaturebyjmj\\\/\",\"https:\\\/\\\/pl.pinterest.com\\\/jmusialjanicka\\\/?actingBusinessId=482518684984684504\"]}]}<\/script>\n<!-- \/ Yoast SEO plugin. -->","yoast_head_json":{"title":"Lista \u017cycze\u0144 - musialjanicka.art","description":"Lista \u017cycze\u0144 Joanna Musia\u0142-Janicka - Sztuka wspieraj\u0105ca spok\u00f3j umys\u0142u i duszy","robots":{"index":"index","follow":"follow","max-snippet":"max-snippet:-1","max-image-preview":"max-image-preview:large","max-video-preview":"max-video-preview:-1"},"canonical":"https:\/\/musialjanicka.art\/pl\/lista-zyczen\/","og_locale":"pl_PL","og_type":"article","og_title":"Wishlist - musialjanicka.art","og_description":"Wishlist Joanna Musia\u0142-Janicka - Art Supporting Peace of Your Mind and Soul","og_url":"https:\/\/musialjanicka.art\/pl\/lista-zyczen\/","og_site_name":"musialjanicka.art","article_publisher":"https:\/\/www.facebook.com\/profile.php?id=61558487248297","article_modified_time":"2025-03-20T12:25:45+00:00","twitter_card":"summary_large_image","schema":{"@context":"https:\/\/schema.org","@graph":[{"@type":"WebPage","@id":"https:\/\/musialjanicka.art\/wishlist\/","url":"https:\/\/musialjanicka.art\/wishlist\/","name":"Lista \u017cycze\u0144 - musialjanicka.art","isPartOf":{"@id":"https:\/\/musialjanicka.art\/#website"},"datePublished":"2025-03-20T12:24:23+00:00","dateModified":"2025-03-20T12:25:45+00:00","description":"Lista \u017cycze\u0144 Joanna Musia\u0142-Janicka - Sztuka wspieraj\u0105ca spok\u00f3j umys\u0142u i duszy","breadcrumb":{"@id":"https:\/\/musialjanicka.art\/wishlist\/#breadcrumb"},"inLanguage":"pl-PL","potentialAction":[{"@type":"ReadAction","target":["https:\/\/musialjanicka.art\/wishlist\/"]}]},{"@type":"BreadcrumbList","@id":"https:\/\/musialjanicka.art\/wishlist\/#breadcrumb","itemListElement":[{"@type":"ListItem","position":1,"name":"Home","item":"https:\/\/musialjanicka.art\/"},{"@type":"ListItem","position":2,"name":"Wishlist"}]},{"@type":"WebSite","@id":"https:\/\/musialjanicka.art\/#website","url":"https:\/\/musialjanicka.art\/","name":"musialjanicka.art","description":"Sztuka wspieraj\u0105ca spok\u00f3j umys\u0142u i duszy","publisher":{"@id":"https:\/\/musialjanicka.art\/#organization"},"potentialAction":[{"@type":"SearchAction","target":{"@type":"EntryPoint","urlTemplate":"https:\/\/musialjanicka.art\/?s={search_term_string}"},"query-input":{"@type":"PropertyValueSpecification","valueRequired":true,"valueName":"search_term_string"}}],"inLanguage":"pl-PL"},{"@type":"Organization","@id":"https:\/\/musialjanicka.art\/#organization","name":"musialjanicka.art","url":"https:\/\/musialjanicka.art\/","logo":{"@type":"ImageObject","inLanguage":"pl-PL","@id":"https:\/\/musialjanicka.art\/#\/schema\/logo\/image\/","url":"https:\/\/musialjanicka.art\/wp-content\/uploads\/2025\/02\/cropped-Nowe-logo-kwadrat-620x620px.png","contentUrl":"https:\/\/musialjanicka.art\/wp-content\/uploads\/2025\/02\/cropped-Nowe-logo-kwadrat-620x620px.png","width":512,"height":512,"caption":"musialjanicka.art"},"image":{"@id":"https:\/\/musialjanicka.art\/#\/schema\/logo\/image\/"},"sameAs":["https:\/\/www.facebook.com\/profile.php?id=61558487248297","https:\/\/www.instagram.com\/peacefulnaturebyjmj\/","https:\/\/pl.pinterest.com\/jmusialjanicka\/?actingBusinessId=482518684984684504"]}]}},"jetpack_sharing_enabled":true,"_links":{"self":[{"href":"https:\/\/musialjanicka.art\/pl\/wp-json\/wp\/v2\/pages\/1008","targetHints":{"allow":["GET"]}}],"collection":[{"href":"https:\/\/musialjanicka.art\/pl\/wp-json\/wp\/v2\/pages"}],"about":[{"href":"https:\/\/musialjanicka.art\/pl\/wp-json\/wp\/v2\/types\/page"}],"author":[{"embeddable":true,"href":"https:\/\/musialjanicka.art\/pl\/wp-json\/wp\/v2\/users\/1"}],"replies":[{"embeddable":true,"href":"https:\/\/musialjanicka.art\/pl\/wp-json\/wp\/v2\/comments?post=1008"}],"version-history":[{"count":1,"href":"https:\/\/musialjanicka.art\/pl\/wp-json\/wp\/v2\/pages\/1008\/revisions"}],"predecessor-version":[{"id":1009,"href":"https:\/\/musialjanicka.art\/pl\/wp-json\/wp\/v2\/pages\/1008\/revisions\/1009"}],"wp:attachment":[{"href":"https:\/\/musialjanicka.art\/pl\/wp-json\/wp\/v2\/media?parent=1008"}],"curies":[{"name":"wp","href":"https:\/\/api.w.org\/{rel}","templated":true}]}}