{"id":1197,"date":"2025-03-25T12:56:25","date_gmt":"2025-03-25T11:56:25","guid":{"rendered":"https:\/\/musialjanicka.art\/?page_id=1197"},"modified":"2026-02-06T14:53:38","modified_gmt":"2026-02-06T13:53:38","slug":"misja","status":"publish","type":"page","link":"https:\/\/musialjanicka.art\/pl\/mission\/","title":{"rendered":"Misja"},"content":{"rendered":"<div class=\"wp-block-cover alignfull is-light has-parallax\" style=\"min-height:100vh;aspect-ratio:unset;\"><div class=\"wp-block-cover__image-background wp-image-1205 has-parallax\" style=\"background-position:50% 50%;background-image:url(https:\/\/musialjanicka.art\/wp-content\/uploads\/2025\/03\/Joanna-Musial-Janicka-macro-art.jpg)\"><\/div><span aria-hidden=\"true\" class=\"wp-block-cover__background has-background-dim-10 has-background-dim\"><\/span><div class=\"wp-block-cover__inner-container is-layout-constrained wp-block-cover-is-layout-constrained\">\n<h2 class=\"wp-block-heading has-text-align-center has-palette-color-8-color has-text-color has-link-color has-x-large-font-size wp-elements-eddda6564b0477743664b6deb91e45a1\">\u015awiat jest tam, gdzie zdecydujesz si\u0119 zatrzyma\u0107<\/h2>\n<\/div><\/div>\n\n\n\n<div class=\"wp-block-stackable-columns alignfull stk-block-columns stk-block stk-c2a98d6 stk-block-background\" data-block-id=\"c2a98d6\"><style>.stk-c2a98d6 {background-color:var(--theme-palette-color-4, #111518) !important;min-height:900px !important;align-items:center !important;display:flex !important;}.stk-c2a98d6:before{background-color:var(--theme-palette-color-4, #111518) !important;}<\/style><div class=\"stk-row stk-inner-blocks stk-block-content stk-content-align stk-c2a98d6-column alignwide\">\n<div class=\"wp-block-stackable-column stk-block-column stk-column stk-block stk-6129eee\" data-v=\"4\" data-block-id=\"6129eee\"><div class=\"stk-column-wrapper stk-block-column__content stk-container stk-6129eee-container stk--no-background stk--no-padding\"><div class=\"stk-block-content stk-inner-blocks stk-6129eee-inner-blocks\">\n<div class=\"wp-block-stackable-spacer stk-block-spacer stk--no-padding stk-block stk-836572a\" data-block-id=\"836572a\"><\/div>\n\n\n\n<div class=\"wp-block-stackable-heading stk-block-heading stk-block-heading--v2 stk-block stk-10cbb83\" id=\"my-intention-my-mission-my-why\" data-block-id=\"10cbb83\"><style>.stk-10cbb83 {margin-bottom:31px !important;}.stk-10cbb83 .stk-block-heading__text{color:var(--theme-palette-color-8, #ffffff) !important;}<\/style><h1 class=\"stk-block-heading__text has-text-color has-text-align-center\">M\u00f3j zamiar, moja misja, moje dlaczego<\/h1><\/div>\n\n\n\n<div class=\"wp-block-stackable-text stk-block-text stk-block stk-e9ebeac\" data-block-id=\"e9ebeac\"><style>.stk-e9ebeac .stk-block-text__text{color:var(--theme-palette-color-8, #ffffff) !important;}<\/style><p class=\"stk-block-text__text has-text-color has-text-align-center\">Wierz\u0119, \u017ce \u015bwiat ujawnia si\u0119 w momentach, w kt\u00f3rych decydujemy si\u0119 zatrzyma\u0107. <strong>w cichej \u015bwiadomo\u015bci bycia po prostu<\/strong>, zamiast p\u0119dzi\u0107 przez \u017cycie w szumie i rozproszeniu. W tych przerwach naprawd\u0119 istniejemy - nie jako zwykli obserwatorzy porwani przez pr\u0105d, ale jako obecne, \u015bwiadome istoty, w pe\u0142ni zanurzone w tym, co nas otacza. <strong>pi\u0119kno chwili obecnej<\/strong>. <\/p><\/div>\n\n\n\n<div class=\"wp-block-stackable-text stk-block-text stk-block stk-e7ad0c1\" data-block-id=\"e7ad0c1\"><style>.stk-e7ad0c1 .stk-block-text__text{color:var(--theme-palette-color-8, #ffffff) !important;}<\/style><p class=\"stk-block-text__text has-text-color has-text-align-center\">Moj\u0105 misj\u0105 i intencj\u0105 jest <strong>tworzy\u0107 sztuk\u0119, kt\u00f3ra zach\u0119ca do zatrzymania si\u0119<\/strong>, We\u017a g\u0142\u0119boki oddech i po\u0142\u0105cz si\u0119 z samym sob\u0105. Kr\u00f3tka chwila bezruchu - <strong>wizualna medytacja<\/strong> \u017ce <strong>przywraca r\u00f3wnowag\u0119 i przynosi poczucie spokoju.<\/strong><\/p><\/div>\n\n\n\n<div class=\"wp-block-stackable-text stk-block-text stk-block stk-6ae4f65\" data-block-id=\"6ae4f65\"><style>.stk-6ae4f65 {margin-bottom:50px !important;}.stk-6ae4f65 .stk-block-text__text{color:var(--theme-palette-color-8, #ffffff) !important;}<\/style><p class=\"stk-block-text__text has-text-color has-text-align-center translation-block\"><strong>Te fotografie to co\u015b wi\u0119cej ni\u017c dekoracja<\/strong> \u2014 tworz\u0105 atmosfer\u0119 spokoju, pobudzaj\u0105 wyobra\u017ani\u0119 i s\u0105 <strong>zaproszeniem do zatrzymania si\u0119, odnalezienia wewn\u0119trznego spokoju i przywr\u00f3cenia r\u00f3wnowagi<\/strong>.\nTo podr\u00f3\u017c w g\u0142\u0105b siebie. Przestrze\u0144 na pauz\u0119. Subtelne przypomnienie, \u017ce spok\u00f3j, kt\u00f3rego szukasz, ju\u017c w Tobie jest.<\/p><\/div>\n\n\n\n<div class=\"wp-block-stackable-text stk-block-text stk-block stk-988edd0\" data-block-id=\"988edd0\"><style>.stk-988edd0 {margin-bottom:0px !important;}.stk-988edd0 .stk-block-text__text{color:var(--theme-palette-color-8, #ffffff) !important;}<\/style><p class=\"stk-block-text__text has-text-color has-text-align-center\">#ThePowerOfAStop #musialjanicka.art<\/p><\/div>\n\n\n\n<p><\/p>\n\n\n\n<div class=\"wp-block-stackable-spacer stk-block-spacer stk--no-padding stk-block stk-7191880\" data-block-id=\"7191880\"><style>.stk-7191880 {height:219px !important;}<\/style><\/div>\n\n\n\n<div class=\"wp-block-columns has-small-font-size is-layout-flex wp-container-core-columns-is-layout-5c8fb865 wp-block-columns-is-layout-flex\">\n<div class=\"wp-block-column is-layout-flow wp-block-column-is-layout-flow\" style=\"flex-basis:100%\">\n<figure class=\"wp-block-image aligncenter size-medium\"><img loading=\"lazy\" decoding=\"async\" width=\"200\" height=\"300\" src=\"https:\/\/musialjanicka.art\/wp-content\/uploads\/2025\/03\/Modern-photography-Joanna-Musial-Janicka-Art-portrait-200x300.jpg\" alt=\"Joanna Musia\u0142-Janicka portret\" class=\"wp-image-1249\" style=\"object-fit:cover\" srcset=\"https:\/\/musialjanicka.art\/wp-content\/uploads\/2025\/03\/Modern-photography-Joanna-Musial-Janicka-Art-portrait-200x300.jpg 200w, https:\/\/musialjanicka.art\/wp-content\/uploads\/2025\/03\/Modern-photography-Joanna-Musial-Janicka-Art-portrait-300x450.jpg 300w, https:\/\/musialjanicka.art\/wp-content\/uploads\/2025\/03\/Modern-photography-Joanna-Musial-Janicka-Art-portrait-600x900.jpg 600w, https:\/\/musialjanicka.art\/wp-content\/uploads\/2025\/03\/Modern-photography-Joanna-Musial-Janicka-Art-portrait.jpg 683w\" sizes=\"auto, (max-width: 200px) 100vw, 200px\" \/><\/figure>\n<\/div>\n<\/div>\n\n\n\n<div class=\"wp-block-stackable-button-group stk-block-button-group stk-block stk-3c7c1b7\" data-block-id=\"3c7c1b7\"><div class=\"stk-row stk-inner-blocks has-text-align-center stk-block-content stk-button-group\">\n<div class=\"wp-block-stackable-button stk-block-button is-style-ghost stk-block stk-b44b7ee\" data-block-id=\"b44b7ee\"><style>.stk-b44b7ee .stk-button{background:transparent !important;}.stk-b44b7ee .stk-button:hover:after{background:transparent !important;opacity:1 !important;}:where(.stk-hover-parent:hover,  .stk-hover-parent.stk--is-hovered) .stk-b44b7ee .stk-button:after{background:transparent !important;opacity:1 !important;}.stk-b44b7ee .stk-button:before{border-style:solid !important;border-color:var(--theme-palette-color-8, #ffffff) !important;}.stk-b44b7ee .stk-button__inner-text{color:var(--theme-palette-color-8, #ffffff) !important;}<\/style><a class=\"stk-link stk-button stk--hover-effect-darken\" href=\"https:\/\/musialjanicka.art\/pl\/o-joannie-musial-janickiej-art\/\" target=\"_blank\" rel=\"noreferrer noopener\"><span class=\"has-text-color stk-button__inner-text\">Artystka Joanna Musia\u0142-Janicka - czytaj wi\u0119cej<\/span><\/a><\/div>\n<\/div><\/div>\n<\/div><\/div><\/div>\n<\/div><\/div>\n\n\n\n<p><\/p>","protected":false},"excerpt":{"rendered":"<p>My Intention, my Mission, my Why I believe that the world reveals itself in the moments we choose to pause &#8211; in the quiet awareness of simply being, rather than rushing through life in a blur of noise and distractions. In these pauses, we truly exist &#8211; not as mere observers swept away by the [&hellip;]<\/p>\n","protected":false},"author":1,"featured_media":0,"parent":0,"menu_order":0,"comment_status":"closed","ping_status":"closed","template":"","meta":{"pgc_sgb_lightbox_settings":"","footnotes":""},"class_list":["post-1197","page","type-page","status-publish","hentry"],"blocksy_meta":{"has_hero_section":"disabled","styles_descriptor":{"styles":{"desktop":"","tablet":"","mobile":""},"google_fonts":[],"version":6},"vertical_spacing_source":"custom","content_area_spacing":"bottom"},"yoast_head":"<!-- This site is optimized with the Yoast SEO plugin v27.5 - https:\/\/yoast.com\/product\/yoast-seo-wordpress\/ -->\n<title>Mission of Joanna Musia\u0142-Janicka Art - musialjanicka.art<\/title>\n<meta name=\"description\" content=\"Mission of Joanna Musia\u0142-Janicka Art: The world is where you choose to stop. A visual meditation that restores balance and sparks mindfulness\" \/>\n<meta name=\"robots\" content=\"index, follow, max-snippet:-1, max-image-preview:large, max-video-preview:-1\" \/>\n<link rel=\"canonical\" href=\"https:\/\/musialjanicka.art\/pl\/misja\/\" \/>\n<meta property=\"og:locale\" content=\"pl_PL\" \/>\n<meta property=\"og:type\" content=\"article\" \/>\n<meta property=\"og:title\" content=\"Mission of Joanna Musia\u0142-Janicka Art - musialjanicka.art\" \/>\n<meta property=\"og:description\" content=\"Mission of Joanna Musia\u0142-Janicka Art: The world is where you choose to stop. A visual meditation that restores balance and sparks mindfulness\" \/>\n<meta property=\"og:url\" content=\"https:\/\/musialjanicka.art\/pl\/misja\/\" \/>\n<meta property=\"og:site_name\" content=\"musialjanicka.art\" \/>\n<meta property=\"article:publisher\" content=\"https:\/\/www.facebook.com\/profile.php?id=61558487248297\" \/>\n<meta property=\"article:modified_time\" content=\"2026-02-06T13:53:38+00:00\" \/>\n<meta property=\"og:image\" content=\"https:\/\/musialjanicka.art\/wp-content\/uploads\/2025\/03\/Modern-photography-Joanna-Musial-Janicka-Art-portrait.jpg\" \/>\n\t<meta property=\"og:image:width\" content=\"683\" \/>\n\t<meta property=\"og:image:height\" content=\"1024\" \/>\n\t<meta property=\"og:image:type\" content=\"image\/jpeg\" \/>\n<meta name=\"twitter:card\" content=\"summary_large_image\" \/>\n<meta name=\"twitter:label1\" content=\"Szacowany czas czytania\" \/>\n\t<meta name=\"twitter:data1\" content=\"1 minuta\" \/>\n<script type=\"application\/ld+json\" class=\"yoast-schema-graph\">{\"@context\":\"https:\\\/\\\/schema.org\",\"@graph\":[{\"@type\":\"WebPage\",\"@id\":\"https:\\\/\\\/musialjanicka.art\\\/mission\\\/\",\"url\":\"https:\\\/\\\/musialjanicka.art\\\/mission\\\/\",\"name\":\"Mission of Joanna Musia\u0142-Janicka Art - musialjanicka.art\",\"isPartOf\":{\"@id\":\"https:\\\/\\\/musialjanicka.art\\\/#website\"},\"primaryImageOfPage\":{\"@id\":\"https:\\\/\\\/musialjanicka.art\\\/mission\\\/#primaryimage\"},\"image\":{\"@id\":\"https:\\\/\\\/musialjanicka.art\\\/mission\\\/#primaryimage\"},\"thumbnailUrl\":\"https:\\\/\\\/musialjanicka.art\\\/wp-content\\\/uploads\\\/2025\\\/03\\\/Modern-photography-Joanna-Musial-Janicka-Art-portrait-200x300.jpg\",\"datePublished\":\"2025-03-25T11:56:25+00:00\",\"dateModified\":\"2026-02-06T13:53:38+00:00\",\"description\":\"Mission of Joanna Musia\u0142-Janicka Art: The world is where you choose to stop. A visual meditation that restores balance and sparks mindfulness\",\"breadcrumb\":{\"@id\":\"https:\\\/\\\/musialjanicka.art\\\/mission\\\/#breadcrumb\"},\"inLanguage\":\"pl-PL\",\"potentialAction\":[{\"@type\":\"ReadAction\",\"target\":[\"https:\\\/\\\/musialjanicka.art\\\/mission\\\/\"]}]},{\"@type\":\"ImageObject\",\"inLanguage\":\"pl-PL\",\"@id\":\"https:\\\/\\\/musialjanicka.art\\\/mission\\\/#primaryimage\",\"url\":\"https:\\\/\\\/musialjanicka.art\\\/wp-content\\\/uploads\\\/2025\\\/03\\\/Modern-photography-Joanna-Musial-Janicka-Art-portrait-200x300.jpg\",\"contentUrl\":\"https:\\\/\\\/musialjanicka.art\\\/wp-content\\\/uploads\\\/2025\\\/03\\\/Modern-photography-Joanna-Musial-Janicka-Art-portrait-200x300.jpg\"},{\"@type\":\"BreadcrumbList\",\"@id\":\"https:\\\/\\\/musialjanicka.art\\\/mission\\\/#breadcrumb\",\"itemListElement\":[{\"@type\":\"ListItem\",\"position\":1,\"name\":\"Home\",\"item\":\"https:\\\/\\\/musialjanicka.art\\\/\"},{\"@type\":\"ListItem\",\"position\":2,\"name\":\"Mission\"}]},{\"@type\":\"WebSite\",\"@id\":\"https:\\\/\\\/musialjanicka.art\\\/#website\",\"url\":\"https:\\\/\\\/musialjanicka.art\\\/\",\"name\":\"musialjanicka.art\",\"description\":\"Art Supporting Peace of Your Mind and Soul\",\"publisher\":{\"@id\":\"https:\\\/\\\/musialjanicka.art\\\/#organization\"},\"potentialAction\":[{\"@type\":\"SearchAction\",\"target\":{\"@type\":\"EntryPoint\",\"urlTemplate\":\"https:\\\/\\\/musialjanicka.art\\\/?s={search_term_string}\"},\"query-input\":{\"@type\":\"PropertyValueSpecification\",\"valueRequired\":true,\"valueName\":\"search_term_string\"}}],\"inLanguage\":\"pl-PL\"},{\"@type\":\"Organization\",\"@id\":\"https:\\\/\\\/musialjanicka.art\\\/#organization\",\"name\":\"musialjanicka.art\",\"url\":\"https:\\\/\\\/musialjanicka.art\\\/\",\"logo\":{\"@type\":\"ImageObject\",\"inLanguage\":\"pl-PL\",\"@id\":\"https:\\\/\\\/musialjanicka.art\\\/#\\\/schema\\\/logo\\\/image\\\/\",\"url\":\"https:\\\/\\\/musialjanicka.art\\\/wp-content\\\/uploads\\\/2025\\\/02\\\/cropped-Nowe-logo-kwadrat-620x620px.png\",\"contentUrl\":\"https:\\\/\\\/musialjanicka.art\\\/wp-content\\\/uploads\\\/2025\\\/02\\\/cropped-Nowe-logo-kwadrat-620x620px.png\",\"width\":512,\"height\":512,\"caption\":\"musialjanicka.art\"},\"image\":{\"@id\":\"https:\\\/\\\/musialjanicka.art\\\/#\\\/schema\\\/logo\\\/image\\\/\"},\"sameAs\":[\"https:\\\/\\\/www.facebook.com\\\/profile.php?id=61558487248297\",\"https:\\\/\\\/www.instagram.com\\\/peacefulnaturebyjmj\\\/\",\"https:\\\/\\\/pl.pinterest.com\\\/jmusialjanicka\\\/?actingBusinessId=482518684984684504\"]}]}<\/script>\n<!-- \/ Yoast SEO plugin. -->","yoast_head_json":{"title":"Misja sztuki Joanny Musia\u0142-Janickiej - musialjanicka.art","description":"Misja Joanna Musia\u0142-Janicka Art: \u015awiat jest tam, gdzie zdecydujesz si\u0119 zatrzyma\u0107. Wizualna medytacja, kt\u00f3ra przywraca r\u00f3wnowag\u0119 i pobudza uwa\u017cno\u015b\u0107","robots":{"index":"index","follow":"follow","max-snippet":"max-snippet:-1","max-image-preview":"max-image-preview:large","max-video-preview":"max-video-preview:-1"},"canonical":"https:\/\/musialjanicka.art\/pl\/misja\/","og_locale":"pl_PL","og_type":"article","og_title":"Mission of Joanna Musia\u0142-Janicka Art - musialjanicka.art","og_description":"Mission of Joanna Musia\u0142-Janicka Art: The world is where you choose to stop. A visual meditation that restores balance and sparks mindfulness","og_url":"https:\/\/musialjanicka.art\/pl\/misja\/","og_site_name":"musialjanicka.art","article_publisher":"https:\/\/www.facebook.com\/profile.php?id=61558487248297","article_modified_time":"2026-02-06T13:53:38+00:00","og_image":[{"width":683,"height":1024,"url":"https:\/\/musialjanicka.art\/wp-content\/uploads\/2025\/03\/Modern-photography-Joanna-Musial-Janicka-Art-portrait.jpg","type":"image\/jpeg"}],"twitter_card":"summary_large_image","twitter_misc":{"Szacowany czas czytania":"1 minuta"},"schema":{"@context":"https:\/\/schema.org","@graph":[{"@type":"WebPage","@id":"https:\/\/musialjanicka.art\/mission\/","url":"https:\/\/musialjanicka.art\/mission\/","name":"Misja sztuki Joanny Musia\u0142-Janickiej - musialjanicka.art","isPartOf":{"@id":"https:\/\/musialjanicka.art\/#website"},"primaryImageOfPage":{"@id":"https:\/\/musialjanicka.art\/mission\/#primaryimage"},"image":{"@id":"https:\/\/musialjanicka.art\/mission\/#primaryimage"},"thumbnailUrl":"https:\/\/musialjanicka.art\/wp-content\/uploads\/2025\/03\/Modern-photography-Joanna-Musial-Janicka-Art-portrait-200x300.jpg","datePublished":"2025-03-25T11:56:25+00:00","dateModified":"2026-02-06T13:53:38+00:00","description":"Misja Joanna Musia\u0142-Janicka Art: \u015awiat jest tam, gdzie zdecydujesz si\u0119 zatrzyma\u0107. Wizualna medytacja, kt\u00f3ra przywraca r\u00f3wnowag\u0119 i pobudza uwa\u017cno\u015b\u0107","breadcrumb":{"@id":"https:\/\/musialjanicka.art\/mission\/#breadcrumb"},"inLanguage":"pl-PL","potentialAction":[{"@type":"ReadAction","target":["https:\/\/musialjanicka.art\/mission\/"]}]},{"@type":"ImageObject","inLanguage":"pl-PL","@id":"https:\/\/musialjanicka.art\/mission\/#primaryimage","url":"https:\/\/musialjanicka.art\/wp-content\/uploads\/2025\/03\/Modern-photography-Joanna-Musial-Janicka-Art-portrait-200x300.jpg","contentUrl":"https:\/\/musialjanicka.art\/wp-content\/uploads\/2025\/03\/Modern-photography-Joanna-Musial-Janicka-Art-portrait-200x300.jpg"},{"@type":"BreadcrumbList","@id":"https:\/\/musialjanicka.art\/mission\/#breadcrumb","itemListElement":[{"@type":"ListItem","position":1,"name":"Home","item":"https:\/\/musialjanicka.art\/"},{"@type":"ListItem","position":2,"name":"Mission"}]},{"@type":"WebSite","@id":"https:\/\/musialjanicka.art\/#website","url":"https:\/\/musialjanicka.art\/","name":"musialjanicka.art","description":"Sztuka wspieraj\u0105ca spok\u00f3j umys\u0142u i duszy","publisher":{"@id":"https:\/\/musialjanicka.art\/#organization"},"potentialAction":[{"@type":"SearchAction","target":{"@type":"EntryPoint","urlTemplate":"https:\/\/musialjanicka.art\/?s={search_term_string}"},"query-input":{"@type":"PropertyValueSpecification","valueRequired":true,"valueName":"search_term_string"}}],"inLanguage":"pl-PL"},{"@type":"Organization","@id":"https:\/\/musialjanicka.art\/#organization","name":"musialjanicka.art","url":"https:\/\/musialjanicka.art\/","logo":{"@type":"ImageObject","inLanguage":"pl-PL","@id":"https:\/\/musialjanicka.art\/#\/schema\/logo\/image\/","url":"https:\/\/musialjanicka.art\/wp-content\/uploads\/2025\/02\/cropped-Nowe-logo-kwadrat-620x620px.png","contentUrl":"https:\/\/musialjanicka.art\/wp-content\/uploads\/2025\/02\/cropped-Nowe-logo-kwadrat-620x620px.png","width":512,"height":512,"caption":"musialjanicka.art"},"image":{"@id":"https:\/\/musialjanicka.art\/#\/schema\/logo\/image\/"},"sameAs":["https:\/\/www.facebook.com\/profile.php?id=61558487248297","https:\/\/www.instagram.com\/peacefulnaturebyjmj\/","https:\/\/pl.pinterest.com\/jmusialjanicka\/?actingBusinessId=482518684984684504"]}]}},"jetpack_sharing_enabled":true,"_links":{"self":[{"href":"https:\/\/musialjanicka.art\/pl\/wp-json\/wp\/v2\/pages\/1197","targetHints":{"allow":["GET"]}}],"collection":[{"href":"https:\/\/musialjanicka.art\/pl\/wp-json\/wp\/v2\/pages"}],"about":[{"href":"https:\/\/musialjanicka.art\/pl\/wp-json\/wp\/v2\/types\/page"}],"author":[{"embeddable":true,"href":"https:\/\/musialjanicka.art\/pl\/wp-json\/wp\/v2\/users\/1"}],"replies":[{"embeddable":true,"href":"https:\/\/musialjanicka.art\/pl\/wp-json\/wp\/v2\/comments?post=1197"}],"version-history":[{"count":11,"href":"https:\/\/musialjanicka.art\/pl\/wp-json\/wp\/v2\/pages\/1197\/revisions"}],"predecessor-version":[{"id":2378,"href":"https:\/\/musialjanicka.art\/pl\/wp-json\/wp\/v2\/pages\/1197\/revisions\/2378"}],"wp:attachment":[{"href":"https:\/\/musialjanicka.art\/pl\/wp-json\/wp\/v2\/media?parent=1197"}],"curies":[{"name":"wp","href":"https:\/\/api.w.org\/{rel}","templated":true}]}}