{"id":717,"date":"2025-02-26T15:52:28","date_gmt":"2025-02-26T14:52:28","guid":{"rendered":"https:\/\/musialjanicka.art\/?page_id=717"},"modified":"2025-03-05T14:22:23","modified_gmt":"2025-03-05T13:22:23","slug":"informacja-o-prawach-autorskich","status":"publish","type":"page","link":"https:\/\/musialjanicka.art\/pl\/copyright-notice\/","title":{"rendered":"Informacja o prawach autorskich"},"content":{"rendered":"<h5 class=\"wp-block-heading has-text-align-center\">Wszelkie prawa zastrze\u017cone<\/h5>\n\n\n\n<div class=\"wp-block-stackable-text stk-block-text stk-block stk-d28b8da\" data-block-id=\"d28b8da\"><p class=\"stk-block-text__text has-text-align-center\"><strong>\u00a9 Joanna Musia\u0142-Janicka<\/strong><\/p><\/div>\n\n\n\n<p class=\"has-text-align-center\"> Wszystkie zdj\u0119cia, projekty, obrazy produkt\u00f3w, pliki i opisy produkt\u00f3w s\u0105 w\u0142asno\u015bci\u0105 Joanny Musia\u0142-Janickiej i s\u0105 przeznaczone wy\u0142\u0105cznie do u\u017cytku osobistego. Nale\u017cy pami\u0119ta\u0107, \u017ce wszystkie dzie\u0142a sztuki, fotografie i wydruki b\u0119d\u0105 nadal obj\u0119te ograniczeniami praw autorskich, a ich kopiowanie, skanowanie i ponowne wykorzystywanie jest zabronione. <\/p>\n\n\n\n<div class=\"wp-block-stackable-text stk-block-text stk-block stk-bd9d381\" data-block-id=\"bd9d381\"><p class=\"stk-block-text__text has-text-align-center\">Jakiekolwiek wykorzystanie komercyjne jest surowo zabronione. Fizyczne wydruki plik\u00f3w cyfrowych nie s\u0105 dozwolone do sprzeda\u017cy w sklepach detalicznych.<\/p><\/div>","protected":false},"excerpt":{"rendered":"<p>All rights reserved \u00a9 Joanna Musia\u0142-Janicka All photographs, designs, product images, files and product descriptions are the property of Joanna Musia\u0142-Janicka and are for personal use only. Please notice that all art, phototographs and prints will still carry copyright restrictions and photocopying, scanning and reuse are prohibited. Commercial use of any kind is strongly prohibited. [&hellip;]<\/p>\n","protected":false},"author":1,"featured_media":0,"parent":0,"menu_order":0,"comment_status":"closed","ping_status":"closed","template":"","meta":{"pgc_sgb_lightbox_settings":"","footnotes":""},"class_list":["post-717","page","type-page","status-publish","hentry"],"blocksy_meta":[],"yoast_head":"<!-- This site is optimized with the Yoast SEO plugin v27.5 - https:\/\/yoast.com\/product\/yoast-seo-wordpress\/ -->\n<title>Copyright notice - musialjanicka.art<\/title>\n<meta name=\"description\" content=\"Copyright notice - All rights reserved @Joanna Musia\u0142-Janicka owner of musialjanicka@art Fine Art Photography-poster and limited collections\" \/>\n<meta name=\"robots\" content=\"index, follow, max-snippet:-1, max-image-preview:large, max-video-preview:-1\" \/>\n<link rel=\"canonical\" href=\"https:\/\/musialjanicka.art\/pl\/informacja-o-prawach-autorskich\/\" \/>\n<meta property=\"og:locale\" content=\"pl_PL\" \/>\n<meta property=\"og:type\" content=\"article\" \/>\n<meta property=\"og:title\" content=\"Copyright notice - musialjanicka.art\" \/>\n<meta property=\"og:description\" content=\"Copyright notice - All rights reserved @Joanna Musia\u0142-Janicka owner of musialjanicka@art Fine Art Photography-poster and limited collections\" \/>\n<meta property=\"og:url\" content=\"https:\/\/musialjanicka.art\/pl\/informacja-o-prawach-autorskich\/\" \/>\n<meta property=\"og:site_name\" content=\"musialjanicka.art\" \/>\n<meta property=\"article:publisher\" content=\"https:\/\/www.facebook.com\/profile.php?id=61558487248297\" \/>\n<meta property=\"article:modified_time\" content=\"2025-03-05T13:22:23+00:00\" \/>\n<meta name=\"twitter:card\" content=\"summary_large_image\" \/>\n<meta name=\"twitter:label1\" content=\"Szacowany czas czytania\" \/>\n\t<meta name=\"twitter:data1\" content=\"1 minuta\" \/>\n<script type=\"application\/ld+json\" class=\"yoast-schema-graph\">{\"@context\":\"https:\\\/\\\/schema.org\",\"@graph\":[{\"@type\":\"WebPage\",\"@id\":\"https:\\\/\\\/musialjanicka.art\\\/copyright-notice\\\/\",\"url\":\"https:\\\/\\\/musialjanicka.art\\\/copyright-notice\\\/\",\"name\":\"Copyright notice - musialjanicka.art\",\"isPartOf\":{\"@id\":\"https:\\\/\\\/musialjanicka.art\\\/#website\"},\"datePublished\":\"2025-02-26T14:52:28+00:00\",\"dateModified\":\"2025-03-05T13:22:23+00:00\",\"description\":\"Copyright notice - All rights reserved @Joanna Musia\u0142-Janicka owner of musialjanicka@art Fine Art Photography-poster and limited collections\",\"breadcrumb\":{\"@id\":\"https:\\\/\\\/musialjanicka.art\\\/copyright-notice\\\/#breadcrumb\"},\"inLanguage\":\"pl-PL\",\"potentialAction\":[{\"@type\":\"ReadAction\",\"target\":[\"https:\\\/\\\/musialjanicka.art\\\/copyright-notice\\\/\"]}]},{\"@type\":\"BreadcrumbList\",\"@id\":\"https:\\\/\\\/musialjanicka.art\\\/copyright-notice\\\/#breadcrumb\",\"itemListElement\":[{\"@type\":\"ListItem\",\"position\":1,\"name\":\"Home\",\"item\":\"https:\\\/\\\/musialjanicka.art\\\/\"},{\"@type\":\"ListItem\",\"position\":2,\"name\":\"Copyright notice\"}]},{\"@type\":\"WebSite\",\"@id\":\"https:\\\/\\\/musialjanicka.art\\\/#website\",\"url\":\"https:\\\/\\\/musialjanicka.art\\\/\",\"name\":\"musialjanicka.art\",\"description\":\"Art Supporting Peace of Your Mind and Soul\",\"publisher\":{\"@id\":\"https:\\\/\\\/musialjanicka.art\\\/#organization\"},\"potentialAction\":[{\"@type\":\"SearchAction\",\"target\":{\"@type\":\"EntryPoint\",\"urlTemplate\":\"https:\\\/\\\/musialjanicka.art\\\/?s={search_term_string}\"},\"query-input\":{\"@type\":\"PropertyValueSpecification\",\"valueRequired\":true,\"valueName\":\"search_term_string\"}}],\"inLanguage\":\"pl-PL\"},{\"@type\":\"Organization\",\"@id\":\"https:\\\/\\\/musialjanicka.art\\\/#organization\",\"name\":\"musialjanicka.art\",\"url\":\"https:\\\/\\\/musialjanicka.art\\\/\",\"logo\":{\"@type\":\"ImageObject\",\"inLanguage\":\"pl-PL\",\"@id\":\"https:\\\/\\\/musialjanicka.art\\\/#\\\/schema\\\/logo\\\/image\\\/\",\"url\":\"https:\\\/\\\/musialjanicka.art\\\/wp-content\\\/uploads\\\/2025\\\/02\\\/cropped-Nowe-logo-kwadrat-620x620px.png\",\"contentUrl\":\"https:\\\/\\\/musialjanicka.art\\\/wp-content\\\/uploads\\\/2025\\\/02\\\/cropped-Nowe-logo-kwadrat-620x620px.png\",\"width\":512,\"height\":512,\"caption\":\"musialjanicka.art\"},\"image\":{\"@id\":\"https:\\\/\\\/musialjanicka.art\\\/#\\\/schema\\\/logo\\\/image\\\/\"},\"sameAs\":[\"https:\\\/\\\/www.facebook.com\\\/profile.php?id=61558487248297\",\"https:\\\/\\\/www.instagram.com\\\/peacefulnaturebyjmj\\\/\",\"https:\\\/\\\/pl.pinterest.com\\\/jmusialjanicka\\\/?actingBusinessId=482518684984684504\"]}]}<\/script>\n<!-- \/ Yoast SEO plugin. -->","yoast_head_json":{"title":"Informacja o prawach autorskich - musialjanicka.art","description":"Informacja o prawach autorskich - Wszelkie prawa zastrze\u017cone @Joanna Musia\u0142-Janicka w\u0142a\u015bcicielka musialjanicka@art Fine Art Fotografia-plakat i kolekcje limitowane","robots":{"index":"index","follow":"follow","max-snippet":"max-snippet:-1","max-image-preview":"max-image-preview:large","max-video-preview":"max-video-preview:-1"},"canonical":"https:\/\/musialjanicka.art\/pl\/informacja-o-prawach-autorskich\/","og_locale":"pl_PL","og_type":"article","og_title":"Copyright notice - musialjanicka.art","og_description":"Copyright notice - All rights reserved @Joanna Musia\u0142-Janicka owner of musialjanicka@art Fine Art Photography-poster and limited collections","og_url":"https:\/\/musialjanicka.art\/pl\/informacja-o-prawach-autorskich\/","og_site_name":"musialjanicka.art","article_publisher":"https:\/\/www.facebook.com\/profile.php?id=61558487248297","article_modified_time":"2025-03-05T13:22:23+00:00","twitter_card":"summary_large_image","twitter_misc":{"Szacowany czas czytania":"1 minuta"},"schema":{"@context":"https:\/\/schema.org","@graph":[{"@type":"WebPage","@id":"https:\/\/musialjanicka.art\/copyright-notice\/","url":"https:\/\/musialjanicka.art\/copyright-notice\/","name":"Informacja o prawach autorskich - musialjanicka.art","isPartOf":{"@id":"https:\/\/musialjanicka.art\/#website"},"datePublished":"2025-02-26T14:52:28+00:00","dateModified":"2025-03-05T13:22:23+00:00","description":"Informacja o prawach autorskich - Wszelkie prawa zastrze\u017cone @Joanna Musia\u0142-Janicka w\u0142a\u015bcicielka musialjanicka@art Fine Art Fotografia-plakat i kolekcje limitowane","breadcrumb":{"@id":"https:\/\/musialjanicka.art\/copyright-notice\/#breadcrumb"},"inLanguage":"pl-PL","potentialAction":[{"@type":"ReadAction","target":["https:\/\/musialjanicka.art\/copyright-notice\/"]}]},{"@type":"BreadcrumbList","@id":"https:\/\/musialjanicka.art\/copyright-notice\/#breadcrumb","itemListElement":[{"@type":"ListItem","position":1,"name":"Home","item":"https:\/\/musialjanicka.art\/"},{"@type":"ListItem","position":2,"name":"Copyright notice"}]},{"@type":"WebSite","@id":"https:\/\/musialjanicka.art\/#website","url":"https:\/\/musialjanicka.art\/","name":"musialjanicka.art","description":"Sztuka wspieraj\u0105ca spok\u00f3j umys\u0142u i duszy","publisher":{"@id":"https:\/\/musialjanicka.art\/#organization"},"potentialAction":[{"@type":"SearchAction","target":{"@type":"EntryPoint","urlTemplate":"https:\/\/musialjanicka.art\/?s={search_term_string}"},"query-input":{"@type":"PropertyValueSpecification","valueRequired":true,"valueName":"search_term_string"}}],"inLanguage":"pl-PL"},{"@type":"Organization","@id":"https:\/\/musialjanicka.art\/#organization","name":"musialjanicka.art","url":"https:\/\/musialjanicka.art\/","logo":{"@type":"ImageObject","inLanguage":"pl-PL","@id":"https:\/\/musialjanicka.art\/#\/schema\/logo\/image\/","url":"https:\/\/musialjanicka.art\/wp-content\/uploads\/2025\/02\/cropped-Nowe-logo-kwadrat-620x620px.png","contentUrl":"https:\/\/musialjanicka.art\/wp-content\/uploads\/2025\/02\/cropped-Nowe-logo-kwadrat-620x620px.png","width":512,"height":512,"caption":"musialjanicka.art"},"image":{"@id":"https:\/\/musialjanicka.art\/#\/schema\/logo\/image\/"},"sameAs":["https:\/\/www.facebook.com\/profile.php?id=61558487248297","https:\/\/www.instagram.com\/peacefulnaturebyjmj\/","https:\/\/pl.pinterest.com\/jmusialjanicka\/?actingBusinessId=482518684984684504"]}]}},"jetpack_sharing_enabled":true,"_links":{"self":[{"href":"https:\/\/musialjanicka.art\/pl\/wp-json\/wp\/v2\/pages\/717","targetHints":{"allow":["GET"]}}],"collection":[{"href":"https:\/\/musialjanicka.art\/pl\/wp-json\/wp\/v2\/pages"}],"about":[{"href":"https:\/\/musialjanicka.art\/pl\/wp-json\/wp\/v2\/types\/page"}],"author":[{"embeddable":true,"href":"https:\/\/musialjanicka.art\/pl\/wp-json\/wp\/v2\/users\/1"}],"replies":[{"embeddable":true,"href":"https:\/\/musialjanicka.art\/pl\/wp-json\/wp\/v2\/comments?post=717"}],"version-history":[{"count":1,"href":"https:\/\/musialjanicka.art\/pl\/wp-json\/wp\/v2\/pages\/717\/revisions"}],"predecessor-version":[{"id":718,"href":"https:\/\/musialjanicka.art\/pl\/wp-json\/wp\/v2\/pages\/717\/revisions\/718"}],"wp:attachment":[{"href":"https:\/\/musialjanicka.art\/pl\/wp-json\/wp\/v2\/media?parent=717"}],"curies":[{"name":"wp","href":"https:\/\/api.w.org\/{rel}","templated":true}]}}