{"id":719,"date":"2025-02-26T15:59:35","date_gmt":"2025-02-26T14:59:35","guid":{"rendered":"https:\/\/musialjanicka.art\/?page_id=719"},"modified":"2025-02-28T11:45:29","modified_gmt":"2025-02-28T10:45:29","slug":"niestandardowe-i-spersonalizowane-zamowienia","status":"publish","type":"page","link":"https:\/\/musialjanicka.art\/pl\/custom-and-personalised-orders\/","title":{"rendered":"Niestandardowe i spersonalizowane zam\u00f3wienia"},"content":{"rendered":"<h5 class=\"wp-block-heading has-text-align-center\">Czy oferuj\u0119 inne produkty ni\u017c te widoczne w sklepie?<\/h5>\n\n\n\n<h2 class=\"wp-block-heading\">Zam\u00f3wienia niestandardowe<\/h2>\n\n\n\n<div class=\"wp-block-stackable-text stk-block-text stk-block stk-bbd7076\" id=\"custom-products-such-as-canvas-or-another-type-of-print-e-g-glossy-and-different-sizes-are-available-on-request-please-message-me-for-details-and-pricing-via-e-mail-peacefulnature-at-byjmj-pl-or-contact-form\" data-block-id=\"bbd7076\"><p class=\"stk-block-text__text has-text-align-justify\">Dost\u0119pne s\u0105 produkty niestandardowe (takie jak p\u0142\u00f3tno lub inny rodzaj druku, np. b\u0142yszcz\u0105cy) i r\u00f3\u017cne rozmiary. <strong>dost\u0119pne na \u017cyczenie.<\/strong> W celu uzyskania szczeg\u00f3\u0142owych informacji i wyceny prosz\u0119 o wiadomo\u015b\u0107 na adres e-mail: joanna@musialjanicka.art lub <a href=\"https:\/\/musialjanicka.art\/pl\/kontakt\/\" target=\"_blank\" rel=\"noreferrer noopener\">formularz kontaktowy.<\/a><\/p><\/div>\n\n\n\n<p>Z przyjemno\u015bci\u0105 stworz\u0119 dla Ciebie niestandardow\u0105 ofert\u0119.<\/p>\n\n\n\n<p><\/p>\n\n\n\n<h2 class=\"wp-block-heading\">Czy oferujecie pakowanie prezent\u00f3w?<\/h2>\n\n\n\n<div class=\"wp-block-stackable-text stk-block-text stk-block stk-600eb98\" data-block-id=\"600eb98\"><p class=\"stk-block-text__text has-text-align-justify\"><strong>Tak,<\/strong> Mog\u0119 wys\u0142a\u0107 przedmiot jako prezent, ale nale\u017cy pami\u0119ta\u0107, \u017ce ka\u017cdy wydruk jest bezpiecznie zapakowany do <strong>zapewni\u0107 bezpieczn\u0105 dostaw\u0119<\/strong>wi\u0119c paczka nie b\u0119dzie wygl\u0105da\u0107 jak tradycyjny prezent. Mog\u0119 jednak zapakowa\u0107 przedmiot zgodnie z Twoimi preferencjami. Opakowanie zawiera warstw\u0119 ochronn\u0105, nast\u0119pnie opakowanie prezentowe ze wst\u0105\u017ck\u0105, a nast\u0119pnie kolejn\u0105 warstw\u0119 ochronn\u0105. Mo\u017cesz r\u00f3wnie\u017c do\u0142\u0105czy\u0107 spersonalizowan\u0105 kart\u0119 z niestandardow\u0105 wiadomo\u015bci\u0105. Wystarczy skontaktowa\u0107 si\u0119 ze mn\u0105 pod adresem joanna@musialjanicka.art lub <a href=\"https:\/\/musialjanicka.art\/pl\/kontakt\/\">formularza kontaktowego<\/a>a ja z przyjemno\u015bci\u0105 stworz\u0119 dla Ciebie niestandardowe zam\u00f3wienie. <\/p><\/div>\n\n\n\n<p><\/p>","protected":false},"excerpt":{"rendered":"<p>Do I offer other products than those visible in the store? Custom orders Custom products (such as canvas or another type of print, e.g. glossy) and different sizes are available on request. Please message me for details and pricing via e-mail: joanna@musialjanicka.art or contact form. I will be happy to create a custom listing for [&hellip;]<\/p>\n","protected":false},"author":1,"featured_media":0,"parent":0,"menu_order":0,"comment_status":"closed","ping_status":"closed","template":"","meta":{"pgc_sgb_lightbox_settings":"","footnotes":""},"class_list":["post-719","page","type-page","status-publish","hentry"],"blocksy_meta":[],"yoast_head":"<!-- This site is optimized with the Yoast SEO plugin v27.5 - https:\/\/yoast.com\/product\/yoast-seo-wordpress\/ -->\n<title>Custom and personalised orders - musialjanicka.art<\/title>\n<meta name=\"description\" content=\"Custom and personalised orders of Joanna Musia\u0142-Janicka - musialjanicka@art Fine Art Photography Shop (poster prits and limited collections)\" \/>\n<meta name=\"robots\" content=\"index, follow, max-snippet:-1, max-image-preview:large, max-video-preview:-1\" \/>\n<link rel=\"canonical\" href=\"https:\/\/musialjanicka.art\/pl\/niestandardowe-i-spersonalizowane-zamowienia\/\" \/>\n<meta property=\"og:locale\" content=\"pl_PL\" \/>\n<meta property=\"og:type\" content=\"article\" \/>\n<meta property=\"og:title\" content=\"Custom and personalised orders - musialjanicka.art\" \/>\n<meta property=\"og:description\" content=\"Custom and personalised orders of Joanna Musia\u0142-Janicka - musialjanicka@art Fine Art Photography Shop (poster prits and limited collections)\" \/>\n<meta property=\"og:url\" content=\"https:\/\/musialjanicka.art\/pl\/niestandardowe-i-spersonalizowane-zamowienia\/\" \/>\n<meta property=\"og:site_name\" content=\"musialjanicka.art\" \/>\n<meta property=\"article:publisher\" content=\"https:\/\/www.facebook.com\/profile.php?id=61558487248297\" \/>\n<meta property=\"article:modified_time\" content=\"2025-02-28T10:45:29+00:00\" \/>\n<meta name=\"twitter:card\" content=\"summary_large_image\" \/>\n<meta name=\"twitter:label1\" content=\"Szacowany czas czytania\" \/>\n\t<meta name=\"twitter:data1\" content=\"1 minuta\" \/>\n<script type=\"application\/ld+json\" class=\"yoast-schema-graph\">{\"@context\":\"https:\\\/\\\/schema.org\",\"@graph\":[{\"@type\":\"WebPage\",\"@id\":\"https:\\\/\\\/musialjanicka.art\\\/custom-and-personalised-orders\\\/\",\"url\":\"https:\\\/\\\/musialjanicka.art\\\/custom-and-personalised-orders\\\/\",\"name\":\"Custom and personalised orders - musialjanicka.art\",\"isPartOf\":{\"@id\":\"https:\\\/\\\/musialjanicka.art\\\/#website\"},\"datePublished\":\"2025-02-26T14:59:35+00:00\",\"dateModified\":\"2025-02-28T10:45:29+00:00\",\"description\":\"Custom and personalised orders of Joanna Musia\u0142-Janicka - musialjanicka@art Fine Art Photography Shop (poster prits and limited collections)\",\"breadcrumb\":{\"@id\":\"https:\\\/\\\/musialjanicka.art\\\/custom-and-personalised-orders\\\/#breadcrumb\"},\"inLanguage\":\"pl-PL\",\"potentialAction\":[{\"@type\":\"ReadAction\",\"target\":[\"https:\\\/\\\/musialjanicka.art\\\/custom-and-personalised-orders\\\/\"]}]},{\"@type\":\"BreadcrumbList\",\"@id\":\"https:\\\/\\\/musialjanicka.art\\\/custom-and-personalised-orders\\\/#breadcrumb\",\"itemListElement\":[{\"@type\":\"ListItem\",\"position\":1,\"name\":\"Home\",\"item\":\"https:\\\/\\\/musialjanicka.art\\\/\"},{\"@type\":\"ListItem\",\"position\":2,\"name\":\"Custom and personalised orders\"}]},{\"@type\":\"WebSite\",\"@id\":\"https:\\\/\\\/musialjanicka.art\\\/#website\",\"url\":\"https:\\\/\\\/musialjanicka.art\\\/\",\"name\":\"musialjanicka.art\",\"description\":\"Art Supporting Peace of Your Mind and Soul\",\"publisher\":{\"@id\":\"https:\\\/\\\/musialjanicka.art\\\/#organization\"},\"potentialAction\":[{\"@type\":\"SearchAction\",\"target\":{\"@type\":\"EntryPoint\",\"urlTemplate\":\"https:\\\/\\\/musialjanicka.art\\\/?s={search_term_string}\"},\"query-input\":{\"@type\":\"PropertyValueSpecification\",\"valueRequired\":true,\"valueName\":\"search_term_string\"}}],\"inLanguage\":\"pl-PL\"},{\"@type\":\"Organization\",\"@id\":\"https:\\\/\\\/musialjanicka.art\\\/#organization\",\"name\":\"musialjanicka.art\",\"url\":\"https:\\\/\\\/musialjanicka.art\\\/\",\"logo\":{\"@type\":\"ImageObject\",\"inLanguage\":\"pl-PL\",\"@id\":\"https:\\\/\\\/musialjanicka.art\\\/#\\\/schema\\\/logo\\\/image\\\/\",\"url\":\"https:\\\/\\\/musialjanicka.art\\\/wp-content\\\/uploads\\\/2025\\\/02\\\/cropped-Nowe-logo-kwadrat-620x620px.png\",\"contentUrl\":\"https:\\\/\\\/musialjanicka.art\\\/wp-content\\\/uploads\\\/2025\\\/02\\\/cropped-Nowe-logo-kwadrat-620x620px.png\",\"width\":512,\"height\":512,\"caption\":\"musialjanicka.art\"},\"image\":{\"@id\":\"https:\\\/\\\/musialjanicka.art\\\/#\\\/schema\\\/logo\\\/image\\\/\"},\"sameAs\":[\"https:\\\/\\\/www.facebook.com\\\/profile.php?id=61558487248297\",\"https:\\\/\\\/www.instagram.com\\\/peacefulnaturebyjmj\\\/\",\"https:\\\/\\\/pl.pinterest.com\\\/jmusialjanicka\\\/?actingBusinessId=482518684984684504\"]}]}<\/script>\n<!-- \/ Yoast SEO plugin. -->","yoast_head_json":{"title":"Zam\u00f3wienia niestandardowe i spersonalizowane - musialjanicka.art","description":"Niestandardowe i spersonalizowane zam\u00f3wienia Joanny Musia\u0142-Janickiej - musialjanicka@art Fine Art Photography Shop (plakaty i limitowane kolekcje)","robots":{"index":"index","follow":"follow","max-snippet":"max-snippet:-1","max-image-preview":"max-image-preview:large","max-video-preview":"max-video-preview:-1"},"canonical":"https:\/\/musialjanicka.art\/pl\/niestandardowe-i-spersonalizowane-zamowienia\/","og_locale":"pl_PL","og_type":"article","og_title":"Custom and personalised orders - musialjanicka.art","og_description":"Custom and personalised orders of Joanna Musia\u0142-Janicka - musialjanicka@art Fine Art Photography Shop (poster prits and limited collections)","og_url":"https:\/\/musialjanicka.art\/pl\/niestandardowe-i-spersonalizowane-zamowienia\/","og_site_name":"musialjanicka.art","article_publisher":"https:\/\/www.facebook.com\/profile.php?id=61558487248297","article_modified_time":"2025-02-28T10:45:29+00:00","twitter_card":"summary_large_image","twitter_misc":{"Szacowany czas czytania":"1 minuta"},"schema":{"@context":"https:\/\/schema.org","@graph":[{"@type":"WebPage","@id":"https:\/\/musialjanicka.art\/custom-and-personalised-orders\/","url":"https:\/\/musialjanicka.art\/custom-and-personalised-orders\/","name":"Zam\u00f3wienia niestandardowe i spersonalizowane - musialjanicka.art","isPartOf":{"@id":"https:\/\/musialjanicka.art\/#website"},"datePublished":"2025-02-26T14:59:35+00:00","dateModified":"2025-02-28T10:45:29+00:00","description":"Niestandardowe i spersonalizowane zam\u00f3wienia Joanny Musia\u0142-Janickiej - musialjanicka@art Fine Art Photography Shop (plakaty i limitowane kolekcje)","breadcrumb":{"@id":"https:\/\/musialjanicka.art\/custom-and-personalised-orders\/#breadcrumb"},"inLanguage":"pl-PL","potentialAction":[{"@type":"ReadAction","target":["https:\/\/musialjanicka.art\/custom-and-personalised-orders\/"]}]},{"@type":"BreadcrumbList","@id":"https:\/\/musialjanicka.art\/custom-and-personalised-orders\/#breadcrumb","itemListElement":[{"@type":"ListItem","position":1,"name":"Home","item":"https:\/\/musialjanicka.art\/"},{"@type":"ListItem","position":2,"name":"Custom and personalised orders"}]},{"@type":"WebSite","@id":"https:\/\/musialjanicka.art\/#website","url":"https:\/\/musialjanicka.art\/","name":"musialjanicka.art","description":"Sztuka wspieraj\u0105ca spok\u00f3j umys\u0142u i duszy","publisher":{"@id":"https:\/\/musialjanicka.art\/#organization"},"potentialAction":[{"@type":"SearchAction","target":{"@type":"EntryPoint","urlTemplate":"https:\/\/musialjanicka.art\/?s={search_term_string}"},"query-input":{"@type":"PropertyValueSpecification","valueRequired":true,"valueName":"search_term_string"}}],"inLanguage":"pl-PL"},{"@type":"Organization","@id":"https:\/\/musialjanicka.art\/#organization","name":"musialjanicka.art","url":"https:\/\/musialjanicka.art\/","logo":{"@type":"ImageObject","inLanguage":"pl-PL","@id":"https:\/\/musialjanicka.art\/#\/schema\/logo\/image\/","url":"https:\/\/musialjanicka.art\/wp-content\/uploads\/2025\/02\/cropped-Nowe-logo-kwadrat-620x620px.png","contentUrl":"https:\/\/musialjanicka.art\/wp-content\/uploads\/2025\/02\/cropped-Nowe-logo-kwadrat-620x620px.png","width":512,"height":512,"caption":"musialjanicka.art"},"image":{"@id":"https:\/\/musialjanicka.art\/#\/schema\/logo\/image\/"},"sameAs":["https:\/\/www.facebook.com\/profile.php?id=61558487248297","https:\/\/www.instagram.com\/peacefulnaturebyjmj\/","https:\/\/pl.pinterest.com\/jmusialjanicka\/?actingBusinessId=482518684984684504"]}]}},"jetpack_sharing_enabled":true,"_links":{"self":[{"href":"https:\/\/musialjanicka.art\/pl\/wp-json\/wp\/v2\/pages\/719","targetHints":{"allow":["GET"]}}],"collection":[{"href":"https:\/\/musialjanicka.art\/pl\/wp-json\/wp\/v2\/pages"}],"about":[{"href":"https:\/\/musialjanicka.art\/pl\/wp-json\/wp\/v2\/types\/page"}],"author":[{"embeddable":true,"href":"https:\/\/musialjanicka.art\/pl\/wp-json\/wp\/v2\/users\/1"}],"replies":[{"embeddable":true,"href":"https:\/\/musialjanicka.art\/pl\/wp-json\/wp\/v2\/comments?post=719"}],"version-history":[{"count":7,"href":"https:\/\/musialjanicka.art\/pl\/wp-json\/wp\/v2\/pages\/719\/revisions"}],"predecessor-version":[{"id":823,"href":"https:\/\/musialjanicka.art\/pl\/wp-json\/wp\/v2\/pages\/719\/revisions\/823"}],"wp:attachment":[{"href":"https:\/\/musialjanicka.art\/pl\/wp-json\/wp\/v2\/media?parent=719"}],"curies":[{"name":"wp","href":"https:\/\/api.w.org\/{rel}","templated":true}]}}