{"id":731,"date":"2025-02-26T16:29:37","date_gmt":"2025-02-26T15:29:37","guid":{"rendered":"https:\/\/musialjanicka.art\/?page_id=731"},"modified":"2025-02-26T16:30:35","modified_gmt":"2025-02-26T15:30:35","slug":"gwarancja-wymiany","status":"publish","type":"page","link":"https:\/\/musialjanicka.art\/pl\/replacement-guarantee\/","title":{"rendered":"Gwarancja wymiany"},"content":{"rendered":"<div class=\"wp-block-stackable-spacer stk-block-spacer stk--no-padding stk-block stk-dc01ee1\" data-block-id=\"dc01ee1\"><\/div>\n\n\n\n<p class=\"has-text-align-center\">Je\u015bli z jakiegokolwiek powodu wydruk lub produkt zostanie dostarczony uszkodzony<\/p>\n\n\n\n<h2 class=\"wp-block-heading has-text-align-center\">Gwarantuj\u0119 wysy\u0142k\u0119 nowego produktu<\/h2>\n\n\n\n<div class=\"wp-block-stackable-text stk-block-text stk-block stk-d222b7c\" data-block-id=\"d222b7c\"><style>.stk-d222b7c {margin-bottom:0px !important;}<\/style><p class=\"stk-block-text__text has-text-align-center\">Ch\u0119tnie wy\u015bl\u0119 zamiennik bez \u017cadnych dodatkowych op\u0142at. Prosz\u0119 o kontakt w ci\u0105gu 1 dnia od dostawy, je\u015bli masz jakiekolwiek problemy z zam\u00f3wieniem.<\/p><\/div>\n\n\n\n<div class=\"wp-block-stackable-text stk-block-text stk-block stk-20712b3\" data-block-id=\"20712b3\"><p class=\"stk-block-text__text has-text-align-center\"><strong>Wszystkie przesy\u0142ki s\u0105 w pe\u0142ni ubezpieczone.<\/strong><\/p><\/div>\n\n\n\n<div class=\"wp-block-stackable-text stk-block-text stk-block stk-cfd7103\" data-block-id=\"cfd7103\"><p class=\"stk-block-text__text has-text-align-center\">Je\u015bli przesy\u0142ka dotrze w widoczny spos\u00f3b uszkodzona, nale\u017cy odm\u00f3wi\u0107 jej przyj\u0119cia i za\u017c\u0105da\u0107 od kuriera <strong>udokumentowa\u0107 uszkodzenie<\/strong>. Po dostarczeniu przesy\u0142ki kurierowi nale\u017cy wype\u0142ni\u0107 protok\u00f3\u0142 szkody. Brak udokumentowania uszkodzenia mo\u017ce wp\u0142yn\u0105\u0107 na mo\u017cliwo\u015b\u0107 z\u0142o\u017cenia reklamacji lub otrzymania zamiennika.<\/p><\/div>\n\n\n\n<div class=\"wp-block-stackable-text stk-block-text stk-block stk-a55b4bc\" data-block-id=\"a55b4bc\"><p class=\"stk-block-text__text has-text-align-center\">W przypadku zauwa\u017cenia jakichkolwiek uszkodze\u0144 przesy\u0142ki w momencie dostawy, <strong>Prosimy o zrobienie zdj\u0119\u0107 przesy\u0142ki przed jej otwarciem.<\/strong>. Je\u015bli opakowanie wygl\u0105da na uszkodzone, sfotografuj je w stanie nieotwartym, a tak\u017ce przedmiot znajduj\u0105cy si\u0119 w \u015brodku po rozpakowaniu.<\/p><\/div>\n\n\n\n<div class=\"wp-block-stackable-text stk-block-text stk-block stk-7daf763\" data-block-id=\"7daf763\"><p class=\"stk-block-text__text has-text-align-center\"><strong>Z\u0142o\u017cymy reklamacj\u0119 u kuriera w celu uzyskania odszkodowania, a Ty niezw\u0142ocznie otrzymasz przedmiot zast\u0119pczy<\/strong>. Nale\u017cy pami\u0119ta\u0107, \u017ce nie mo\u017cemy rozpatrzy\u0107 roszczenia bez fotograficznego dowodu uszkodzenia i raportu szkody, poniewa\u017c jest to wymagane do dochodzenia odszkodowania od kuriera.<\/p><\/div>","protected":false},"excerpt":{"rendered":"<p>If, for any reason, your print or product arrives damaged I guarantee the shipment of a new product I will gladly send you replacement without any additional fees. Please contact me within 1 day of delivery, if you have any problems with your order. All parcels are fully insured. If a shipment arrives visibly damaged, [&hellip;]<\/p>\n","protected":false},"author":1,"featured_media":0,"parent":0,"menu_order":0,"comment_status":"closed","ping_status":"closed","template":"","meta":{"pgc_sgb_lightbox_settings":"","footnotes":""},"class_list":["post-731","page","type-page","status-publish","hentry"],"blocksy_meta":[],"yoast_head":"<!-- This site is optimized with the Yoast SEO plugin v27.5 - https:\/\/yoast.com\/product\/yoast-seo-wordpress\/ -->\n<title>Replacement Guarantee - musialjanicka.art<\/title>\n<meta name=\"description\" content=\"Replacement Guarantee Joanna Musia\u0142-Janicka musialjanicka.art\" \/>\n<meta name=\"robots\" content=\"index, follow, max-snippet:-1, max-image-preview:large, max-video-preview:-1\" \/>\n<link rel=\"canonical\" href=\"https:\/\/musialjanicka.art\/pl\/gwarancja-wymiany\/\" \/>\n<meta property=\"og:locale\" content=\"pl_PL\" \/>\n<meta property=\"og:type\" content=\"article\" \/>\n<meta property=\"og:title\" content=\"Replacement Guarantee - musialjanicka.art\" \/>\n<meta property=\"og:description\" content=\"Replacement Guarantee Joanna Musia\u0142-Janicka musialjanicka.art\" \/>\n<meta property=\"og:url\" content=\"https:\/\/musialjanicka.art\/pl\/gwarancja-wymiany\/\" \/>\n<meta property=\"og:site_name\" content=\"musialjanicka.art\" \/>\n<meta property=\"article:publisher\" content=\"https:\/\/www.facebook.com\/profile.php?id=61558487248297\" \/>\n<meta property=\"article:modified_time\" content=\"2025-02-26T15:30:35+00:00\" \/>\n<meta name=\"twitter:card\" content=\"summary_large_image\" \/>\n<meta name=\"twitter:label1\" content=\"Szacowany czas czytania\" \/>\n\t<meta name=\"twitter:data1\" content=\"1 minuta\" \/>\n<script type=\"application\/ld+json\" class=\"yoast-schema-graph\">{\"@context\":\"https:\\\/\\\/schema.org\",\"@graph\":[{\"@type\":\"WebPage\",\"@id\":\"https:\\\/\\\/musialjanicka.art\\\/replacement-guarantee\\\/\",\"url\":\"https:\\\/\\\/musialjanicka.art\\\/replacement-guarantee\\\/\",\"name\":\"Replacement Guarantee - musialjanicka.art\",\"isPartOf\":{\"@id\":\"https:\\\/\\\/musialjanicka.art\\\/#website\"},\"datePublished\":\"2025-02-26T15:29:37+00:00\",\"dateModified\":\"2025-02-26T15:30:35+00:00\",\"description\":\"Replacement Guarantee Joanna Musia\u0142-Janicka musialjanicka.art\",\"breadcrumb\":{\"@id\":\"https:\\\/\\\/musialjanicka.art\\\/replacement-guarantee\\\/#breadcrumb\"},\"inLanguage\":\"pl-PL\",\"potentialAction\":[{\"@type\":\"ReadAction\",\"target\":[\"https:\\\/\\\/musialjanicka.art\\\/replacement-guarantee\\\/\"]}]},{\"@type\":\"BreadcrumbList\",\"@id\":\"https:\\\/\\\/musialjanicka.art\\\/replacement-guarantee\\\/#breadcrumb\",\"itemListElement\":[{\"@type\":\"ListItem\",\"position\":1,\"name\":\"Home\",\"item\":\"https:\\\/\\\/musialjanicka.art\\\/\"},{\"@type\":\"ListItem\",\"position\":2,\"name\":\"Replacement Guarantee\"}]},{\"@type\":\"WebSite\",\"@id\":\"https:\\\/\\\/musialjanicka.art\\\/#website\",\"url\":\"https:\\\/\\\/musialjanicka.art\\\/\",\"name\":\"musialjanicka.art\",\"description\":\"Art Supporting Peace of Your Mind and Soul\",\"publisher\":{\"@id\":\"https:\\\/\\\/musialjanicka.art\\\/#organization\"},\"potentialAction\":[{\"@type\":\"SearchAction\",\"target\":{\"@type\":\"EntryPoint\",\"urlTemplate\":\"https:\\\/\\\/musialjanicka.art\\\/?s={search_term_string}\"},\"query-input\":{\"@type\":\"PropertyValueSpecification\",\"valueRequired\":true,\"valueName\":\"search_term_string\"}}],\"inLanguage\":\"pl-PL\"},{\"@type\":\"Organization\",\"@id\":\"https:\\\/\\\/musialjanicka.art\\\/#organization\",\"name\":\"musialjanicka.art\",\"url\":\"https:\\\/\\\/musialjanicka.art\\\/\",\"logo\":{\"@type\":\"ImageObject\",\"inLanguage\":\"pl-PL\",\"@id\":\"https:\\\/\\\/musialjanicka.art\\\/#\\\/schema\\\/logo\\\/image\\\/\",\"url\":\"https:\\\/\\\/musialjanicka.art\\\/wp-content\\\/uploads\\\/2025\\\/02\\\/cropped-Nowe-logo-kwadrat-620x620px.png\",\"contentUrl\":\"https:\\\/\\\/musialjanicka.art\\\/wp-content\\\/uploads\\\/2025\\\/02\\\/cropped-Nowe-logo-kwadrat-620x620px.png\",\"width\":512,\"height\":512,\"caption\":\"musialjanicka.art\"},\"image\":{\"@id\":\"https:\\\/\\\/musialjanicka.art\\\/#\\\/schema\\\/logo\\\/image\\\/\"},\"sameAs\":[\"https:\\\/\\\/www.facebook.com\\\/profile.php?id=61558487248297\",\"https:\\\/\\\/www.instagram.com\\\/peacefulnaturebyjmj\\\/\",\"https:\\\/\\\/pl.pinterest.com\\\/jmusialjanicka\\\/?actingBusinessId=482518684984684504\"]}]}<\/script>\n<!-- \/ Yoast SEO plugin. -->","yoast_head_json":{"title":"Gwarancja wymiany - musialjanicka.art","description":"Gwarancja zast\u0119pcza Joanna Musia\u0142-Janicka musialjanicka.art","robots":{"index":"index","follow":"follow","max-snippet":"max-snippet:-1","max-image-preview":"max-image-preview:large","max-video-preview":"max-video-preview:-1"},"canonical":"https:\/\/musialjanicka.art\/pl\/gwarancja-wymiany\/","og_locale":"pl_PL","og_type":"article","og_title":"Replacement Guarantee - musialjanicka.art","og_description":"Replacement Guarantee Joanna Musia\u0142-Janicka musialjanicka.art","og_url":"https:\/\/musialjanicka.art\/pl\/gwarancja-wymiany\/","og_site_name":"musialjanicka.art","article_publisher":"https:\/\/www.facebook.com\/profile.php?id=61558487248297","article_modified_time":"2025-02-26T15:30:35+00:00","twitter_card":"summary_large_image","twitter_misc":{"Szacowany czas czytania":"1 minuta"},"schema":{"@context":"https:\/\/schema.org","@graph":[{"@type":"WebPage","@id":"https:\/\/musialjanicka.art\/replacement-guarantee\/","url":"https:\/\/musialjanicka.art\/replacement-guarantee\/","name":"Gwarancja wymiany - musialjanicka.art","isPartOf":{"@id":"https:\/\/musialjanicka.art\/#website"},"datePublished":"2025-02-26T15:29:37+00:00","dateModified":"2025-02-26T15:30:35+00:00","description":"Gwarancja zast\u0119pcza Joanna Musia\u0142-Janicka musialjanicka.art","breadcrumb":{"@id":"https:\/\/musialjanicka.art\/replacement-guarantee\/#breadcrumb"},"inLanguage":"pl-PL","potentialAction":[{"@type":"ReadAction","target":["https:\/\/musialjanicka.art\/replacement-guarantee\/"]}]},{"@type":"BreadcrumbList","@id":"https:\/\/musialjanicka.art\/replacement-guarantee\/#breadcrumb","itemListElement":[{"@type":"ListItem","position":1,"name":"Home","item":"https:\/\/musialjanicka.art\/"},{"@type":"ListItem","position":2,"name":"Replacement Guarantee"}]},{"@type":"WebSite","@id":"https:\/\/musialjanicka.art\/#website","url":"https:\/\/musialjanicka.art\/","name":"musialjanicka.art","description":"Sztuka wspieraj\u0105ca spok\u00f3j umys\u0142u i duszy","publisher":{"@id":"https:\/\/musialjanicka.art\/#organization"},"potentialAction":[{"@type":"SearchAction","target":{"@type":"EntryPoint","urlTemplate":"https:\/\/musialjanicka.art\/?s={search_term_string}"},"query-input":{"@type":"PropertyValueSpecification","valueRequired":true,"valueName":"search_term_string"}}],"inLanguage":"pl-PL"},{"@type":"Organization","@id":"https:\/\/musialjanicka.art\/#organization","name":"musialjanicka.art","url":"https:\/\/musialjanicka.art\/","logo":{"@type":"ImageObject","inLanguage":"pl-PL","@id":"https:\/\/musialjanicka.art\/#\/schema\/logo\/image\/","url":"https:\/\/musialjanicka.art\/wp-content\/uploads\/2025\/02\/cropped-Nowe-logo-kwadrat-620x620px.png","contentUrl":"https:\/\/musialjanicka.art\/wp-content\/uploads\/2025\/02\/cropped-Nowe-logo-kwadrat-620x620px.png","width":512,"height":512,"caption":"musialjanicka.art"},"image":{"@id":"https:\/\/musialjanicka.art\/#\/schema\/logo\/image\/"},"sameAs":["https:\/\/www.facebook.com\/profile.php?id=61558487248297","https:\/\/www.instagram.com\/peacefulnaturebyjmj\/","https:\/\/pl.pinterest.com\/jmusialjanicka\/?actingBusinessId=482518684984684504"]}]}},"jetpack_sharing_enabled":true,"_links":{"self":[{"href":"https:\/\/musialjanicka.art\/pl\/wp-json\/wp\/v2\/pages\/731","targetHints":{"allow":["GET"]}}],"collection":[{"href":"https:\/\/musialjanicka.art\/pl\/wp-json\/wp\/v2\/pages"}],"about":[{"href":"https:\/\/musialjanicka.art\/pl\/wp-json\/wp\/v2\/types\/page"}],"author":[{"embeddable":true,"href":"https:\/\/musialjanicka.art\/pl\/wp-json\/wp\/v2\/users\/1"}],"replies":[{"embeddable":true,"href":"https:\/\/musialjanicka.art\/pl\/wp-json\/wp\/v2\/comments?post=731"}],"version-history":[{"count":4,"href":"https:\/\/musialjanicka.art\/pl\/wp-json\/wp\/v2\/pages\/731\/revisions"}],"predecessor-version":[{"id":834,"href":"https:\/\/musialjanicka.art\/pl\/wp-json\/wp\/v2\/pages\/731\/revisions\/834"}],"wp:attachment":[{"href":"https:\/\/musialjanicka.art\/pl\/wp-json\/wp\/v2\/media?parent=731"}],"curies":[{"name":"wp","href":"https:\/\/api.w.org\/{rel}","templated":true}]}}