{"id":735,"date":"2025-02-26T16:35:25","date_gmt":"2025-02-26T15:35:25","guid":{"rendered":"https:\/\/musialjanicka.art\/?page_id=735"},"modified":"2025-04-26T11:42:48","modified_gmt":"2025-04-26T09:42:48","slug":"polityka-wysylkowa","status":"publish","type":"page","link":"https:\/\/musialjanicka.art\/pl\/shipping-policy\/","title":{"rendered":"Zasady i koszty wysy\u0142ki"},"content":{"rendered":"<h5 class=\"wp-block-heading has-text-align-center\">Szczeg\u00f3\u0142owe informacje na temat wysy\u0142ki, koszt\u00f3w i procedur reklamacyjnych - cz\u0119\u015b\u0107 Regulaminu<\/h5>\n\n\n\n<div class=\"wp-block-stackable-spacer stk-block-spacer stk--no-padding stk-block stk-fe6e925\" data-block-id=\"fe6e925\"><\/div>\n\n\n\n<h2 class=\"wp-block-heading\"><strong>Zasady wysy\u0142ki<\/strong><\/h2>\n\n\n\n<p>Wszystkie nasze przesy\u0142ki s\u0105 wysy\u0142ane za po\u015brednictwem najszybszej mo\u017cliwej firmy kurierskiej, aby zapewni\u0107, \u017ce Twoje zam\u00f3wienie dotrze do Ciebie tak szybko, jak to mo\u017cliwe! Wszystkie przesy\u0142ki s\u0105 w pe\u0142ni ubezpieczone. <\/p>\n\n\n\n<p>Wszystkie produkty s\u0105 wykonywane na zam\u00f3wienie przez profesjonaln\u0105 drukarni\u0119 artystyczn\u0105, z kt\u00f3r\u0105 wsp\u00f3\u0142pracuj\u0119 od d\u0142u\u017cszego czasu.<\/p>\n\n\n\n<ul class=\"wp-block-list\">\n<li>Ka\u017cdy wydruk jest starannie zapakowany.<\/li>\n\n\n\n<li>Wydruki 12\u00d78 cali (30\u00d720 cm) i mniejsze zostan\u0105 wys\u0142ane w p\u0142askiej, wytrzyma\u0142ej kopercie pocztowej.<\/li>\n\n\n\n<li>Wydruki o wymiarach powy\u017cej 12\u00d78 cali (30\u00d720 cm) zostan\u0105 wys\u0142ane zwini\u0119te w wytrzyma\u0142ej spiralnej tubie pocztowej.<\/li>\n\n\n\n<li>Wydruki Fine Art s\u0105 r\u0119cznie zwijane w ochronn\u0105 bibu\u0142k\u0119.<\/li>\n\n\n\n<li>Oprawione wydruki zostan\u0105 wys\u0142ane w pude\u0142ku kartonowym.<\/li>\n<\/ul>\n\n\n\n<h2 class=\"wp-block-heading\"><strong>Czas przetwarzania<\/strong><\/h2>\n\n\n\n<p>Wszystkie zam\u00f3wienia s\u0105 wykonywane na \u017c\u0105danie i wymagaj\u0105 czasu realizacji od 3 do 8 dni roboczych. Pozwala to naszemu zaufanemu laboratorium fotograficznemu na przygotowanie przedmiotu przed jego wysy\u0142k\u0105 do klienta, a tak\u017ce na wydanie niezb\u0119dnych dokument\u00f3w, certyfikat\u00f3w oraz zapakowanie i zabezpieczenie przesy\u0142ki.<\/p>\n\n\n\n<h2 class=\"wp-block-heading\"><strong>Koszty wysy\u0142ki<\/strong><\/h2>\n\n\n\n<p>Koszty wysy\u0142ki zostan\u0105 dodane do koszyka podczas procesu p\u0142atno\u015bci. <br>Op\u0142aty za wysy\u0142k\u0119 s\u0105 naliczane za sztuk\u0119.<\/p>\n\n\n\n<figure class=\"wp-block-table is-style-stripes\"><table class=\"has-fixed-layout\"><thead><tr><th>KRAJ<\/th><th>STREFA<\/th><th>KOSZT DOSTAWY PLAKATU<\/th><th>KOSZT DOSTAWY P\u0141\u00d3TNA<\/th><th>KOSZT DOSTAWY EDYCJI KOLEKCJONERSKIEJ<\/th><th>CZAS TRANSPORTU (DNI ROBOCZE)<\/th><\/tr><\/thead><tbody><tr><td>Poland<\/td><td><strong>Poland<\/strong><\/td><td>25 z\u0142 <br>Darmowa wysy\u0142ka dla zam\u00f3wie\u0144 powy\u017cej 500 z\u0142<\/td><td>25 z\u0142 <br>Darmowa wysy\u0142ka dla zam\u00f3wie\u0144 powy\u017cej 500 z\u0142<\/td><td>25 z\u0142 <br>Darmowa wysy\u0142ka dla zam\u00f3wie\u0144 powy\u017cej 500 z\u0142<\/td><td>2-6 dni roboczych<\/td><\/tr><tr><td>Stany Zjednoczone (USA), Kanada, Australia<\/td><td><strong>Strefa 1 - poza UE<\/strong><\/td><td>25 z\u0142 <\/td><td>200 z\u0142<\/td><td>200 z\u0142<\/td><td>5-14 dni roboczych<\/td><\/tr><tr><td>Austria Belgia Francja Niemcy W\u0142ochy Holandia Portugalia Hiszpania Czechy Dania Finlandia Irlandia Luksemburg<\/td><td><strong>Strefa 2 - UE<\/strong><\/td><td>25 z\u0142 <\/td><td>65 z\u0142<\/td><td>65 z\u0142<\/td><td>2-6 dni roboczych<\/td><\/tr><tr><td>WIELKA BRYTANIA<\/td><td><strong>WIELKA BRYTANIA<\/strong><\/td><td>25 z\u0142<\/td><td>110 z\u0142<\/td><td>110 z\u0142<\/td><td>2-6 dni roboczych<\/td><\/tr><tr><td>Norwegia<\/td><td><strong>Norwegia<\/strong><\/td><td>25 z\u0142<\/td><td>Niedost\u0119pne<\/td><td>Niedost\u0119pne<\/td><td>2-6 dni roboczych<\/td><\/tr><tr><td>Cypr Estonia W\u0119gry Malta Szwajcaria Grecja Chorwacja Islandia Liechtenstein Litwa \u0141otwa Monako Rumunia Szwecja S\u0142owenia S\u0142owacja Ukraina Watykan<\/td><td><strong>Strefa 3 Europa<\/strong><\/td><td>65 z\u0142<\/td><td>65 z\u0142<\/td><td>65 z\u0142<\/td><td>7-14 dni roboczych<\/td><\/tr><tr><td>Bo\u015bnia i Hercegowina, Bangladesz, Bu\u0142garia, Chiny, Czarnog\u00f3ra, Meksyk, Nowa Zelandia<\/td><td><strong>Strefa 4<\/strong><\/td><td>200 z\u0142<\/td><td>200 z\u0142<\/td><td>200 z\u0142<\/td><td>7-14 dni roboczych<\/td><\/tr><tr><td>Zjednoczone Emiraty Arabskie Argentyna Bermudy Boliwia Brazylia Botswana Chile Kolumbia Dominikana Ekwador Egipt Etiopia Ghana Gabon Hongkong Indonezja Izrael Indie Jordania Japonia Kenia Korea Po\u0142udniowa Kuwejt Kazachstan Liban Liberia Maroko Madagaskar Mauretania Mauritius Malezja Mozambik Namibia Niger Nigeria Oman Panama Peru Filipiny Katar Serbia Ruanda Arabia Saudyjska Singapur Togo Tajlandia Tunezja Turcja Tajwan Tanzania Uganda Urugwaj Wenezuela Jemen RPA Zambia Zimbabwe<\/td><td><strong>Strefa 5<\/strong><\/td><td>430 z\u0142<\/td><td>Koszt wysy\u0142ki ustalany indywidualnie - dostawa mo\u017cliwa na \u017cyczenie. Przed z\u0142o\u017ceniem zam\u00f3wienia prosimy o kontakt w celu uzyskania wyceny wysy\u0142ki<\/td><td>Koszt wysy\u0142ki ustalany indywidualnie - dostawa mo\u017cliwa na \u017cyczenie. Przed z\u0142o\u017ceniem zam\u00f3wienia prosimy o kontakt w celu uzyskania wyceny wysy\u0142ki<\/td><td>7-21 dni roboczych<\/td><\/tr><\/tbody><\/table><\/figure>\n\n\n\n<h2 class=\"wp-block-heading\"><strong>C\u0142a i podatki<\/strong><\/h2>\n\n\n\n<p>W przypadku zam\u00f3wie\u0144 spoza UE mog\u0105 obowi\u0105zywa\u0107 dodatkowe op\u0142aty celne i podatki tylko w przypadku wydruk\u00f3w na p\u0142\u00f3tnie i limitowanych edycji kolekcjonerskich. Op\u0142aty te le\u017c\u0105 w gestii kupuj\u0105cego i nie s\u0105 wliczone w koszt wysy\u0142ki.<br><strong>Wydruki plakat\u00f3w<\/strong> s\u0105 wysy\u0142ane bezpo\u015brednio z naszych profesjonalnych laboratori\u00f3w zlokalizowanych w Europie, Australii i USA, minimalizuj\u0105c ryzyko dodatkowych op\u0142at celnych.<\/p>\n\n\n\n<h2 class=\"wp-block-heading\"><strong>Szacowany czas dostawy<\/strong><\/h2>\n\n\n\n<p>Zapoznaj si\u0119 z powy\u017csz\u0105 tabel\u0105 - Czas transportu i dodaj Czas przetwarzania (3-8 dni roboczych).<\/p>\n\n\n\n<h2 class=\"wp-block-heading\"><strong>Kraje, do kt\u00f3rych nie wysy\u0142amy<\/strong><\/h2>\n\n\n\n<p>Nie wysy\u0142amy do Norwegii ze wzgl\u0119du na procedury celne.<\/p>\n\n\n\n<h2 class=\"wp-block-heading\"><strong>\u015aledzenie zam\u00f3wienia<\/strong><\/h2>\n\n\n\n<p>Wszystkie zam\u00f3wienia zawieraj\u0105 numer \u015bledzenia, kt\u00f3ry zostanie podany po przetworzeniu przesy\u0142ki. Mo\u017cesz u\u017cy\u0107 tego numeru \u015bledzenia, aby monitorowa\u0107 status dostawy.<\/p>\n\n\n\n<h2 class=\"wp-block-heading\"><strong>Zagubione paczki<\/strong><\/h2>\n\n\n\n<p>Je\u015bli przesy\u0142ka nie dotrze, najpierw sprawd\u017a otoczenie. Upewnij si\u0119, \u017ce kurier nie zostawi\u0142 paczki u s\u0105siada lub nie zostawi\u0142 awiza do odbioru. Je\u015bli masz pewno\u015b\u0107, \u017ce przesy\u0142ka zagin\u0119\u0142a lub nie dotar\u0142a, skontaktuj si\u0119 z nami pod adresem peacefulnature(at)byjmj.pl. Sprawdzimy z kurierem numer przesy\u0142ki i zbadamy spraw\u0119.<\/p>\n\n\n\n<h2 class=\"wp-block-heading\"><strong>Uszkodzone paczki<\/strong><\/h2>\n\n\n\n<p>W przypadku zauwa\u017cenia jakichkolwiek uszkodze\u0144 przesy\u0142ki po jej dostarczeniu, prosimy o zrobienie zdj\u0119\u0107 paczki przed jej otwarciem. Je\u015bli opakowanie wygl\u0105da na uszkodzone, sfotografuj je w stanie nieotwartym, a tak\u017ce przedmiot znajduj\u0105cy si\u0119 w \u015brodku po rozpakowaniu.<\/p>\n\n\n\n<p>Z\u0142o\u017cymy wniosek do kuriera o odszkodowanie, a Ty niezw\u0142ocznie otrzymasz przedmiot zast\u0119pczy. Nale\u017cy pami\u0119ta\u0107, \u017ce nie mo\u017cemy rozpatrzy\u0107 roszczenia bez fotograficznego dowodu uszkodzenia, poniewa\u017c jest to wymagane do dochodzenia odszkodowania od kuriera.<\/p>\n\n\n\n<h2 class=\"wp-block-heading\">Pakowanie i konfekcjonowanie prezent\u00f3w<\/h2>\n\n\n\n<p>Wysy\u0142ka mojego przedmiotu jako prezentu jest mo\u017cliwa, ale powiniene\u015b wiedzie\u0107, \u017ce ka\u017cdy wydruk jest starannie zapakowany, wi\u0119c paczka nie b\u0119dzie wygl\u0105da\u0107 jak typowy prezent, ze wzgl\u0119du na pakowanie w celu bezpiecznego wys\u0142ania. Wystarczy skontaktowa\u0107 si\u0119 ze mn\u0105 i om\u00f3wi\u0107 swoje potrzeby (e-mail: joanna@musialjanicka.art l lub <a href=\"https:\/\/musialjanicka.art\/pl\/kontakt\/\" target=\"_blank\" rel=\"noreferrer noopener\">formularza kontaktowego<\/a>). Z przyjemno\u015bci\u0105 stworz\u0119 dla Ciebie niestandardow\u0105 ofert\u0119. Mo\u017cna r\u00f3wnie\u017c doda\u0107 spersonalizowan\u0105 kart\u0119 z wiadomo\u015bci\u0105.<\/p>\n\n\n\n<h2 class=\"wp-block-heading\">Potrzebujesz pomocy?<\/h2>\n\n\n\n<p>Zapraszamy do kontaktu pod adresem joanna@musialjanicka.art lub poprzez <a href=\"https:\/\/musialjanicka.art\/pl\/kontakt\/\" target=\"_blank\" rel=\"noreferrer noopener\">formularza kontaktowego<\/a> w przypadku jakichkolwiek pyta\u0144.<\/p>\n\n\n\n<p><\/p>","protected":false},"excerpt":{"rendered":"<p>Detailed information on shipping, costs, and claims procedures &#8211; part of Terms and conditions Shipping Policy All our shipments are sent via the fastest possible air courier service to ensure your order reaches you as quickly as possible! All parcels are fully insured. All products are made on demand by professional fine art printing lab [&hellip;]<\/p>\n","protected":false},"author":1,"featured_media":0,"parent":0,"menu_order":0,"comment_status":"closed","ping_status":"closed","template":"","meta":{"pgc_sgb_lightbox_settings":"","footnotes":""},"class_list":["post-735","page","type-page","status-publish","hentry"],"blocksy_meta":[],"yoast_head":"<!-- This site is optimized with the Yoast SEO plugin v27.5 - https:\/\/yoast.com\/product\/yoast-seo-wordpress\/ -->\n<title>Shipping Policy and Costs - musialjanicka.art<\/title>\n<meta name=\"description\" content=\"Shipping Policy and Costs - Detailed information on shipping, costs, and claims procedures.\" \/>\n<meta name=\"robots\" content=\"index, follow, max-snippet:-1, max-image-preview:large, max-video-preview:-1\" \/>\n<link rel=\"canonical\" href=\"https:\/\/musialjanicka.art\/pl\/polityka-wysylkowa\/\" \/>\n<meta property=\"og:locale\" content=\"pl_PL\" \/>\n<meta property=\"og:type\" content=\"article\" \/>\n<meta property=\"og:title\" content=\"Shipping Policy and Costs - musialjanicka.art\" \/>\n<meta property=\"og:description\" content=\"Shipping Policy and Costs - Detailed information on shipping, costs, and claims procedures.\" \/>\n<meta property=\"og:url\" content=\"https:\/\/musialjanicka.art\/pl\/polityka-wysylkowa\/\" \/>\n<meta property=\"og:site_name\" content=\"musialjanicka.art\" \/>\n<meta property=\"article:publisher\" content=\"https:\/\/www.facebook.com\/profile.php?id=61558487248297\" \/>\n<meta property=\"article:modified_time\" content=\"2025-04-26T09:42:48+00:00\" \/>\n<meta name=\"twitter:card\" content=\"summary_large_image\" \/>\n<meta name=\"twitter:label1\" content=\"Szacowany czas czytania\" \/>\n\t<meta name=\"twitter:data1\" content=\"4 minuty\" \/>\n<script type=\"application\/ld+json\" class=\"yoast-schema-graph\">{\"@context\":\"https:\\\/\\\/schema.org\",\"@graph\":[{\"@type\":\"WebPage\",\"@id\":\"https:\\\/\\\/musialjanicka.art\\\/shipping-policy\\\/\",\"url\":\"https:\\\/\\\/musialjanicka.art\\\/shipping-policy\\\/\",\"name\":\"Shipping Policy and Costs - musialjanicka.art\",\"isPartOf\":{\"@id\":\"https:\\\/\\\/musialjanicka.art\\\/#website\"},\"datePublished\":\"2025-02-26T15:35:25+00:00\",\"dateModified\":\"2025-04-26T09:42:48+00:00\",\"description\":\"Shipping Policy and Costs - Detailed information on shipping, costs, and claims procedures.\",\"breadcrumb\":{\"@id\":\"https:\\\/\\\/musialjanicka.art\\\/shipping-policy\\\/#breadcrumb\"},\"inLanguage\":\"pl-PL\",\"potentialAction\":[{\"@type\":\"ReadAction\",\"target\":[\"https:\\\/\\\/musialjanicka.art\\\/shipping-policy\\\/\"]}]},{\"@type\":\"BreadcrumbList\",\"@id\":\"https:\\\/\\\/musialjanicka.art\\\/shipping-policy\\\/#breadcrumb\",\"itemListElement\":[{\"@type\":\"ListItem\",\"position\":1,\"name\":\"Home\",\"item\":\"https:\\\/\\\/musialjanicka.art\\\/\"},{\"@type\":\"ListItem\",\"position\":2,\"name\":\"Shipping Policy and Costs\"}]},{\"@type\":\"WebSite\",\"@id\":\"https:\\\/\\\/musialjanicka.art\\\/#website\",\"url\":\"https:\\\/\\\/musialjanicka.art\\\/\",\"name\":\"musialjanicka.art\",\"description\":\"Art Supporting Peace of Your Mind and Soul\",\"publisher\":{\"@id\":\"https:\\\/\\\/musialjanicka.art\\\/#organization\"},\"potentialAction\":[{\"@type\":\"SearchAction\",\"target\":{\"@type\":\"EntryPoint\",\"urlTemplate\":\"https:\\\/\\\/musialjanicka.art\\\/?s={search_term_string}\"},\"query-input\":{\"@type\":\"PropertyValueSpecification\",\"valueRequired\":true,\"valueName\":\"search_term_string\"}}],\"inLanguage\":\"pl-PL\"},{\"@type\":\"Organization\",\"@id\":\"https:\\\/\\\/musialjanicka.art\\\/#organization\",\"name\":\"musialjanicka.art\",\"url\":\"https:\\\/\\\/musialjanicka.art\\\/\",\"logo\":{\"@type\":\"ImageObject\",\"inLanguage\":\"pl-PL\",\"@id\":\"https:\\\/\\\/musialjanicka.art\\\/#\\\/schema\\\/logo\\\/image\\\/\",\"url\":\"https:\\\/\\\/musialjanicka.art\\\/wp-content\\\/uploads\\\/2025\\\/02\\\/cropped-Nowe-logo-kwadrat-620x620px.png\",\"contentUrl\":\"https:\\\/\\\/musialjanicka.art\\\/wp-content\\\/uploads\\\/2025\\\/02\\\/cropped-Nowe-logo-kwadrat-620x620px.png\",\"width\":512,\"height\":512,\"caption\":\"musialjanicka.art\"},\"image\":{\"@id\":\"https:\\\/\\\/musialjanicka.art\\\/#\\\/schema\\\/logo\\\/image\\\/\"},\"sameAs\":[\"https:\\\/\\\/www.facebook.com\\\/profile.php?id=61558487248297\",\"https:\\\/\\\/www.instagram.com\\\/peacefulnaturebyjmj\\\/\",\"https:\\\/\\\/pl.pinterest.com\\\/jmusialjanicka\\\/?actingBusinessId=482518684984684504\"]}]}<\/script>\n<!-- \/ Yoast SEO plugin. -->","yoast_head_json":{"title":"Zasady i koszty wysy\u0142ki - musialjanicka.art","description":"Zasady i koszty wysy\u0142ki - Szczeg\u00f3\u0142owe informacje na temat wysy\u0142ki, koszt\u00f3w i procedur reklamacyjnych.","robots":{"index":"index","follow":"follow","max-snippet":"max-snippet:-1","max-image-preview":"max-image-preview:large","max-video-preview":"max-video-preview:-1"},"canonical":"https:\/\/musialjanicka.art\/pl\/polityka-wysylkowa\/","og_locale":"pl_PL","og_type":"article","og_title":"Shipping Policy and Costs - musialjanicka.art","og_description":"Shipping Policy and Costs - Detailed information on shipping, costs, and claims procedures.","og_url":"https:\/\/musialjanicka.art\/pl\/polityka-wysylkowa\/","og_site_name":"musialjanicka.art","article_publisher":"https:\/\/www.facebook.com\/profile.php?id=61558487248297","article_modified_time":"2025-04-26T09:42:48+00:00","twitter_card":"summary_large_image","twitter_misc":{"Szacowany czas czytania":"4 minuty"},"schema":{"@context":"https:\/\/schema.org","@graph":[{"@type":"WebPage","@id":"https:\/\/musialjanicka.art\/shipping-policy\/","url":"https:\/\/musialjanicka.art\/shipping-policy\/","name":"Zasady i koszty wysy\u0142ki - musialjanicka.art","isPartOf":{"@id":"https:\/\/musialjanicka.art\/#website"},"datePublished":"2025-02-26T15:35:25+00:00","dateModified":"2025-04-26T09:42:48+00:00","description":"Zasady i koszty wysy\u0142ki - Szczeg\u00f3\u0142owe informacje na temat wysy\u0142ki, koszt\u00f3w i procedur reklamacyjnych.","breadcrumb":{"@id":"https:\/\/musialjanicka.art\/shipping-policy\/#breadcrumb"},"inLanguage":"pl-PL","potentialAction":[{"@type":"ReadAction","target":["https:\/\/musialjanicka.art\/shipping-policy\/"]}]},{"@type":"BreadcrumbList","@id":"https:\/\/musialjanicka.art\/shipping-policy\/#breadcrumb","itemListElement":[{"@type":"ListItem","position":1,"name":"Home","item":"https:\/\/musialjanicka.art\/"},{"@type":"ListItem","position":2,"name":"Shipping Policy and Costs"}]},{"@type":"WebSite","@id":"https:\/\/musialjanicka.art\/#website","url":"https:\/\/musialjanicka.art\/","name":"musialjanicka.art","description":"Sztuka wspieraj\u0105ca spok\u00f3j umys\u0142u i duszy","publisher":{"@id":"https:\/\/musialjanicka.art\/#organization"},"potentialAction":[{"@type":"SearchAction","target":{"@type":"EntryPoint","urlTemplate":"https:\/\/musialjanicka.art\/?s={search_term_string}"},"query-input":{"@type":"PropertyValueSpecification","valueRequired":true,"valueName":"search_term_string"}}],"inLanguage":"pl-PL"},{"@type":"Organization","@id":"https:\/\/musialjanicka.art\/#organization","name":"musialjanicka.art","url":"https:\/\/musialjanicka.art\/","logo":{"@type":"ImageObject","inLanguage":"pl-PL","@id":"https:\/\/musialjanicka.art\/#\/schema\/logo\/image\/","url":"https:\/\/musialjanicka.art\/wp-content\/uploads\/2025\/02\/cropped-Nowe-logo-kwadrat-620x620px.png","contentUrl":"https:\/\/musialjanicka.art\/wp-content\/uploads\/2025\/02\/cropped-Nowe-logo-kwadrat-620x620px.png","width":512,"height":512,"caption":"musialjanicka.art"},"image":{"@id":"https:\/\/musialjanicka.art\/#\/schema\/logo\/image\/"},"sameAs":["https:\/\/www.facebook.com\/profile.php?id=61558487248297","https:\/\/www.instagram.com\/peacefulnaturebyjmj\/","https:\/\/pl.pinterest.com\/jmusialjanicka\/?actingBusinessId=482518684984684504"]}]}},"jetpack_sharing_enabled":true,"_links":{"self":[{"href":"https:\/\/musialjanicka.art\/pl\/wp-json\/wp\/v2\/pages\/735","targetHints":{"allow":["GET"]}}],"collection":[{"href":"https:\/\/musialjanicka.art\/pl\/wp-json\/wp\/v2\/pages"}],"about":[{"href":"https:\/\/musialjanicka.art\/pl\/wp-json\/wp\/v2\/types\/page"}],"author":[{"embeddable":true,"href":"https:\/\/musialjanicka.art\/pl\/wp-json\/wp\/v2\/users\/1"}],"replies":[{"embeddable":true,"href":"https:\/\/musialjanicka.art\/pl\/wp-json\/wp\/v2\/comments?post=735"}],"version-history":[{"count":5,"href":"https:\/\/musialjanicka.art\/pl\/wp-json\/wp\/v2\/pages\/735\/revisions"}],"predecessor-version":[{"id":1529,"href":"https:\/\/musialjanicka.art\/pl\/wp-json\/wp\/v2\/pages\/735\/revisions\/1529"}],"wp:attachment":[{"href":"https:\/\/musialjanicka.art\/pl\/wp-json\/wp\/v2\/media?parent=735"}],"curies":[{"name":"wp","href":"https:\/\/api.w.org\/{rel}","templated":true}]}}