{"id":1385,"date":"2025-04-12T19:34:54","date_gmt":"2025-04-12T17:34:54","guid":{"rendered":"https:\/\/musialjanicka.art\/?post_type=product&#038;p=1385"},"modified":"2026-02-05T19:47:30","modified_gmt":"2026-02-05T18:47:30","slug":"przewodnie-swiatlo-nadziei","status":"publish","type":"product","link":"https:\/\/musialjanicka.art\/pl\/product\/guiding-light-of-hope\/","title":{"rendered":"Orygina\u0142  | \u015awiat\u0142o Przewodnie Nadziei"},"content":{"rendered":"<p class=\"\" data-start=\"109\" data-end=\"377\">Discover <strong>&#8220;Guiding Light of Hope&#8221;<\/strong> \u2013 <strong>a unique piece of contemporary art collection &#8220;<a href=\"https:\/\/musialjanicka.art\/collections\/hope\/\" target=\"_blank\" rel=\"noopener\">Hope<\/a>&#8220;<\/strong>, that captures attention and brings harmony into your space. This limited-edition photograph is more than just decoration &#8211; it is a story embedded in nature, telling a tale of finding light within oneself.<\/p>\n<p class=\"\" data-start=\"795\" data-end=\"1189\">Deep tones create a contemplative, serene atmosphere. Against this backdrop, a delicate beam of light shines, guiding the viewer like a quiet promise. The graceful curve of a twisted branch leads the eye toward the luminous focal point, symbolising hope, inner strength, and the beauty of simplicity.<\/p>\n<p data-start=\"795\" data-end=\"1189\">A small, natural branch in the upper right corner gently cuts through the composition, reminding us that imperfection is perfect \u2014 a reflection of nature\u2019s authenticity and the quiet beauty found in unpolished details.<\/p>\n<p data-start=\"795\" data-end=\"1189\">Notice how beautifully this artwork illuminates the interior \u2013 it can also illuminate yours if you allow it.<\/p>\n<p data-start=\"795\" data-end=\"1189\"><em data-start=\"1191\" data-end=\"1215\">&#8220;Guiding Light of Hope&#8221;<\/em> is in perfect harmony with the <a href=\"https:\/\/musialjanicka.art\/mission\/\" target=\"_blank\" rel=\"noopener\">philosophy of the Artist<\/a> and the whole <a href=\"https:\/\/musialjanicka.art\/collections\/hope\/\" target=\"_blank\" rel=\"noopener\"><em data-start=\"1279\" data-end=\"1285\">Hope<\/em> collection<\/a>. It&#8217;s an invitation to pause, reflect, and embrace hope in everyday moments.<\/p>\n<h4 data-start=\"44\" data-end=\"107\"><\/h4>\n<h4 data-start=\"44\" data-end=\"107\">This Fine Art photograph, <strong>&#8220;Guiding Light of Hope&#8221;<\/strong>\u00a0is part of a limited edition collectible series of only <strong data-start=\"690\" data-end=\"712\">25 pigment prints in total<\/strong> (5 in each size \u2014 once sold out, no further prints will be produced).<\/h4>\n<p>&nbsp;<\/p>\n<ul>\n<li data-start=\"514\" data-end=\"563\"><strong>Signed<\/strong> by its author Joanna Musia\u0142-Janicka<\/li>\n<li data-start=\"566\" data-end=\"611\">Includes a <strong>Certificate of Authenticity<\/strong><\/li>\n<li data-start=\"614\" data-end=\"644\">Carries a <strong>unique number<\/strong><\/li>\n<li>Embossed with a <strong>dry stamp<\/strong> for additional exclusivity<\/li>\n<li><strong>Limited Edition<\/strong> with a Progressive Price List:\n<ul>\n<li data-start=\"705\" data-end=\"769\">The fewer pieces available, the greater the collectible value.<\/li>\n<li data-start=\"705\" data-end=\"769\">As the edition sells out, each subsequent print in a given size and format increases in price, enhancing its value at the time of purchase.<\/li>\n<\/ul>\n<\/li>\n<\/ul>\n<p>&nbsp;<\/p>\n<h4 style=\"font-size: 16px; font-weight: 400;\">Crafted with the utmost attention to detail:<\/h4>\n<ul style=\"font-size: 16px; font-weight: 400;\">\n<li data-start=\"64\" data-end=\"118\">Printed on<strong> museum and gallery-quality fine art paper<\/strong>\u00a0\u2013 matte finish highlights and\u00a0reproduces colors perfectly<\/li>\n<li data-start=\"64\" data-end=\"118\"><strong>Pigment printing technology<\/strong>\u00a0(Canon 1440DPI resolution) ensures exceptional precision<\/li>\n<li data-start=\"64\" data-end=\"118\">Archival acid-free paper quality\u00a0with durability exceeding <strong>100 years<\/strong> (indoor exposure)<\/li>\n<\/ul>\n<p>&nbsp;<\/p>\n<p class=\"\" data-start=\"1183\" data-end=\"1407\">Add <strong>&#8220;Guiding Light of Hope&#8221;<\/strong> to your space and enjoy its timeless beauty. This minimalist composition brings both elegance and inspiration to modern interiors. Let this artwork inspire calm and introspection. It can serve as a meaningful focal point in your living room, bedroom, or in your office space.<\/p>\n<p class=\"\" data-start=\"1409\" data-end=\"1579\"><strong>Invest in art and harmony<\/strong>. &#8220;Guiding Light of Hope&#8221; \u2013 a luxurious piece of contemporary art, available for sale online, awaits to bring a ray of light and hope into your life.<\/p>\n<hr \/>\n<p class=\"\" data-start=\"1581\" data-end=\"1696\">Meanwhile, explore the full &#8220;Hope&#8221; collection and discover more art filled with light and tranquility \u2013 [<a href=\"https:\/\/musialjanicka.art\/collections\/hope\/\" target=\"_blank\" rel=\"noopener\">click here<\/a>]. #ThePowerOfAStop<\/p>\n","protected":false},"excerpt":{"rendered":"<h6>Fotografia makro Fine Art  w limitowanym kolekcjonerskim wydaniu. Oryginalne dzie\u0142o sztuki wsp\u00f3\u0142czesnej z motywem botanicznym w odcieniach niebieskiego i br\u0105zu | Fot. Joanna Musia\u0142-Janickia<\/h6>\n<p><em>Edycja kolekcjonerska - tylko 25 odbitek<\/em><br \/>\n<em>Aktualnie dost\u0119pny numer: <strong>Nr 25 \/ 25<\/strong><\/em><br \/>\n<em>Numeracja przebiega w odwrotnej kolejno\u015bci (25 \u2192 1)<\/em><br \/>\n<em>Cena wzrasta wraz z post\u0119pem edycji<\/em><\/p>","protected":false},"featured_media":1390,"template":"","meta":{"pgc_sgb_lightbox_settings":""},"product_brand":[],"product_cat":[124],"product_tag":[68,93,99,175,73,172,102,114,94,74,105,75,90,117,111,95,80,81,106,82,173,187],"Collections":[165],"class_list":{"0":"post-1385","1":"product","2":"type-product","3":"status-publish","4":"has-post-thumbnail","6":"product_cat-collectors-photographs","7":"product_tag-abstract-nature-photography","8":"product_tag-art-collections","9":"product_tag-art-for-sale-online","10":"product_tag-authors-photographs","11":"product_tag-botanical-photography","12":"product_tag-certificate-of-authenticity","13":"product_tag-collectible-art","14":"product_tag-collectors-edition-photography","15":"product_tag-contemporary-art-for-sale","16":"product_tag-fine-art-photography","17":"product_tag-gallery-quality-fine-art","18":"product_tag-high-quality-wall-art","19":"product_tag-investing-in-art","20":"product_tag-joanna-musial-janicka","21":"product_tag-limited-edition-collectible-photography","22":"product_tag-luxury-art","23":"product_tag-minimalist-organic-art","24":"product_tag-modern-office-decor","25":"product_tag-museum-quality-wall-art","26":"product_tag-nature-inspired-wall-decor","27":"product_tag-progressive-price-list","28":"product_tag-visual-art","29":"product_shipping_class-collectibles","30":"pa_art-style-contemporary-modern-art","31":"pa_art-style-industrial-loft-art","32":"pa_art-style-minimalist-art","33":"pa_art-style-scandinavian-japandi-wabi-sabi-art","34":"pa_color-beige-photography-prints","35":"pa_color-blue-photography-prints","36":"pa_color-brown-photography-prints","37":"pa_color-navy-photography-prints","38":"pa_orientation-horizontal","39":"pa_orientation-vertical","40":"pa_size-85x120-33x47","41":"pa_size-60x85-24x33","42":"pa_size-60x40-24x16","43":"pa_size-40x30-16x12","44":"pa_size-20x30-8x12","45":"pa_theme-art-abstract-photography","46":"pa_theme-art-botanical-photography","47":"pa_tones-cool-tones","48":"pa_tones-dark-moody-tones","49":"pa_tones-neutral-earth-tones","50":"collections-hope","52":"first","53":"instock","54":"shipping-taxable","55":"purchasable","56":"product-type-variable"},"yoast_head":"<!-- This site is optimized with the Yoast SEO plugin v27.5 - https:\/\/yoast.com\/product\/yoast-seo-wordpress\/ -->\n<title>&quot;Guiding Light of Hope&quot; | Limited Edition Fine Art Photography - musialjanicka.art<\/title>\n<meta name=\"description\" content=\"Discover &quot;Guiding Light of Hope&quot;- Luxury Abstract Photography - Limited Edition Fine Art Print for sale online with a Certificate of Authenticity.\" \/>\n<meta name=\"robots\" content=\"index, follow, max-snippet:-1, max-image-preview:large, max-video-preview:-1\" \/>\n<link rel=\"canonical\" href=\"https:\/\/musialjanicka.art\/pl\/produkt\/przewodnie-swiatlo-nadziei\/\" \/>\n<meta property=\"og:locale\" content=\"pl_PL\" \/>\n<meta property=\"og:type\" content=\"article\" \/>\n<meta property=\"og:title\" content=\"&quot;Guiding Light of Hope&quot; | Limited Edition Fine Art Photography - musialjanicka.art\" \/>\n<meta property=\"og:description\" content=\"Discover &quot;Guiding Light of Hope&quot;- Luxury Abstract Photography - Limited Edition Fine Art Print for sale online with a Certificate of Authenticity.\" \/>\n<meta property=\"og:url\" content=\"https:\/\/musialjanicka.art\/pl\/produkt\/przewodnie-swiatlo-nadziei\/\" \/>\n<meta property=\"og:site_name\" content=\"musialjanicka.art\" \/>\n<meta property=\"article:publisher\" content=\"https:\/\/www.facebook.com\/profile.php?id=61558487248297\" \/>\n<meta property=\"article:modified_time\" content=\"2026-02-05T18:47:30+00:00\" \/>\n<meta property=\"og:image\" content=\"https:\/\/musialjanicka.art\/wp-content\/uploads\/2025\/04\/Guiding-Light-of-Hope-Joanna-Musial-Janicka-musialjanicka.art_.png\" \/>\n\t<meta property=\"og:image:width\" content=\"1024\" \/>\n\t<meta property=\"og:image:height\" content=\"1024\" \/>\n\t<meta property=\"og:image:type\" content=\"image\/png\" \/>\n<meta name=\"twitter:card\" content=\"summary_large_image\" \/>\n<meta name=\"twitter:label1\" content=\"Szacowany czas czytania\" \/>\n\t<meta name=\"twitter:data1\" content=\"3 minuty\" \/>\n<script type=\"application\/ld+json\" class=\"yoast-schema-graph\">{\"@context\":\"https:\\\/\\\/schema.org\",\"@graph\":[{\"@type\":\"WebPage\",\"@id\":\"https:\\\/\\\/musialjanicka.art\\\/product\\\/guiding-light-of-hope\\\/\",\"url\":\"https:\\\/\\\/musialjanicka.art\\\/product\\\/guiding-light-of-hope\\\/\",\"name\":\"\\\"Guiding Light of Hope\\\" | Limited Edition Fine Art Photography - musialjanicka.art\",\"isPartOf\":{\"@id\":\"https:\\\/\\\/musialjanicka.art\\\/#website\"},\"primaryImageOfPage\":{\"@id\":\"https:\\\/\\\/musialjanicka.art\\\/product\\\/guiding-light-of-hope\\\/#primaryimage\"},\"image\":{\"@id\":\"https:\\\/\\\/musialjanicka.art\\\/product\\\/guiding-light-of-hope\\\/#primaryimage\"},\"thumbnailUrl\":\"https:\\\/\\\/musialjanicka.art\\\/wp-content\\\/uploads\\\/2025\\\/04\\\/Guiding-Light-of-Hope-Joanna-Musial-Janicka-musialjanicka.art_.png\",\"datePublished\":\"2025-04-12T17:34:54+00:00\",\"dateModified\":\"2026-02-05T18:47:30+00:00\",\"description\":\"Discover \\\"Guiding Light of Hope\\\"- Luxury Abstract Photography - Limited Edition Fine Art Print for sale online with a Certificate of Authenticity.\",\"breadcrumb\":{\"@id\":\"https:\\\/\\\/musialjanicka.art\\\/product\\\/guiding-light-of-hope\\\/#breadcrumb\"},\"inLanguage\":\"pl-PL\",\"potentialAction\":[{\"@type\":\"ReadAction\",\"target\":[\"https:\\\/\\\/musialjanicka.art\\\/product\\\/guiding-light-of-hope\\\/\"]}]},{\"@type\":\"ImageObject\",\"inLanguage\":\"pl-PL\",\"@id\":\"https:\\\/\\\/musialjanicka.art\\\/product\\\/guiding-light-of-hope\\\/#primaryimage\",\"url\":\"https:\\\/\\\/musialjanicka.art\\\/wp-content\\\/uploads\\\/2025\\\/04\\\/Guiding-Light-of-Hope-Joanna-Musial-Janicka-musialjanicka.art_.png\",\"contentUrl\":\"https:\\\/\\\/musialjanicka.art\\\/wp-content\\\/uploads\\\/2025\\\/04\\\/Guiding-Light-of-Hope-Joanna-Musial-Janicka-musialjanicka.art_.png\",\"width\":1024,\"height\":1024,\"caption\":\"Guiding Light of Hope- Joanna Musia\u0142-Janicka macrophotography art\"},{\"@type\":\"BreadcrumbList\",\"@id\":\"https:\\\/\\\/musialjanicka.art\\\/product\\\/guiding-light-of-hope\\\/#breadcrumb\",\"itemListElement\":[{\"@type\":\"ListItem\",\"position\":1,\"name\":\"Home\",\"item\":\"https:\\\/\\\/musialjanicka.art\\\/\"},{\"@type\":\"ListItem\",\"position\":2,\"name\":\"Shop\",\"item\":\"https:\\\/\\\/musialjanicka.art\\\/shop\\\/\"},{\"@type\":\"ListItem\",\"position\":3,\"name\":\"Original | Guiding Light of Hope\"}]},{\"@type\":\"WebSite\",\"@id\":\"https:\\\/\\\/musialjanicka.art\\\/#website\",\"url\":\"https:\\\/\\\/musialjanicka.art\\\/\",\"name\":\"musialjanicka.art\",\"description\":\"Art Supporting Peace of Your Mind and Soul\",\"publisher\":{\"@id\":\"https:\\\/\\\/musialjanicka.art\\\/#organization\"},\"potentialAction\":[{\"@type\":\"SearchAction\",\"target\":{\"@type\":\"EntryPoint\",\"urlTemplate\":\"https:\\\/\\\/musialjanicka.art\\\/?s={search_term_string}\"},\"query-input\":{\"@type\":\"PropertyValueSpecification\",\"valueRequired\":true,\"valueName\":\"search_term_string\"}}],\"inLanguage\":\"pl-PL\"},{\"@type\":\"Organization\",\"@id\":\"https:\\\/\\\/musialjanicka.art\\\/#organization\",\"name\":\"musialjanicka.art\",\"url\":\"https:\\\/\\\/musialjanicka.art\\\/\",\"logo\":{\"@type\":\"ImageObject\",\"inLanguage\":\"pl-PL\",\"@id\":\"https:\\\/\\\/musialjanicka.art\\\/#\\\/schema\\\/logo\\\/image\\\/\",\"url\":\"https:\\\/\\\/musialjanicka.art\\\/wp-content\\\/uploads\\\/2025\\\/02\\\/cropped-Nowe-logo-kwadrat-620x620px.png\",\"contentUrl\":\"https:\\\/\\\/musialjanicka.art\\\/wp-content\\\/uploads\\\/2025\\\/02\\\/cropped-Nowe-logo-kwadrat-620x620px.png\",\"width\":512,\"height\":512,\"caption\":\"musialjanicka.art\"},\"image\":{\"@id\":\"https:\\\/\\\/musialjanicka.art\\\/#\\\/schema\\\/logo\\\/image\\\/\"},\"sameAs\":[\"https:\\\/\\\/www.facebook.com\\\/profile.php?id=61558487248297\",\"https:\\\/\\\/www.instagram.com\\\/peacefulnaturebyjmj\\\/\",\"https:\\\/\\\/pl.pinterest.com\\\/jmusialjanicka\\\/?actingBusinessId=482518684984684504\"]}]}<\/script>\n<!-- \/ Yoast SEO plugin. -->","yoast_head_json":{"title":"\"Guiding Light of Hope\" | Limitowana edycja Fine Art Photography - musialjanicka.art","description":"Odkryj \"Guiding Light of Hope\" - luksusow\u0105 fotografi\u0119 abstrakcyjn\u0105 - limitowan\u0105 edycj\u0119 Fine Art Print na sprzeda\u017c online z certyfikatem autentyczno\u015bci.","robots":{"index":"index","follow":"follow","max-snippet":"max-snippet:-1","max-image-preview":"max-image-preview:large","max-video-preview":"max-video-preview:-1"},"canonical":"https:\/\/musialjanicka.art\/pl\/produkt\/przewodnie-swiatlo-nadziei\/","og_locale":"pl_PL","og_type":"article","og_title":"\"Guiding Light of Hope\" | Limited Edition Fine Art Photography - musialjanicka.art","og_description":"Discover \"Guiding Light of Hope\"- Luxury Abstract Photography - Limited Edition Fine Art Print for sale online with a Certificate of Authenticity.","og_url":"https:\/\/musialjanicka.art\/pl\/produkt\/przewodnie-swiatlo-nadziei\/","og_site_name":"musialjanicka.art","article_publisher":"https:\/\/www.facebook.com\/profile.php?id=61558487248297","article_modified_time":"2026-02-05T18:47:30+00:00","og_image":[{"width":1024,"height":1024,"url":"https:\/\/musialjanicka.art\/wp-content\/uploads\/2025\/04\/Guiding-Light-of-Hope-Joanna-Musial-Janicka-musialjanicka.art_.png","type":"image\/png"}],"twitter_card":"summary_large_image","twitter_misc":{"Szacowany czas czytania":"3 minuty"},"schema":{"@context":"https:\/\/schema.org","@graph":[{"@type":"WebPage","@id":"https:\/\/musialjanicka.art\/product\/guiding-light-of-hope\/","url":"https:\/\/musialjanicka.art\/product\/guiding-light-of-hope\/","name":"\"Guiding Light of Hope\" | Limitowana edycja Fine Art Photography - musialjanicka.art","isPartOf":{"@id":"https:\/\/musialjanicka.art\/#website"},"primaryImageOfPage":{"@id":"https:\/\/musialjanicka.art\/product\/guiding-light-of-hope\/#primaryimage"},"image":{"@id":"https:\/\/musialjanicka.art\/product\/guiding-light-of-hope\/#primaryimage"},"thumbnailUrl":"https:\/\/musialjanicka.art\/wp-content\/uploads\/2025\/04\/Guiding-Light-of-Hope-Joanna-Musial-Janicka-musialjanicka.art_.png","datePublished":"2025-04-12T17:34:54+00:00","dateModified":"2026-02-05T18:47:30+00:00","description":"Odkryj \"Guiding Light of Hope\" - luksusow\u0105 fotografi\u0119 abstrakcyjn\u0105 - limitowan\u0105 edycj\u0119 Fine Art Print na sprzeda\u017c online z certyfikatem autentyczno\u015bci.","breadcrumb":{"@id":"https:\/\/musialjanicka.art\/product\/guiding-light-of-hope\/#breadcrumb"},"inLanguage":"pl-PL","potentialAction":[{"@type":"ReadAction","target":["https:\/\/musialjanicka.art\/product\/guiding-light-of-hope\/"]}]},{"@type":"ImageObject","inLanguage":"pl-PL","@id":"https:\/\/musialjanicka.art\/product\/guiding-light-of-hope\/#primaryimage","url":"https:\/\/musialjanicka.art\/wp-content\/uploads\/2025\/04\/Guiding-Light-of-Hope-Joanna-Musial-Janicka-musialjanicka.art_.png","contentUrl":"https:\/\/musialjanicka.art\/wp-content\/uploads\/2025\/04\/Guiding-Light-of-Hope-Joanna-Musial-Janicka-musialjanicka.art_.png","width":1024,"height":1024,"caption":"Guiding Light of Hope- Joanna Musia\u0142-Janicka macrophotography art"},{"@type":"BreadcrumbList","@id":"https:\/\/musialjanicka.art\/product\/guiding-light-of-hope\/#breadcrumb","itemListElement":[{"@type":"ListItem","position":1,"name":"Home","item":"https:\/\/musialjanicka.art\/"},{"@type":"ListItem","position":2,"name":"Shop","item":"https:\/\/musialjanicka.art\/shop\/"},{"@type":"ListItem","position":3,"name":"Original | Guiding Light of Hope"}]},{"@type":"WebSite","@id":"https:\/\/musialjanicka.art\/#website","url":"https:\/\/musialjanicka.art\/","name":"musialjanicka.art","description":"Sztuka wspieraj\u0105ca spok\u00f3j umys\u0142u i duszy","publisher":{"@id":"https:\/\/musialjanicka.art\/#organization"},"potentialAction":[{"@type":"SearchAction","target":{"@type":"EntryPoint","urlTemplate":"https:\/\/musialjanicka.art\/?s={search_term_string}"},"query-input":{"@type":"PropertyValueSpecification","valueRequired":true,"valueName":"search_term_string"}}],"inLanguage":"pl-PL"},{"@type":"Organization","@id":"https:\/\/musialjanicka.art\/#organization","name":"musialjanicka.art","url":"https:\/\/musialjanicka.art\/","logo":{"@type":"ImageObject","inLanguage":"pl-PL","@id":"https:\/\/musialjanicka.art\/#\/schema\/logo\/image\/","url":"https:\/\/musialjanicka.art\/wp-content\/uploads\/2025\/02\/cropped-Nowe-logo-kwadrat-620x620px.png","contentUrl":"https:\/\/musialjanicka.art\/wp-content\/uploads\/2025\/02\/cropped-Nowe-logo-kwadrat-620x620px.png","width":512,"height":512,"caption":"musialjanicka.art"},"image":{"@id":"https:\/\/musialjanicka.art\/#\/schema\/logo\/image\/"},"sameAs":["https:\/\/www.facebook.com\/profile.php?id=61558487248297","https:\/\/www.instagram.com\/peacefulnaturebyjmj\/","https:\/\/pl.pinterest.com\/jmusialjanicka\/?actingBusinessId=482518684984684504"]}]}},"jetpack_sharing_enabled":true,"_links":{"self":[{"href":"https:\/\/musialjanicka.art\/pl\/wp-json\/wp\/v2\/product\/1385","targetHints":{"allow":["GET"]}}],"collection":[{"href":"https:\/\/musialjanicka.art\/pl\/wp-json\/wp\/v2\/product"}],"about":[{"href":"https:\/\/musialjanicka.art\/pl\/wp-json\/wp\/v2\/types\/product"}],"wp:featuredmedia":[{"embeddable":true,"href":"https:\/\/musialjanicka.art\/pl\/wp-json\/wp\/v2\/media\/1390"}],"wp:attachment":[{"href":"https:\/\/musialjanicka.art\/pl\/wp-json\/wp\/v2\/media?parent=1385"}],"wp:term":[{"taxonomy":"product_brand","embeddable":true,"href":"https:\/\/musialjanicka.art\/pl\/wp-json\/wp\/v2\/product_brand?post=1385"},{"taxonomy":"product_cat","embeddable":true,"href":"https:\/\/musialjanicka.art\/pl\/wp-json\/wp\/v2\/product_cat?post=1385"},{"taxonomy":"product_tag","embeddable":true,"href":"https:\/\/musialjanicka.art\/pl\/wp-json\/wp\/v2\/product_tag?post=1385"},{"taxonomy":"collections","embeddable":true,"href":"https:\/\/musialjanicka.art\/pl\/wp-json\/wp\/v2\/Collections?post=1385"}],"curies":[{"name":"wp","href":"https:\/\/api.w.org\/{rel}","templated":true}]}}