{"id":1443,"date":"2025-04-16T15:29:31","date_gmt":"2025-04-16T13:29:31","guid":{"rendered":"https:\/\/musialjanicka.art\/?post_type=product&#038;p=1443"},"modified":"2026-02-05T19:07:01","modified_gmt":"2026-02-05T18:07:01","slug":"lniany-powiew-nadziei","status":"publish","type":"product","link":"https:\/\/musialjanicka.art\/pl\/product\/linen-breeze-of-hope\/","title":{"rendered":"Orygina\u0142  | Lniany Powiew Nadziei"},"content":{"rendered":"<p class=\"\" data-start=\"221\" data-end=\"525\"><strong data-start=\"221\" data-end=\"525\">Discover &#8220;<em>Linen Breeze of Hope&#8221;<\/em>\u00a0\u2014 a poetic fine art photograph from the limited &#8220;<a href=\"https:\/\/musialjanicka.art\/collections\/hope\/\" target=\"_blank\" rel=\"noopener\">Hope<\/a>&#8221; Collection by Joanna Musia\u0142-Janicka. This delicate, nature-inspired piece captures the quiet elegance of simplicity, filling your space with soft light and a sense of gentle presence.<\/strong><\/p>\n<p data-start=\"527\" data-end=\"827\">Subtle, airy stems reach toward the light, surrounded by a pastel blur of warm beige and soft golden bokeh. There\u2019s a quiet motion to it \u2014 like a breeze brushing gently through tall grass \u2014 whispering calm, inviting stillness, and evoking the fleeting beauty of a peaceful moment.<\/p>\n<p data-start=\"527\" data-end=\"827\">The title <em>\u201cLinen Breeze of Hope\u201d<\/em> reflects the calming visual rhythm of the crossed stems, which gently echo the soft, tactile texture of linen \u2014 natural, grounding, and peaceful to the eye.<\/p>\n<p class=\"\" data-start=\"527\" data-end=\"827\">The artist captured this scene with intention and stillness. Drawn by its subtle harmony and fragile grace, she stood in silence, appreciating the softness of light filtering through. For her, this image holds the essence of hope \u2014 not loud or dramatic, but quiet and unwavering. Like the soft presence of someone you trust. Like the inner strength we sometimes forget we have, yet always return to.<\/p>\n<p data-start=\"379\" data-end=\"627\">It is a visual meditation \u2014 about lightness, mindfulness, and the soothing clarity of simply being. In full alignment with the<a href=\"https:\/\/musialjanicka.art\/mission\/\" target=\"_blank\" rel=\"noopener\"> brand\u2019s philosophy<\/a> of pausing and finding hope in simple beauty.<\/p>\n<h4 data-start=\"44\" data-end=\"107\">This Fine Art photograph, <strong data-start=\"221\" data-end=\"525\">&#8220;<em>Linen Breeze of Hope&#8221;<\/em><\/strong>\u00a0is part of a limited edition collectible series of only <strong data-start=\"690\" data-end=\"712\">25 pigment prints in total<\/strong> (5 in each size \u2014 once sold out, no further prints will be produced).<\/h4>\n<p>&nbsp;<\/p>\n<ul>\n<li data-start=\"514\" data-end=\"563\"><strong>Signed<\/strong> by its author Joanna Musia\u0142-Janicka<\/li>\n<li data-start=\"566\" data-end=\"611\">Includes a <strong>Certificate of Authenticity<\/strong><\/li>\n<li data-start=\"614\" data-end=\"644\">Carries a <strong>unique number<\/strong><\/li>\n<li>Embossed with a <strong>dry stamp<\/strong> for additional exclusivity<\/li>\n<li><strong>Limited Edition<\/strong> with a Progressive Price List:\n<ul>\n<li data-start=\"705\" data-end=\"769\">The fewer pieces available, the greater the collectible value.<\/li>\n<li data-start=\"705\" data-end=\"769\">As the edition sells out, each subsequent print in a given size and format increases in price, enhancing its value at the time of purchase.<\/li>\n<\/ul>\n<\/li>\n<\/ul>\n<p>&nbsp;<\/p>\n<h4 style=\"font-size: 16px; font-weight: 400;\">Crafted with the utmost attention to detail:<\/h4>\n<ul style=\"font-size: 16px; font-weight: 400;\">\n<li data-start=\"64\" data-end=\"118\">Printed on<strong> museum and gallery-quality fine art paper<\/strong>\u00a0\u2013 matte finish highlights and\u00a0reproduces colors perfectly<\/li>\n<li data-start=\"64\" data-end=\"118\"><strong>Pigment printing technology<\/strong>\u00a0(Canon 1440DPI resolution) ensures exceptional precision<\/li>\n<li data-start=\"64\" data-end=\"118\">Archival acid-free paper quality\u00a0with durability exceeding <strong>100 years<\/strong> (indoor exposure)<\/li>\n<\/ul>\n<p class=\"\" data-start=\"1930\" data-end=\"2039\">Add <strong data-start=\"1934\" data-end=\"1960\">&#8220;Linen Breeze of Hope&#8221;<\/strong> to your collection and bring softness, light, and serenity into your interior.\u00a0Perfect for minimalist, japandi, wabi-sabi, or soft romantic styles. Ideal for spaces like bedrooms, therapy rooms, modern offices, or serene reception areas \u2014 wherever you seek quiet elegance and emotional clarity.<\/p>\n<p class=\"\" data-start=\"1714\" data-end=\"1899\"><strong>Invest in art and tranquillity.<\/strong> <em>&#8220;Linen Breeze of Hope&#8221;<\/em> \u2014 a luxurious piece of contemporary art, available for sale online, awaits to bring a soft ray of light and hope into your life. Only 25 pieces \u2013 this is your chance to own a unique part of this limited edition.<\/p>\n<p data-start=\"1714\" data-end=\"1899\"><strong data-start=\"2265\" data-end=\"2334\">A timeless artwork that celebrates stillness and gentle strength.<\/strong><br data-start=\"2334\" data-end=\"2337\" \/>Your invitation to pause. A moment of breath. A soft breeze of hope.<\/p>\n<hr \/>\n<p class=\"\" data-start=\"1581\" data-end=\"1696\">Meanwhile, explore the full &#8220;<a href=\"https:\/\/musialjanicka.art\/collections\/hope\/\" target=\"_blank\" rel=\"noopener\">Hope<\/a>&#8221; collection and discover more art filled with light and tranquility \u2013 [<a href=\"https:\/\/musialjanicka.art\/collections\/hope\/\" target=\"_blank\" rel=\"noopener\">click here<\/a>]. #ThePowerOfAStop<\/p>\n","protected":false},"excerpt":{"rendered":"<h6>Pastelowa fotografia botaniczna w stylu Japandi - edycja kolekcjonerska Fine Art | Fot. Joanna Musia\u0142-Janicka<\/h6>\n<p><em>Edycja kolekcjonerska - tylko 25 egzemplarzy<\/em><br \/>\n<em>Aktualnie dost\u0119pny numer: <strong>Nr 25 \/ 25<\/strong><\/em><br \/>\n<em>Numeracja przebiega w odwrotnej kolejno\u015bci (25 \u2192 1)<\/em><br \/>\n<em>Cena wzrasta wraz z post\u0119pem edycji<\/em><\/p>","protected":false},"featured_media":1448,"template":"","meta":{"pgc_sgb_lightbox_settings":""},"product_brand":[],"product_cat":[124],"product_tag":[93,180,99,175,73,172,102,114,94,177,74,105,90,182,117,111,95,179,178,80,81,106,82,173,181,174],"Collections":[165],"class_list":{"0":"post-1443","1":"product","2":"type-product","3":"status-publish","4":"has-post-thumbnail","6":"product_cat-collectors-photographs","7":"product_tag-art-collections","8":"product_tag-art-for-restaurants","9":"product_tag-art-for-sale-online","10":"product_tag-authors-photographs","11":"product_tag-botanical-photography","12":"product_tag-certificate-of-authenticity","13":"product_tag-collectible-art","14":"product_tag-collectors-edition-photography","15":"product_tag-contemporary-art-for-sale","16":"product_tag-earthy-tones","17":"product_tag-fine-art-photography","18":"product_tag-gallery-quality-fine-art","19":"product_tag-investing-in-art","20":"product_tag-japandi-wall-decor","21":"product_tag-joanna-musial-janicka","22":"product_tag-limited-edition-collectible-photography","23":"product_tag-luxury-art","24":"product_tag-mindful-art","25":"product_tag-minimalist-decor","26":"product_tag-minimalist-organic-art","27":"product_tag-modern-office-decor","28":"product_tag-museum-quality-wall-art","29":"product_tag-nature-inspired-wall-decor","30":"product_tag-progressive-price-list","31":"product_tag-thepowerofastop","32":"product_tag-warm-tones-wall-art","33":"product_shipping_class-collectibles","34":"pa_art-style-contemporary-modern-art","35":"pa_art-style-industrial-loft-art","36":"pa_art-style-minimalist-art","37":"pa_art-style-scandinavian-japandi-wabi-sabi-art","38":"pa_color-beige-photography-prints","39":"pa_color-gray-photography-prints","40":"pa_orientation-vertical","41":"pa_size-85x120-33x47","42":"pa_size-60x85-24x33","43":"pa_size-60x40-24x16","44":"pa_size-40x30-16x12","45":"pa_size-20x30-8x12","46":"pa_theme-art-abstract-photography","47":"pa_theme-art-botanical-photography","48":"pa_tones-neutral-earth-tones","49":"pa_tones-pastel-tones","50":"pa_tones-warm-tones","51":"collections-hope","53":"first","54":"instock","55":"shipping-taxable","56":"purchasable","57":"product-type-variable"},"yoast_head":"<!-- This site is optimized with the Yoast SEO plugin v27.5 - https:\/\/yoast.com\/product\/yoast-seo-wordpress\/ -->\n<title>&quot;Linen Breeze of Hope&quot; | Limited Edition Fine Art Photography - musialjanicka.art<\/title>\n<meta name=\"description\" content=\"Discover &quot;Linen Breeze of Hope&quot;- Luxury Abstract Photography - Limited Edition Fine Art Print for sale online with a Certificate of Authenticity.\" \/>\n<meta name=\"robots\" content=\"index, follow, max-snippet:-1, max-image-preview:large, max-video-preview:-1\" \/>\n<link rel=\"canonical\" href=\"https:\/\/musialjanicka.art\/pl\/produkt\/lniany-powiew-nadziei\/\" \/>\n<meta property=\"og:locale\" content=\"pl_PL\" \/>\n<meta property=\"og:type\" content=\"article\" \/>\n<meta property=\"og:title\" content=\"&quot;Linen Breeze of Hope&quot; | Limited Edition Fine Art Photography - musialjanicka.art\" \/>\n<meta property=\"og:description\" content=\"Discover &quot;Linen Breeze of Hope&quot;- Luxury Abstract Photography - Limited Edition Fine Art Print for sale online with a Certificate of Authenticity.\" \/>\n<meta property=\"og:url\" content=\"https:\/\/musialjanicka.art\/pl\/produkt\/lniany-powiew-nadziei\/\" \/>\n<meta property=\"og:site_name\" content=\"musialjanicka.art\" \/>\n<meta property=\"article:publisher\" content=\"https:\/\/www.facebook.com\/profile.php?id=61558487248297\" \/>\n<meta property=\"article:modified_time\" content=\"2026-02-05T18:07:01+00:00\" \/>\n<meta property=\"og:image\" content=\"https:\/\/musialjanicka.art\/wp-content\/uploads\/2025\/04\/Joanna-Musial-Janicka-musialjanicka.art-3.jpg\" \/>\n\t<meta property=\"og:image:width\" content=\"1024\" \/>\n\t<meta property=\"og:image:height\" content=\"1024\" \/>\n\t<meta property=\"og:image:type\" content=\"image\/jpeg\" \/>\n<meta name=\"twitter:card\" content=\"summary_large_image\" \/>\n<meta name=\"twitter:label1\" content=\"Szacowany czas czytania\" \/>\n\t<meta name=\"twitter:data1\" content=\"3 minuty\" \/>\n<script type=\"application\/ld+json\" class=\"yoast-schema-graph\">{\"@context\":\"https:\\\/\\\/schema.org\",\"@graph\":[{\"@type\":\"WebPage\",\"@id\":\"https:\\\/\\\/musialjanicka.art\\\/product\\\/linen-breeze-of-hope\\\/\",\"url\":\"https:\\\/\\\/musialjanicka.art\\\/product\\\/linen-breeze-of-hope\\\/\",\"name\":\"\\\"Linen Breeze of Hope\\\" | Limited Edition Fine Art Photography - musialjanicka.art\",\"isPartOf\":{\"@id\":\"https:\\\/\\\/musialjanicka.art\\\/#website\"},\"primaryImageOfPage\":{\"@id\":\"https:\\\/\\\/musialjanicka.art\\\/product\\\/linen-breeze-of-hope\\\/#primaryimage\"},\"image\":{\"@id\":\"https:\\\/\\\/musialjanicka.art\\\/product\\\/linen-breeze-of-hope\\\/#primaryimage\"},\"thumbnailUrl\":\"https:\\\/\\\/musialjanicka.art\\\/wp-content\\\/uploads\\\/2025\\\/04\\\/Joanna-Musial-Janicka-musialjanicka.art-3.jpg\",\"datePublished\":\"2025-04-16T13:29:31+00:00\",\"dateModified\":\"2026-02-05T18:07:01+00:00\",\"description\":\"Discover \\\"Linen Breeze of Hope\\\"- Luxury Abstract Photography - Limited Edition Fine Art Print for sale online with a Certificate of Authenticity.\",\"breadcrumb\":{\"@id\":\"https:\\\/\\\/musialjanicka.art\\\/product\\\/linen-breeze-of-hope\\\/#breadcrumb\"},\"inLanguage\":\"pl-PL\",\"potentialAction\":[{\"@type\":\"ReadAction\",\"target\":[\"https:\\\/\\\/musialjanicka.art\\\/product\\\/linen-breeze-of-hope\\\/\"]}]},{\"@type\":\"ImageObject\",\"inLanguage\":\"pl-PL\",\"@id\":\"https:\\\/\\\/musialjanicka.art\\\/product\\\/linen-breeze-of-hope\\\/#primaryimage\",\"url\":\"https:\\\/\\\/musialjanicka.art\\\/wp-content\\\/uploads\\\/2025\\\/04\\\/Joanna-Musial-Janicka-musialjanicka.art-3.jpg\",\"contentUrl\":\"https:\\\/\\\/musialjanicka.art\\\/wp-content\\\/uploads\\\/2025\\\/04\\\/Joanna-Musial-Janicka-musialjanicka.art-3.jpg\",\"width\":1024,\"height\":1024,\"caption\":\"Hope Collection - artwork in delicate beige\"},{\"@type\":\"BreadcrumbList\",\"@id\":\"https:\\\/\\\/musialjanicka.art\\\/product\\\/linen-breeze-of-hope\\\/#breadcrumb\",\"itemListElement\":[{\"@type\":\"ListItem\",\"position\":1,\"name\":\"Home\",\"item\":\"https:\\\/\\\/musialjanicka.art\\\/\"},{\"@type\":\"ListItem\",\"position\":2,\"name\":\"Shop\",\"item\":\"https:\\\/\\\/musialjanicka.art\\\/shop\\\/\"},{\"@type\":\"ListItem\",\"position\":3,\"name\":\"Original | Linen Breeze of Hope\"}]},{\"@type\":\"WebSite\",\"@id\":\"https:\\\/\\\/musialjanicka.art\\\/#website\",\"url\":\"https:\\\/\\\/musialjanicka.art\\\/\",\"name\":\"musialjanicka.art\",\"description\":\"Art Supporting Peace of Your Mind and Soul\",\"publisher\":{\"@id\":\"https:\\\/\\\/musialjanicka.art\\\/#organization\"},\"potentialAction\":[{\"@type\":\"SearchAction\",\"target\":{\"@type\":\"EntryPoint\",\"urlTemplate\":\"https:\\\/\\\/musialjanicka.art\\\/?s={search_term_string}\"},\"query-input\":{\"@type\":\"PropertyValueSpecification\",\"valueRequired\":true,\"valueName\":\"search_term_string\"}}],\"inLanguage\":\"pl-PL\"},{\"@type\":\"Organization\",\"@id\":\"https:\\\/\\\/musialjanicka.art\\\/#organization\",\"name\":\"musialjanicka.art\",\"url\":\"https:\\\/\\\/musialjanicka.art\\\/\",\"logo\":{\"@type\":\"ImageObject\",\"inLanguage\":\"pl-PL\",\"@id\":\"https:\\\/\\\/musialjanicka.art\\\/#\\\/schema\\\/logo\\\/image\\\/\",\"url\":\"https:\\\/\\\/musialjanicka.art\\\/wp-content\\\/uploads\\\/2025\\\/02\\\/cropped-Nowe-logo-kwadrat-620x620px.png\",\"contentUrl\":\"https:\\\/\\\/musialjanicka.art\\\/wp-content\\\/uploads\\\/2025\\\/02\\\/cropped-Nowe-logo-kwadrat-620x620px.png\",\"width\":512,\"height\":512,\"caption\":\"musialjanicka.art\"},\"image\":{\"@id\":\"https:\\\/\\\/musialjanicka.art\\\/#\\\/schema\\\/logo\\\/image\\\/\"},\"sameAs\":[\"https:\\\/\\\/www.facebook.com\\\/profile.php?id=61558487248297\",\"https:\\\/\\\/www.instagram.com\\\/peacefulnaturebyjmj\\\/\",\"https:\\\/\\\/pl.pinterest.com\\\/jmusialjanicka\\\/?actingBusinessId=482518684984684504\"]}]}<\/script>\n<!-- \/ Yoast SEO plugin. -->","yoast_head_json":{"title":"\"Lniany powiew nadziei\" | Limitowana edycja fotografii Fine Art - musialjanicka.art","description":"Odkryj \"Linen Breeze of Hope\" - Luksusowa fotografia abstrakcyjna - Limitowana edycja Fine Art Print na sprzeda\u017c online z certyfikatem autentyczno\u015bci.","robots":{"index":"index","follow":"follow","max-snippet":"max-snippet:-1","max-image-preview":"max-image-preview:large","max-video-preview":"max-video-preview:-1"},"canonical":"https:\/\/musialjanicka.art\/pl\/produkt\/lniany-powiew-nadziei\/","og_locale":"pl_PL","og_type":"article","og_title":"\"Linen Breeze of Hope\" | Limited Edition Fine Art Photography - musialjanicka.art","og_description":"Discover \"Linen Breeze of Hope\"- Luxury Abstract Photography - Limited Edition Fine Art Print for sale online with a Certificate of Authenticity.","og_url":"https:\/\/musialjanicka.art\/pl\/produkt\/lniany-powiew-nadziei\/","og_site_name":"musialjanicka.art","article_publisher":"https:\/\/www.facebook.com\/profile.php?id=61558487248297","article_modified_time":"2026-02-05T18:07:01+00:00","og_image":[{"width":1024,"height":1024,"url":"https:\/\/musialjanicka.art\/wp-content\/uploads\/2025\/04\/Joanna-Musial-Janicka-musialjanicka.art-3.jpg","type":"image\/jpeg"}],"twitter_card":"summary_large_image","twitter_misc":{"Szacowany czas czytania":"3 minuty"},"schema":{"@context":"https:\/\/schema.org","@graph":[{"@type":"WebPage","@id":"https:\/\/musialjanicka.art\/product\/linen-breeze-of-hope\/","url":"https:\/\/musialjanicka.art\/product\/linen-breeze-of-hope\/","name":"\"Lniany powiew nadziei\" | Limitowana edycja fotografii Fine Art - musialjanicka.art","isPartOf":{"@id":"https:\/\/musialjanicka.art\/#website"},"primaryImageOfPage":{"@id":"https:\/\/musialjanicka.art\/product\/linen-breeze-of-hope\/#primaryimage"},"image":{"@id":"https:\/\/musialjanicka.art\/product\/linen-breeze-of-hope\/#primaryimage"},"thumbnailUrl":"https:\/\/musialjanicka.art\/wp-content\/uploads\/2025\/04\/Joanna-Musial-Janicka-musialjanicka.art-3.jpg","datePublished":"2025-04-16T13:29:31+00:00","dateModified":"2026-02-05T18:07:01+00:00","description":"Odkryj \"Linen Breeze of Hope\" - Luksusowa fotografia abstrakcyjna - Limitowana edycja Fine Art Print na sprzeda\u017c online z certyfikatem autentyczno\u015bci.","breadcrumb":{"@id":"https:\/\/musialjanicka.art\/product\/linen-breeze-of-hope\/#breadcrumb"},"inLanguage":"pl-PL","potentialAction":[{"@type":"ReadAction","target":["https:\/\/musialjanicka.art\/product\/linen-breeze-of-hope\/"]}]},{"@type":"ImageObject","inLanguage":"pl-PL","@id":"https:\/\/musialjanicka.art\/product\/linen-breeze-of-hope\/#primaryimage","url":"https:\/\/musialjanicka.art\/wp-content\/uploads\/2025\/04\/Joanna-Musial-Janicka-musialjanicka.art-3.jpg","contentUrl":"https:\/\/musialjanicka.art\/wp-content\/uploads\/2025\/04\/Joanna-Musial-Janicka-musialjanicka.art-3.jpg","width":1024,"height":1024,"caption":"Hope Collection - artwork in delicate beige"},{"@type":"BreadcrumbList","@id":"https:\/\/musialjanicka.art\/product\/linen-breeze-of-hope\/#breadcrumb","itemListElement":[{"@type":"ListItem","position":1,"name":"Home","item":"https:\/\/musialjanicka.art\/"},{"@type":"ListItem","position":2,"name":"Shop","item":"https:\/\/musialjanicka.art\/shop\/"},{"@type":"ListItem","position":3,"name":"Original | Linen Breeze of Hope"}]},{"@type":"WebSite","@id":"https:\/\/musialjanicka.art\/#website","url":"https:\/\/musialjanicka.art\/","name":"musialjanicka.art","description":"Sztuka wspieraj\u0105ca spok\u00f3j umys\u0142u i duszy","publisher":{"@id":"https:\/\/musialjanicka.art\/#organization"},"potentialAction":[{"@type":"SearchAction","target":{"@type":"EntryPoint","urlTemplate":"https:\/\/musialjanicka.art\/?s={search_term_string}"},"query-input":{"@type":"PropertyValueSpecification","valueRequired":true,"valueName":"search_term_string"}}],"inLanguage":"pl-PL"},{"@type":"Organization","@id":"https:\/\/musialjanicka.art\/#organization","name":"musialjanicka.art","url":"https:\/\/musialjanicka.art\/","logo":{"@type":"ImageObject","inLanguage":"pl-PL","@id":"https:\/\/musialjanicka.art\/#\/schema\/logo\/image\/","url":"https:\/\/musialjanicka.art\/wp-content\/uploads\/2025\/02\/cropped-Nowe-logo-kwadrat-620x620px.png","contentUrl":"https:\/\/musialjanicka.art\/wp-content\/uploads\/2025\/02\/cropped-Nowe-logo-kwadrat-620x620px.png","width":512,"height":512,"caption":"musialjanicka.art"},"image":{"@id":"https:\/\/musialjanicka.art\/#\/schema\/logo\/image\/"},"sameAs":["https:\/\/www.facebook.com\/profile.php?id=61558487248297","https:\/\/www.instagram.com\/peacefulnaturebyjmj\/","https:\/\/pl.pinterest.com\/jmusialjanicka\/?actingBusinessId=482518684984684504"]}]}},"jetpack_sharing_enabled":true,"_links":{"self":[{"href":"https:\/\/musialjanicka.art\/pl\/wp-json\/wp\/v2\/product\/1443","targetHints":{"allow":["GET"]}}],"collection":[{"href":"https:\/\/musialjanicka.art\/pl\/wp-json\/wp\/v2\/product"}],"about":[{"href":"https:\/\/musialjanicka.art\/pl\/wp-json\/wp\/v2\/types\/product"}],"wp:featuredmedia":[{"embeddable":true,"href":"https:\/\/musialjanicka.art\/pl\/wp-json\/wp\/v2\/media\/1448"}],"wp:attachment":[{"href":"https:\/\/musialjanicka.art\/pl\/wp-json\/wp\/v2\/media?parent=1443"}],"wp:term":[{"taxonomy":"product_brand","embeddable":true,"href":"https:\/\/musialjanicka.art\/pl\/wp-json\/wp\/v2\/product_brand?post=1443"},{"taxonomy":"product_cat","embeddable":true,"href":"https:\/\/musialjanicka.art\/pl\/wp-json\/wp\/v2\/product_cat?post=1443"},{"taxonomy":"product_tag","embeddable":true,"href":"https:\/\/musialjanicka.art\/pl\/wp-json\/wp\/v2\/product_tag?post=1443"},{"taxonomy":"collections","embeddable":true,"href":"https:\/\/musialjanicka.art\/pl\/wp-json\/wp\/v2\/Collections?post=1443"}],"curies":[{"name":"wp","href":"https:\/\/api.w.org\/{rel}","templated":true}]}}