{"id":1458,"date":"2025-04-18T00:00:28","date_gmt":"2025-04-17T22:00:28","guid":{"rendered":"https:\/\/musialjanicka.art\/?post_type=product&#038;p=1458"},"modified":"2025-07-09T16:13:52","modified_gmt":"2025-07-09T14:13:52","slug":"posciel-plakatowa-breeze","status":"publish","type":"product","link":"https:\/\/musialjanicka.art\/pl\/product\/poster-linen-breeze\/","title":{"rendered":"Plakat  | Lniana Bryza Nadziei"},"content":{"rendered":"<p class=\"\" data-start=\"418\" data-end=\"549\">Plakat z unikalnego dzia\u0142a - oryginalnej fotografii wsp\u00f3\u0142czesnej, z limitowanej edycji kolekcjonerskiej pt.: <a href=\"https:\/\/musialjanicka.art\/pl\/produkt\/lniany-powiew-nadziei\/\" target=\"_blank\" rel=\"noopener\"><em>\"Lniany powiew nadziei\"<\/em><\/a> - pochodz\u0105cego z kolekcji sztuki<a href=\"https:\/\/musialjanicka.art\/pl\/kolekcje\/nadzieja\/\" target=\"_blank\" rel=\"noopener\"><em> \"Nadzieja\".<\/em><\/a> autorstwa Joanny Musia\u0142-Janickiej.<\/p>\n<p class=\"\" data-start=\"551\" data-end=\"793\">Teraz dost\u0119pny jako plakat w naszej internetowej galerii: niedrogi spos\u00f3b na wprowadzenie ponadczasowej sztuki do codziennego \u017cycia. Pozwala otoczy\u0107 si\u0119 <strong data-start=\"699\" data-end=\"733\">prawdziw\u0105, wyselekcjonowan\u0105 fotografi\u0105 artystyczn\u0105<\/strong> - a nie masowo produkowanymi dekoracjami \u015bciennymi z sieciowych sklep\u00f3w wn\u0119trzarskich. Ciesz si\u0119 emocjonaln\u0105 g\u0142\u0119bi\u0105 wizji artysty. <strong>Przyst\u0119pny, elegancki i stworzony, aby zach\u0119ca\u0107 do spokoju, refleksji i uwa\u017cnej obecno\u015bci,<\/strong> w zgodzie z <a href=\"https:\/\/musialjanicka.art\/pl\/misja\/\" target=\"_blank\" rel=\"noopener\">Misj\u0105 artystki.<\/a><\/p>\n<p data-start=\"551\" data-end=\"793\">Ten minimalistyczny plakat fotograficzny zosta\u0142 zaprojektowany z my\u015bl\u0105 o delikatnych i spokojnych wn\u0119trzach - od cichych sypialni i salon\u00f3w po k\u0105ciki czytelnicze, spokojne biura lub studia jogi i gabinety terapeutyczne.<br data-start=\"937\" data-end=\"940\" \/>Dzi\u0119ki ciep\u0142ym be\u017cowym odcieniom, delikatnym teksturom i lekkiej - wr\u0119cz zwiewnej kompozycji, idealnie pasuje do stylu Japandi, minimalistycznego, wabi-sabi, przytulnego boho lub skandynawskiego.<\/p>\n<hr class=\"\" data-start=\"1517\" data-end=\"1520\" \/>\n<h4 data-start=\"1522\" data-end=\"1969\"><strong data-start=\"1522\" data-end=\"1534\">Szczeg\u00f3\u0142y plakatu \"Lniany powiew nadziei<em data-start=\"470\" data-end=\"492\">\u201c<\/em>:<\/strong><\/h4>\n<ul>\n<li>Elegancka bia\u0142a ramka z subtelnym logo artysty<\/li>\n<li>Nadruk na <strong data-start=\"1740\" data-end=\"1777\">wysokiej jako\u015bci papierze powlekanym (180 g)<\/strong><\/li>\n<li><strong>Edycja otwarta<\/strong> - dost\u0119pny <strong data-start=\"1684\" data-end=\"1696\">fotografia artystyczna Fine Art<\/strong> w przyst\u0119pnej cenowo formie<\/li>\n<li>Dost\u0119pny w 3 rozmiarach<\/li>\n<li>Wysy\u0142ka bez ramy, na ca\u0142y \u015bwiat, w tubie ochronnej - <strong data-start=\"1857\" data-end=\"1878\">dostawa w przyst\u0119pnej cenie<\/strong><\/li>\n<li>Subtelna <strong data-start=\"1599\" data-end=\"1624\">fotografia inspirowana natur\u0105<\/strong> gwarantuj\u0105ca uspokajaj\u0105cy, ponadczasowy dodatek do wn\u0119trz<\/li>\n<li>Przemy\u015blany i wyj\u0105tkowy produkt dla ka\u017cdego, kto ceni <strong data-start=\"1935\" data-end=\"1969\">harmoni\u0119, spok\u00f3j i estetyk\u0119<\/strong><\/li>\n<li>Orientacja: pionowa<\/li>\n<\/ul>\n<p>&nbsp;<\/p>\n<h5>Otaczaj si\u0119 sztuk\u0105, kt\u00f3ra zaprasza spok\u00f3j i wyciszenie \u2014 stw\u00f3rz kolekcj\u0119 plakat\u00f3w inspirowanych uwa\u017cno\u015bci\u0105. #ThePowerOfAStop<\/h5>","protected":false},"excerpt":{"rendered":"<p>Delikatny Plakat w Be\u017cach \u2013 Subtelna Fotografia Ro\u015blinna w Spokojnych, Naturalnych i Neutralnych Tonach | Fot. Joanna Musia\u0142-Janicka<\/p>","protected":false},"featured_media":1452,"template":"","meta":{"pgc_sgb_lightbox_settings":""},"product_brand":[],"product_cat":[122],"product_tag":[71,73,114,94,183,182,117,119,179,80,107,81,89,116,83,184,181],"Collections":[165],"class_list":{"0":"post-1458","1":"product","2":"type-product","3":"status-publish","4":"has-post-thumbnail","6":"product_cat-posters","7":"product_tag-artistic-photography","8":"product_tag-botanical-photography","9":"product_tag-collectors-edition-photography","10":"product_tag-contemporary-art-for-sale","11":"product_tag-contemporary-photography","12":"product_tag-japandi-wall-decor","13":"product_tag-joanna-musial-janicka","14":"product_tag-limited-edition-photography","15":"product_tag-mindful-art","16":"product_tag-minimalist-organic-art","17":"product_tag-minimalist-wall-art","18":"product_tag-modern-office-decor","19":"product_tag-online-art-gallery","20":"product_tag-poster-photography-print","21":"product_tag-public-reception-area-wall-decor","22":"product_tag-scandinavian-style-decor","23":"product_tag-thepowerofastop","24":"product_shipping_class-posters","25":"pa_art-style-contemporary-modern-art","26":"pa_art-style-industrial-loft-art","27":"pa_art-style-minimalist-art","28":"pa_art-style-scandinavian-japandi-wabi-sabi-art","29":"pa_color-beige-photography-prints","30":"pa_color-gray-photography-prints","31":"pa_orientation-vertical","32":"pa_size-70x100-30x40","33":"pa_size-30x45-12x18","34":"pa_size-50x75-20x30","35":"pa_theme-art-abstract-photography","36":"pa_theme-art-botanical-photography","37":"pa_tones-pastel-tones","38":"pa_tones-warm-tones","39":"collections-hope","41":"first","42":"instock","43":"shipping-taxable","44":"purchasable","45":"product-type-variable"},"yoast_head":"<!-- This site is optimized with the Yoast SEO plugin v27.5 - https:\/\/yoast.com\/product\/yoast-seo-wordpress\/ -->\n<title>Poster &quot;Linen Breeze of Hope&quot; - musialjanicka.art<\/title>\n<meta name=\"description\" content=\"Artistic poster print &quot;Linen Breeze of Hope&quot; by Joanna Musia\u0142-Janicka \u2013 calming, elegant photography with white border and artist\u2019s logo.\" \/>\n<meta name=\"robots\" content=\"index, follow, max-snippet:-1, max-image-preview:large, max-video-preview:-1\" \/>\n<link rel=\"canonical\" href=\"https:\/\/musialjanicka.art\/pl\/produkt\/posciel-plakatowa-breeze\/\" \/>\n<meta property=\"og:locale\" content=\"pl_PL\" \/>\n<meta property=\"og:type\" content=\"article\" \/>\n<meta property=\"og:title\" content=\"Poster &quot;Linen Breeze of Hope&quot; - musialjanicka.art\" \/>\n<meta property=\"og:description\" content=\"Artistic poster print &quot;Linen Breeze of Hope&quot; by Joanna Musia\u0142-Janicka \u2013 calming, elegant photography with white border and artist\u2019s logo.\" \/>\n<meta property=\"og:url\" content=\"https:\/\/musialjanicka.art\/pl\/produkt\/posciel-plakatowa-breeze\/\" \/>\n<meta property=\"og:site_name\" content=\"musialjanicka.art\" \/>\n<meta property=\"article:publisher\" content=\"https:\/\/www.facebook.com\/profile.php?id=61558487248297\" \/>\n<meta property=\"article:modified_time\" content=\"2025-07-09T14:13:52+00:00\" \/>\n<meta property=\"og:image\" content=\"https:\/\/musialjanicka.art\/wp-content\/uploads\/2025\/04\/Poster-Gold-Light-of-Hope-botanical-fine-art-photography-Joanna-Musial-Janicka-musialjanicka.art-4.jpg\" \/>\n\t<meta property=\"og:image:width\" content=\"1024\" \/>\n\t<meta property=\"og:image:height\" content=\"1024\" \/>\n\t<meta property=\"og:image:type\" content=\"image\/jpeg\" \/>\n<meta name=\"twitter:card\" content=\"summary_large_image\" \/>\n<meta name=\"twitter:label1\" content=\"Szacowany czas czytania\" \/>\n\t<meta name=\"twitter:data1\" content=\"2 minuty\" \/>\n<script type=\"application\/ld+json\" class=\"yoast-schema-graph\">{\"@context\":\"https:\\\/\\\/schema.org\",\"@graph\":[{\"@type\":\"WebPage\",\"@id\":\"https:\\\/\\\/musialjanicka.art\\\/product\\\/poster-linen-breeze\\\/\",\"url\":\"https:\\\/\\\/musialjanicka.art\\\/product\\\/poster-linen-breeze\\\/\",\"name\":\"Poster \\\"Linen Breeze of Hope\\\" - musialjanicka.art\",\"isPartOf\":{\"@id\":\"https:\\\/\\\/musialjanicka.art\\\/#website\"},\"primaryImageOfPage\":{\"@id\":\"https:\\\/\\\/musialjanicka.art\\\/product\\\/poster-linen-breeze\\\/#primaryimage\"},\"image\":{\"@id\":\"https:\\\/\\\/musialjanicka.art\\\/product\\\/poster-linen-breeze\\\/#primaryimage\"},\"thumbnailUrl\":\"https:\\\/\\\/musialjanicka.art\\\/wp-content\\\/uploads\\\/2025\\\/04\\\/Poster-Gold-Light-of-Hope-botanical-fine-art-photography-Joanna-Musial-Janicka-musialjanicka.art-4.jpg\",\"datePublished\":\"2025-04-17T22:00:28+00:00\",\"dateModified\":\"2025-07-09T14:13:52+00:00\",\"description\":\"Artistic poster print \\\"Linen Breeze of Hope\\\" by Joanna Musia\u0142-Janicka \u2013 calming, elegant photography with white border and artist\u2019s logo.\",\"breadcrumb\":{\"@id\":\"https:\\\/\\\/musialjanicka.art\\\/product\\\/poster-linen-breeze\\\/#breadcrumb\"},\"inLanguage\":\"pl-PL\",\"potentialAction\":[{\"@type\":\"ReadAction\",\"target\":[\"https:\\\/\\\/musialjanicka.art\\\/product\\\/poster-linen-breeze\\\/\"]}]},{\"@type\":\"ImageObject\",\"inLanguage\":\"pl-PL\",\"@id\":\"https:\\\/\\\/musialjanicka.art\\\/product\\\/poster-linen-breeze\\\/#primaryimage\",\"url\":\"https:\\\/\\\/musialjanicka.art\\\/wp-content\\\/uploads\\\/2025\\\/04\\\/Poster-Gold-Light-of-Hope-botanical-fine-art-photography-Joanna-Musial-Janicka-musialjanicka.art-4.jpg\",\"contentUrl\":\"https:\\\/\\\/musialjanicka.art\\\/wp-content\\\/uploads\\\/2025\\\/04\\\/Poster-Gold-Light-of-Hope-botanical-fine-art-photography-Joanna-Musial-Janicka-musialjanicka.art-4.jpg\",\"width\":1024,\"height\":1024,\"caption\":\"Poster Linen Breeze of Hope, beige warm abstract forms\"},{\"@type\":\"BreadcrumbList\",\"@id\":\"https:\\\/\\\/musialjanicka.art\\\/product\\\/poster-linen-breeze\\\/#breadcrumb\",\"itemListElement\":[{\"@type\":\"ListItem\",\"position\":1,\"name\":\"Home\",\"item\":\"https:\\\/\\\/musialjanicka.art\\\/\"},{\"@type\":\"ListItem\",\"position\":2,\"name\":\"Shop\",\"item\":\"https:\\\/\\\/musialjanicka.art\\\/shop\\\/\"},{\"@type\":\"ListItem\",\"position\":3,\"name\":\"Poster | Linen Breeze of Hope\"}]},{\"@type\":\"WebSite\",\"@id\":\"https:\\\/\\\/musialjanicka.art\\\/#website\",\"url\":\"https:\\\/\\\/musialjanicka.art\\\/\",\"name\":\"musialjanicka.art\",\"description\":\"Art Supporting Peace of Your Mind and Soul\",\"publisher\":{\"@id\":\"https:\\\/\\\/musialjanicka.art\\\/#organization\"},\"potentialAction\":[{\"@type\":\"SearchAction\",\"target\":{\"@type\":\"EntryPoint\",\"urlTemplate\":\"https:\\\/\\\/musialjanicka.art\\\/?s={search_term_string}\"},\"query-input\":{\"@type\":\"PropertyValueSpecification\",\"valueRequired\":true,\"valueName\":\"search_term_string\"}}],\"inLanguage\":\"pl-PL\"},{\"@type\":\"Organization\",\"@id\":\"https:\\\/\\\/musialjanicka.art\\\/#organization\",\"name\":\"musialjanicka.art\",\"url\":\"https:\\\/\\\/musialjanicka.art\\\/\",\"logo\":{\"@type\":\"ImageObject\",\"inLanguage\":\"pl-PL\",\"@id\":\"https:\\\/\\\/musialjanicka.art\\\/#\\\/schema\\\/logo\\\/image\\\/\",\"url\":\"https:\\\/\\\/musialjanicka.art\\\/wp-content\\\/uploads\\\/2025\\\/02\\\/cropped-Nowe-logo-kwadrat-620x620px.png\",\"contentUrl\":\"https:\\\/\\\/musialjanicka.art\\\/wp-content\\\/uploads\\\/2025\\\/02\\\/cropped-Nowe-logo-kwadrat-620x620px.png\",\"width\":512,\"height\":512,\"caption\":\"musialjanicka.art\"},\"image\":{\"@id\":\"https:\\\/\\\/musialjanicka.art\\\/#\\\/schema\\\/logo\\\/image\\\/\"},\"sameAs\":[\"https:\\\/\\\/www.facebook.com\\\/profile.php?id=61558487248297\",\"https:\\\/\\\/www.instagram.com\\\/peacefulnaturebyjmj\\\/\",\"https:\\\/\\\/pl.pinterest.com\\\/jmusialjanicka\\\/?actingBusinessId=482518684984684504\"]}]}<\/script>\n<!-- \/ Yoast SEO plugin. -->","yoast_head_json":{"title":"Plakat \"Lniany powiew nadziei\" - musialjanicka.art","description":"Artystyczny wydruk plakatowy \"Lniany powiew nadziei\" autorstwa Joanny Musia\u0142-Janickiej - wyciszaj\u0105ca, elegancka fotografia z bia\u0142ym obramowaniem i logo artystki.","robots":{"index":"index","follow":"follow","max-snippet":"max-snippet:-1","max-image-preview":"max-image-preview:large","max-video-preview":"max-video-preview:-1"},"canonical":"https:\/\/musialjanicka.art\/pl\/produkt\/posciel-plakatowa-breeze\/","og_locale":"pl_PL","og_type":"article","og_title":"Poster \"Linen Breeze of Hope\" - musialjanicka.art","og_description":"Artistic poster print \"Linen Breeze of Hope\" by Joanna Musia\u0142-Janicka \u2013 calming, elegant photography with white border and artist\u2019s logo.","og_url":"https:\/\/musialjanicka.art\/pl\/produkt\/posciel-plakatowa-breeze\/","og_site_name":"musialjanicka.art","article_publisher":"https:\/\/www.facebook.com\/profile.php?id=61558487248297","article_modified_time":"2025-07-09T14:13:52+00:00","og_image":[{"width":1024,"height":1024,"url":"https:\/\/musialjanicka.art\/wp-content\/uploads\/2025\/04\/Poster-Gold-Light-of-Hope-botanical-fine-art-photography-Joanna-Musial-Janicka-musialjanicka.art-4.jpg","type":"image\/jpeg"}],"twitter_card":"summary_large_image","twitter_misc":{"Szacowany czas czytania":"2 minuty"},"schema":{"@context":"https:\/\/schema.org","@graph":[{"@type":"WebPage","@id":"https:\/\/musialjanicka.art\/product\/poster-linen-breeze\/","url":"https:\/\/musialjanicka.art\/product\/poster-linen-breeze\/","name":"Plakat \"Lniany powiew nadziei\" - musialjanicka.art","isPartOf":{"@id":"https:\/\/musialjanicka.art\/#website"},"primaryImageOfPage":{"@id":"https:\/\/musialjanicka.art\/product\/poster-linen-breeze\/#primaryimage"},"image":{"@id":"https:\/\/musialjanicka.art\/product\/poster-linen-breeze\/#primaryimage"},"thumbnailUrl":"https:\/\/musialjanicka.art\/wp-content\/uploads\/2025\/04\/Poster-Gold-Light-of-Hope-botanical-fine-art-photography-Joanna-Musial-Janicka-musialjanicka.art-4.jpg","datePublished":"2025-04-17T22:00:28+00:00","dateModified":"2025-07-09T14:13:52+00:00","description":"Artystyczny wydruk plakatowy \"Lniany powiew nadziei\" autorstwa Joanny Musia\u0142-Janickiej - wyciszaj\u0105ca, elegancka fotografia z bia\u0142ym obramowaniem i logo artystki.","breadcrumb":{"@id":"https:\/\/musialjanicka.art\/product\/poster-linen-breeze\/#breadcrumb"},"inLanguage":"pl-PL","potentialAction":[{"@type":"ReadAction","target":["https:\/\/musialjanicka.art\/product\/poster-linen-breeze\/"]}]},{"@type":"ImageObject","inLanguage":"pl-PL","@id":"https:\/\/musialjanicka.art\/product\/poster-linen-breeze\/#primaryimage","url":"https:\/\/musialjanicka.art\/wp-content\/uploads\/2025\/04\/Poster-Gold-Light-of-Hope-botanical-fine-art-photography-Joanna-Musial-Janicka-musialjanicka.art-4.jpg","contentUrl":"https:\/\/musialjanicka.art\/wp-content\/uploads\/2025\/04\/Poster-Gold-Light-of-Hope-botanical-fine-art-photography-Joanna-Musial-Janicka-musialjanicka.art-4.jpg","width":1024,"height":1024,"caption":"Poster Linen Breeze of Hope, beige warm abstract forms"},{"@type":"BreadcrumbList","@id":"https:\/\/musialjanicka.art\/product\/poster-linen-breeze\/#breadcrumb","itemListElement":[{"@type":"ListItem","position":1,"name":"Home","item":"https:\/\/musialjanicka.art\/"},{"@type":"ListItem","position":2,"name":"Shop","item":"https:\/\/musialjanicka.art\/shop\/"},{"@type":"ListItem","position":3,"name":"Poster | Linen Breeze of Hope"}]},{"@type":"WebSite","@id":"https:\/\/musialjanicka.art\/#website","url":"https:\/\/musialjanicka.art\/","name":"musialjanicka.art","description":"Sztuka wspieraj\u0105ca spok\u00f3j umys\u0142u i duszy","publisher":{"@id":"https:\/\/musialjanicka.art\/#organization"},"potentialAction":[{"@type":"SearchAction","target":{"@type":"EntryPoint","urlTemplate":"https:\/\/musialjanicka.art\/?s={search_term_string}"},"query-input":{"@type":"PropertyValueSpecification","valueRequired":true,"valueName":"search_term_string"}}],"inLanguage":"pl-PL"},{"@type":"Organization","@id":"https:\/\/musialjanicka.art\/#organization","name":"musialjanicka.art","url":"https:\/\/musialjanicka.art\/","logo":{"@type":"ImageObject","inLanguage":"pl-PL","@id":"https:\/\/musialjanicka.art\/#\/schema\/logo\/image\/","url":"https:\/\/musialjanicka.art\/wp-content\/uploads\/2025\/02\/cropped-Nowe-logo-kwadrat-620x620px.png","contentUrl":"https:\/\/musialjanicka.art\/wp-content\/uploads\/2025\/02\/cropped-Nowe-logo-kwadrat-620x620px.png","width":512,"height":512,"caption":"musialjanicka.art"},"image":{"@id":"https:\/\/musialjanicka.art\/#\/schema\/logo\/image\/"},"sameAs":["https:\/\/www.facebook.com\/profile.php?id=61558487248297","https:\/\/www.instagram.com\/peacefulnaturebyjmj\/","https:\/\/pl.pinterest.com\/jmusialjanicka\/?actingBusinessId=482518684984684504"]}]}},"jetpack_sharing_enabled":true,"_links":{"self":[{"href":"https:\/\/musialjanicka.art\/pl\/wp-json\/wp\/v2\/product\/1458","targetHints":{"allow":["GET"]}}],"collection":[{"href":"https:\/\/musialjanicka.art\/pl\/wp-json\/wp\/v2\/product"}],"about":[{"href":"https:\/\/musialjanicka.art\/pl\/wp-json\/wp\/v2\/types\/product"}],"wp:featuredmedia":[{"embeddable":true,"href":"https:\/\/musialjanicka.art\/pl\/wp-json\/wp\/v2\/media\/1452"}],"wp:attachment":[{"href":"https:\/\/musialjanicka.art\/pl\/wp-json\/wp\/v2\/media?parent=1458"}],"wp:term":[{"taxonomy":"product_brand","embeddable":true,"href":"https:\/\/musialjanicka.art\/pl\/wp-json\/wp\/v2\/product_brand?post=1458"},{"taxonomy":"product_cat","embeddable":true,"href":"https:\/\/musialjanicka.art\/pl\/wp-json\/wp\/v2\/product_cat?post=1458"},{"taxonomy":"product_tag","embeddable":true,"href":"https:\/\/musialjanicka.art\/pl\/wp-json\/wp\/v2\/product_tag?post=1458"},{"taxonomy":"collections","embeddable":true,"href":"https:\/\/musialjanicka.art\/pl\/wp-json\/wp\/v2\/Collections?post=1458"}],"curies":[{"name":"wp","href":"https:\/\/api.w.org\/{rel}","templated":true}]}}