{"id":1498,"date":"2025-04-21T22:06:34","date_gmt":"2025-04-21T20:06:34","guid":{"rendered":"https:\/\/musialjanicka.art\/?post_type=product&#038;p=1498"},"modified":"2025-07-09T16:11:07","modified_gmt":"2025-07-09T14:11:07","slug":"plakat-burgundowa-radosc","status":"publish","type":"product","link":"https:\/\/musialjanicka.art\/pl\/product\/poster-burgundy-joy\/","title":{"rendered":"Plakat | Bordowa Rado\u015b\u0107 Nadziei"},"content":{"rendered":"<p class=\"\" data-start=\"94\" data-end=\"247\"><strong data-start=\"94\" data-end=\"247\">Plakat z unikalnego dzia\u0142a - oryginalnej fotografii wsp\u00f3\u0142czesnej, z limitowanej edycji kolekcjonerskiej pt.: <em><a href=\"https:\/\/musialjanicka.art\/pl\/produkt\/bordowa-radosc\/\" target=\"_blank\" rel=\"noopener\">\"Bordowa rado\u015b\u0107 nadziei\"<\/a><\/em> - pochodz\u0105cej z kolekcji <a href=\"https:\/\/musialjanicka.art\/pl\/kolekcje\/nadzieja\/\" target=\"_blank\" rel=\"noopener\"><em data-start=\"211\" data-end=\"219\">\"Nadzieja\".<\/em><\/a> autorstwa Joanny Musia\u0142-Janickiej.<\/strong><\/p>\n<p class=\"\" data-start=\"166\" data-end=\"575\">Teraz dost\u0119pny jako plakat w naszej starannie wyselekcjonowanej galerii online - przemy\u015blany i niedrogi spos\u00f3b na wzbogacenie codziennego otoczenia o pe\u0142ne duszy fotografie. Otaczaj si\u0119 obrazami, kt\u00f3re nios\u0105 ze sob\u0105 g\u0142\u0119bi\u0119 i intencj\u0119, zamiast masowo produkowanych dekoracji. Do\u015bwiadcz g\u0142\u0119bi perspektywy artystki. Elegancki, dost\u0119pny i stworzony, by zach\u0119ca\u0107 do chwil wyciszenia i harmonii z natur\u0105. <a href=\"https:\/\/musialjanicka.art\/pl\/misja\/\" target=\"_blank\" rel=\"noopener\">Wszystko zgodnie z Misj\u0105 artystki<\/a>\u00a0.<\/p>\n<p class=\"\" data-start=\"599\" data-end=\"928\">Ten delikatny plakat w bordowym odcieniu wprowadzi subteln\u0105 elegancj\u0119 zar\u00f3wno do pomieszcze\u0144 mieszkalnych, jak i biurowych. Idealnie sprawdzi si\u0119 w spokojnych sypialniach i salonach, wn\u0119trzach hotelowych, studiach jogi, przestrzeniach do czytania czy eleganckich recepcjach. Jego ciep\u0142y, poetycki charakter z \u0142atwo\u015bci\u0105 uzupe\u0142ni przestrzenie inspirowane stylem Japandi, naturalnym minimalizmem, boho i wabi-sabi.<\/p>\n<p class=\"\" data-start=\"930\" data-end=\"1108\">To tak\u017ce wyr\u00f3\u017cniaj\u0105cy si\u0119 i osobisty prezent \u2013 doskona\u0142y na parapet\u00f3wk\u0119, urodziny dla wra\u017cliwych dusz lub jako wyj\u0105tkowe podzi\u0119kowanie dla kogo\u015b, kto docenia pi\u0119kno z g\u0142\u0119bi\u0105.<\/p>\n<hr class=\"\" data-start=\"1517\" data-end=\"1520\" \/>\n<p><strong data-start=\"1153\" data-end=\"1197\">Szczeg\u00f3\u0142y plakatu <em>\"Bordowa rado\u015b\u0107 nadziei<\/em>\u201c:<\/strong><\/p>\n<ul>\n<li>Elegancka bia\u0142a ramka z subtelnym logo artysty<\/li>\n<li>Nadruk na <strong>wysokiej jako\u015bci papierze powlekanym (180 g)<\/strong><\/li>\n<li><strong>Edycja otwarta<\/strong> - dost\u0119pny <strong>fotografia artystyczna Fine Art<\/strong> w przyst\u0119pnej cenowo formie<\/li>\n<li>Dost\u0119pny w 3 rozmiarach<\/li>\n<li>Wysy\u0142ka bez ramy, na ca\u0142y \u015bwiat, w tubie ochronnej - <strong>dostawa w przyst\u0119pnej cenie<\/strong><\/li>\n<li>Subtelna <strong>fotografia inspirowana natur\u0105<\/strong> gwarantuj\u0105ca uspokajaj\u0105cy, ponadczasowy dodatek do wn\u0119trz<\/li>\n<li>Przemy\u015blany i wyj\u0105tkowy produkt dla ka\u017cdego, kto ceni <strong>harmoni\u0119, spok\u00f3j i estetyk\u0119<\/strong><\/li>\n<li>Orientacja: pionowa<\/li>\n<\/ul>\n<h5>Otaczaj si\u0119 sztuk\u0105, kt\u00f3ra zaprasza spok\u00f3j i wyciszenie \u2014 stw\u00f3rz kolekcj\u0119 plakat\u00f3w inspirowanych uwa\u017cno\u015bci\u0105. #ThePowerOfAStop<\/h5>","protected":false},"excerpt":{"rendered":"<p>Pionowy plakat z fotografii makro w ciep\u0142ych, g\u0142\u0119bokich barwach burgundu | Fot. Joanna Musia\u0142-Janicka<\/p>","protected":false},"featured_media":1502,"template":"","meta":{"pgc_sgb_lightbox_settings":""},"product_brand":[],"product_cat":[122],"product_tag":[70,71,73,114,94,183,182,117,119,179,80,107,81,89,97,116,184,181],"Collections":[165],"class_list":{"0":"post-1498","1":"product","2":"type-product","3":"status-publish","4":"has-post-thumbnail","6":"product_cat-posters","7":"product_tag-art-for-office-spaces","8":"product_tag-artistic-photography","9":"product_tag-botanical-photography","10":"product_tag-collectors-edition-photography","11":"product_tag-contemporary-art-for-sale","12":"product_tag-contemporary-photography","13":"product_tag-japandi-wall-decor","14":"product_tag-joanna-musial-janicka","15":"product_tag-limited-edition-photography","16":"product_tag-mindful-art","17":"product_tag-minimalist-organic-art","18":"product_tag-minimalist-wall-art","19":"product_tag-modern-office-decor","20":"product_tag-online-art-gallery","21":"product_tag-photography-by-contemporary-artists","22":"product_tag-poster-photography-print","23":"product_tag-scandinavian-style-decor","24":"product_tag-thepowerofastop","25":"product_shipping_class-posters","26":"pa_art-style-contemporary-modern-art","27":"pa_art-style-industrial-loft-art","28":"pa_art-style-minimalist-art","29":"pa_art-style-scandinavian-japandi-wabi-sabi-art","30":"pa_color-brown-photography-prints","31":"pa_color-red-photography-prints","32":"pa_orientation-vertical","33":"pa_size-70x100-30x40","34":"pa_size-30x45-12x18","35":"pa_size-50x75-20x30","36":"pa_theme-art-abstract-photography","37":"pa_theme-art-botanical-photography","38":"pa_tones-neutral-earth-tones","39":"pa_tones-warm-tones","40":"collections-hope","42":"first","43":"instock","44":"shipping-taxable","45":"purchasable","46":"product-type-variable"},"yoast_head":"<!-- This site is optimized with the Yoast SEO plugin v27.5 - https:\/\/yoast.com\/product\/yoast-seo-wordpress\/ -->\n<title>Poster &quot;Burgundy Joy of Hope&quot; by Joanna Musia\u0142-Janicka - musialjanicka.art<\/title>\n<meta name=\"description\" content=\"Artistic poster print &quot;Burgundy Joy of Hope&quot; by Joanna Musia\u0142-Janicka \u2013 calming, elegant photography with white border and artist\u2019s logo.\" \/>\n<meta name=\"robots\" content=\"index, follow, max-snippet:-1, max-image-preview:large, max-video-preview:-1\" \/>\n<link rel=\"canonical\" href=\"https:\/\/musialjanicka.art\/pl\/produkt\/plakat-burgundowa-radosc\/\" \/>\n<meta property=\"og:locale\" content=\"pl_PL\" \/>\n<meta property=\"og:type\" content=\"article\" \/>\n<meta property=\"og:title\" content=\"Poster &quot;Burgundy Joy of Hope&quot; by Joanna Musia\u0142-Janicka - musialjanicka.art\" \/>\n<meta property=\"og:description\" content=\"Artistic poster print &quot;Burgundy Joy of Hope&quot; by Joanna Musia\u0142-Janicka \u2013 calming, elegant photography with white border and artist\u2019s logo.\" \/>\n<meta property=\"og:url\" content=\"https:\/\/musialjanicka.art\/pl\/produkt\/plakat-burgundowa-radosc\/\" \/>\n<meta property=\"og:site_name\" content=\"musialjanicka.art\" \/>\n<meta property=\"article:publisher\" content=\"https:\/\/www.facebook.com\/profile.php?id=61558487248297\" \/>\n<meta property=\"article:modified_time\" content=\"2025-07-09T14:11:07+00:00\" \/>\n<meta property=\"og:image\" content=\"https:\/\/musialjanicka.art\/wp-content\/uploads\/2025\/04\/Poster-Burgundy-Joy-of-Hope-Joanna-Musial-Janicka-musialjanicka.art-5.jpg\" \/>\n\t<meta property=\"og:image:width\" content=\"1024\" \/>\n\t<meta property=\"og:image:height\" content=\"1024\" \/>\n\t<meta property=\"og:image:type\" content=\"image\/jpeg\" \/>\n<meta name=\"twitter:card\" content=\"summary_large_image\" \/>\n<meta name=\"twitter:label1\" content=\"Szacowany czas czytania\" \/>\n\t<meta name=\"twitter:data1\" content=\"2 minuty\" \/>\n<script type=\"application\/ld+json\" class=\"yoast-schema-graph\">{\"@context\":\"https:\\\/\\\/schema.org\",\"@graph\":[{\"@type\":\"WebPage\",\"@id\":\"https:\\\/\\\/musialjanicka.art\\\/product\\\/poster-burgundy-joy\\\/\",\"url\":\"https:\\\/\\\/musialjanicka.art\\\/product\\\/poster-burgundy-joy\\\/\",\"name\":\"Poster \\\"Burgundy Joy of Hope\\\" by Joanna Musia\u0142-Janicka - musialjanicka.art\",\"isPartOf\":{\"@id\":\"https:\\\/\\\/musialjanicka.art\\\/#website\"},\"primaryImageOfPage\":{\"@id\":\"https:\\\/\\\/musialjanicka.art\\\/product\\\/poster-burgundy-joy\\\/#primaryimage\"},\"image\":{\"@id\":\"https:\\\/\\\/musialjanicka.art\\\/product\\\/poster-burgundy-joy\\\/#primaryimage\"},\"thumbnailUrl\":\"https:\\\/\\\/musialjanicka.art\\\/wp-content\\\/uploads\\\/2025\\\/04\\\/Poster-Burgundy-Joy-of-Hope-Joanna-Musial-Janicka-musialjanicka.art-5.jpg\",\"datePublished\":\"2025-04-21T20:06:34+00:00\",\"dateModified\":\"2025-07-09T14:11:07+00:00\",\"description\":\"Artistic poster print \\\"Burgundy Joy of Hope\\\" by Joanna Musia\u0142-Janicka \u2013 calming, elegant photography with white border and artist\u2019s logo.\",\"breadcrumb\":{\"@id\":\"https:\\\/\\\/musialjanicka.art\\\/product\\\/poster-burgundy-joy\\\/#breadcrumb\"},\"inLanguage\":\"pl-PL\",\"potentialAction\":[{\"@type\":\"ReadAction\",\"target\":[\"https:\\\/\\\/musialjanicka.art\\\/product\\\/poster-burgundy-joy\\\/\"]}]},{\"@type\":\"ImageObject\",\"inLanguage\":\"pl-PL\",\"@id\":\"https:\\\/\\\/musialjanicka.art\\\/product\\\/poster-burgundy-joy\\\/#primaryimage\",\"url\":\"https:\\\/\\\/musialjanicka.art\\\/wp-content\\\/uploads\\\/2025\\\/04\\\/Poster-Burgundy-Joy-of-Hope-Joanna-Musial-Janicka-musialjanicka.art-5.jpg\",\"contentUrl\":\"https:\\\/\\\/musialjanicka.art\\\/wp-content\\\/uploads\\\/2025\\\/04\\\/Poster-Burgundy-Joy-of-Hope-Joanna-Musial-Janicka-musialjanicka.art-5.jpg\",\"width\":1024,\"height\":1024,\"caption\":\"burgundy wall art print. Dreamy nature wall art by Joanna Musia\u0142-Janicka \u2013 peaceful fine art photography for mindful living and zen spaces.\"},{\"@type\":\"BreadcrumbList\",\"@id\":\"https:\\\/\\\/musialjanicka.art\\\/product\\\/poster-burgundy-joy\\\/#breadcrumb\",\"itemListElement\":[{\"@type\":\"ListItem\",\"position\":1,\"name\":\"Home\",\"item\":\"https:\\\/\\\/musialjanicka.art\\\/\"},{\"@type\":\"ListItem\",\"position\":2,\"name\":\"Shop\",\"item\":\"https:\\\/\\\/musialjanicka.art\\\/shop\\\/\"},{\"@type\":\"ListItem\",\"position\":3,\"name\":\"Poster | Burgundy Joy of Hope\"}]},{\"@type\":\"WebSite\",\"@id\":\"https:\\\/\\\/musialjanicka.art\\\/#website\",\"url\":\"https:\\\/\\\/musialjanicka.art\\\/\",\"name\":\"musialjanicka.art\",\"description\":\"Art Supporting Peace of Your Mind and Soul\",\"publisher\":{\"@id\":\"https:\\\/\\\/musialjanicka.art\\\/#organization\"},\"potentialAction\":[{\"@type\":\"SearchAction\",\"target\":{\"@type\":\"EntryPoint\",\"urlTemplate\":\"https:\\\/\\\/musialjanicka.art\\\/?s={search_term_string}\"},\"query-input\":{\"@type\":\"PropertyValueSpecification\",\"valueRequired\":true,\"valueName\":\"search_term_string\"}}],\"inLanguage\":\"pl-PL\"},{\"@type\":\"Organization\",\"@id\":\"https:\\\/\\\/musialjanicka.art\\\/#organization\",\"name\":\"musialjanicka.art\",\"url\":\"https:\\\/\\\/musialjanicka.art\\\/\",\"logo\":{\"@type\":\"ImageObject\",\"inLanguage\":\"pl-PL\",\"@id\":\"https:\\\/\\\/musialjanicka.art\\\/#\\\/schema\\\/logo\\\/image\\\/\",\"url\":\"https:\\\/\\\/musialjanicka.art\\\/wp-content\\\/uploads\\\/2025\\\/02\\\/cropped-Nowe-logo-kwadrat-620x620px.png\",\"contentUrl\":\"https:\\\/\\\/musialjanicka.art\\\/wp-content\\\/uploads\\\/2025\\\/02\\\/cropped-Nowe-logo-kwadrat-620x620px.png\",\"width\":512,\"height\":512,\"caption\":\"musialjanicka.art\"},\"image\":{\"@id\":\"https:\\\/\\\/musialjanicka.art\\\/#\\\/schema\\\/logo\\\/image\\\/\"},\"sameAs\":[\"https:\\\/\\\/www.facebook.com\\\/profile.php?id=61558487248297\",\"https:\\\/\\\/www.instagram.com\\\/peacefulnaturebyjmj\\\/\",\"https:\\\/\\\/pl.pinterest.com\\\/jmusialjanicka\\\/?actingBusinessId=482518684984684504\"]}]}<\/script>\n<!-- \/ Yoast SEO plugin. -->","yoast_head_json":{"title":"Plakat \"Bordowa rado\u015b\u0107 nadziei\" autorstwa Joanny Musia\u0142-Janickiej - musialjanicka.art","description":"Artystyczny wydruk plakatu \"Bordowa rado\u015b\u0107 nadziei\" autorstwa Joanny Musia\u0142-Janickiej - wyciszaj\u0105ca, elegancka fotografia z bia\u0142\u0105 ramk\u0105 i logo artystki.","robots":{"index":"index","follow":"follow","max-snippet":"max-snippet:-1","max-image-preview":"max-image-preview:large","max-video-preview":"max-video-preview:-1"},"canonical":"https:\/\/musialjanicka.art\/pl\/produkt\/plakat-burgundowa-radosc\/","og_locale":"pl_PL","og_type":"article","og_title":"Poster \"Burgundy Joy of Hope\" by Joanna Musia\u0142-Janicka - musialjanicka.art","og_description":"Artistic poster print \"Burgundy Joy of Hope\" by Joanna Musia\u0142-Janicka \u2013 calming, elegant photography with white border and artist\u2019s logo.","og_url":"https:\/\/musialjanicka.art\/pl\/produkt\/plakat-burgundowa-radosc\/","og_site_name":"musialjanicka.art","article_publisher":"https:\/\/www.facebook.com\/profile.php?id=61558487248297","article_modified_time":"2025-07-09T14:11:07+00:00","og_image":[{"width":1024,"height":1024,"url":"https:\/\/musialjanicka.art\/wp-content\/uploads\/2025\/04\/Poster-Burgundy-Joy-of-Hope-Joanna-Musial-Janicka-musialjanicka.art-5.jpg","type":"image\/jpeg"}],"twitter_card":"summary_large_image","twitter_misc":{"Szacowany czas czytania":"2 minuty"},"schema":{"@context":"https:\/\/schema.org","@graph":[{"@type":"WebPage","@id":"https:\/\/musialjanicka.art\/product\/poster-burgundy-joy\/","url":"https:\/\/musialjanicka.art\/product\/poster-burgundy-joy\/","name":"Plakat \"Bordowa rado\u015b\u0107 nadziei\" autorstwa Joanny Musia\u0142-Janickiej - musialjanicka.art","isPartOf":{"@id":"https:\/\/musialjanicka.art\/#website"},"primaryImageOfPage":{"@id":"https:\/\/musialjanicka.art\/product\/poster-burgundy-joy\/#primaryimage"},"image":{"@id":"https:\/\/musialjanicka.art\/product\/poster-burgundy-joy\/#primaryimage"},"thumbnailUrl":"https:\/\/musialjanicka.art\/wp-content\/uploads\/2025\/04\/Poster-Burgundy-Joy-of-Hope-Joanna-Musial-Janicka-musialjanicka.art-5.jpg","datePublished":"2025-04-21T20:06:34+00:00","dateModified":"2025-07-09T14:11:07+00:00","description":"Artystyczny wydruk plakatu \"Bordowa rado\u015b\u0107 nadziei\" autorstwa Joanny Musia\u0142-Janickiej - wyciszaj\u0105ca, elegancka fotografia z bia\u0142\u0105 ramk\u0105 i logo artystki.","breadcrumb":{"@id":"https:\/\/musialjanicka.art\/product\/poster-burgundy-joy\/#breadcrumb"},"inLanguage":"pl-PL","potentialAction":[{"@type":"ReadAction","target":["https:\/\/musialjanicka.art\/product\/poster-burgundy-joy\/"]}]},{"@type":"ImageObject","inLanguage":"pl-PL","@id":"https:\/\/musialjanicka.art\/product\/poster-burgundy-joy\/#primaryimage","url":"https:\/\/musialjanicka.art\/wp-content\/uploads\/2025\/04\/Poster-Burgundy-Joy-of-Hope-Joanna-Musial-Janicka-musialjanicka.art-5.jpg","contentUrl":"https:\/\/musialjanicka.art\/wp-content\/uploads\/2025\/04\/Poster-Burgundy-Joy-of-Hope-Joanna-Musial-Janicka-musialjanicka.art-5.jpg","width":1024,"height":1024,"caption":"burgundy wall art print. Dreamy nature wall art by Joanna Musia\u0142-Janicka \u2013 peaceful fine art photography for mindful living and zen spaces."},{"@type":"BreadcrumbList","@id":"https:\/\/musialjanicka.art\/product\/poster-burgundy-joy\/#breadcrumb","itemListElement":[{"@type":"ListItem","position":1,"name":"Home","item":"https:\/\/musialjanicka.art\/"},{"@type":"ListItem","position":2,"name":"Shop","item":"https:\/\/musialjanicka.art\/shop\/"},{"@type":"ListItem","position":3,"name":"Poster | Burgundy Joy of Hope"}]},{"@type":"WebSite","@id":"https:\/\/musialjanicka.art\/#website","url":"https:\/\/musialjanicka.art\/","name":"musialjanicka.art","description":"Sztuka wspieraj\u0105ca spok\u00f3j umys\u0142u i duszy","publisher":{"@id":"https:\/\/musialjanicka.art\/#organization"},"potentialAction":[{"@type":"SearchAction","target":{"@type":"EntryPoint","urlTemplate":"https:\/\/musialjanicka.art\/?s={search_term_string}"},"query-input":{"@type":"PropertyValueSpecification","valueRequired":true,"valueName":"search_term_string"}}],"inLanguage":"pl-PL"},{"@type":"Organization","@id":"https:\/\/musialjanicka.art\/#organization","name":"musialjanicka.art","url":"https:\/\/musialjanicka.art\/","logo":{"@type":"ImageObject","inLanguage":"pl-PL","@id":"https:\/\/musialjanicka.art\/#\/schema\/logo\/image\/","url":"https:\/\/musialjanicka.art\/wp-content\/uploads\/2025\/02\/cropped-Nowe-logo-kwadrat-620x620px.png","contentUrl":"https:\/\/musialjanicka.art\/wp-content\/uploads\/2025\/02\/cropped-Nowe-logo-kwadrat-620x620px.png","width":512,"height":512,"caption":"musialjanicka.art"},"image":{"@id":"https:\/\/musialjanicka.art\/#\/schema\/logo\/image\/"},"sameAs":["https:\/\/www.facebook.com\/profile.php?id=61558487248297","https:\/\/www.instagram.com\/peacefulnaturebyjmj\/","https:\/\/pl.pinterest.com\/jmusialjanicka\/?actingBusinessId=482518684984684504"]}]}},"jetpack_sharing_enabled":true,"_links":{"self":[{"href":"https:\/\/musialjanicka.art\/pl\/wp-json\/wp\/v2\/product\/1498","targetHints":{"allow":["GET"]}}],"collection":[{"href":"https:\/\/musialjanicka.art\/pl\/wp-json\/wp\/v2\/product"}],"about":[{"href":"https:\/\/musialjanicka.art\/pl\/wp-json\/wp\/v2\/types\/product"}],"wp:featuredmedia":[{"embeddable":true,"href":"https:\/\/musialjanicka.art\/pl\/wp-json\/wp\/v2\/media\/1502"}],"wp:attachment":[{"href":"https:\/\/musialjanicka.art\/pl\/wp-json\/wp\/v2\/media?parent=1498"}],"wp:term":[{"taxonomy":"product_brand","embeddable":true,"href":"https:\/\/musialjanicka.art\/pl\/wp-json\/wp\/v2\/product_brand?post=1498"},{"taxonomy":"product_cat","embeddable":true,"href":"https:\/\/musialjanicka.art\/pl\/wp-json\/wp\/v2\/product_cat?post=1498"},{"taxonomy":"product_tag","embeddable":true,"href":"https:\/\/musialjanicka.art\/pl\/wp-json\/wp\/v2\/product_tag?post=1498"},{"taxonomy":"collections","embeddable":true,"href":"https:\/\/musialjanicka.art\/pl\/wp-json\/wp\/v2\/Collections?post=1498"}],"curies":[{"name":"wp","href":"https:\/\/api.w.org\/{rel}","templated":true}]}}