{"id":1681,"date":"2025-06-28T21:08:25","date_gmt":"2025-06-28T19:08:25","guid":{"rendered":"https:\/\/musialjanicka.art\/?post_type=product&#038;p=1681"},"modified":"2026-02-05T18:48:32","modified_gmt":"2026-02-05T17:48:32","slug":"obfitosc-pokoju","status":"publish","type":"product","link":"https:\/\/musialjanicka.art\/pl\/product\/abundance-of-peace\/","title":{"rendered":"Orygina\u0142  | Obfito\u015b\u0107 Spokoju"},"content":{"rendered":"<p class=\"text-body font-regular leading-[24px] pt-[9px] pb-[2px]\"><strong><em>&#8220;Abundance of Peace&#8221;<\/em> is part of the &#8220;<a href=\"https:\/\/musialjanicka.art\/collections\/abundance\/\" target=\"_blank\" rel=\"noopener\"><em>Abundance<\/em><\/a>&#8221; Collection, which celebrates the beauty of moments of stillness, simplicity, and harmony. Each piece in this series invites reflection and the discovery of the richness that surrounds us. This photograph, full of natural charm and an almost abstract character, captivates with its authenticity and the magic of the captured moment.<\/strong><\/p>\n<p class=\"text-body font-regular leading-[24px] pt-[9px] pb-[2px]\">The photograph you see is entirely <strong>natural and real<\/strong>, <strong>though it\u2019s hard to believe<\/strong>. It\u2019s pure magic captured through the lens. As the artist says \u2013 there\u2019s not a single touch of Photoshop here.<\/p>\n<p class=\"text-body font-regular leading-[24px] pt-[9px] pb-[2px]\">A ship, styled like a classic pirate vessel, majestically glides across the calm sea, as if unhurried, in harmony with the surrounding landscape. Seagulls circling above add energy and lightness, soaring on the sea breeze. This view moved Joanna, filling her with peace and reminding her of the immense beauty hidden in simplicity and moments of stillness. <strong>How fortunate we are to enjoy the abundance that Life bestows upon us.<\/strong><\/p>\n<p class=\"text-body font-regular leading-[24px] pt-[9px] pb-[2px]\">The &#8220;Abundance&#8221; collection is a <strong>celebration of such moments. Moments that stop time and allow us to contemplate life<\/strong> in its purest form. It reflects the <a href=\"https:\/\/musialjanicka.art\/mission\/\" target=\"_blank\" rel=\"noopener\">philosophy and mission<\/a> of the Artist, encouraging us to pause, look deeper, and find beauty in everyday life.<\/p>\n<p class=\"text-body font-regular leading-[24px] pt-[9px] pb-[2px]\">Contemplate this photograph, pause before it, and take a moment for visual meditation. Try to guess how this ship was photographed. Perhaps you\u2019ll discover more than just an image. Perhaps you\u2019ll find a moment of peace and inspiration for yourself.<\/p>\n<h4 data-start=\"44\" data-end=\"107\">This Fine Art photograph, <strong><em>&#8220;Abundance of Peace&#8221;<\/em><\/strong>\u00a0is part of a limited edition collectible series of only <strong data-start=\"690\" data-end=\"712\">25 pigment prints in total<\/strong> (5 in each size \u2014 once sold out, no further prints will be produced).<\/h4>\n<p>&nbsp;<\/p>\n<ul>\n<li data-start=\"514\" data-end=\"563\"><strong>Signed<\/strong> by its author Joanna Musia\u0142-Janicka<\/li>\n<li data-start=\"566\" data-end=\"611\">Includes a <strong>Certificate of Authenticity<\/strong><\/li>\n<li data-start=\"614\" data-end=\"644\">Carries a <strong>unique number<\/strong><\/li>\n<li>Embossed with a <strong>dry stamp<\/strong> for additional exclusivity<\/li>\n<li><strong>Limited Edition<\/strong> with a Progressive Price List:\n<ul>\n<li data-start=\"705\" data-end=\"769\">The fewer pieces available, the greater the collectible value.<\/li>\n<li data-start=\"705\" data-end=\"769\">As the edition sells out, each subsequent print in a given size and format increases in price, enhancing its value at the time of purchase.<\/li>\n<\/ul>\n<\/li>\n<\/ul>\n<p>&nbsp;<\/p>\n<h4 style=\"font-size: 16px; font-weight: 400;\">Crafted with the utmost attention to detail:<\/h4>\n<ul style=\"font-size: 16px; font-weight: 400;\">\n<li data-start=\"64\" data-end=\"118\">Printed on<strong> museum and gallery-quality fine art paper<\/strong> &#8211; matte finish highlights and reproduces colors perfectly<\/li>\n<li data-start=\"64\" data-end=\"118\"><strong>Pigment printing technology<\/strong>\u00a0(Canon 1440DPI resolution) ensures exceptional precision<\/li>\n<li data-start=\"64\" data-end=\"118\">Archival acid-free paper quality\u00a0with durability exceeding <strong>100 years<\/strong> (indoor exposure)<\/li>\n<\/ul>\n<h3 class=\"font-semibold pdf-heading-class-replace text-h4 leading-[30px] pt-[15px] pb-[2px] [&amp;_a]:underline-offset-[6px] [&amp;_.underline]:underline-offset-[6px]\"><strong class=\"font-semibold\">Why Choose <\/strong><em>&#8220;<strong>Abundance of Peace<\/strong>&#8220;<\/em><strong class=\"font-semibold\">?<\/strong><\/h3>\n<p class=\"text-body font-regular leading-[24px] pt-[9px] pb-[2px]\">This photograph fits perfectly into various interior design styles, such as\u00a0<strong class=\"font-semibold\">beach house<\/strong>,\u00a0<strong class=\"font-semibold\">nautical<\/strong>,\u00a0<strong class=\"font-semibold\">minimalist<\/strong>, or\u00a0<strong class=\"font-semibold\">loft<\/strong>. It\u2019s ideal for a living room, above a bed in the bedroom, in a hotel lobby, or in public spaces like receptions, hallways, or offices.<\/p>\n<p class=\"text-body font-regular leading-[24px] pt-[9px] pb-[2px]\">Hang this artwork radiating peace in your space and enjoy owning a piece from a limited collector\u2019s edition.\u00a0<strong class=\"font-semibold\">The collection consists of only 25 pieces, and no more will ever be created.<\/strong> The artist signs and numbers each print, emphasizing its uniqueness and exceptional character.<\/p>\n<p class=\"text-body font-regular leading-[24px] pt-[9px] pb-[2px]\"><strong>Feel like that ship, majestically moving across the calm sea of your life. Let this artistic accent bring harmony and tranquility to your surroundings.<\/strong><\/p>\n<hr \/>\n<p class=\"\" data-start=\"1581\" data-end=\"1696\">Meanwhile, explore the full <em><strong>&#8216;<strong class=\"font-semibold\">Abundance&#8221;<\/strong><\/strong><\/em> collection and discover more art filled with light and delightful beauty. <strong class=\"font-semibold\">This is truly mindful art for the soul, offering a visual meditation.<\/strong>\u2013 [<a href=\"https:\/\/musialjanicka.art\/collections\/abundance\/\" target=\"_blank\" rel=\"noopener\">click here<\/a>]. #ThePowerOfAStop<\/p>\n","protected":false},"excerpt":{"rendered":"<h6><strong class=\"font-semibold\">Statek piracki na otwartym morzu - fotografia marynistyczna z limitowanej edycji Fine Art | Fot. Joanna Musia\u0142-Janicka<\/strong><\/h6>\n<p><em>Edycja kolekcjonerska - tylko 25 egzemplarzy<\/em><br \/>\n<em>Aktualnie dost\u0119pny numer: <strong>Nr 25 \/ 25<\/strong><\/em><br \/>\n<em>Numeracja przebiega w odwrotnej kolejno\u015bci (25 \u2192 1)<\/em><br \/>\n<em>Cena wzrasta wraz z post\u0119pem edycji<\/em><\/p>","protected":false},"featured_media":1686,"template":"","meta":{"pgc_sgb_lightbox_settings":""},"product_brand":[],"product_cat":[124],"product_tag":[93,99,194,175,73,172,102,114,94,74,105,90,117,111,95,179,92,173,181,96,187,195],"Collections":[192],"class_list":{"0":"post-1681","1":"product","2":"type-product","3":"status-publish","4":"has-post-thumbnail","6":"product_cat-collectors-photographs","7":"product_tag-art-collections","8":"product_tag-art-for-sale-online","9":"product_tag-art-for-soul","10":"product_tag-authors-photographs","11":"product_tag-botanical-photography","12":"product_tag-certificate-of-authenticity","13":"product_tag-collectible-art","14":"product_tag-collectors-edition-photography","15":"product_tag-contemporary-art-for-sale","16":"product_tag-fine-art-photography","17":"product_tag-gallery-quality-fine-art","18":"product_tag-investing-in-art","19":"product_tag-joanna-musial-janicka","20":"product_tag-limited-edition-collectible-photography","21":"product_tag-luxury-art","22":"product_tag-mindful-art","23":"product_tag-original-photography-for-sale","24":"product_tag-progressive-price-list","25":"product_tag-thepowerofastop","26":"product_tag-unique-artworks","27":"product_tag-visual-art","28":"product_tag-visual-meditation","29":"product_shipping_class-collectibles","30":"pa_art-style-contemporary-modern-art","31":"pa_art-style-industrial-loft-art","32":"pa_art-style-minimalist-art","33":"pa_color-beige-photography-prints","34":"pa_color-blue-photography-prints","35":"pa_color-brown-photography-prints","36":"pa_color-navy-photography-prints","37":"pa_orientation-vertical","38":"pa_size-85x120-33x47","39":"pa_size-60x85-24x33","40":"pa_size-60x40-24x16","41":"pa_size-40x30-16x12","42":"pa_size-20x30-8x12","43":"pa_theme-art-landscape-photography","44":"pa_theme-art-water-photography","45":"pa_tones-cool-tones","46":"pa_tones-dark-moody-tones","47":"pa_tones-neutral-earth-tones","48":"collections-abundance","50":"first","51":"instock","52":"shipping-taxable","53":"purchasable","54":"product-type-variable"},"yoast_head":"<!-- This site is optimized with the Yoast SEO plugin v27.5 - https:\/\/yoast.com\/product\/yoast-seo-wordpress\/ -->\n<title>&quot;Abundance of Peace&quot; | Limited Edition Fine Art Photography - musialjanicka.art<\/title>\n<meta name=\"description\" content=\"\u201cAbundance of Peace\u201d \u2013 a limited edition luxurious fine art photograph by Joanna Musia\u0142-Janicka. Discover the beauty of nature and timeless elegance.\" \/>\n<meta name=\"robots\" content=\"index, follow, max-snippet:-1, max-image-preview:large, max-video-preview:-1\" \/>\n<link rel=\"canonical\" href=\"https:\/\/musialjanicka.art\/pl\/produkt\/obfitosc-pokoju\/\" \/>\n<meta property=\"og:locale\" content=\"pl_PL\" \/>\n<meta property=\"og:type\" content=\"article\" \/>\n<meta property=\"og:title\" content=\"&quot;Abundance of Peace&quot; | Limited Edition Fine Art Photography - musialjanicka.art\" \/>\n<meta property=\"og:description\" content=\"\u201cAbundance of Peace\u201d \u2013 a limited edition luxurious fine art photograph by Joanna Musia\u0142-Janicka. Discover the beauty of nature and timeless elegance.\" \/>\n<meta property=\"og:url\" content=\"https:\/\/musialjanicka.art\/pl\/produkt\/obfitosc-pokoju\/\" \/>\n<meta property=\"og:site_name\" content=\"musialjanicka.art\" \/>\n<meta property=\"article:publisher\" content=\"https:\/\/www.facebook.com\/profile.php?id=61558487248297\" \/>\n<meta property=\"article:modified_time\" content=\"2026-02-05T17:48:32+00:00\" \/>\n<meta property=\"og:image\" content=\"https:\/\/musialjanicka.art\/wp-content\/uploads\/2025\/06\/Abundance-of-Peace-Abundance-Collection-Joanna-Musial-Janicka-musialjanicka.art-5.jpg\" \/>\n\t<meta property=\"og:image:width\" content=\"1024\" \/>\n\t<meta property=\"og:image:height\" content=\"1024\" \/>\n\t<meta property=\"og:image:type\" content=\"image\/jpeg\" \/>\n<meta name=\"twitter:card\" content=\"summary_large_image\" \/>\n<meta name=\"twitter:label1\" content=\"Szacowany czas czytania\" \/>\n\t<meta name=\"twitter:data1\" content=\"3 minuty\" \/>\n<script type=\"application\/ld+json\" class=\"yoast-schema-graph\">{\"@context\":\"https:\\\/\\\/schema.org\",\"@graph\":[{\"@type\":\"WebPage\",\"@id\":\"https:\\\/\\\/musialjanicka.art\\\/product\\\/abundance-of-peace\\\/\",\"url\":\"https:\\\/\\\/musialjanicka.art\\\/product\\\/abundance-of-peace\\\/\",\"name\":\"\\\"Abundance of Peace\\\" | Limited Edition Fine Art Photography - musialjanicka.art\",\"isPartOf\":{\"@id\":\"https:\\\/\\\/musialjanicka.art\\\/#website\"},\"primaryImageOfPage\":{\"@id\":\"https:\\\/\\\/musialjanicka.art\\\/product\\\/abundance-of-peace\\\/#primaryimage\"},\"image\":{\"@id\":\"https:\\\/\\\/musialjanicka.art\\\/product\\\/abundance-of-peace\\\/#primaryimage\"},\"thumbnailUrl\":\"https:\\\/\\\/musialjanicka.art\\\/wp-content\\\/uploads\\\/2025\\\/06\\\/Abundance-of-Peace-Abundance-Collection-Joanna-Musial-Janicka-musialjanicka.art-5.jpg\",\"datePublished\":\"2025-06-28T19:08:25+00:00\",\"dateModified\":\"2026-02-05T17:48:32+00:00\",\"description\":\"\u201cAbundance of Peace\u201d \u2013 a limited edition luxurious fine art photograph by Joanna Musia\u0142-Janicka. Discover the beauty of nature and timeless elegance.\",\"breadcrumb\":{\"@id\":\"https:\\\/\\\/musialjanicka.art\\\/product\\\/abundance-of-peace\\\/#breadcrumb\"},\"inLanguage\":\"pl-PL\",\"potentialAction\":[{\"@type\":\"ReadAction\",\"target\":[\"https:\\\/\\\/musialjanicka.art\\\/product\\\/abundance-of-peace\\\/\"]}]},{\"@type\":\"ImageObject\",\"inLanguage\":\"pl-PL\",\"@id\":\"https:\\\/\\\/musialjanicka.art\\\/product\\\/abundance-of-peace\\\/#primaryimage\",\"url\":\"https:\\\/\\\/musialjanicka.art\\\/wp-content\\\/uploads\\\/2025\\\/06\\\/Abundance-of-Peace-Abundance-Collection-Joanna-Musial-Janicka-musialjanicka.art-5.jpg\",\"contentUrl\":\"https:\\\/\\\/musialjanicka.art\\\/wp-content\\\/uploads\\\/2025\\\/06\\\/Abundance-of-Peace-Abundance-Collection-Joanna-Musial-Janicka-musialjanicka.art-5.jpg\",\"width\":1024,\"height\":1024,\"caption\":\"A pirate ship gliding peacefully on a calm sea, surrounded by seagulls under a serene sky.\"},{\"@type\":\"BreadcrumbList\",\"@id\":\"https:\\\/\\\/musialjanicka.art\\\/product\\\/abundance-of-peace\\\/#breadcrumb\",\"itemListElement\":[{\"@type\":\"ListItem\",\"position\":1,\"name\":\"Home\",\"item\":\"https:\\\/\\\/musialjanicka.art\\\/\"},{\"@type\":\"ListItem\",\"position\":2,\"name\":\"Shop\",\"item\":\"https:\\\/\\\/musialjanicka.art\\\/shop\\\/\"},{\"@type\":\"ListItem\",\"position\":3,\"name\":\"Original | Abundance of Peace\"}]},{\"@type\":\"WebSite\",\"@id\":\"https:\\\/\\\/musialjanicka.art\\\/#website\",\"url\":\"https:\\\/\\\/musialjanicka.art\\\/\",\"name\":\"musialjanicka.art\",\"description\":\"Art Supporting Peace of Your Mind and Soul\",\"publisher\":{\"@id\":\"https:\\\/\\\/musialjanicka.art\\\/#organization\"},\"potentialAction\":[{\"@type\":\"SearchAction\",\"target\":{\"@type\":\"EntryPoint\",\"urlTemplate\":\"https:\\\/\\\/musialjanicka.art\\\/?s={search_term_string}\"},\"query-input\":{\"@type\":\"PropertyValueSpecification\",\"valueRequired\":true,\"valueName\":\"search_term_string\"}}],\"inLanguage\":\"pl-PL\"},{\"@type\":\"Organization\",\"@id\":\"https:\\\/\\\/musialjanicka.art\\\/#organization\",\"name\":\"musialjanicka.art\",\"url\":\"https:\\\/\\\/musialjanicka.art\\\/\",\"logo\":{\"@type\":\"ImageObject\",\"inLanguage\":\"pl-PL\",\"@id\":\"https:\\\/\\\/musialjanicka.art\\\/#\\\/schema\\\/logo\\\/image\\\/\",\"url\":\"https:\\\/\\\/musialjanicka.art\\\/wp-content\\\/uploads\\\/2025\\\/02\\\/cropped-Nowe-logo-kwadrat-620x620px.png\",\"contentUrl\":\"https:\\\/\\\/musialjanicka.art\\\/wp-content\\\/uploads\\\/2025\\\/02\\\/cropped-Nowe-logo-kwadrat-620x620px.png\",\"width\":512,\"height\":512,\"caption\":\"musialjanicka.art\"},\"image\":{\"@id\":\"https:\\\/\\\/musialjanicka.art\\\/#\\\/schema\\\/logo\\\/image\\\/\"},\"sameAs\":[\"https:\\\/\\\/www.facebook.com\\\/profile.php?id=61558487248297\",\"https:\\\/\\\/www.instagram.com\\\/peacefulnaturebyjmj\\\/\",\"https:\\\/\\\/pl.pinterest.com\\\/jmusialjanicka\\\/?actingBusinessId=482518684984684504\"]}]}<\/script>\n<!-- \/ Yoast SEO plugin. -->","yoast_head_json":{"title":"\"Abundance of Peace\" | Limitowana edycja Fine Art Photography - musialjanicka.art","description":"\"Abundance of Peace\" - limitowana edycja luksusowej fotografii autorstwa Joanny Musia\u0142-Janickiej. Odkryj pi\u0119kno natury i ponadczasow\u0105 elegancj\u0119.","robots":{"index":"index","follow":"follow","max-snippet":"max-snippet:-1","max-image-preview":"max-image-preview:large","max-video-preview":"max-video-preview:-1"},"canonical":"https:\/\/musialjanicka.art\/pl\/produkt\/obfitosc-pokoju\/","og_locale":"pl_PL","og_type":"article","og_title":"\"Abundance of Peace\" | Limited Edition Fine Art Photography - musialjanicka.art","og_description":"\u201cAbundance of Peace\u201d \u2013 a limited edition luxurious fine art photograph by Joanna Musia\u0142-Janicka. Discover the beauty of nature and timeless elegance.","og_url":"https:\/\/musialjanicka.art\/pl\/produkt\/obfitosc-pokoju\/","og_site_name":"musialjanicka.art","article_publisher":"https:\/\/www.facebook.com\/profile.php?id=61558487248297","article_modified_time":"2026-02-05T17:48:32+00:00","og_image":[{"width":1024,"height":1024,"url":"https:\/\/musialjanicka.art\/wp-content\/uploads\/2025\/06\/Abundance-of-Peace-Abundance-Collection-Joanna-Musial-Janicka-musialjanicka.art-5.jpg","type":"image\/jpeg"}],"twitter_card":"summary_large_image","twitter_misc":{"Szacowany czas czytania":"3 minuty"},"schema":{"@context":"https:\/\/schema.org","@graph":[{"@type":"WebPage","@id":"https:\/\/musialjanicka.art\/product\/abundance-of-peace\/","url":"https:\/\/musialjanicka.art\/product\/abundance-of-peace\/","name":"\"Abundance of Peace\" | Limitowana edycja Fine Art Photography - musialjanicka.art","isPartOf":{"@id":"https:\/\/musialjanicka.art\/#website"},"primaryImageOfPage":{"@id":"https:\/\/musialjanicka.art\/product\/abundance-of-peace\/#primaryimage"},"image":{"@id":"https:\/\/musialjanicka.art\/product\/abundance-of-peace\/#primaryimage"},"thumbnailUrl":"https:\/\/musialjanicka.art\/wp-content\/uploads\/2025\/06\/Abundance-of-Peace-Abundance-Collection-Joanna-Musial-Janicka-musialjanicka.art-5.jpg","datePublished":"2025-06-28T19:08:25+00:00","dateModified":"2026-02-05T17:48:32+00:00","description":"\"Abundance of Peace\" - limitowana edycja luksusowej fotografii autorstwa Joanny Musia\u0142-Janickiej. Odkryj pi\u0119kno natury i ponadczasow\u0105 elegancj\u0119.","breadcrumb":{"@id":"https:\/\/musialjanicka.art\/product\/abundance-of-peace\/#breadcrumb"},"inLanguage":"pl-PL","potentialAction":[{"@type":"ReadAction","target":["https:\/\/musialjanicka.art\/product\/abundance-of-peace\/"]}]},{"@type":"ImageObject","inLanguage":"pl-PL","@id":"https:\/\/musialjanicka.art\/product\/abundance-of-peace\/#primaryimage","url":"https:\/\/musialjanicka.art\/wp-content\/uploads\/2025\/06\/Abundance-of-Peace-Abundance-Collection-Joanna-Musial-Janicka-musialjanicka.art-5.jpg","contentUrl":"https:\/\/musialjanicka.art\/wp-content\/uploads\/2025\/06\/Abundance-of-Peace-Abundance-Collection-Joanna-Musial-Janicka-musialjanicka.art-5.jpg","width":1024,"height":1024,"caption":"A pirate ship gliding peacefully on a calm sea, surrounded by seagulls under a serene sky."},{"@type":"BreadcrumbList","@id":"https:\/\/musialjanicka.art\/product\/abundance-of-peace\/#breadcrumb","itemListElement":[{"@type":"ListItem","position":1,"name":"Home","item":"https:\/\/musialjanicka.art\/"},{"@type":"ListItem","position":2,"name":"Shop","item":"https:\/\/musialjanicka.art\/shop\/"},{"@type":"ListItem","position":3,"name":"Original | Abundance of Peace"}]},{"@type":"WebSite","@id":"https:\/\/musialjanicka.art\/#website","url":"https:\/\/musialjanicka.art\/","name":"musialjanicka.art","description":"Sztuka wspieraj\u0105ca spok\u00f3j umys\u0142u i duszy","publisher":{"@id":"https:\/\/musialjanicka.art\/#organization"},"potentialAction":[{"@type":"SearchAction","target":{"@type":"EntryPoint","urlTemplate":"https:\/\/musialjanicka.art\/?s={search_term_string}"},"query-input":{"@type":"PropertyValueSpecification","valueRequired":true,"valueName":"search_term_string"}}],"inLanguage":"pl-PL"},{"@type":"Organization","@id":"https:\/\/musialjanicka.art\/#organization","name":"musialjanicka.art","url":"https:\/\/musialjanicka.art\/","logo":{"@type":"ImageObject","inLanguage":"pl-PL","@id":"https:\/\/musialjanicka.art\/#\/schema\/logo\/image\/","url":"https:\/\/musialjanicka.art\/wp-content\/uploads\/2025\/02\/cropped-Nowe-logo-kwadrat-620x620px.png","contentUrl":"https:\/\/musialjanicka.art\/wp-content\/uploads\/2025\/02\/cropped-Nowe-logo-kwadrat-620x620px.png","width":512,"height":512,"caption":"musialjanicka.art"},"image":{"@id":"https:\/\/musialjanicka.art\/#\/schema\/logo\/image\/"},"sameAs":["https:\/\/www.facebook.com\/profile.php?id=61558487248297","https:\/\/www.instagram.com\/peacefulnaturebyjmj\/","https:\/\/pl.pinterest.com\/jmusialjanicka\/?actingBusinessId=482518684984684504"]}]}},"jetpack_sharing_enabled":true,"_links":{"self":[{"href":"https:\/\/musialjanicka.art\/pl\/wp-json\/wp\/v2\/product\/1681","targetHints":{"allow":["GET"]}}],"collection":[{"href":"https:\/\/musialjanicka.art\/pl\/wp-json\/wp\/v2\/product"}],"about":[{"href":"https:\/\/musialjanicka.art\/pl\/wp-json\/wp\/v2\/types\/product"}],"wp:featuredmedia":[{"embeddable":true,"href":"https:\/\/musialjanicka.art\/pl\/wp-json\/wp\/v2\/media\/1686"}],"wp:attachment":[{"href":"https:\/\/musialjanicka.art\/pl\/wp-json\/wp\/v2\/media?parent=1681"}],"wp:term":[{"taxonomy":"product_brand","embeddable":true,"href":"https:\/\/musialjanicka.art\/pl\/wp-json\/wp\/v2\/product_brand?post=1681"},{"taxonomy":"product_cat","embeddable":true,"href":"https:\/\/musialjanicka.art\/pl\/wp-json\/wp\/v2\/product_cat?post=1681"},{"taxonomy":"product_tag","embeddable":true,"href":"https:\/\/musialjanicka.art\/pl\/wp-json\/wp\/v2\/product_tag?post=1681"},{"taxonomy":"collections","embeddable":true,"href":"https:\/\/musialjanicka.art\/pl\/wp-json\/wp\/v2\/Collections?post=1681"}],"curies":[{"name":"wp","href":"https:\/\/api.w.org\/{rel}","templated":true}]}}