{"id":1691,"date":"2025-06-30T17:28:40","date_gmt":"2025-06-30T15:28:40","guid":{"rendered":"https:\/\/musialjanicka.art\/?post_type=product&#038;p=1691"},"modified":"2026-02-05T18:39:44","modified_gmt":"2026-02-05T17:39:44","slug":"uwaznosc-zima","status":"publish","type":"product","link":"https:\/\/musialjanicka.art\/pl\/product\/mindfulness-in-winter\/","title":{"rendered":"Orygina\u0142  | Uwa\u017cno\u015b\u0107 Zim\u0105"},"content":{"rendered":"<p><strong>The photograph, <em>&#8220;Mindfulness in Winter&#8221;<\/em> is part of the <a href=\"https:\/\/musialjanicka.art\/collections\/mindfulness\/\" target=\"_blank\" rel=\"noopener\"><em>&#8220;Mindfulness&#8221; Collection<\/em><\/a>, celebrating the beauty of moments filled with stillness, simplicity, and harmony. Each photograph in this series was born from the artist&#8217;s heartfelt need to pause and spend long moments in the company of a single tree, contemplating its charm and natural beauty. <\/strong><\/p>\n<p>Immersed in nature, the artist discovered peace, balance, and deep tranquility, offering a reprieve from the noise of everyday life. She returned to this location multiple times. During various seasons and under changing conditions\u2014to capture the fleeting and authentic essence of the moment.<\/p>\n<p>The image features dry flowers delicately covered in snow, a rare and exceptional motif discovered on one of the trees hidden among others at the edge of a nearby urban park. Standing serenely among its surroundings, the tree remains nearly invisible to passersby. Beside it grows an identical specimen of the same species, almost entirely stripped of flowers.<\/p>\n<p>The photograph is composed in <strong>warm, monochromatic beige and brown<\/strong> tones. <b><strong class=\"font-semibold\">These colors bring earthy elegance that soothes the senses.<\/strong><\/b>\u00a0The calming hues and subtle glow of light lend the image a dreamy, almost meditative atmosphere, turning the frame into an authentic mindfulness experience, focused on the silent beauty of nature. <strong>Gentle textures and the harmonious blend of warm tones with the purity of snow serve as a delicate reminder to find small wonders in simplicity.<\/strong> If we rush through life, we may miss them.<\/p>\n<h4 data-start=\"44\" data-end=\"107\">This Fine Art photograph, <strong><em>&#8220;Mindfulness in Winter&#8221;<\/em><\/strong>\u00a0is part of a limited edition collectible series of only <strong data-start=\"690\" data-end=\"712\">25 pigment prints in total<\/strong> (5 in each size \u2014 once sold out, no further prints will be produced).<\/h4>\n<p>&nbsp;<\/p>\n<ul>\n<li data-start=\"514\" data-end=\"563\"><strong>Signed<\/strong> by its author Joanna Musia\u0142-Janicka<\/li>\n<li data-start=\"566\" data-end=\"611\">Includes a <strong>Certificate of Authenticity<\/strong><\/li>\n<li data-start=\"614\" data-end=\"644\">Carries a <strong>unique number<\/strong><\/li>\n<li>Embossed with a <strong>dry stamp<\/strong> for additional exclusivity<\/li>\n<li><strong>Limited Edition<\/strong> with a Progressive Price List:\n<ul>\n<li data-start=\"705\" data-end=\"769\">The fewer pieces available, the greater the collectible value.<\/li>\n<li data-start=\"705\" data-end=\"769\">As the edition sells out, each subsequent print in a given size and format increases in price, enhancing its value at the time of purchase.<\/li>\n<\/ul>\n<\/li>\n<\/ul>\n<p>&nbsp;<\/p>\n<h4 style=\"font-size: 16px; font-weight: 400;\">Crafted with the utmost attention to detail:<\/h4>\n<ul style=\"font-size: 16px; font-weight: 400;\">\n<li data-start=\"64\" data-end=\"118\">Printed on<strong> museum and gallery-quality fine art paper<\/strong>\u00a0\u2013 matte finish highlights and\u00a0reproduces colors perfectly<\/li>\n<li data-start=\"64\" data-end=\"118\"><strong>Pigment printing technology<\/strong>\u00a0(Canon 1440DPI resolution) ensures exceptional precision<\/li>\n<li data-start=\"64\" data-end=\"118\">Archival acid-free paper quality\u00a0with durability exceeding <strong>100 years<\/strong> (indoor exposure)<\/li>\n<\/ul>\n<h3 class=\"font-semibold pdf-heading-class-replace text-h4 leading-[30px] pt-[15px] pb-[2px] [&amp;_a]:underline-offset-[6px] [&amp;_.underline]:underline-offset-[6px]\"><strong class=\"font-semibold\">Why Choose <\/strong><em>&#8220;<strong>Mindfulness in Winter<\/strong>&#8220;<\/em><strong class=\"font-semibold\">?<\/strong><\/h3>\n<p class=\"text-body font-regular leading-[24px] pt-[9px] pb-[2px]\" dir=\"ltr\"><em>&#8220;Mindfulness in Winter&#8221;<\/em> is not just a one-of-a-kind photograph but also an invitation to<strong> pause and discover calm, even amidst daily chaos.<\/strong> This work harmoniously complements <strong>feminine and modern interiors, adding warmth to loft-style spaces<\/strong>. It is a perfect choice for those who value luxury art and seek inspiration for unique <strong>home or office decor.<\/strong> Its natural beauty adds an element of mindfulness and profound tranquility to any space. It works wonderfully in a living room, above the bed in a bedroom. It also fits public spaces like spas, or in contemporary hotels, where original art becomes part of a distinctive ambiance.<\/p>\n<p class=\"text-body font-regular leading-[24px] pt-[9px] pb-[2px]\" dir=\"ltr\"><em>&#8220;Mindfulness in Winter&#8221;<\/em> perfectly aligns with the message of the<em> &#8220;Mindfulness&#8221; Collection<\/em> and the <a href=\"https:\/\/musialjanicka.art\/mission\/\" target=\"_blank\" rel=\"noopener\">artist&#8217;s mission<\/a>, reminding us how important it is to <strong>pause and notice what truly matters<\/strong>. This photograph captivates with its soothing hues and soft light, making it the ideal choice for art collectors. Perfect for those interested in purchasing artwork through an online gallery. Recommended for anyone looking for harmony, clarity, or a visual sanctuary for their interiors.<\/p>\n<h3 class=\"font-semibold pdf-heading-class-replace text-h4 leading-[30px] pt-[15px] pb-[2px] [&amp;_a]:underline-offset-[6px] [&amp;_.underline]:underline-offset-[6px]\" dir=\"ltr\">Add This Artwork to Your Collection<\/h3>\n<p>Bring the serenity and harmony of &#8220;<em>Mindfulness in Winter&#8221;<\/em> into your space. Choose a mindfulness-inspired photograph that fills your interior with natural beauty of botanical photography while fostering well-being every day.<\/p>\n<hr \/>\n<p class=\"\" data-start=\"1581\" data-end=\"1696\">Meanwhile, explore the full <em><strong>&#8216;<strong class=\"font-semibold\">Mindfulness&#8221;<\/strong><\/strong><\/em> collection and discover more art filled with light and delightful beauty. <strong class=\"font-semibold\">This is truly mindful art for the soul, offering a visual meditation.<\/strong>\u2013 [<a href=\"https:\/\/musialjanicka.art\/collections\/mindfulness\/\" target=\"_blank\" rel=\"noopener\">explore the full collection here<\/a>]. #ThePowerOfAStop<\/p>\n","protected":false},"excerpt":{"rendered":"<h6><strong class=\"font-semibold\">Tekstury natury w fotografii uwa\u017cno\u015bci - edycja limitowana Fine Art | Fot. Joanna Musia\u0142-Janicka<\/strong><\/h6>\n<p><em>Edycja kolekcjonerska - tylko 25 egzemplarzy<\/em><br \/>\n<em>Aktualnie dost\u0119pny numer: <strong>Nr 25 \/ 25<\/strong><\/em><br \/>\n<em>Numeracja przebiega w odwrotnej kolejno\u015bci (25 \u2192 1)<\/em><br \/>\n<em>Cena wzrasta wraz z post\u0119pem edycji<\/em><\/p>","protected":false},"featured_media":1696,"template":"","meta":{"pgc_sgb_lightbox_settings":""},"product_brand":[],"product_cat":[124],"product_tag":[93,99,194,175,73,172,102,114,74,105,90,117,111,95,179,92,173,181,96,187,195],"Collections":[193],"class_list":{"0":"post-1691","1":"product","2":"type-product","3":"status-publish","4":"has-post-thumbnail","6":"product_cat-collectors-photographs","7":"product_tag-art-collections","8":"product_tag-art-for-sale-online","9":"product_tag-art-for-soul","10":"product_tag-authors-photographs","11":"product_tag-botanical-photography","12":"product_tag-certificate-of-authenticity","13":"product_tag-collectible-art","14":"product_tag-collectors-edition-photography","15":"product_tag-fine-art-photography","16":"product_tag-gallery-quality-fine-art","17":"product_tag-investing-in-art","18":"product_tag-joanna-musial-janicka","19":"product_tag-limited-edition-collectible-photography","20":"product_tag-luxury-art","21":"product_tag-mindful-art","22":"product_tag-original-photography-for-sale","23":"product_tag-progressive-price-list","24":"product_tag-thepowerofastop","25":"product_tag-unique-artworks","26":"product_tag-visual-art","27":"product_tag-visual-meditation","28":"product_shipping_class-collectibles","29":"pa_art-style-contemporary-modern-art","30":"pa_art-style-floral-art","31":"pa_art-style-industrial-loft-art","32":"pa_art-style-romantic-art","33":"pa_color-beige-photography-prints","34":"pa_color-brown-photography-prints","35":"pa_orientation-vertical","36":"pa_size-85x120-33x47","37":"pa_size-60x85-24x33","38":"pa_size-60x40-24x16","39":"pa_size-40x30-16x12","40":"pa_size-20x30-8x12","41":"pa_theme-art-botanical-photography","42":"pa_tones-neutral-earth-tones","43":"pa_tones-pastel-tones","44":"pa_tones-pop-of-color","45":"collections-mindfulness","47":"first","48":"instock","49":"shipping-taxable","50":"purchasable","51":"product-type-variable"},"yoast_head":"<!-- This site is optimized with the Yoast SEO plugin v27.5 - https:\/\/yoast.com\/product\/yoast-seo-wordpress\/ -->\n<title>&quot;Mindfulness in Winter&quot; | Limited Edition Fine Art Photography - musialjanicka.art<\/title>\n<meta name=\"description\" content=\"\u201cMindfulness in Winter\u201d \u2013 a limited edition luxurious fine art photograph by Joanna Musia\u0142-Janicka. Discover the beauty of nature and timeless elegance.\" \/>\n<meta name=\"robots\" content=\"index, follow, max-snippet:-1, max-image-preview:large, max-video-preview:-1\" \/>\n<link rel=\"canonical\" href=\"https:\/\/musialjanicka.art\/pl\/produkt\/uwaznosc-zima\/\" \/>\n<meta property=\"og:locale\" content=\"pl_PL\" \/>\n<meta property=\"og:type\" content=\"article\" \/>\n<meta property=\"og:title\" content=\"&quot;Mindfulness in Winter&quot; | Limited Edition Fine Art Photography - musialjanicka.art\" \/>\n<meta property=\"og:description\" content=\"\u201cMindfulness in Winter\u201d \u2013 a limited edition luxurious fine art photograph by Joanna Musia\u0142-Janicka. Discover the beauty of nature and timeless elegance.\" \/>\n<meta property=\"og:url\" content=\"https:\/\/musialjanicka.art\/pl\/produkt\/uwaznosc-zima\/\" \/>\n<meta property=\"og:site_name\" content=\"musialjanicka.art\" \/>\n<meta property=\"article:publisher\" content=\"https:\/\/www.facebook.com\/profile.php?id=61558487248297\" \/>\n<meta property=\"article:modified_time\" content=\"2026-02-05T17:39:44+00:00\" \/>\n<meta property=\"og:image\" content=\"https:\/\/musialjanicka.art\/wp-content\/uploads\/2025\/06\/Mindfulness-in-Winter-Joanna-Musial-Janicka-musialjanicka.art-5.jpg\" \/>\n\t<meta property=\"og:image:width\" content=\"1024\" \/>\n\t<meta property=\"og:image:height\" content=\"1024\" \/>\n\t<meta property=\"og:image:type\" content=\"image\/jpeg\" \/>\n<meta name=\"twitter:card\" content=\"summary_large_image\" \/>\n<meta name=\"twitter:label1\" content=\"Szacowany czas czytania\" \/>\n\t<meta name=\"twitter:data1\" content=\"3 minuty\" \/>\n<script type=\"application\/ld+json\" class=\"yoast-schema-graph\">{\"@context\":\"https:\\\/\\\/schema.org\",\"@graph\":[{\"@type\":\"WebPage\",\"@id\":\"https:\\\/\\\/musialjanicka.art\\\/product\\\/mindfulness-in-winter\\\/\",\"url\":\"https:\\\/\\\/musialjanicka.art\\\/product\\\/mindfulness-in-winter\\\/\",\"name\":\"\\\"Mindfulness in Winter\\\" | Limited Edition Fine Art Photography - musialjanicka.art\",\"isPartOf\":{\"@id\":\"https:\\\/\\\/musialjanicka.art\\\/#website\"},\"primaryImageOfPage\":{\"@id\":\"https:\\\/\\\/musialjanicka.art\\\/product\\\/mindfulness-in-winter\\\/#primaryimage\"},\"image\":{\"@id\":\"https:\\\/\\\/musialjanicka.art\\\/product\\\/mindfulness-in-winter\\\/#primaryimage\"},\"thumbnailUrl\":\"https:\\\/\\\/musialjanicka.art\\\/wp-content\\\/uploads\\\/2025\\\/06\\\/Mindfulness-in-Winter-Joanna-Musial-Janicka-musialjanicka.art-5.jpg\",\"datePublished\":\"2025-06-30T15:28:40+00:00\",\"dateModified\":\"2026-02-05T17:39:44+00:00\",\"description\":\"\u201cMindfulness in Winter\u201d \u2013 a limited edition luxurious fine art photograph by Joanna Musia\u0142-Janicka. Discover the beauty of nature and timeless elegance.\",\"breadcrumb\":{\"@id\":\"https:\\\/\\\/musialjanicka.art\\\/product\\\/mindfulness-in-winter\\\/#breadcrumb\"},\"inLanguage\":\"pl-PL\",\"potentialAction\":[{\"@type\":\"ReadAction\",\"target\":[\"https:\\\/\\\/musialjanicka.art\\\/product\\\/mindfulness-in-winter\\\/\"]}]},{\"@type\":\"ImageObject\",\"inLanguage\":\"pl-PL\",\"@id\":\"https:\\\/\\\/musialjanicka.art\\\/product\\\/mindfulness-in-winter\\\/#primaryimage\",\"url\":\"https:\\\/\\\/musialjanicka.art\\\/wp-content\\\/uploads\\\/2025\\\/06\\\/Mindfulness-in-Winter-Joanna-Musial-Janicka-musialjanicka.art-5.jpg\",\"contentUrl\":\"https:\\\/\\\/musialjanicka.art\\\/wp-content\\\/uploads\\\/2025\\\/06\\\/Mindfulness-in-Winter-Joanna-Musial-Janicka-musialjanicka.art-5.jpg\",\"width\":1024,\"height\":1024,\"caption\":\"The photograph \\\"Mindfulness in Winter\\\" showing dry flowers covered in snow, in warm beige and brown tones, symbolizing harmony and the tranquility of nature.\"},{\"@type\":\"BreadcrumbList\",\"@id\":\"https:\\\/\\\/musialjanicka.art\\\/product\\\/mindfulness-in-winter\\\/#breadcrumb\",\"itemListElement\":[{\"@type\":\"ListItem\",\"position\":1,\"name\":\"Home\",\"item\":\"https:\\\/\\\/musialjanicka.art\\\/\"},{\"@type\":\"ListItem\",\"position\":2,\"name\":\"Shop\",\"item\":\"https:\\\/\\\/musialjanicka.art\\\/shop\\\/\"},{\"@type\":\"ListItem\",\"position\":3,\"name\":\"Original | Mindfulness in Winter\"}]},{\"@type\":\"WebSite\",\"@id\":\"https:\\\/\\\/musialjanicka.art\\\/#website\",\"url\":\"https:\\\/\\\/musialjanicka.art\\\/\",\"name\":\"musialjanicka.art\",\"description\":\"Art Supporting Peace of Your Mind and Soul\",\"publisher\":{\"@id\":\"https:\\\/\\\/musialjanicka.art\\\/#organization\"},\"potentialAction\":[{\"@type\":\"SearchAction\",\"target\":{\"@type\":\"EntryPoint\",\"urlTemplate\":\"https:\\\/\\\/musialjanicka.art\\\/?s={search_term_string}\"},\"query-input\":{\"@type\":\"PropertyValueSpecification\",\"valueRequired\":true,\"valueName\":\"search_term_string\"}}],\"inLanguage\":\"pl-PL\"},{\"@type\":\"Organization\",\"@id\":\"https:\\\/\\\/musialjanicka.art\\\/#organization\",\"name\":\"musialjanicka.art\",\"url\":\"https:\\\/\\\/musialjanicka.art\\\/\",\"logo\":{\"@type\":\"ImageObject\",\"inLanguage\":\"pl-PL\",\"@id\":\"https:\\\/\\\/musialjanicka.art\\\/#\\\/schema\\\/logo\\\/image\\\/\",\"url\":\"https:\\\/\\\/musialjanicka.art\\\/wp-content\\\/uploads\\\/2025\\\/02\\\/cropped-Nowe-logo-kwadrat-620x620px.png\",\"contentUrl\":\"https:\\\/\\\/musialjanicka.art\\\/wp-content\\\/uploads\\\/2025\\\/02\\\/cropped-Nowe-logo-kwadrat-620x620px.png\",\"width\":512,\"height\":512,\"caption\":\"musialjanicka.art\"},\"image\":{\"@id\":\"https:\\\/\\\/musialjanicka.art\\\/#\\\/schema\\\/logo\\\/image\\\/\"},\"sameAs\":[\"https:\\\/\\\/www.facebook.com\\\/profile.php?id=61558487248297\",\"https:\\\/\\\/www.instagram.com\\\/peacefulnaturebyjmj\\\/\",\"https:\\\/\\\/pl.pinterest.com\\\/jmusialjanicka\\\/?actingBusinessId=482518684984684504\"]}]}<\/script>\n<!-- \/ Yoast SEO plugin. -->","yoast_head_json":{"title":"\"Mindfulness in Winter\" | Limitowana edycja fotografii Fine Art - musialjanicka.art","description":"\"Mindfulness in Winter\" - limitowana edycja luksusowej fotografii autorstwa Joanny Musia\u0142-Janickiej. Odkryj pi\u0119kno natury i ponadczasow\u0105 elegancj\u0119.","robots":{"index":"index","follow":"follow","max-snippet":"max-snippet:-1","max-image-preview":"max-image-preview:large","max-video-preview":"max-video-preview:-1"},"canonical":"https:\/\/musialjanicka.art\/pl\/produkt\/uwaznosc-zima\/","og_locale":"pl_PL","og_type":"article","og_title":"\"Mindfulness in Winter\" | Limited Edition Fine Art Photography - musialjanicka.art","og_description":"\u201cMindfulness in Winter\u201d \u2013 a limited edition luxurious fine art photograph by Joanna Musia\u0142-Janicka. Discover the beauty of nature and timeless elegance.","og_url":"https:\/\/musialjanicka.art\/pl\/produkt\/uwaznosc-zima\/","og_site_name":"musialjanicka.art","article_publisher":"https:\/\/www.facebook.com\/profile.php?id=61558487248297","article_modified_time":"2026-02-05T17:39:44+00:00","og_image":[{"width":1024,"height":1024,"url":"https:\/\/musialjanicka.art\/wp-content\/uploads\/2025\/06\/Mindfulness-in-Winter-Joanna-Musial-Janicka-musialjanicka.art-5.jpg","type":"image\/jpeg"}],"twitter_card":"summary_large_image","twitter_misc":{"Szacowany czas czytania":"3 minuty"},"schema":{"@context":"https:\/\/schema.org","@graph":[{"@type":"WebPage","@id":"https:\/\/musialjanicka.art\/product\/mindfulness-in-winter\/","url":"https:\/\/musialjanicka.art\/product\/mindfulness-in-winter\/","name":"\"Mindfulness in Winter\" | Limitowana edycja fotografii Fine Art - musialjanicka.art","isPartOf":{"@id":"https:\/\/musialjanicka.art\/#website"},"primaryImageOfPage":{"@id":"https:\/\/musialjanicka.art\/product\/mindfulness-in-winter\/#primaryimage"},"image":{"@id":"https:\/\/musialjanicka.art\/product\/mindfulness-in-winter\/#primaryimage"},"thumbnailUrl":"https:\/\/musialjanicka.art\/wp-content\/uploads\/2025\/06\/Mindfulness-in-Winter-Joanna-Musial-Janicka-musialjanicka.art-5.jpg","datePublished":"2025-06-30T15:28:40+00:00","dateModified":"2026-02-05T17:39:44+00:00","description":"\"Mindfulness in Winter\" - limitowana edycja luksusowej fotografii autorstwa Joanny Musia\u0142-Janickiej. Odkryj pi\u0119kno natury i ponadczasow\u0105 elegancj\u0119.","breadcrumb":{"@id":"https:\/\/musialjanicka.art\/product\/mindfulness-in-winter\/#breadcrumb"},"inLanguage":"pl-PL","potentialAction":[{"@type":"ReadAction","target":["https:\/\/musialjanicka.art\/product\/mindfulness-in-winter\/"]}]},{"@type":"ImageObject","inLanguage":"pl-PL","@id":"https:\/\/musialjanicka.art\/product\/mindfulness-in-winter\/#primaryimage","url":"https:\/\/musialjanicka.art\/wp-content\/uploads\/2025\/06\/Mindfulness-in-Winter-Joanna-Musial-Janicka-musialjanicka.art-5.jpg","contentUrl":"https:\/\/musialjanicka.art\/wp-content\/uploads\/2025\/06\/Mindfulness-in-Winter-Joanna-Musial-Janicka-musialjanicka.art-5.jpg","width":1024,"height":1024,"caption":"The photograph \"Mindfulness in Winter\" showing dry flowers covered in snow, in warm beige and brown tones, symbolizing harmony and the tranquility of nature."},{"@type":"BreadcrumbList","@id":"https:\/\/musialjanicka.art\/product\/mindfulness-in-winter\/#breadcrumb","itemListElement":[{"@type":"ListItem","position":1,"name":"Home","item":"https:\/\/musialjanicka.art\/"},{"@type":"ListItem","position":2,"name":"Shop","item":"https:\/\/musialjanicka.art\/shop\/"},{"@type":"ListItem","position":3,"name":"Original | Mindfulness in Winter"}]},{"@type":"WebSite","@id":"https:\/\/musialjanicka.art\/#website","url":"https:\/\/musialjanicka.art\/","name":"musialjanicka.art","description":"Sztuka wspieraj\u0105ca spok\u00f3j umys\u0142u i duszy","publisher":{"@id":"https:\/\/musialjanicka.art\/#organization"},"potentialAction":[{"@type":"SearchAction","target":{"@type":"EntryPoint","urlTemplate":"https:\/\/musialjanicka.art\/?s={search_term_string}"},"query-input":{"@type":"PropertyValueSpecification","valueRequired":true,"valueName":"search_term_string"}}],"inLanguage":"pl-PL"},{"@type":"Organization","@id":"https:\/\/musialjanicka.art\/#organization","name":"musialjanicka.art","url":"https:\/\/musialjanicka.art\/","logo":{"@type":"ImageObject","inLanguage":"pl-PL","@id":"https:\/\/musialjanicka.art\/#\/schema\/logo\/image\/","url":"https:\/\/musialjanicka.art\/wp-content\/uploads\/2025\/02\/cropped-Nowe-logo-kwadrat-620x620px.png","contentUrl":"https:\/\/musialjanicka.art\/wp-content\/uploads\/2025\/02\/cropped-Nowe-logo-kwadrat-620x620px.png","width":512,"height":512,"caption":"musialjanicka.art"},"image":{"@id":"https:\/\/musialjanicka.art\/#\/schema\/logo\/image\/"},"sameAs":["https:\/\/www.facebook.com\/profile.php?id=61558487248297","https:\/\/www.instagram.com\/peacefulnaturebyjmj\/","https:\/\/pl.pinterest.com\/jmusialjanicka\/?actingBusinessId=482518684984684504"]}]}},"jetpack_sharing_enabled":true,"_links":{"self":[{"href":"https:\/\/musialjanicka.art\/pl\/wp-json\/wp\/v2\/product\/1691","targetHints":{"allow":["GET"]}}],"collection":[{"href":"https:\/\/musialjanicka.art\/pl\/wp-json\/wp\/v2\/product"}],"about":[{"href":"https:\/\/musialjanicka.art\/pl\/wp-json\/wp\/v2\/types\/product"}],"wp:featuredmedia":[{"embeddable":true,"href":"https:\/\/musialjanicka.art\/pl\/wp-json\/wp\/v2\/media\/1696"}],"wp:attachment":[{"href":"https:\/\/musialjanicka.art\/pl\/wp-json\/wp\/v2\/media?parent=1691"}],"wp:term":[{"taxonomy":"product_brand","embeddable":true,"href":"https:\/\/musialjanicka.art\/pl\/wp-json\/wp\/v2\/product_brand?post=1691"},{"taxonomy":"product_cat","embeddable":true,"href":"https:\/\/musialjanicka.art\/pl\/wp-json\/wp\/v2\/product_cat?post=1691"},{"taxonomy":"product_tag","embeddable":true,"href":"https:\/\/musialjanicka.art\/pl\/wp-json\/wp\/v2\/product_tag?post=1691"},{"taxonomy":"collections","embeddable":true,"href":"https:\/\/musialjanicka.art\/pl\/wp-json\/wp\/v2\/Collections?post=1691"}],"curies":[{"name":"wp","href":"https:\/\/api.w.org\/{rel}","templated":true}]}}