{"id":1701,"date":"2025-07-01T14:58:12","date_gmt":"2025-07-01T12:58:12","guid":{"rendered":"https:\/\/musialjanicka.art\/?post_type=product&#038;p=1701"},"modified":"2026-02-05T18:34:05","modified_gmt":"2026-02-05T17:34:05","slug":"uwaznosc-jesienia","status":"publish","type":"product","link":"https:\/\/musialjanicka.art\/pl\/product\/mindfulness-in-autumn\/","title":{"rendered":"Orygina\u0142  | Uwa\u017cno\u015b\u0107 Jesieni\u0105"},"content":{"rendered":"<p><strong>The photograph &#8220;<em>Mindfulness in Autumn<\/em>&#8221; is part of the <em>&#8220;<a href=\"https:\/\/musialjanicka.art\/collections\/mindfulness\/\" target=\"_blank\" rel=\"noopener\">Mindfulness<\/a>&#8221; Collection<\/em>, which celebrates the beauty of moments filled with stillness, simplicity, and harmony. Each image in this series stems from Joanna Musia\u0142-Janicka&#8217;s profound need to pause and spend long moments contemplating a single tree, discovering its charm and natural beauty. For her, this was both a challenge to explore the variety of perspectives achievable and a way to seek tranquility in a familiar environment close to home. <\/strong><\/p>\n<p class=\"text-body font-regular leading-[24px] pt-[9px] pb-[2px]\" dir=\"ltr\">Immerse yourself in the radiant harmony of this unique artwork. The piece highlights the delicate beauty of dry flowers and a branch set against a backdrop of deep, warm browns. Gentle light bursts in the background add a touch of magic and softness. This engaging composition offers a tranquil pause for reflection, serving as a timeless example of botanical photography elevated to fine art.<\/p>\n<h4 data-start=\"44\" data-end=\"107\">This Fine Art photograph, <strong>&#8220;<em>Mindfulness in Autumn<\/em>&#8220;<\/strong>\u00a0is part of a limited edition collectible series of only <strong data-start=\"690\" data-end=\"712\">25 pigment prints in total<\/strong> (5 in each size \u2014 once sold out, no further prints will be produced).<\/h4>\n<p>&nbsp;<\/p>\n<ul>\n<li data-start=\"514\" data-end=\"563\"><strong>Signed<\/strong> by its author Joanna Musia\u0142-Janicka<\/li>\n<li data-start=\"566\" data-end=\"611\">Includes a <strong>Certificate of Authenticity<\/strong><\/li>\n<li data-start=\"614\" data-end=\"644\">Carries a <strong>unique number<\/strong><\/li>\n<li>Embossed with a <strong>dry stamp<\/strong> for additional exclusivity<\/li>\n<li><strong>Limited Edition<\/strong> with a Progressive Price List:\n<ul>\n<li data-start=\"705\" data-end=\"769\">The fewer pieces available, the greater the collectible value.<\/li>\n<li data-start=\"705\" data-end=\"769\">As the edition sells out, each subsequent print in a given size and format increases in price, enhancing its value at the time of purchase.<\/li>\n<\/ul>\n<\/li>\n<\/ul>\n<p>&nbsp;<\/p>\n<h4 style=\"font-size: 16px; font-weight: 400;\">Crafted with the utmost attention to detail:<\/h4>\n<ul style=\"font-size: 16px; font-weight: 400;\">\n<li data-start=\"64\" data-end=\"118\">Printed on<strong> museum and gallery-quality fine art paper<\/strong> &#8211; matte finish highlights and reproduces colors perfectly<\/li>\n<li data-start=\"64\" data-end=\"118\"><strong>Pigment printing technology<\/strong>\u00a0(Canon 1440DPI resolution) ensures exceptional precision<\/li>\n<li data-start=\"64\" data-end=\"118\">Archival acid-free paper quality\u00a0with durability exceeding <strong>100 years<\/strong> (indoor exposure)<\/li>\n<\/ul>\n<h3 class=\"font-semibold pdf-heading-class-replace text-h4 leading-[30px] pt-[15px] pb-[2px] [&amp;_a]:underline-offset-[6px] [&amp;_.underline]:underline-offset-[6px]\"><strong class=\"font-semibold\">Why Choose <\/strong><em>&#8220;<strong>Mindfulness in Autumn<\/strong>&#8220;<\/em><strong class=\"font-semibold\">?<\/strong><\/h3>\n<p class=\"text-body font-regular leading-[24px] pt-[9px] pb-[2px]\" dir=\"ltr\"><em>&#8220;Mindfulness in Autumn&#8221;<\/em> is not just a unique artwork. It\u2019s an <strong>invitation to pause and find calm amidst life\u2019s chaos<\/strong>. This piece blends seamlessly into feminine and modern interiors, bringing warmth to loft spaces and other contemporary settings. It looks stunning in living rooms.\u00a0 Above beds in bedrooms, or even in public venues like spas or boutique hotels, where original art creates a distinct atmosphere.<\/p>\n<p class=\"text-body font-regular leading-[24px] pt-[9px] pb-[2px]\" dir=\"ltr\">The photograph embodies the message of the &#8220;<em>Mindfulness<\/em>&#8221; Collection and Joanna Musia\u0142-Janicka\u2019s <a href=\"https:\/\/musialjanicka.art\/mission\/\" target=\"_blank\" rel=\"noopener\">mission<\/a>. It reminds us of the importance of pausing to notice what truly matters. Its soothing tones and subtle light make it the perfect choice for art collectors seeking works available in online contemporary art galleries.<\/p>\n<h3 class=\"font-semibold pdf-heading-class-replace text-h4 leading-[30px] pt-[15px] pb-[2px] [&amp;_a]:underline-offset-[6px] [&amp;_.underline]:underline-offset-[6px]\" dir=\"ltr\">Add This Artwork to Your Collection<\/h3>\n<p class=\"text-body font-regular leading-[24px] pt-[9px] pb-[2px]\" dir=\"ltr\">Bring the serenity and elegance of &#8220;<em>Mindfulness in Autumn<\/em>&#8221; into your space. Choose this mindfulness-inspired photograph to enrich your interior with the natural beauty of botanical photography while promoting well-being every day.<\/p>\n<p class=\"\" data-start=\"1581\" data-end=\"1696\">Discover the full &#8220;<em>Mindfulness<\/em>&#8221; Collection and explore a world of artistry imbued with light and gentle beauty. This is truly <b><strong class=\"font-semibold\">mindful art for the soul<\/strong><\/b>, offering a serene <b><strong class=\"font-semibold\">visual meditation<\/strong><\/b>. \u2013 [<a href=\"https:\/\/musialjanicka.art\/collections\/mindfulness\/\" target=\"_blank\" rel=\"noopener\">explore the full collection here<\/a>]. #ThePowerOfAStop<\/p>\n","protected":false},"excerpt":{"rendered":"<h6><strong class=\"font-semibold\">Artystyczna fotografia botaniczna w ciep\u0142ych odcieniach br\u0105zu - limitowana edycja Fine Art | Fot. Joanna Musia\u0142-Janicka<\/strong><\/h6>\n<p><em>Edycja kolekcjonerska - tylko 25 egzemplarzy<\/em><br \/>\n<em>Aktualnie dost\u0119pny numer: <strong>Nr 25 \/ 25<\/strong><\/em><br \/>\n<em>Numeracja przebiega w odwrotnej kolejno\u015bci (25 \u2192 1)<\/em><br \/>\n<em>Cena wzrasta wraz z post\u0119pem edycji<\/em><\/p>","protected":false},"featured_media":1706,"template":"","meta":{"pgc_sgb_lightbox_settings":""},"product_brand":[],"product_cat":[124],"product_tag":[93,99,194,175,73,172,102,114,74,105,90,117,111,95,179,79,92,173,181,96,187,195],"Collections":[193],"class_list":{"0":"post-1701","1":"product","2":"type-product","3":"status-publish","4":"has-post-thumbnail","6":"product_cat-collectors-photographs","7":"product_tag-art-collections","8":"product_tag-art-for-sale-online","9":"product_tag-art-for-soul","10":"product_tag-authors-photographs","11":"product_tag-botanical-photography","12":"product_tag-certificate-of-authenticity","13":"product_tag-collectible-art","14":"product_tag-collectors-edition-photography","15":"product_tag-fine-art-photography","16":"product_tag-gallery-quality-fine-art","17":"product_tag-investing-in-art","18":"product_tag-joanna-musial-janicka","19":"product_tag-limited-edition-collectible-photography","20":"product_tag-luxury-art","21":"product_tag-mindful-art","22":"product_tag-mindfulness-wall-art-decor","23":"product_tag-original-photography-for-sale","24":"product_tag-progressive-price-list","25":"product_tag-thepowerofastop","26":"product_tag-unique-artworks","27":"product_tag-visual-art","28":"product_tag-visual-meditation","29":"product_shipping_class-collectibles","30":"pa_art-style-contemporary-modern-art","31":"pa_art-style-floral-art","32":"pa_art-style-industrial-loft-art","33":"pa_art-style-romantic-art","34":"pa_color-beige-photography-prints","35":"pa_color-brown-photography-prints","36":"pa_orientation-horizontal","37":"pa_orientation-vertical","38":"pa_size-85x120-33x47","39":"pa_size-60x85-24x33","40":"pa_size-60x40-24x16","41":"pa_size-40x30-16x12","42":"pa_size-20x30-8x12","43":"pa_theme-art-botanical-photography","44":"pa_tones-dark-moody-tones","45":"pa_tones-neutral-earth-tones","46":"pa_tones-warm-tones","47":"collections-mindfulness","49":"first","50":"instock","51":"shipping-taxable","52":"purchasable","53":"product-type-variable"},"yoast_head":"<!-- This site is optimized with the Yoast SEO plugin v27.5 - https:\/\/yoast.com\/product\/yoast-seo-wordpress\/ -->\n<title>&quot;Mindfulness in Autumn&quot; | Limited Edition Fine Art Photography - musialjanicka.art<\/title>\n<meta name=\"description\" content=\"\u201cMindfulness in Autumn\u201d \u2013 a limited edition luxurious fine art photograph by Joanna Musia\u0142-Janicka. Discover the beauty of nature and timeless elegance.\" \/>\n<meta name=\"robots\" content=\"index, follow, max-snippet:-1, max-image-preview:large, max-video-preview:-1\" \/>\n<link rel=\"canonical\" href=\"https:\/\/musialjanicka.art\/pl\/produkt\/uwaznosc-jesienia\/\" \/>\n<meta property=\"og:locale\" content=\"pl_PL\" \/>\n<meta property=\"og:type\" content=\"article\" \/>\n<meta property=\"og:title\" content=\"&quot;Mindfulness in Autumn&quot; | Limited Edition Fine Art Photography - musialjanicka.art\" \/>\n<meta property=\"og:description\" content=\"\u201cMindfulness in Autumn\u201d \u2013 a limited edition luxurious fine art photograph by Joanna Musia\u0142-Janicka. Discover the beauty of nature and timeless elegance.\" \/>\n<meta property=\"og:url\" content=\"https:\/\/musialjanicka.art\/pl\/produkt\/uwaznosc-jesienia\/\" \/>\n<meta property=\"og:site_name\" content=\"musialjanicka.art\" \/>\n<meta property=\"article:publisher\" content=\"https:\/\/www.facebook.com\/profile.php?id=61558487248297\" \/>\n<meta property=\"article:modified_time\" content=\"2026-02-05T17:34:05+00:00\" \/>\n<meta property=\"og:image\" content=\"https:\/\/musialjanicka.art\/wp-content\/uploads\/2025\/07\/Mindfulnes-in-Autumn-Joanna-Musial-Janicka-musialjanicka.art-6.jpg\" \/>\n\t<meta property=\"og:image:width\" content=\"1024\" \/>\n\t<meta property=\"og:image:height\" content=\"1024\" \/>\n\t<meta property=\"og:image:type\" content=\"image\/jpeg\" \/>\n<meta name=\"twitter:card\" content=\"summary_large_image\" \/>\n<meta name=\"twitter:label1\" content=\"Szacowany czas czytania\" \/>\n\t<meta name=\"twitter:data1\" content=\"3 minuty\" \/>\n<script type=\"application\/ld+json\" class=\"yoast-schema-graph\">{\"@context\":\"https:\\\/\\\/schema.org\",\"@graph\":[{\"@type\":\"WebPage\",\"@id\":\"https:\\\/\\\/musialjanicka.art\\\/product\\\/mindfulness-in-autumn\\\/\",\"url\":\"https:\\\/\\\/musialjanicka.art\\\/product\\\/mindfulness-in-autumn\\\/\",\"name\":\"\\\"Mindfulness in Autumn\\\" | Limited Edition Fine Art Photography - musialjanicka.art\",\"isPartOf\":{\"@id\":\"https:\\\/\\\/musialjanicka.art\\\/#website\"},\"primaryImageOfPage\":{\"@id\":\"https:\\\/\\\/musialjanicka.art\\\/product\\\/mindfulness-in-autumn\\\/#primaryimage\"},\"image\":{\"@id\":\"https:\\\/\\\/musialjanicka.art\\\/product\\\/mindfulness-in-autumn\\\/#primaryimage\"},\"thumbnailUrl\":\"https:\\\/\\\/musialjanicka.art\\\/wp-content\\\/uploads\\\/2025\\\/07\\\/Mindfulnes-in-Autumn-Joanna-Musial-Janicka-musialjanicka.art-6.jpg\",\"datePublished\":\"2025-07-01T12:58:12+00:00\",\"dateModified\":\"2026-02-05T17:34:05+00:00\",\"description\":\"\u201cMindfulness in Autumn\u201d \u2013 a limited edition luxurious fine art photograph by Joanna Musia\u0142-Janicka. Discover the beauty of nature and timeless elegance.\",\"breadcrumb\":{\"@id\":\"https:\\\/\\\/musialjanicka.art\\\/product\\\/mindfulness-in-autumn\\\/#breadcrumb\"},\"inLanguage\":\"pl-PL\",\"potentialAction\":[{\"@type\":\"ReadAction\",\"target\":[\"https:\\\/\\\/musialjanicka.art\\\/product\\\/mindfulness-in-autumn\\\/\"]}]},{\"@type\":\"ImageObject\",\"inLanguage\":\"pl-PL\",\"@id\":\"https:\\\/\\\/musialjanicka.art\\\/product\\\/mindfulness-in-autumn\\\/#primaryimage\",\"url\":\"https:\\\/\\\/musialjanicka.art\\\/wp-content\\\/uploads\\\/2025\\\/07\\\/Mindfulnes-in-Autumn-Joanna-Musial-Janicka-musialjanicka.art-6.jpg\",\"contentUrl\":\"https:\\\/\\\/musialjanicka.art\\\/wp-content\\\/uploads\\\/2025\\\/07\\\/Mindfulnes-in-Autumn-Joanna-Musial-Janicka-musialjanicka.art-6.jpg\",\"width\":1024,\"height\":1024,\"caption\":\"Dry flowers and branch on warm brown tones, evoking serenity in Joanna Musia\u0142-Janicka\u2019s limited edition botanical photography.\"},{\"@type\":\"BreadcrumbList\",\"@id\":\"https:\\\/\\\/musialjanicka.art\\\/product\\\/mindfulness-in-autumn\\\/#breadcrumb\",\"itemListElement\":[{\"@type\":\"ListItem\",\"position\":1,\"name\":\"Home\",\"item\":\"https:\\\/\\\/musialjanicka.art\\\/\"},{\"@type\":\"ListItem\",\"position\":2,\"name\":\"Shop\",\"item\":\"https:\\\/\\\/musialjanicka.art\\\/shop\\\/\"},{\"@type\":\"ListItem\",\"position\":3,\"name\":\"Original | Mindfulness in Autumn\"}]},{\"@type\":\"WebSite\",\"@id\":\"https:\\\/\\\/musialjanicka.art\\\/#website\",\"url\":\"https:\\\/\\\/musialjanicka.art\\\/\",\"name\":\"musialjanicka.art\",\"description\":\"Art Supporting Peace of Your Mind and Soul\",\"publisher\":{\"@id\":\"https:\\\/\\\/musialjanicka.art\\\/#organization\"},\"potentialAction\":[{\"@type\":\"SearchAction\",\"target\":{\"@type\":\"EntryPoint\",\"urlTemplate\":\"https:\\\/\\\/musialjanicka.art\\\/?s={search_term_string}\"},\"query-input\":{\"@type\":\"PropertyValueSpecification\",\"valueRequired\":true,\"valueName\":\"search_term_string\"}}],\"inLanguage\":\"pl-PL\"},{\"@type\":\"Organization\",\"@id\":\"https:\\\/\\\/musialjanicka.art\\\/#organization\",\"name\":\"musialjanicka.art\",\"url\":\"https:\\\/\\\/musialjanicka.art\\\/\",\"logo\":{\"@type\":\"ImageObject\",\"inLanguage\":\"pl-PL\",\"@id\":\"https:\\\/\\\/musialjanicka.art\\\/#\\\/schema\\\/logo\\\/image\\\/\",\"url\":\"https:\\\/\\\/musialjanicka.art\\\/wp-content\\\/uploads\\\/2025\\\/02\\\/cropped-Nowe-logo-kwadrat-620x620px.png\",\"contentUrl\":\"https:\\\/\\\/musialjanicka.art\\\/wp-content\\\/uploads\\\/2025\\\/02\\\/cropped-Nowe-logo-kwadrat-620x620px.png\",\"width\":512,\"height\":512,\"caption\":\"musialjanicka.art\"},\"image\":{\"@id\":\"https:\\\/\\\/musialjanicka.art\\\/#\\\/schema\\\/logo\\\/image\\\/\"},\"sameAs\":[\"https:\\\/\\\/www.facebook.com\\\/profile.php?id=61558487248297\",\"https:\\\/\\\/www.instagram.com\\\/peacefulnaturebyjmj\\\/\",\"https:\\\/\\\/pl.pinterest.com\\\/jmusialjanicka\\\/?actingBusinessId=482518684984684504\"]}]}<\/script>\n<!-- \/ Yoast SEO plugin. -->","yoast_head_json":{"title":"\"Uwa\u017cno\u015b\u0107 jesieni\u0105\" | Edycja limitowana Fine Art Photography - musialjanicka.art","description":"\"Mindfulness in Autumn\" - limitowana edycja luksusowej fotografii autorstwa Joanny Musia\u0142-Janickiej. Odkryj pi\u0119kno natury i ponadczasow\u0105 elegancj\u0119.","robots":{"index":"index","follow":"follow","max-snippet":"max-snippet:-1","max-image-preview":"max-image-preview:large","max-video-preview":"max-video-preview:-1"},"canonical":"https:\/\/musialjanicka.art\/pl\/produkt\/uwaznosc-jesienia\/","og_locale":"pl_PL","og_type":"article","og_title":"\"Mindfulness in Autumn\" | Limited Edition Fine Art Photography - musialjanicka.art","og_description":"\u201cMindfulness in Autumn\u201d \u2013 a limited edition luxurious fine art photograph by Joanna Musia\u0142-Janicka. Discover the beauty of nature and timeless elegance.","og_url":"https:\/\/musialjanicka.art\/pl\/produkt\/uwaznosc-jesienia\/","og_site_name":"musialjanicka.art","article_publisher":"https:\/\/www.facebook.com\/profile.php?id=61558487248297","article_modified_time":"2026-02-05T17:34:05+00:00","og_image":[{"width":1024,"height":1024,"url":"https:\/\/musialjanicka.art\/wp-content\/uploads\/2025\/07\/Mindfulnes-in-Autumn-Joanna-Musial-Janicka-musialjanicka.art-6.jpg","type":"image\/jpeg"}],"twitter_card":"summary_large_image","twitter_misc":{"Szacowany czas czytania":"3 minuty"},"schema":{"@context":"https:\/\/schema.org","@graph":[{"@type":"WebPage","@id":"https:\/\/musialjanicka.art\/product\/mindfulness-in-autumn\/","url":"https:\/\/musialjanicka.art\/product\/mindfulness-in-autumn\/","name":"\"Uwa\u017cno\u015b\u0107 jesieni\u0105\" | Edycja limitowana Fine Art Photography - musialjanicka.art","isPartOf":{"@id":"https:\/\/musialjanicka.art\/#website"},"primaryImageOfPage":{"@id":"https:\/\/musialjanicka.art\/product\/mindfulness-in-autumn\/#primaryimage"},"image":{"@id":"https:\/\/musialjanicka.art\/product\/mindfulness-in-autumn\/#primaryimage"},"thumbnailUrl":"https:\/\/musialjanicka.art\/wp-content\/uploads\/2025\/07\/Mindfulnes-in-Autumn-Joanna-Musial-Janicka-musialjanicka.art-6.jpg","datePublished":"2025-07-01T12:58:12+00:00","dateModified":"2026-02-05T17:34:05+00:00","description":"\"Mindfulness in Autumn\" - limitowana edycja luksusowej fotografii autorstwa Joanny Musia\u0142-Janickiej. Odkryj pi\u0119kno natury i ponadczasow\u0105 elegancj\u0119.","breadcrumb":{"@id":"https:\/\/musialjanicka.art\/product\/mindfulness-in-autumn\/#breadcrumb"},"inLanguage":"pl-PL","potentialAction":[{"@type":"ReadAction","target":["https:\/\/musialjanicka.art\/product\/mindfulness-in-autumn\/"]}]},{"@type":"ImageObject","inLanguage":"pl-PL","@id":"https:\/\/musialjanicka.art\/product\/mindfulness-in-autumn\/#primaryimage","url":"https:\/\/musialjanicka.art\/wp-content\/uploads\/2025\/07\/Mindfulnes-in-Autumn-Joanna-Musial-Janicka-musialjanicka.art-6.jpg","contentUrl":"https:\/\/musialjanicka.art\/wp-content\/uploads\/2025\/07\/Mindfulnes-in-Autumn-Joanna-Musial-Janicka-musialjanicka.art-6.jpg","width":1024,"height":1024,"caption":"Dry flowers and branch on warm brown tones, evoking serenity in Joanna Musia\u0142-Janicka\u2019s limited edition botanical photography."},{"@type":"BreadcrumbList","@id":"https:\/\/musialjanicka.art\/product\/mindfulness-in-autumn\/#breadcrumb","itemListElement":[{"@type":"ListItem","position":1,"name":"Home","item":"https:\/\/musialjanicka.art\/"},{"@type":"ListItem","position":2,"name":"Shop","item":"https:\/\/musialjanicka.art\/shop\/"},{"@type":"ListItem","position":3,"name":"Original | Mindfulness in Autumn"}]},{"@type":"WebSite","@id":"https:\/\/musialjanicka.art\/#website","url":"https:\/\/musialjanicka.art\/","name":"musialjanicka.art","description":"Sztuka wspieraj\u0105ca spok\u00f3j umys\u0142u i duszy","publisher":{"@id":"https:\/\/musialjanicka.art\/#organization"},"potentialAction":[{"@type":"SearchAction","target":{"@type":"EntryPoint","urlTemplate":"https:\/\/musialjanicka.art\/?s={search_term_string}"},"query-input":{"@type":"PropertyValueSpecification","valueRequired":true,"valueName":"search_term_string"}}],"inLanguage":"pl-PL"},{"@type":"Organization","@id":"https:\/\/musialjanicka.art\/#organization","name":"musialjanicka.art","url":"https:\/\/musialjanicka.art\/","logo":{"@type":"ImageObject","inLanguage":"pl-PL","@id":"https:\/\/musialjanicka.art\/#\/schema\/logo\/image\/","url":"https:\/\/musialjanicka.art\/wp-content\/uploads\/2025\/02\/cropped-Nowe-logo-kwadrat-620x620px.png","contentUrl":"https:\/\/musialjanicka.art\/wp-content\/uploads\/2025\/02\/cropped-Nowe-logo-kwadrat-620x620px.png","width":512,"height":512,"caption":"musialjanicka.art"},"image":{"@id":"https:\/\/musialjanicka.art\/#\/schema\/logo\/image\/"},"sameAs":["https:\/\/www.facebook.com\/profile.php?id=61558487248297","https:\/\/www.instagram.com\/peacefulnaturebyjmj\/","https:\/\/pl.pinterest.com\/jmusialjanicka\/?actingBusinessId=482518684984684504"]}]}},"jetpack_sharing_enabled":true,"_links":{"self":[{"href":"https:\/\/musialjanicka.art\/pl\/wp-json\/wp\/v2\/product\/1701","targetHints":{"allow":["GET"]}}],"collection":[{"href":"https:\/\/musialjanicka.art\/pl\/wp-json\/wp\/v2\/product"}],"about":[{"href":"https:\/\/musialjanicka.art\/pl\/wp-json\/wp\/v2\/types\/product"}],"wp:featuredmedia":[{"embeddable":true,"href":"https:\/\/musialjanicka.art\/pl\/wp-json\/wp\/v2\/media\/1706"}],"wp:attachment":[{"href":"https:\/\/musialjanicka.art\/pl\/wp-json\/wp\/v2\/media?parent=1701"}],"wp:term":[{"taxonomy":"product_brand","embeddable":true,"href":"https:\/\/musialjanicka.art\/pl\/wp-json\/wp\/v2\/product_brand?post=1701"},{"taxonomy":"product_cat","embeddable":true,"href":"https:\/\/musialjanicka.art\/pl\/wp-json\/wp\/v2\/product_cat?post=1701"},{"taxonomy":"product_tag","embeddable":true,"href":"https:\/\/musialjanicka.art\/pl\/wp-json\/wp\/v2\/product_tag?post=1701"},{"taxonomy":"collections","embeddable":true,"href":"https:\/\/musialjanicka.art\/pl\/wp-json\/wp\/v2\/Collections?post=1701"}],"curies":[{"name":"wp","href":"https:\/\/api.w.org\/{rel}","templated":true}]}}