{"id":1719,"date":"2025-07-07T18:26:23","date_gmt":"2025-07-07T16:26:23","guid":{"rendered":"https:\/\/musialjanicka.art\/?post_type=product&#038;p=1719"},"modified":"2026-02-05T18:19:48","modified_gmt":"2026-02-05T17:19:48","slug":"obfitosc-koni","status":"publish","type":"product","link":"https:\/\/musialjanicka.art\/pl\/product\/abundance-of-horses\/","title":{"rendered":"Orygina\u0142  | Obfito\u015b\u0107 Koni"},"content":{"rendered":"<p data-start=\"221\" data-end=\"525\"><strong>Discover <em>\u201cAbundance of Horses\u201d<\/em>, a unique artwork from the contemporary fine art photography collection \u201c<a href=\"https:\/\/musialjanicka.art\/collections\/abundance\/\" target=\"_blank\" rel=\"noopener\"><em>Abundance<\/em><\/a>\u201d, inspired by the quiet rhythm and serene abundance of nature. This Collector\u2019s Edition piece is more than decoration. It is a visual meditation on the beauty of everyday life and the harmony found in pausing mindfully.<\/strong><\/p>\n<p data-start=\"631\" data-end=\"934\">In the gentle daylight across an open field, a group of horses stands together in quiet presence, looking out with trust and calm. Delicate grasses sway in the breeze in the foreground, naturally framing this pastoral scene. The horses embody freedom, strength, and a deep trust in nature\u2019s rhythm.<\/p>\n<p data-start=\"936\" data-end=\"1417\">This photograph was taken during a return from one of the family sessions the artist often photographs in the picturesque, slightly hilly region where she lives. \/You are welcome to visit her Polish-language family photography site: <a href=\"https:\/\/www.byjmj.pl\/\" target=\"_blank\" rel=\"noopener\">byJMJ.pl<\/a>\/. Seeing the group of horses from afar, she therefore decided to leave the road and walk closer to experience their peaceful presence. Horses, with their majesty, calm, and beauty, have long inspired the artist. As a result to this is that this very photograph decorates the wall of her own bedroom.<\/p>\n<p data-start=\"1419\" data-end=\"1707\">Rendered in muted greens and warm browns, <em><strong data-start=\"1461\" data-end=\"1486\">\u201cAbundance of Horses\u201d<\/strong><\/em> brings a calming, soothing accent to your space, inviting you to take a deep breath and feel the inner peace that comes from connecting with nature and animals. All of this is in the spirit of <strong>slow living, mindfulness, and simplicity<\/strong>, which aligns perfectly with the <a href=\"https:\/\/musialjanicka.art\/mission\/\" target=\"_blank\" rel=\"noopener\">philosophy<\/a> of the artist.<\/p>\n<h4 data-start=\"44\" data-end=\"107\">This Fine Art photograph, \u201c<em>Abundance of Horses<\/em>\u201d is part of a limited edition collectible series of only <strong data-start=\"690\" data-end=\"712\">25 pigment prints in total<\/strong> (5 in each size \u2014 once sold out, no further prints will be produced).<\/h4>\n<p>&nbsp;<\/p>\n<ul>\n<li data-start=\"514\" data-end=\"563\"><strong>Signed<\/strong> by its author Joanna Musia\u0142-Janicka<\/li>\n<li data-start=\"566\" data-end=\"611\">Includes a <strong>Certificate of Authenticity<\/strong><\/li>\n<li data-start=\"614\" data-end=\"644\">Carries a <strong>unique number<\/strong><\/li>\n<li>Embossed with a <strong>dry stamp<\/strong> for additional exclusivity<\/li>\n<li><strong>Limited Edition<\/strong> with a Progressive Price List:\n<ul>\n<li data-start=\"705\" data-end=\"769\">The fewer pieces available, the greater the collectible value.<\/li>\n<li data-start=\"705\" data-end=\"769\">As the edition sells out, each subsequent print in a given size and format increases in price, enhancing its value at the time of purchase.<\/li>\n<\/ul>\n<\/li>\n<\/ul>\n<p>&nbsp;<\/p>\n<h4 style=\"font-size: 16px; font-weight: 400;\">Crafted with the utmost attention to detail:<\/h4>\n<ul style=\"font-size: 16px; font-weight: 400;\">\n<li data-start=\"64\" data-end=\"118\">Printed on<strong> museum and gallery-quality fine art paper<\/strong>\u00a0\u2013 matte finish highlights and\u00a0reproduces colors perfectly<\/li>\n<li data-start=\"64\" data-end=\"118\"><strong>Pigment printing technology<\/strong>\u00a0(Canon 1440DPI resolution) ensures exceptional precision<\/li>\n<li data-start=\"64\" data-end=\"118\">Archival acid-free paper quality\u00a0with durability exceeding <strong>100 years<\/strong> (indoor exposure)<\/li>\n<\/ul>\n<h3 class=\"font-semibold pdf-heading-class-replace text-h4 leading-[30px] pt-[15px] pb-[2px] [&amp;_a]:underline-offset-[6px] [&amp;_.underline]:underline-offset-[6px]\"><strong class=\"font-semibold\">Why Choose \u201cAbundance of Horses\u201d<\/strong><strong class=\"font-semibold\">?<\/strong><\/h3>\n<p class=\"text-body font-regular leading-[24px] pt-[9px] pb-[2px]\"><em>\u201cAbundance of Horses\u201d<\/em> complements <strong data-start=\"2782\" data-end=\"2840\">modern, minimalist, japandi, and slow living interiors. <\/strong>It brings the calm presence of nature and animals into your everyday surroundings. Also, it fits beautifully in living rooms, bedrooms, creative studios or therapy offices supporting moments of quiet reflection and presence.<\/p>\n<p class=\"text-body font-regular leading-[24px] pt-[9px] pb-[2px]\">Enhance your space with art that combines timeless beauty with deeper meaning. <em><strong data-start=\"3180\" data-end=\"3205\">\u201cAbundance of Horses\u201d<\/strong><\/em> is more than decoration. It is an invitation to pause and experience the serene abundance of nature in your everyday life. This luxurious fine art print is available as part of <strong>a limited edition of only 20 pieces<\/strong>, offering a unique opportunity to bring calm and depth into your environment.<\/p>\n<hr \/>\n<p class=\"\" data-start=\"1581\" data-end=\"1696\">Meanwhile, explore the full <em><strong>&#8216;<strong class=\"font-semibold\">Abundance&#8221;<\/strong><\/strong><\/em>\u00a0collection and discover more art filled with light and delightful beauty \u2013 [<a href=\"https:\/\/musialjanicka.art\/collections\/abundance\/\" target=\"_blank\" rel=\"noopener\">click here<\/a>]. #ThePowerOfAStop<\/p>\n","protected":false},"excerpt":{"rendered":"<h6><strong>Wizualna medytacja nad fotografi\u0105 koni - edycja limitowana Fine Art | Fot. Joanna Musia\u0142-Janicka<\/strong><\/h6>\n<p><em>Edycja kolekcjonerska - tylko 25 egzemplarzy<\/em><br \/>\n<em>Aktualnie dost\u0119pny numer: <strong>Nr 25 \/ 25<\/strong><\/em><br \/>\n<em>Numeracja przebiega w odwrotnej kolejno\u015bci (25 \u2192 1)<\/em><br \/>\n<em>Cena wzrasta wraz z post\u0119pem edycji<\/em><\/p>","protected":false},"featured_media":1724,"template":"","meta":{"pgc_sgb_lightbox_settings":""},"product_brand":[],"product_cat":[124],"product_tag":[93,196,99,175,73,172,102,114,94,198,74,105,90,117,111,95,179,82,92,173,197,181],"Collections":[192],"class_list":{"0":"post-1719","1":"product","2":"type-product","3":"status-publish","4":"has-post-thumbnail","6":"product_cat-collectors-photographs","7":"product_tag-art-collections","8":"product_tag-art-collector","9":"product_tag-art-for-sale-online","10":"product_tag-authors-photographs","11":"product_tag-botanical-photography","12":"product_tag-certificate-of-authenticity","13":"product_tag-collectible-art","14":"product_tag-collectors-edition-photography","15":"product_tag-contemporary-art-for-sale","16":"product_tag-equestrian-photography-art","17":"product_tag-fine-art-photography","18":"product_tag-gallery-quality-fine-art","19":"product_tag-investing-in-art","20":"product_tag-joanna-musial-janicka","21":"product_tag-limited-edition-collectible-photography","22":"product_tag-luxury-art","23":"product_tag-mindful-art","24":"product_tag-nature-inspired-wall-decor","25":"product_tag-original-photography-for-sale","26":"product_tag-progressive-price-list","27":"product_tag-slow-living-artist","28":"product_tag-thepowerofastop","29":"product_shipping_class-collectibles","30":"pa_art-style-boho-art","31":"pa_art-style-contemporary-modern-art","32":"pa_art-style-romantic-art","33":"pa_art-style-scandinavian-japandi-wabi-sabi-art","34":"pa_color-brown-photography-prints","35":"pa_color-green-photography-prints","36":"pa_orientation-horizontal","37":"pa_size-85x120-33x47","38":"pa_size-60x85-24x33","39":"pa_size-60x40-24x16","40":"pa_size-40x30-16x12","41":"pa_size-20x30-8x12","42":"pa_theme-art-animals-photography","43":"pa_theme-art-landscape-photography","44":"pa_tones-neutral-earth-tones","45":"pa_tones-warm-tones","46":"collections-abundance","48":"first","49":"instock","50":"shipping-taxable","51":"purchasable","52":"product-type-variable"},"yoast_head":"<!-- This site is optimized with the Yoast SEO plugin v27.5 - https:\/\/yoast.com\/product\/yoast-seo-wordpress\/ -->\n<title>&quot;Abundance of Horses&quot; | Limited Edition Fine Art Photography - musialjanicka.art<\/title>\n<meta name=\"description\" content=\"\u201cAbundance of Fairy Tales\u201d \u2013 a limited edition luxurious fine art photograph by Joanna Musia\u0142-Janicka. Discover the beauty of nature and timeless elegance.\" \/>\n<meta name=\"robots\" content=\"index, follow, max-snippet:-1, max-image-preview:large, max-video-preview:-1\" \/>\n<link rel=\"canonical\" href=\"https:\/\/musialjanicka.art\/pl\/produkt\/obfitosc-koni\/\" \/>\n<meta property=\"og:locale\" content=\"pl_PL\" \/>\n<meta property=\"og:type\" content=\"article\" \/>\n<meta property=\"og:title\" content=\"&quot;Abundance of Horses&quot; | Limited Edition Fine Art Photography - musialjanicka.art\" \/>\n<meta property=\"og:description\" content=\"\u201cAbundance of Fairy Tales\u201d \u2013 a limited edition luxurious fine art photograph by Joanna Musia\u0142-Janicka. Discover the beauty of nature and timeless elegance.\" \/>\n<meta property=\"og:url\" content=\"https:\/\/musialjanicka.art\/pl\/produkt\/obfitosc-koni\/\" \/>\n<meta property=\"og:site_name\" content=\"musialjanicka.art\" \/>\n<meta property=\"article:publisher\" content=\"https:\/\/www.facebook.com\/profile.php?id=61558487248297\" \/>\n<meta property=\"article:modified_time\" content=\"2026-02-05T17:19:48+00:00\" \/>\n<meta property=\"og:image\" content=\"https:\/\/musialjanicka.art\/wp-content\/uploads\/2025\/07\/Abundance-of-Horses-Joanna-Musial-Janicka-musialjanicka.art-6.jpg\" \/>\n\t<meta property=\"og:image:width\" content=\"1024\" \/>\n\t<meta property=\"og:image:height\" content=\"1024\" \/>\n\t<meta property=\"og:image:type\" content=\"image\/jpeg\" \/>\n<meta name=\"twitter:card\" content=\"summary_large_image\" \/>\n<meta name=\"twitter:label1\" content=\"Szacowany czas czytania\" \/>\n\t<meta name=\"twitter:data1\" content=\"3 minuty\" \/>\n<script type=\"application\/ld+json\" class=\"yoast-schema-graph\">{\"@context\":\"https:\\\/\\\/schema.org\",\"@graph\":[{\"@type\":\"WebPage\",\"@id\":\"https:\\\/\\\/musialjanicka.art\\\/product\\\/abundance-of-horses\\\/\",\"url\":\"https:\\\/\\\/musialjanicka.art\\\/product\\\/abundance-of-horses\\\/\",\"name\":\"\\\"Abundance of Horses\\\" | Limited Edition Fine Art Photography - musialjanicka.art\",\"isPartOf\":{\"@id\":\"https:\\\/\\\/musialjanicka.art\\\/#website\"},\"primaryImageOfPage\":{\"@id\":\"https:\\\/\\\/musialjanicka.art\\\/product\\\/abundance-of-horses\\\/#primaryimage\"},\"image\":{\"@id\":\"https:\\\/\\\/musialjanicka.art\\\/product\\\/abundance-of-horses\\\/#primaryimage\"},\"thumbnailUrl\":\"https:\\\/\\\/musialjanicka.art\\\/wp-content\\\/uploads\\\/2025\\\/07\\\/Abundance-of-Horses-Joanna-Musial-Janicka-musialjanicka.art-6.jpg\",\"datePublished\":\"2025-07-07T16:26:23+00:00\",\"dateModified\":\"2026-02-05T17:19:48+00:00\",\"description\":\"\u201cAbundance of Fairy Tales\u201d \u2013 a limited edition luxurious fine art photograph by Joanna Musia\u0142-Janicka. Discover the beauty of nature and timeless elegance.\",\"breadcrumb\":{\"@id\":\"https:\\\/\\\/musialjanicka.art\\\/product\\\/abundance-of-horses\\\/#breadcrumb\"},\"inLanguage\":\"pl-PL\",\"potentialAction\":[{\"@type\":\"ReadAction\",\"target\":[\"https:\\\/\\\/musialjanicka.art\\\/product\\\/abundance-of-horses\\\/\"]}]},{\"@type\":\"ImageObject\",\"inLanguage\":\"pl-PL\",\"@id\":\"https:\\\/\\\/musialjanicka.art\\\/product\\\/abundance-of-horses\\\/#primaryimage\",\"url\":\"https:\\\/\\\/musialjanicka.art\\\/wp-content\\\/uploads\\\/2025\\\/07\\\/Abundance-of-Horses-Joanna-Musial-Janicka-musialjanicka.art-6.jpg\",\"contentUrl\":\"https:\\\/\\\/musialjanicka.art\\\/wp-content\\\/uploads\\\/2025\\\/07\\\/Abundance-of-Horses-Joanna-Musial-Janicka-musialjanicka.art-6.jpg\",\"width\":1024,\"height\":1024,\"caption\":\"A group of horses standing calmly in an open field with grasses in the foreground, fine art photography in muted greens and browns.\"},{\"@type\":\"BreadcrumbList\",\"@id\":\"https:\\\/\\\/musialjanicka.art\\\/product\\\/abundance-of-horses\\\/#breadcrumb\",\"itemListElement\":[{\"@type\":\"ListItem\",\"position\":1,\"name\":\"Home\",\"item\":\"https:\\\/\\\/musialjanicka.art\\\/\"},{\"@type\":\"ListItem\",\"position\":2,\"name\":\"Shop\",\"item\":\"https:\\\/\\\/musialjanicka.art\\\/shop\\\/\"},{\"@type\":\"ListItem\",\"position\":3,\"name\":\"Original | Abundance of Horses\"}]},{\"@type\":\"WebSite\",\"@id\":\"https:\\\/\\\/musialjanicka.art\\\/#website\",\"url\":\"https:\\\/\\\/musialjanicka.art\\\/\",\"name\":\"musialjanicka.art\",\"description\":\"Art Supporting Peace of Your Mind and Soul\",\"publisher\":{\"@id\":\"https:\\\/\\\/musialjanicka.art\\\/#organization\"},\"potentialAction\":[{\"@type\":\"SearchAction\",\"target\":{\"@type\":\"EntryPoint\",\"urlTemplate\":\"https:\\\/\\\/musialjanicka.art\\\/?s={search_term_string}\"},\"query-input\":{\"@type\":\"PropertyValueSpecification\",\"valueRequired\":true,\"valueName\":\"search_term_string\"}}],\"inLanguage\":\"pl-PL\"},{\"@type\":\"Organization\",\"@id\":\"https:\\\/\\\/musialjanicka.art\\\/#organization\",\"name\":\"musialjanicka.art\",\"url\":\"https:\\\/\\\/musialjanicka.art\\\/\",\"logo\":{\"@type\":\"ImageObject\",\"inLanguage\":\"pl-PL\",\"@id\":\"https:\\\/\\\/musialjanicka.art\\\/#\\\/schema\\\/logo\\\/image\\\/\",\"url\":\"https:\\\/\\\/musialjanicka.art\\\/wp-content\\\/uploads\\\/2025\\\/02\\\/cropped-Nowe-logo-kwadrat-620x620px.png\",\"contentUrl\":\"https:\\\/\\\/musialjanicka.art\\\/wp-content\\\/uploads\\\/2025\\\/02\\\/cropped-Nowe-logo-kwadrat-620x620px.png\",\"width\":512,\"height\":512,\"caption\":\"musialjanicka.art\"},\"image\":{\"@id\":\"https:\\\/\\\/musialjanicka.art\\\/#\\\/schema\\\/logo\\\/image\\\/\"},\"sameAs\":[\"https:\\\/\\\/www.facebook.com\\\/profile.php?id=61558487248297\",\"https:\\\/\\\/www.instagram.com\\\/peacefulnaturebyjmj\\\/\",\"https:\\\/\\\/pl.pinterest.com\\\/jmusialjanicka\\\/?actingBusinessId=482518684984684504\"]}]}<\/script>\n<!-- \/ Yoast SEO plugin. -->","yoast_head_json":{"title":"\"Obfito\u015b\u0107 koni\" | Limitowana edycja fotografii Fine Art - musialjanicka.art","description":"\"Obfito\u015b\u0107 bajek\" - limitowana edycja luksusowej fotografii autorstwa Joanny Musia\u0142-Janickiej. Odkryj pi\u0119kno natury i ponadczasow\u0105 elegancj\u0119.","robots":{"index":"index","follow":"follow","max-snippet":"max-snippet:-1","max-image-preview":"max-image-preview:large","max-video-preview":"max-video-preview:-1"},"canonical":"https:\/\/musialjanicka.art\/pl\/produkt\/obfitosc-koni\/","og_locale":"pl_PL","og_type":"article","og_title":"\"Abundance of Horses\" | Limited Edition Fine Art Photography - musialjanicka.art","og_description":"\u201cAbundance of Fairy Tales\u201d \u2013 a limited edition luxurious fine art photograph by Joanna Musia\u0142-Janicka. Discover the beauty of nature and timeless elegance.","og_url":"https:\/\/musialjanicka.art\/pl\/produkt\/obfitosc-koni\/","og_site_name":"musialjanicka.art","article_publisher":"https:\/\/www.facebook.com\/profile.php?id=61558487248297","article_modified_time":"2026-02-05T17:19:48+00:00","og_image":[{"width":1024,"height":1024,"url":"https:\/\/musialjanicka.art\/wp-content\/uploads\/2025\/07\/Abundance-of-Horses-Joanna-Musial-Janicka-musialjanicka.art-6.jpg","type":"image\/jpeg"}],"twitter_card":"summary_large_image","twitter_misc":{"Szacowany czas czytania":"3 minuty"},"schema":{"@context":"https:\/\/schema.org","@graph":[{"@type":"WebPage","@id":"https:\/\/musialjanicka.art\/product\/abundance-of-horses\/","url":"https:\/\/musialjanicka.art\/product\/abundance-of-horses\/","name":"\"Obfito\u015b\u0107 koni\" | Limitowana edycja fotografii Fine Art - musialjanicka.art","isPartOf":{"@id":"https:\/\/musialjanicka.art\/#website"},"primaryImageOfPage":{"@id":"https:\/\/musialjanicka.art\/product\/abundance-of-horses\/#primaryimage"},"image":{"@id":"https:\/\/musialjanicka.art\/product\/abundance-of-horses\/#primaryimage"},"thumbnailUrl":"https:\/\/musialjanicka.art\/wp-content\/uploads\/2025\/07\/Abundance-of-Horses-Joanna-Musial-Janicka-musialjanicka.art-6.jpg","datePublished":"2025-07-07T16:26:23+00:00","dateModified":"2026-02-05T17:19:48+00:00","description":"\"Obfito\u015b\u0107 bajek\" - limitowana edycja luksusowej fotografii autorstwa Joanny Musia\u0142-Janickiej. Odkryj pi\u0119kno natury i ponadczasow\u0105 elegancj\u0119.","breadcrumb":{"@id":"https:\/\/musialjanicka.art\/product\/abundance-of-horses\/#breadcrumb"},"inLanguage":"pl-PL","potentialAction":[{"@type":"ReadAction","target":["https:\/\/musialjanicka.art\/product\/abundance-of-horses\/"]}]},{"@type":"ImageObject","inLanguage":"pl-PL","@id":"https:\/\/musialjanicka.art\/product\/abundance-of-horses\/#primaryimage","url":"https:\/\/musialjanicka.art\/wp-content\/uploads\/2025\/07\/Abundance-of-Horses-Joanna-Musial-Janicka-musialjanicka.art-6.jpg","contentUrl":"https:\/\/musialjanicka.art\/wp-content\/uploads\/2025\/07\/Abundance-of-Horses-Joanna-Musial-Janicka-musialjanicka.art-6.jpg","width":1024,"height":1024,"caption":"A group of horses standing calmly in an open field with grasses in the foreground, fine art photography in muted greens and browns."},{"@type":"BreadcrumbList","@id":"https:\/\/musialjanicka.art\/product\/abundance-of-horses\/#breadcrumb","itemListElement":[{"@type":"ListItem","position":1,"name":"Home","item":"https:\/\/musialjanicka.art\/"},{"@type":"ListItem","position":2,"name":"Shop","item":"https:\/\/musialjanicka.art\/shop\/"},{"@type":"ListItem","position":3,"name":"Original | Abundance of Horses"}]},{"@type":"WebSite","@id":"https:\/\/musialjanicka.art\/#website","url":"https:\/\/musialjanicka.art\/","name":"musialjanicka.art","description":"Sztuka wspieraj\u0105ca spok\u00f3j umys\u0142u i duszy","publisher":{"@id":"https:\/\/musialjanicka.art\/#organization"},"potentialAction":[{"@type":"SearchAction","target":{"@type":"EntryPoint","urlTemplate":"https:\/\/musialjanicka.art\/?s={search_term_string}"},"query-input":{"@type":"PropertyValueSpecification","valueRequired":true,"valueName":"search_term_string"}}],"inLanguage":"pl-PL"},{"@type":"Organization","@id":"https:\/\/musialjanicka.art\/#organization","name":"musialjanicka.art","url":"https:\/\/musialjanicka.art\/","logo":{"@type":"ImageObject","inLanguage":"pl-PL","@id":"https:\/\/musialjanicka.art\/#\/schema\/logo\/image\/","url":"https:\/\/musialjanicka.art\/wp-content\/uploads\/2025\/02\/cropped-Nowe-logo-kwadrat-620x620px.png","contentUrl":"https:\/\/musialjanicka.art\/wp-content\/uploads\/2025\/02\/cropped-Nowe-logo-kwadrat-620x620px.png","width":512,"height":512,"caption":"musialjanicka.art"},"image":{"@id":"https:\/\/musialjanicka.art\/#\/schema\/logo\/image\/"},"sameAs":["https:\/\/www.facebook.com\/profile.php?id=61558487248297","https:\/\/www.instagram.com\/peacefulnaturebyjmj\/","https:\/\/pl.pinterest.com\/jmusialjanicka\/?actingBusinessId=482518684984684504"]}]}},"jetpack_sharing_enabled":true,"_links":{"self":[{"href":"https:\/\/musialjanicka.art\/pl\/wp-json\/wp\/v2\/product\/1719","targetHints":{"allow":["GET"]}}],"collection":[{"href":"https:\/\/musialjanicka.art\/pl\/wp-json\/wp\/v2\/product"}],"about":[{"href":"https:\/\/musialjanicka.art\/pl\/wp-json\/wp\/v2\/types\/product"}],"wp:featuredmedia":[{"embeddable":true,"href":"https:\/\/musialjanicka.art\/pl\/wp-json\/wp\/v2\/media\/1724"}],"wp:attachment":[{"href":"https:\/\/musialjanicka.art\/pl\/wp-json\/wp\/v2\/media?parent=1719"}],"wp:term":[{"taxonomy":"product_brand","embeddable":true,"href":"https:\/\/musialjanicka.art\/pl\/wp-json\/wp\/v2\/product_brand?post=1719"},{"taxonomy":"product_cat","embeddable":true,"href":"https:\/\/musialjanicka.art\/pl\/wp-json\/wp\/v2\/product_cat?post=1719"},{"taxonomy":"product_tag","embeddable":true,"href":"https:\/\/musialjanicka.art\/pl\/wp-json\/wp\/v2\/product_tag?post=1719"},{"taxonomy":"collections","embeddable":true,"href":"https:\/\/musialjanicka.art\/pl\/wp-json\/wp\/v2\/Collections?post=1719"}],"curies":[{"name":"wp","href":"https:\/\/api.w.org\/{rel}","templated":true}]}}