{"id":1741,"date":"2025-07-08T17:42:32","date_gmt":"2025-07-08T15:42:32","guid":{"rendered":"https:\/\/musialjanicka.art\/?post_type=product&#038;p=1741"},"modified":"2026-02-05T17:53:40","modified_gmt":"2026-02-05T16:53:40","slug":"uwaznosc-niebieski","status":"publish","type":"product","link":"https:\/\/musialjanicka.art\/pl\/product\/mindfulness-in-blue\/","title":{"rendered":"Orygina\u0142 | Uwa\u017cno\u015b\u0107 w Niebieskim"},"content":{"rendered":"<p><strong>The photograph, <em>&#8220;Mindfulness in Blue &#8220;<\/em> is part of the <a href=\"https:\/\/musialjanicka.art\/collections\/mindfulness\/\" target=\"_blank\" rel=\"noopener\"><em>&#8220;Mindfulness&#8221; Collection<\/em><\/a>, celebrating the beauty of moments filled with stillness, simplicity, and harmony. Each photograph in this series was born from the artist&#8217;s heartfelt need to pause and spend quiet, attentive moments in the company of a single tree, contemplating its subtle beauty and presence across the seasons.<\/strong><\/p>\n<p>Immersed in nature, the artist found peace, balance, and calm\u2014a quiet refuge from everyday noise. She returned to this particular tree many times. During different seasons and under changing light conditions to capture the fleeting, authentic essence of a single, mindful moment. This is how a series of photographs was created.<\/p>\n<p>This image features dry blossoms reaching toward a softly glowing sky in tones of <strong data-start=\"1009\" data-end=\"1040\">light beige and gentle blue<\/strong>. The blossoms reveal their natural structure and quiet grace, standing calmly against the luminous backdrop of sky and light. The tree, nestled among others at the edge of a nearby urban park, often goes unnoticed by passersby, yet it holds quiet beauty for those who stop to notice.<\/p>\n<p>Composed in <strong data-start=\"1352\" data-end=\"1385\">warm beige and airy blue hues<\/strong>, <strong data-start=\"1387\" data-end=\"1412\">\u201c<em>Mindfulness in Blue<\/em>\u201d<\/strong> brings an element of lightness and calm elegance to your space. The interplay of subtle earth tones with soft sky colors creates a tranquil, almost meditative atmosphere. Turning this frame into a visual mindfulness experience focused on nature\u2019s silent beauty. Gentle textures and warm light invite the viewer to slow down and find small wonders in simplicity.<\/p>\n<h4 data-start=\"44\" data-end=\"107\">This Fine Art photograph, \u201c<em><strong data-start=\"1387\" data-end=\"1412\">Mindfulness in Blue<\/strong><\/em>\u201d is part of a limited edition collectible series of only <strong data-start=\"690\" data-end=\"712\">25 pigment prints in total<\/strong> (5 in each size \u2014 once sold out, no further prints will be produced).<\/h4>\n<p>&nbsp;<\/p>\n<ul>\n<li data-start=\"514\" data-end=\"563\"><strong>Signed<\/strong> by its author Joanna Musia\u0142-Janicka<\/li>\n<li data-start=\"566\" data-end=\"611\">Includes a <strong>Certificate of Authenticity<\/strong><\/li>\n<li data-start=\"614\" data-end=\"644\">Carries a <strong>unique number<\/strong><\/li>\n<li>Embossed with a <strong>dry stamp<\/strong> for additional exclusivity<\/li>\n<li><strong>Limited Edition<\/strong> with a Progressive Price List:\n<ul>\n<li data-start=\"705\" data-end=\"769\">The fewer pieces available, the greater the collectible value.<\/li>\n<li data-start=\"705\" data-end=\"769\">As the edition sells out, each subsequent print in a given size and format increases in price, enhancing its value at the time of purchase.<\/li>\n<\/ul>\n<\/li>\n<\/ul>\n<p>&nbsp;<\/p>\n<h4 style=\"font-size: 16px; font-weight: 400;\">Crafted with the utmost attention to detail:<\/h4>\n<ul style=\"font-size: 16px; font-weight: 400;\">\n<li data-start=\"64\" data-end=\"118\">Printed on<strong> museum and gallery-quality fine art paper<\/strong>\u00a0\u2013 matte finish highlights and\u00a0reproduces colors perfectly<\/li>\n<li data-start=\"64\" data-end=\"118\"><strong>Pigment printing technology<\/strong>\u00a0(Canon 1440DPI resolution) ensures exceptional precision<\/li>\n<li data-start=\"64\" data-end=\"118\">Archival acid-free paper quality\u00a0with durability exceeding <strong>100 years<\/strong> (indoor exposure)<\/li>\n<\/ul>\n<h3 class=\"font-semibold pdf-heading-class-replace text-h4 leading-[30px] pt-[15px] pb-[2px] [&amp;_a]:underline-offset-[6px] [&amp;_.underline]:underline-offset-[6px]\"><strong class=\"font-semibold\">How &#8220;Mindfulness in Blue&#8221; Enriches Your Space?<\/strong><\/h3>\n<p class=\"text-body font-regular leading-[24px] pt-[9px] pb-[2px]\" dir=\"ltr\"><em>&#8220;<strong data-start=\"1387\" data-end=\"1412\">Mindfulness in Blue<\/strong>&#8220;<\/em> is not just a one-of-a-kind photograph but also an invitation to<strong> pause, breathe, and reconnect with a sense of calm in your everyday life. <\/strong>This work harmoniously complements <strong>feminine and modern interiors, adding warmth to loft-style spaces<\/strong>.<\/p>\n<p class=\"text-body font-regular leading-[24px] pt-[9px] pb-[2px]\" dir=\"ltr\">It is a perfect choice for those who value luxury art and seek inspiration for unique <strong>home or office decor.<\/strong>\u00a0It is also a beautiful addition to boutique hotels, spas, and contemporary spaces, where original art helps create a peaceful, welcoming atmosphere. The photograph\u2019s soft hues and quiet composition support moments of presence and reflection. Making it perfect for those who value mindful living and nature-inspired art.<\/p>\n<p class=\"text-body font-regular leading-[24px] pt-[9px] pb-[2px]\" dir=\"ltr\"><em>&#8220;Mindfulness in Blue&#8221;<\/em> perfectly aligns with the message of the<em> &#8220;Mindfulness&#8221; Collection<\/em> and the <a href=\"https:\/\/musialjanicka.art\/mission\/\" target=\"_blank\" rel=\"noopener\">artist&#8217;s mission.<\/a> Reminding us how important it is to <strong>pause and notice what truly matters<\/strong>. It is an ideal choice for art collectors seeking fine art photography that brings depth, calm, and a touch of nature. Recommended for anyone looking for harmony, clarity, or a visual sanctuary for their interiors.<\/p>\n<h3 class=\"font-semibold pdf-heading-class-replace text-h4 leading-[30px] pt-[15px] pb-[2px] [&amp;_a]:underline-offset-[6px] [&amp;_.underline]:underline-offset-[6px]\" dir=\"ltr\">Add This Artwork to Your Collection<\/h3>\n<p>Bring the serenity and harmony of &#8220;<em>Mindfulness in Blue&#8221;<\/em> into your space. Choose a fine art photograph that nurtures your space with the subtle, botanical beauty of nature while supporting well-being and mindfulness each day.<\/p>\n<hr \/>\n<p class=\"\" data-start=\"1581\" data-end=\"1696\">Meanwhile, explore the full &#8220;<em><strong><strong class=\"font-semibold\">Mindfulness&#8221;<\/strong><\/strong><\/em> collection and discover more art filled with light and delightful beauty. <strong class=\"font-semibold\">This is truly mindful art for the soul, offering a visual meditation.<\/strong>\u2013 [<a href=\"https:\/\/musialjanicka.art\/collections\/mindfulness\/\" target=\"_blank\" rel=\"noopener\">explore the full collection here<\/a>]. #ThePowerOfAStop<\/p>\n","protected":false},"excerpt":{"rendered":"<h6><strong class=\"font-semibold\">Niebisekie \u015bwiat\u0142o w fotografii Mindfulness - edycja limitowana Fine Art | Fot. Joanna Musia\u0142-Janicka<\/strong><\/h6>\n<p><em>Edycja kolekcjonerska - tylko 25 egzemplarzy<\/em><br \/>\n<em>Aktualnie dost\u0119pny numer: <strong>Nr 25 \/ 25<\/strong><\/em><br \/>\n<em>Numeracja przebiega w odwrotnej kolejno\u015bci (25 \u2192 1)<\/em><br \/>\n<em>Cena wzrasta wraz z post\u0119pem edycji<\/em><\/p>","protected":false},"featured_media":1746,"template":"","meta":{"pgc_sgb_lightbox_settings":""},"product_brand":[],"product_cat":[124],"product_tag":[93,99,194,175,73,172,102,114,74,105,90,117,111,95,179,92,173,181,96,187,195],"Collections":[193],"class_list":{"0":"post-1741","1":"product","2":"type-product","3":"status-publish","4":"has-post-thumbnail","6":"product_cat-collectors-photographs","7":"product_tag-art-collections","8":"product_tag-art-for-sale-online","9":"product_tag-art-for-soul","10":"product_tag-authors-photographs","11":"product_tag-botanical-photography","12":"product_tag-certificate-of-authenticity","13":"product_tag-collectible-art","14":"product_tag-collectors-edition-photography","15":"product_tag-fine-art-photography","16":"product_tag-gallery-quality-fine-art","17":"product_tag-investing-in-art","18":"product_tag-joanna-musial-janicka","19":"product_tag-limited-edition-collectible-photography","20":"product_tag-luxury-art","21":"product_tag-mindful-art","22":"product_tag-original-photography-for-sale","23":"product_tag-progressive-price-list","24":"product_tag-thepowerofastop","25":"product_tag-unique-artworks","26":"product_tag-visual-art","27":"product_tag-visual-meditation","28":"product_shipping_class-collectibles","29":"pa_art-style-contemporary-modern-art","30":"pa_art-style-floral-art","31":"pa_art-style-industrial-loft-art","32":"pa_art-style-romantic-art","33":"pa_color-beige-photography-prints","34":"pa_color-blue-photography-prints","35":"pa_color-brown-photography-prints","36":"pa_orientation-vertical","37":"pa_size-85x120-33x47","38":"pa_size-60x85-24x33","39":"pa_size-60x40-24x16","40":"pa_size-40x30-16x12","41":"pa_size-20x30-8x12","42":"pa_theme-art-botanical-photography","43":"pa_tones-neutral-earth-tones","44":"pa_tones-pastel-tones","45":"pa_tones-warm-tones","46":"collections-mindfulness","48":"first","49":"instock","50":"shipping-taxable","51":"purchasable","52":"product-type-variable"},"yoast_head":"<!-- This site is optimized with the Yoast SEO plugin v27.5 - https:\/\/yoast.com\/product\/yoast-seo-wordpress\/ -->\n<title>&quot;Mindfulness in Blue&quot; | Limited Edition Fine Art Photography - musialjanicka.art<\/title>\n<meta name=\"description\" content=\"\u201cMindfulness in Blue\u201d \u2013 a limited edition luxurious fine art photograph by Joanna Musia\u0142-Janicka. Discover the beauty of nature and timeless elegance.\" \/>\n<meta name=\"robots\" content=\"index, follow, max-snippet:-1, max-image-preview:large, max-video-preview:-1\" \/>\n<link rel=\"canonical\" href=\"https:\/\/musialjanicka.art\/pl\/produkt\/uwaznosc-niebieski\/\" \/>\n<meta property=\"og:locale\" content=\"pl_PL\" \/>\n<meta property=\"og:type\" content=\"article\" \/>\n<meta property=\"og:title\" content=\"&quot;Mindfulness in Blue&quot; | Limited Edition Fine Art Photography - musialjanicka.art\" \/>\n<meta property=\"og:description\" content=\"\u201cMindfulness in Blue\u201d \u2013 a limited edition luxurious fine art photograph by Joanna Musia\u0142-Janicka. Discover the beauty of nature and timeless elegance.\" \/>\n<meta property=\"og:url\" content=\"https:\/\/musialjanicka.art\/pl\/produkt\/uwaznosc-niebieski\/\" \/>\n<meta property=\"og:site_name\" content=\"musialjanicka.art\" \/>\n<meta property=\"article:publisher\" content=\"https:\/\/www.facebook.com\/profile.php?id=61558487248297\" \/>\n<meta property=\"article:modified_time\" content=\"2026-02-05T16:53:40+00:00\" \/>\n<meta property=\"og:image\" content=\"https:\/\/musialjanicka.art\/wp-content\/uploads\/2025\/07\/Mindfulness-in-Blue-Joanna-Musial-Janicka-musialjanicka.art_.jpg\" \/>\n\t<meta property=\"og:image:width\" content=\"1024\" \/>\n\t<meta property=\"og:image:height\" content=\"1024\" \/>\n\t<meta property=\"og:image:type\" content=\"image\/jpeg\" \/>\n<meta name=\"twitter:card\" content=\"summary_large_image\" \/>\n<meta name=\"twitter:label1\" content=\"Szacowany czas czytania\" \/>\n\t<meta name=\"twitter:data1\" content=\"3 minuty\" \/>\n<script type=\"application\/ld+json\" class=\"yoast-schema-graph\">{\"@context\":\"https:\\\/\\\/schema.org\",\"@graph\":[{\"@type\":\"WebPage\",\"@id\":\"https:\\\/\\\/musialjanicka.art\\\/product\\\/mindfulness-in-blue\\\/\",\"url\":\"https:\\\/\\\/musialjanicka.art\\\/product\\\/mindfulness-in-blue\\\/\",\"name\":\"\\\"Mindfulness in Blue\\\" | Limited Edition Fine Art Photography - musialjanicka.art\",\"isPartOf\":{\"@id\":\"https:\\\/\\\/musialjanicka.art\\\/#website\"},\"primaryImageOfPage\":{\"@id\":\"https:\\\/\\\/musialjanicka.art\\\/product\\\/mindfulness-in-blue\\\/#primaryimage\"},\"image\":{\"@id\":\"https:\\\/\\\/musialjanicka.art\\\/product\\\/mindfulness-in-blue\\\/#primaryimage\"},\"thumbnailUrl\":\"https:\\\/\\\/musialjanicka.art\\\/wp-content\\\/uploads\\\/2025\\\/07\\\/Mindfulness-in-Blue-Joanna-Musial-Janicka-musialjanicka.art_.jpg\",\"datePublished\":\"2025-07-08T15:42:32+00:00\",\"dateModified\":\"2026-02-05T16:53:40+00:00\",\"description\":\"\u201cMindfulness in Blue\u201d \u2013 a limited edition luxurious fine art photograph by Joanna Musia\u0142-Janicka. Discover the beauty of nature and timeless elegance.\",\"breadcrumb\":{\"@id\":\"https:\\\/\\\/musialjanicka.art\\\/product\\\/mindfulness-in-blue\\\/#breadcrumb\"},\"inLanguage\":\"pl-PL\",\"potentialAction\":[{\"@type\":\"ReadAction\",\"target\":[\"https:\\\/\\\/musialjanicka.art\\\/product\\\/mindfulness-in-blue\\\/\"]}]},{\"@type\":\"ImageObject\",\"inLanguage\":\"pl-PL\",\"@id\":\"https:\\\/\\\/musialjanicka.art\\\/product\\\/mindfulness-in-blue\\\/#primaryimage\",\"url\":\"https:\\\/\\\/musialjanicka.art\\\/wp-content\\\/uploads\\\/2025\\\/07\\\/Mindfulness-in-Blue-Joanna-Musial-Janicka-musialjanicka.art_.jpg\",\"contentUrl\":\"https:\\\/\\\/musialjanicka.art\\\/wp-content\\\/uploads\\\/2025\\\/07\\\/Mindfulness-in-Blue-Joanna-Musial-Janicka-musialjanicka.art_.jpg\",\"width\":1024,\"height\":1024,\"caption\":\"Delicate dry blossoms against a soft blue sky, \u201cMindfulness in Blue\u201d fine art photograph by Joanna Musia\u0142-Janicka, slow living art.\"},{\"@type\":\"BreadcrumbList\",\"@id\":\"https:\\\/\\\/musialjanicka.art\\\/product\\\/mindfulness-in-blue\\\/#breadcrumb\",\"itemListElement\":[{\"@type\":\"ListItem\",\"position\":1,\"name\":\"Home\",\"item\":\"https:\\\/\\\/musialjanicka.art\\\/\"},{\"@type\":\"ListItem\",\"position\":2,\"name\":\"Shop\",\"item\":\"https:\\\/\\\/musialjanicka.art\\\/shop\\\/\"},{\"@type\":\"ListItem\",\"position\":3,\"name\":\"Original | Mindfulness in Blue\"}]},{\"@type\":\"WebSite\",\"@id\":\"https:\\\/\\\/musialjanicka.art\\\/#website\",\"url\":\"https:\\\/\\\/musialjanicka.art\\\/\",\"name\":\"musialjanicka.art\",\"description\":\"Art Supporting Peace of Your Mind and Soul\",\"publisher\":{\"@id\":\"https:\\\/\\\/musialjanicka.art\\\/#organization\"},\"potentialAction\":[{\"@type\":\"SearchAction\",\"target\":{\"@type\":\"EntryPoint\",\"urlTemplate\":\"https:\\\/\\\/musialjanicka.art\\\/?s={search_term_string}\"},\"query-input\":{\"@type\":\"PropertyValueSpecification\",\"valueRequired\":true,\"valueName\":\"search_term_string\"}}],\"inLanguage\":\"pl-PL\"},{\"@type\":\"Organization\",\"@id\":\"https:\\\/\\\/musialjanicka.art\\\/#organization\",\"name\":\"musialjanicka.art\",\"url\":\"https:\\\/\\\/musialjanicka.art\\\/\",\"logo\":{\"@type\":\"ImageObject\",\"inLanguage\":\"pl-PL\",\"@id\":\"https:\\\/\\\/musialjanicka.art\\\/#\\\/schema\\\/logo\\\/image\\\/\",\"url\":\"https:\\\/\\\/musialjanicka.art\\\/wp-content\\\/uploads\\\/2025\\\/02\\\/cropped-Nowe-logo-kwadrat-620x620px.png\",\"contentUrl\":\"https:\\\/\\\/musialjanicka.art\\\/wp-content\\\/uploads\\\/2025\\\/02\\\/cropped-Nowe-logo-kwadrat-620x620px.png\",\"width\":512,\"height\":512,\"caption\":\"musialjanicka.art\"},\"image\":{\"@id\":\"https:\\\/\\\/musialjanicka.art\\\/#\\\/schema\\\/logo\\\/image\\\/\"},\"sameAs\":[\"https:\\\/\\\/www.facebook.com\\\/profile.php?id=61558487248297\",\"https:\\\/\\\/www.instagram.com\\\/peacefulnaturebyjmj\\\/\",\"https:\\\/\\\/pl.pinterest.com\\\/jmusialjanicka\\\/?actingBusinessId=482518684984684504\"]}]}<\/script>\n<!-- \/ Yoast SEO plugin. -->","yoast_head_json":{"title":"\"Mindfulness in Blue\" | Limitowana edycja fotografii Fine Art - musialjanicka.art","description":"\"Mindfulness in Blue\" - limitowana edycja luksusowej fotografii autorstwa Joanny Musia\u0142-Janickiej. Odkryj pi\u0119kno natury i ponadczasow\u0105 elegancj\u0119.","robots":{"index":"index","follow":"follow","max-snippet":"max-snippet:-1","max-image-preview":"max-image-preview:large","max-video-preview":"max-video-preview:-1"},"canonical":"https:\/\/musialjanicka.art\/pl\/produkt\/uwaznosc-niebieski\/","og_locale":"pl_PL","og_type":"article","og_title":"\"Mindfulness in Blue\" | Limited Edition Fine Art Photography - musialjanicka.art","og_description":"\u201cMindfulness in Blue\u201d \u2013 a limited edition luxurious fine art photograph by Joanna Musia\u0142-Janicka. Discover the beauty of nature and timeless elegance.","og_url":"https:\/\/musialjanicka.art\/pl\/produkt\/uwaznosc-niebieski\/","og_site_name":"musialjanicka.art","article_publisher":"https:\/\/www.facebook.com\/profile.php?id=61558487248297","article_modified_time":"2026-02-05T16:53:40+00:00","og_image":[{"width":1024,"height":1024,"url":"https:\/\/musialjanicka.art\/wp-content\/uploads\/2025\/07\/Mindfulness-in-Blue-Joanna-Musial-Janicka-musialjanicka.art_.jpg","type":"image\/jpeg"}],"twitter_card":"summary_large_image","twitter_misc":{"Szacowany czas czytania":"3 minuty"},"schema":{"@context":"https:\/\/schema.org","@graph":[{"@type":"WebPage","@id":"https:\/\/musialjanicka.art\/product\/mindfulness-in-blue\/","url":"https:\/\/musialjanicka.art\/product\/mindfulness-in-blue\/","name":"\"Mindfulness in Blue\" | Limitowana edycja fotografii Fine Art - musialjanicka.art","isPartOf":{"@id":"https:\/\/musialjanicka.art\/#website"},"primaryImageOfPage":{"@id":"https:\/\/musialjanicka.art\/product\/mindfulness-in-blue\/#primaryimage"},"image":{"@id":"https:\/\/musialjanicka.art\/product\/mindfulness-in-blue\/#primaryimage"},"thumbnailUrl":"https:\/\/musialjanicka.art\/wp-content\/uploads\/2025\/07\/Mindfulness-in-Blue-Joanna-Musial-Janicka-musialjanicka.art_.jpg","datePublished":"2025-07-08T15:42:32+00:00","dateModified":"2026-02-05T16:53:40+00:00","description":"\"Mindfulness in Blue\" - limitowana edycja luksusowej fotografii autorstwa Joanny Musia\u0142-Janickiej. Odkryj pi\u0119kno natury i ponadczasow\u0105 elegancj\u0119.","breadcrumb":{"@id":"https:\/\/musialjanicka.art\/product\/mindfulness-in-blue\/#breadcrumb"},"inLanguage":"pl-PL","potentialAction":[{"@type":"ReadAction","target":["https:\/\/musialjanicka.art\/product\/mindfulness-in-blue\/"]}]},{"@type":"ImageObject","inLanguage":"pl-PL","@id":"https:\/\/musialjanicka.art\/product\/mindfulness-in-blue\/#primaryimage","url":"https:\/\/musialjanicka.art\/wp-content\/uploads\/2025\/07\/Mindfulness-in-Blue-Joanna-Musial-Janicka-musialjanicka.art_.jpg","contentUrl":"https:\/\/musialjanicka.art\/wp-content\/uploads\/2025\/07\/Mindfulness-in-Blue-Joanna-Musial-Janicka-musialjanicka.art_.jpg","width":1024,"height":1024,"caption":"Delicate dry blossoms against a soft blue sky, \u201cMindfulness in Blue\u201d fine art photograph by Joanna Musia\u0142-Janicka, slow living art."},{"@type":"BreadcrumbList","@id":"https:\/\/musialjanicka.art\/product\/mindfulness-in-blue\/#breadcrumb","itemListElement":[{"@type":"ListItem","position":1,"name":"Home","item":"https:\/\/musialjanicka.art\/"},{"@type":"ListItem","position":2,"name":"Shop","item":"https:\/\/musialjanicka.art\/shop\/"},{"@type":"ListItem","position":3,"name":"Original | Mindfulness in Blue"}]},{"@type":"WebSite","@id":"https:\/\/musialjanicka.art\/#website","url":"https:\/\/musialjanicka.art\/","name":"musialjanicka.art","description":"Sztuka wspieraj\u0105ca spok\u00f3j umys\u0142u i duszy","publisher":{"@id":"https:\/\/musialjanicka.art\/#organization"},"potentialAction":[{"@type":"SearchAction","target":{"@type":"EntryPoint","urlTemplate":"https:\/\/musialjanicka.art\/?s={search_term_string}"},"query-input":{"@type":"PropertyValueSpecification","valueRequired":true,"valueName":"search_term_string"}}],"inLanguage":"pl-PL"},{"@type":"Organization","@id":"https:\/\/musialjanicka.art\/#organization","name":"musialjanicka.art","url":"https:\/\/musialjanicka.art\/","logo":{"@type":"ImageObject","inLanguage":"pl-PL","@id":"https:\/\/musialjanicka.art\/#\/schema\/logo\/image\/","url":"https:\/\/musialjanicka.art\/wp-content\/uploads\/2025\/02\/cropped-Nowe-logo-kwadrat-620x620px.png","contentUrl":"https:\/\/musialjanicka.art\/wp-content\/uploads\/2025\/02\/cropped-Nowe-logo-kwadrat-620x620px.png","width":512,"height":512,"caption":"musialjanicka.art"},"image":{"@id":"https:\/\/musialjanicka.art\/#\/schema\/logo\/image\/"},"sameAs":["https:\/\/www.facebook.com\/profile.php?id=61558487248297","https:\/\/www.instagram.com\/peacefulnaturebyjmj\/","https:\/\/pl.pinterest.com\/jmusialjanicka\/?actingBusinessId=482518684984684504"]}]}},"jetpack_sharing_enabled":true,"_links":{"self":[{"href":"https:\/\/musialjanicka.art\/pl\/wp-json\/wp\/v2\/product\/1741","targetHints":{"allow":["GET"]}}],"collection":[{"href":"https:\/\/musialjanicka.art\/pl\/wp-json\/wp\/v2\/product"}],"about":[{"href":"https:\/\/musialjanicka.art\/pl\/wp-json\/wp\/v2\/types\/product"}],"wp:featuredmedia":[{"embeddable":true,"href":"https:\/\/musialjanicka.art\/pl\/wp-json\/wp\/v2\/media\/1746"}],"wp:attachment":[{"href":"https:\/\/musialjanicka.art\/pl\/wp-json\/wp\/v2\/media?parent=1741"}],"wp:term":[{"taxonomy":"product_brand","embeddable":true,"href":"https:\/\/musialjanicka.art\/pl\/wp-json\/wp\/v2\/product_brand?post=1741"},{"taxonomy":"product_cat","embeddable":true,"href":"https:\/\/musialjanicka.art\/pl\/wp-json\/wp\/v2\/product_cat?post=1741"},{"taxonomy":"product_tag","embeddable":true,"href":"https:\/\/musialjanicka.art\/pl\/wp-json\/wp\/v2\/product_tag?post=1741"},{"taxonomy":"collections","embeddable":true,"href":"https:\/\/musialjanicka.art\/pl\/wp-json\/wp\/v2\/Collections?post=1741"}],"curies":[{"name":"wp","href":"https:\/\/api.w.org\/{rel}","templated":true}]}}