{"id":1795,"date":"2025-07-31T22:08:31","date_gmt":"2025-07-31T20:08:31","guid":{"rendered":"https:\/\/musialjanicka.art\/?post_type=product&#038;p=1795"},"modified":"2026-04-28T17:13:03","modified_gmt":"2026-04-28T15:13:03","slug":"thelightful-zolta-kropka","status":"publish","type":"product","link":"https:\/\/musialjanicka.art\/pl\/product\/thelightful-yellow-dot\/","title":{"rendered":"Orygina\u0142 | Zachwycaj\u0105ca \/TheLightFul\/ \u017b\u00f3\u0142ta Kropka"},"content":{"rendered":"<p data-start=\"261\" data-end=\"890\"><strong data-start=\"261\" data-end=\"554\">Inspired by the quiet beauty of nature, <em>\u201cTheLightFul Yellow Dot\u201d<\/em> is a striking piece from the contemporary fine art photography collection <em>\u201c<a href=\"https:\/\/musialjanicka.art\/collections\/thelight\/\" target=\"_blank\" rel=\"noopener\">TheLight<\/a>\u201d<\/em>, where artist Joanna Musia\u0142-Janicka shares her personal moments of awe (<em data-start=\"485\" data-end=\"505\">TheLight \u2013 Delight<\/em>) inspired by the wonders of the natural world.<\/strong> With each photograph, she expresses<strong> deep gratitude<\/strong> for the gift of experiencing life \u2014 even in its smallest, most delicate details \u2014 as part of a beautifully interconnected whole. <em data-start=\"735\" data-end=\"745\">TheLight<\/em> is a poetic reminder of how important it is to pause and truly see the often-overlooked elements of nature. Sometimes, it\u2019s enough just to stop.<\/p>\n<p data-start=\"892\" data-end=\"1098\">Two yellow <em>Zinnia <\/em>flowers \u2014 one in sharp focus, the other softly blurred \u2014 form a minimalist, poetic composition. Seen from above, they resemble two luminous dots floating on a painterly green and navy background.<\/p>\n<p data-start=\"1100\" data-end=\"1438\">This artwork<strong> radiates lightness and joy<\/strong>. The vibrant yellow color emerges from the simplicity of the frame like a glowing accent \u2014 a breath of energy that lights up the space and draws the eye without disturbing the visual balance. <em>\u201cTheLightFul Yellow Dot\u201d<\/em> brings a fresh, modern presence and a touch of visual optimism into any interior.<\/p>\n<p data-start=\"1440\" data-end=\"1521\">It doesn\u2019t take much \u2014 this photograph was created in the artist\u2019s parents&#8217; garden.<\/p>\n<p class=\"\" data-start=\"976\" data-end=\"1429\">This minimalist organic photography art embodies <a href=\"https:\/\/musialjanicka.art\/mission\/\" target=\"_blank\" rel=\"noopener\">the philosophy and mission<\/a> of Joanna Musia\u0142-Janicka: celebrating light, presence, and the profound experience of reality.<\/p>\n<h4 data-start=\"44\" data-end=\"107\">This Fine Art photograph, \u201c<strong data-start=\"261\" data-end=\"554\"><em>TheLightFul Yellow Dot<\/em><\/strong>\u201d is part of a limited edition collectible series of only <strong data-start=\"690\" data-end=\"712\">25 pigment prints in total<\/strong> (5 in each size \u2014 once sold out, no further prints will be produced).<\/h4>\n<p>&nbsp;<\/p>\n<ul>\n<li data-start=\"514\" data-end=\"563\"><strong>Signed<\/strong> by its author Joanna Musia\u0142-Janicka<\/li>\n<li data-start=\"566\" data-end=\"611\">Includes a <strong>Certificate of Authenticity<\/strong><\/li>\n<li data-start=\"614\" data-end=\"644\">Carries a <strong>unique number<\/strong><\/li>\n<li>Embossed with a <strong>dry stamp<\/strong> for additional exclusivity<\/li>\n<li><strong>Limited Edition<\/strong> with a Progressive Price List:\n<ul>\n<li data-start=\"705\" data-end=\"769\">The fewer pieces available, the greater the collectible value.<\/li>\n<li data-start=\"705\" data-end=\"769\">As the edition sells out, each subsequent print in a given size and format increases in price, enhancing its value at the time of purchase.<\/li>\n<\/ul>\n<\/li>\n<\/ul>\n<p>&nbsp;<\/p>\n<h4 style=\"font-size: 16px; font-weight: 400;\">Crafted with the utmost attention to detail:<\/h4>\n<ul style=\"font-size: 16px; font-weight: 400;\">\n<li data-start=\"64\" data-end=\"118\">Printed on<strong> museum and gallery-quality fine art paper<\/strong>\u00a0\u2013 matte finish highlights and\u00a0reproduces colors perfectly<\/li>\n<li data-start=\"64\" data-end=\"118\"><strong>Pigment printing technology<\/strong>\u00a0(Canon 1440DPI resolution) ensures exceptional precision<\/li>\n<li data-start=\"64\" data-end=\"118\">Archival acid-free paper quality\u00a0with durability exceeding <strong>100 years<\/strong> (indoor exposure)<\/li>\n<\/ul>\n<h5>Why Choose \u201c<strong data-start=\"261\" data-end=\"554\"><em>TheLightFul Yellow Dot<\/em><\/strong>\u201d?<\/h5>\n<p data-start=\"2617\" data-end=\"3118\">It\u2019s a perfect choice for modern, minimalist interiors that need a visual accent \u2014 a pop of color in an elegant, simple form. This piece works beautifully in a bright kitchen, a creative office, a contemporary living room, or a serene hotel hallway. It introduces energy and freshness while maintaining artistic clarity. With its vibrant hue, tactile detail, and contrast, this photograph can easily become the visual focal point of the room.<\/p>\n<p data-start=\"3120\" data-end=\"3351\">Add a touch of light, color, and contemporary artistry to your home with this exceptional fine art print. Available as part of a limited edition <strong>of only 20 pieces.<\/strong> This fine art print offers a unique opportunity to bring a sense of calm and subtle strength into your environment. <strong class=\"font-semibold\">It is a perfect blend of art and meaning.<\/strong><\/p>\n<hr \/>\n<p class=\"\" data-start=\"1581\" data-end=\"1696\">Meanwhile, explore the full <strong>&#8216;<em>TheLight&#8217;<\/em><\/strong> collection and discover more art filled with light and delightful beauty \u2013 [<a href=\"https:\/\/musialjanicka.art\/collections\/thelight\/\" target=\"_blank\" rel=\"noopener\">click here<\/a>]. #ThePowerOfAStop<\/p>\n","protected":false},"excerpt":{"rendered":"<h6><strong>Minimalistyczna i \u017cywa \u017c\u00f3\u0142ta fotografia botaniczna |\u00a0<\/strong>Certified, hand-signed, collectible limited edition. Progressive pricing.\u00a0 | <strong>Pop of Color autorstwa Joanny Musia\u0142-Janickiej<\/strong><\/h6>\n<p><em>Edycja kolekcjonerska - tylko 25 egzemplarzy<\/em><br \/>\n<em>Aktualnie dost\u0119pny numer: <strong>Nr 25 \/ 25<\/strong><\/em><br \/>\n<em>Numeracja przebiega w odwrotnej kolejno\u015bci (25 \u2192 1)<\/em><br \/>\n<em>Cena wzrasta wraz z post\u0119pem edycji<\/em><\/p>","protected":false},"featured_media":1800,"template":"","meta":{"pgc_sgb_lightbox_settings":""},"product_brand":[],"product_cat":[124],"product_tag":[93,196,99,73,172,102,114,74,105,90,117,111,179,80,92,173,197,181],"Collections":[191],"class_list":{"0":"post-1795","1":"product","2":"type-product","3":"status-publish","4":"has-post-thumbnail","6":"product_cat-collectors-photographs","7":"product_tag-art-collections","8":"product_tag-art-collector","9":"product_tag-art-for-sale-online","10":"product_tag-botanical-photography","11":"product_tag-certificate-of-authenticity","12":"product_tag-collectible-art","13":"product_tag-collectors-edition-photography","14":"product_tag-fine-art-photography","15":"product_tag-gallery-quality-fine-art","16":"product_tag-investing-in-art","17":"product_tag-joanna-musial-janicka","18":"product_tag-limited-edition-collectible-photography","19":"product_tag-mindful-art","20":"product_tag-minimalist-organic-art","21":"product_tag-original-photography-for-sale","22":"product_tag-progressive-price-list","23":"product_tag-slow-living-artist","24":"product_tag-thepowerofastop","25":"product_shipping_class-collectibles","26":"pa_art-style-contemporary-modern-art","27":"pa_art-style-floral-art","28":"pa_art-style-industrial-loft-art","29":"pa_art-style-minimalist-art","30":"pa_color-navy-photography-prints","31":"pa_color-yellow-photography-prints","32":"pa_orientation-horizontal","33":"pa_orientation-vertical","34":"pa_size-85x120-33x47","35":"pa_size-60x85-24x33","36":"pa_size-60x40-24x16","37":"pa_size-40x30-16x12","38":"pa_size-20x30-8x12","39":"pa_theme-art-botanical-photography","40":"pa_tones-pop-of-color","41":"collections-thelight","43":"first","44":"instock","45":"shipping-taxable","46":"purchasable","47":"product-type-variable"},"yoast_head":"<!-- This site is optimized with the Yoast SEO plugin v27.5 - https:\/\/yoast.com\/product\/yoast-seo-wordpress\/ -->\n<title>&quot;TheLightFul Yellow Dot&quot; | Limited Edition Fine Art Photography - musialjanicka.art<\/title>\n<meta name=\"description\" content=\"Own &quot;TheLightFul Yellow Dot&quot; by Joanna Musia\u0142-Janicka \u2013 a luxurious fine art print, part of a Limited Edition Collection, available online.\" \/>\n<meta name=\"robots\" content=\"index, follow, max-snippet:-1, max-image-preview:large, max-video-preview:-1\" \/>\n<link rel=\"canonical\" href=\"https:\/\/musialjanicka.art\/pl\/produkt\/thelightful-zolta-kropka\/\" \/>\n<meta property=\"og:locale\" content=\"pl_PL\" \/>\n<meta property=\"og:type\" content=\"article\" \/>\n<meta property=\"og:title\" content=\"&quot;TheLightFul Yellow Dot&quot; | Limited Edition Fine Art Photography - musialjanicka.art\" \/>\n<meta property=\"og:description\" content=\"Own &quot;TheLightFul Yellow Dot&quot; by Joanna Musia\u0142-Janicka \u2013 a luxurious fine art print, part of a Limited Edition Collection, available online.\" \/>\n<meta property=\"og:url\" content=\"https:\/\/musialjanicka.art\/pl\/produkt\/thelightful-zolta-kropka\/\" \/>\n<meta property=\"og:site_name\" content=\"musialjanicka.art\" \/>\n<meta property=\"article:publisher\" content=\"https:\/\/www.facebook.com\/profile.php?id=61558487248297\" \/>\n<meta property=\"article:modified_time\" content=\"2026-04-28T15:13:03+00:00\" \/>\n<meta property=\"og:image\" content=\"https:\/\/musialjanicka.art\/wp-content\/uploads\/2025\/07\/TheLightFul-Yellow-Dot-Joanna-Musial-Janicka-musialjanicka.art-8.jpg\" \/>\n\t<meta property=\"og:image:width\" content=\"1024\" \/>\n\t<meta property=\"og:image:height\" content=\"1024\" \/>\n\t<meta property=\"og:image:type\" content=\"image\/jpeg\" \/>\n<meta name=\"twitter:card\" content=\"summary_large_image\" \/>\n<meta name=\"twitter:label1\" content=\"Szacowany czas czytania\" \/>\n\t<meta name=\"twitter:data1\" content=\"3 minuty\" \/>\n<script type=\"application\/ld+json\" class=\"yoast-schema-graph\">{\"@context\":\"https:\\\/\\\/schema.org\",\"@graph\":[{\"@type\":\"WebPage\",\"@id\":\"https:\\\/\\\/musialjanicka.art\\\/product\\\/thelightful-yellow-dot\\\/\",\"url\":\"https:\\\/\\\/musialjanicka.art\\\/product\\\/thelightful-yellow-dot\\\/\",\"name\":\"\\\"TheLightFul Yellow Dot\\\" | Limited Edition Fine Art Photography - musialjanicka.art\",\"isPartOf\":{\"@id\":\"https:\\\/\\\/musialjanicka.art\\\/#website\"},\"primaryImageOfPage\":{\"@id\":\"https:\\\/\\\/musialjanicka.art\\\/product\\\/thelightful-yellow-dot\\\/#primaryimage\"},\"image\":{\"@id\":\"https:\\\/\\\/musialjanicka.art\\\/product\\\/thelightful-yellow-dot\\\/#primaryimage\"},\"thumbnailUrl\":\"https:\\\/\\\/musialjanicka.art\\\/wp-content\\\/uploads\\\/2025\\\/07\\\/TheLightFul-Yellow-Dot-Joanna-Musial-Janicka-musialjanicka.art-8.jpg\",\"datePublished\":\"2025-07-31T20:08:31+00:00\",\"dateModified\":\"2026-04-28T15:13:03+00:00\",\"description\":\"Own \\\"TheLightFul Yellow Dot\\\" by Joanna Musia\u0142-Janicka \u2013 a luxurious fine art print, part of a Limited Edition Collection, available online.\",\"breadcrumb\":{\"@id\":\"https:\\\/\\\/musialjanicka.art\\\/product\\\/thelightful-yellow-dot\\\/#breadcrumb\"},\"inLanguage\":\"pl-PL\",\"potentialAction\":[{\"@type\":\"ReadAction\",\"target\":[\"https:\\\/\\\/musialjanicka.art\\\/product\\\/thelightful-yellow-dot\\\/\"]}]},{\"@type\":\"ImageObject\",\"inLanguage\":\"pl-PL\",\"@id\":\"https:\\\/\\\/musialjanicka.art\\\/product\\\/thelightful-yellow-dot\\\/#primaryimage\",\"url\":\"https:\\\/\\\/musialjanicka.art\\\/wp-content\\\/uploads\\\/2025\\\/07\\\/TheLightFul-Yellow-Dot-Joanna-Musial-Janicka-musialjanicka.art-8.jpg\",\"contentUrl\":\"https:\\\/\\\/musialjanicka.art\\\/wp-content\\\/uploads\\\/2025\\\/07\\\/TheLightFul-Yellow-Dot-Joanna-Musial-Janicka-musialjanicka.art-8.jpg\",\"width\":1024,\"height\":1024,\"caption\":\"Minimalist yellow flower photography by Joanna Musia\u0142-Janicka \u2013 two yellow dots on green-blue background\"},{\"@type\":\"BreadcrumbList\",\"@id\":\"https:\\\/\\\/musialjanicka.art\\\/product\\\/thelightful-yellow-dot\\\/#breadcrumb\",\"itemListElement\":[{\"@type\":\"ListItem\",\"position\":1,\"name\":\"Home\",\"item\":\"https:\\\/\\\/musialjanicka.art\\\/\"},{\"@type\":\"ListItem\",\"position\":2,\"name\":\"Shop\",\"item\":\"https:\\\/\\\/musialjanicka.art\\\/shop\\\/\"},{\"@type\":\"ListItem\",\"position\":3,\"name\":\"Original | TheLightFul Yellow Dot\"}]},{\"@type\":\"WebSite\",\"@id\":\"https:\\\/\\\/musialjanicka.art\\\/#website\",\"url\":\"https:\\\/\\\/musialjanicka.art\\\/\",\"name\":\"musialjanicka.art\",\"description\":\"Art Supporting Peace of Your Mind and Soul\",\"publisher\":{\"@id\":\"https:\\\/\\\/musialjanicka.art\\\/#organization\"},\"potentialAction\":[{\"@type\":\"SearchAction\",\"target\":{\"@type\":\"EntryPoint\",\"urlTemplate\":\"https:\\\/\\\/musialjanicka.art\\\/?s={search_term_string}\"},\"query-input\":{\"@type\":\"PropertyValueSpecification\",\"valueRequired\":true,\"valueName\":\"search_term_string\"}}],\"inLanguage\":\"pl-PL\"},{\"@type\":\"Organization\",\"@id\":\"https:\\\/\\\/musialjanicka.art\\\/#organization\",\"name\":\"musialjanicka.art\",\"url\":\"https:\\\/\\\/musialjanicka.art\\\/\",\"logo\":{\"@type\":\"ImageObject\",\"inLanguage\":\"pl-PL\",\"@id\":\"https:\\\/\\\/musialjanicka.art\\\/#\\\/schema\\\/logo\\\/image\\\/\",\"url\":\"https:\\\/\\\/musialjanicka.art\\\/wp-content\\\/uploads\\\/2025\\\/02\\\/cropped-Nowe-logo-kwadrat-620x620px.png\",\"contentUrl\":\"https:\\\/\\\/musialjanicka.art\\\/wp-content\\\/uploads\\\/2025\\\/02\\\/cropped-Nowe-logo-kwadrat-620x620px.png\",\"width\":512,\"height\":512,\"caption\":\"musialjanicka.art\"},\"image\":{\"@id\":\"https:\\\/\\\/musialjanicka.art\\\/#\\\/schema\\\/logo\\\/image\\\/\"},\"sameAs\":[\"https:\\\/\\\/www.facebook.com\\\/profile.php?id=61558487248297\",\"https:\\\/\\\/www.instagram.com\\\/peacefulnaturebyjmj\\\/\",\"https:\\\/\\\/pl.pinterest.com\\\/jmusialjanicka\\\/?actingBusinessId=482518684984684504\"]}]}<\/script>\n<!-- \/ Yoast SEO plugin. -->","yoast_head_json":{"title":"\"TheLightFul Yellow Dot\" | Limitowana edycja Fine Art Photography - musialjanicka.art","description":"Posiadaj \"TheLightFul Yellow Dot\" autorstwa Joanny Musia\u0142-Janickiej - luksusowy wydruk artystyczny, cz\u0119\u015b\u0107 limitowanej kolekcji, dost\u0119pny online.","robots":{"index":"index","follow":"follow","max-snippet":"max-snippet:-1","max-image-preview":"max-image-preview:large","max-video-preview":"max-video-preview:-1"},"canonical":"https:\/\/musialjanicka.art\/pl\/produkt\/thelightful-zolta-kropka\/","og_locale":"pl_PL","og_type":"article","og_title":"\"TheLightFul Yellow Dot\" | Limited Edition Fine Art Photography - musialjanicka.art","og_description":"Own \"TheLightFul Yellow Dot\" by Joanna Musia\u0142-Janicka \u2013 a luxurious fine art print, part of a Limited Edition Collection, available online.","og_url":"https:\/\/musialjanicka.art\/pl\/produkt\/thelightful-zolta-kropka\/","og_site_name":"musialjanicka.art","article_publisher":"https:\/\/www.facebook.com\/profile.php?id=61558487248297","article_modified_time":"2026-04-28T15:13:03+00:00","og_image":[{"width":1024,"height":1024,"url":"https:\/\/musialjanicka.art\/wp-content\/uploads\/2025\/07\/TheLightFul-Yellow-Dot-Joanna-Musial-Janicka-musialjanicka.art-8.jpg","type":"image\/jpeg"}],"twitter_card":"summary_large_image","twitter_misc":{"Szacowany czas czytania":"3 minuty"},"schema":{"@context":"https:\/\/schema.org","@graph":[{"@type":"WebPage","@id":"https:\/\/musialjanicka.art\/product\/thelightful-yellow-dot\/","url":"https:\/\/musialjanicka.art\/product\/thelightful-yellow-dot\/","name":"\"TheLightFul Yellow Dot\" | Limitowana edycja Fine Art Photography - musialjanicka.art","isPartOf":{"@id":"https:\/\/musialjanicka.art\/#website"},"primaryImageOfPage":{"@id":"https:\/\/musialjanicka.art\/product\/thelightful-yellow-dot\/#primaryimage"},"image":{"@id":"https:\/\/musialjanicka.art\/product\/thelightful-yellow-dot\/#primaryimage"},"thumbnailUrl":"https:\/\/musialjanicka.art\/wp-content\/uploads\/2025\/07\/TheLightFul-Yellow-Dot-Joanna-Musial-Janicka-musialjanicka.art-8.jpg","datePublished":"2025-07-31T20:08:31+00:00","dateModified":"2026-04-28T15:13:03+00:00","description":"Posiadaj \"TheLightFul Yellow Dot\" autorstwa Joanny Musia\u0142-Janickiej - luksusowy wydruk artystyczny, cz\u0119\u015b\u0107 limitowanej kolekcji, dost\u0119pny online.","breadcrumb":{"@id":"https:\/\/musialjanicka.art\/product\/thelightful-yellow-dot\/#breadcrumb"},"inLanguage":"pl-PL","potentialAction":[{"@type":"ReadAction","target":["https:\/\/musialjanicka.art\/product\/thelightful-yellow-dot\/"]}]},{"@type":"ImageObject","inLanguage":"pl-PL","@id":"https:\/\/musialjanicka.art\/product\/thelightful-yellow-dot\/#primaryimage","url":"https:\/\/musialjanicka.art\/wp-content\/uploads\/2025\/07\/TheLightFul-Yellow-Dot-Joanna-Musial-Janicka-musialjanicka.art-8.jpg","contentUrl":"https:\/\/musialjanicka.art\/wp-content\/uploads\/2025\/07\/TheLightFul-Yellow-Dot-Joanna-Musial-Janicka-musialjanicka.art-8.jpg","width":1024,"height":1024,"caption":"Minimalist yellow flower photography by Joanna Musia\u0142-Janicka \u2013 two yellow dots on green-blue background"},{"@type":"BreadcrumbList","@id":"https:\/\/musialjanicka.art\/product\/thelightful-yellow-dot\/#breadcrumb","itemListElement":[{"@type":"ListItem","position":1,"name":"Home","item":"https:\/\/musialjanicka.art\/"},{"@type":"ListItem","position":2,"name":"Shop","item":"https:\/\/musialjanicka.art\/shop\/"},{"@type":"ListItem","position":3,"name":"Original | TheLightFul Yellow Dot"}]},{"@type":"WebSite","@id":"https:\/\/musialjanicka.art\/#website","url":"https:\/\/musialjanicka.art\/","name":"musialjanicka.art","description":"Sztuka wspieraj\u0105ca spok\u00f3j umys\u0142u i duszy","publisher":{"@id":"https:\/\/musialjanicka.art\/#organization"},"potentialAction":[{"@type":"SearchAction","target":{"@type":"EntryPoint","urlTemplate":"https:\/\/musialjanicka.art\/?s={search_term_string}"},"query-input":{"@type":"PropertyValueSpecification","valueRequired":true,"valueName":"search_term_string"}}],"inLanguage":"pl-PL"},{"@type":"Organization","@id":"https:\/\/musialjanicka.art\/#organization","name":"musialjanicka.art","url":"https:\/\/musialjanicka.art\/","logo":{"@type":"ImageObject","inLanguage":"pl-PL","@id":"https:\/\/musialjanicka.art\/#\/schema\/logo\/image\/","url":"https:\/\/musialjanicka.art\/wp-content\/uploads\/2025\/02\/cropped-Nowe-logo-kwadrat-620x620px.png","contentUrl":"https:\/\/musialjanicka.art\/wp-content\/uploads\/2025\/02\/cropped-Nowe-logo-kwadrat-620x620px.png","width":512,"height":512,"caption":"musialjanicka.art"},"image":{"@id":"https:\/\/musialjanicka.art\/#\/schema\/logo\/image\/"},"sameAs":["https:\/\/www.facebook.com\/profile.php?id=61558487248297","https:\/\/www.instagram.com\/peacefulnaturebyjmj\/","https:\/\/pl.pinterest.com\/jmusialjanicka\/?actingBusinessId=482518684984684504"]}]}},"jetpack_sharing_enabled":true,"_links":{"self":[{"href":"https:\/\/musialjanicka.art\/pl\/wp-json\/wp\/v2\/product\/1795","targetHints":{"allow":["GET"]}}],"collection":[{"href":"https:\/\/musialjanicka.art\/pl\/wp-json\/wp\/v2\/product"}],"about":[{"href":"https:\/\/musialjanicka.art\/pl\/wp-json\/wp\/v2\/types\/product"}],"wp:featuredmedia":[{"embeddable":true,"href":"https:\/\/musialjanicka.art\/pl\/wp-json\/wp\/v2\/media\/1800"}],"wp:attachment":[{"href":"https:\/\/musialjanicka.art\/pl\/wp-json\/wp\/v2\/media?parent=1795"}],"wp:term":[{"taxonomy":"product_brand","embeddable":true,"href":"https:\/\/musialjanicka.art\/pl\/wp-json\/wp\/v2\/product_brand?post=1795"},{"taxonomy":"product_cat","embeddable":true,"href":"https:\/\/musialjanicka.art\/pl\/wp-json\/wp\/v2\/product_cat?post=1795"},{"taxonomy":"product_tag","embeddable":true,"href":"https:\/\/musialjanicka.art\/pl\/wp-json\/wp\/v2\/product_tag?post=1795"},{"taxonomy":"collections","embeddable":true,"href":"https:\/\/musialjanicka.art\/pl\/wp-json\/wp\/v2\/Collections?post=1795"}],"curies":[{"name":"wp","href":"https:\/\/api.w.org\/{rel}","templated":true}]}}