{"id":1866,"date":"2025-08-11T17:02:27","date_gmt":"2025-08-11T15:02:27","guid":{"rendered":"https:\/\/musialjanicka.art\/?post_type=product&#038;p=1866"},"modified":"2025-08-11T17:44:47","modified_gmt":"2025-08-11T15:44:47","slug":"plakat-zachwycajaca-zolta-kropka","status":"publish","type":"product","link":"https:\/\/musialjanicka.art\/pl\/product\/poster-thelightful-yellow-dot\/","title":{"rendered":"Plakat | Zachwycaj\u0105ca \/TheLightFul\/ \u017b\u00f3\u0142ta Kropka"},"content":{"rendered":"<p class=\"\" data-start=\"94\" data-end=\"247\"><strong data-start=\"94\" data-end=\"247\">Plakat z unikalnego dzia\u0142a - oryginalnej fotografii wsp\u00f3\u0142czesnej, z limitowanej edycji kolekcjonerskiej pt.: <a href=\"https:\/\/musialjanicka.art\/pl\/produkt\/thelightful-zolta-kropka\/\" target=\"_blank\" rel=\"noopener\">\"TheLightFul Yellow Dot\"<\/a>\u00a0- pochodz\u0105cej z kolekcji <a href=\"https:\/\/musialjanicka.art\/pl\/kolekcje\/thelight-pl\/\" target=\"_blank\" rel=\"noopener\">\"TheLight\"<\/a> autorstwa Joanny Musia\u0142-Janickiej.\u00a0<\/strong><\/p>\n<p class=\"\" data-start=\"166\" data-end=\"575\">Teraz dost\u0119pny jako plakat w naszej starannie wyselekcjonowanej galerii online - przemy\u015blany i niedrogi spos\u00f3b na wzbogacenie codziennego otoczenia o pe\u0142ne duszy fotografie. Otaczaj si\u0119 obrazami, kt\u00f3re nios\u0105 ze sob\u0105 g\u0142\u0119bi\u0119 i intencj\u0119, zamiast masowo produkowanych dekoracji. Do\u015bwiadcz g\u0142\u0119bi perspektywy artystki. Elegancki, dost\u0119pny i stworzony, by zach\u0119ca\u0107 do chwil wyciszenia i harmonii z natur\u0105. <a href=\"https:\/\/musialjanicka.art\/pl\/misja\/\" target=\"_blank\" rel=\"noopener\">Wszystko zgodnie z Misj\u0105 artystki<\/a> i jej wizj\u0105 spokoju.<\/p>\n<p data-start=\"240\" data-end=\"747\">Ten plakat, przedstawiaj\u0105cy dwa \u017c\u00f3\u0142te kwiaty - jeden w ostry, a drugi delikatnie rozmyty - wprowadza \u015bwie\u017cy przyp\u0142yw energii i wizualnego optymizmu do wsp\u00f3\u0142czesnych wn\u0119trz. Dzi\u0119ki \u017cywym \u017c\u00f3\u0142tym akcentom na malarskim zielonym i granatowym tle, staje si\u0119 radosnym punktem centralnym, kt\u00f3ry o\u017cywia nowoczesne, minimalistyczne i loftowe przestrzenie, zachowuj\u0105c jednocze\u015bnie poczucie r\u00f3wnowagi i spokoju. W rezultacie pi\u0119knie sprawdza si\u0119 zar\u00f3wno jako element dekoracyjny, jak i subtelne uzupe\u0142nienie istniej\u0105cego wystroju.<\/p>\n<p data-start=\"749\" data-end=\"886\">Idealny do sypialni jako dekoracja nad \u0142\u00f3\u017ckiem, a tak\u017ce do luksusowych apartament\u00f3w, wn\u0119trz hoteli i spa oraz minimalistycznych przestrzeni biurowych.<\/p>\n<p class=\"\" data-start=\"930\" data-end=\"1108\">To tak\u017ce wyr\u00f3\u017cniaj\u0105cy si\u0119 i osobisty prezent \u2013 doskona\u0142y na parapet\u00f3wk\u0119, urodziny dla wra\u017cliwych dusz lub jako wyj\u0105tkowe podzi\u0119kowanie dla kogo\u015b, kto docenia pi\u0119kno z g\u0142\u0119bi\u0105.<\/p>\n<hr class=\"\" data-start=\"1517\" data-end=\"1520\" \/>\n<p><strong data-start=\"1153\" data-end=\"1197\">Szczeg\u00f3\u0142y dotycz\u0105ce <em>\"TheLightFul Yellow Dot\" <\/em>w edycji plakatowej:<\/strong><\/p>\n<ul>\n<li>Elegancka bia\u0142a ramka z subtelnym logo artysty<\/li>\n<li>Nadruk na <strong>wysokiej jako\u015bci papierze powlekanym (180 g)<\/strong><\/li>\n<li><strong>Edycja otwarta<\/strong> - dost\u0119pny <strong>fotografia artystyczna Fine Art<\/strong> w przyst\u0119pnej cenowo formie<\/li>\n<li>Dost\u0119pny w 3 rozmiarach<\/li>\n<li>Wysy\u0142ka bez ramy, na ca\u0142y \u015bwiat, w tubie ochronnej - <strong>dostawa w przyst\u0119pnej cenie<\/strong><\/li>\n<li>Subtelna fotografia botaniczna - spokojna, ponadczasowa dekoracja<\/li>\n<li>Przemy\u015blany i wyj\u0105tkowy produkt dla ka\u017cdego, kto ceni <strong>harmoni\u0119, spok\u00f3j i estetyk\u0119<\/strong><\/li>\n<li>Orientacja: pionowa<\/li>\n<\/ul>\n<h5>Otaczaj si\u0119 sztuk\u0105, kt\u00f3ra zaprasza spok\u00f3j i wyciszenie \u2014 stw\u00f3rz kolekcj\u0119 plakat\u00f3w inspirowanych uwa\u017cno\u015bci\u0105. #ThePowerOfAStop<\/h5>","protected":false},"excerpt":{"rendered":"<p><strong>Organiczna Fotografia z \u017c\u00f3\u0142tym kwiatem | Fot. Joanna Musia\u0142-Janicka<\/strong><\/p>","protected":false},"featured_media":1870,"template":"","meta":{"pgc_sgb_lightbox_settings":""},"product_brand":[],"product_cat":[122],"product_tag":[70,71,73,94,183,182,117,179,80,107,81,89,97,116,184,181],"Collections":[191],"class_list":{"0":"post-1866","1":"product","2":"type-product","3":"status-publish","4":"has-post-thumbnail","6":"product_cat-posters","7":"product_tag-art-for-office-spaces","8":"product_tag-artistic-photography","9":"product_tag-botanical-photography","10":"product_tag-contemporary-art-for-sale","11":"product_tag-contemporary-photography","12":"product_tag-japandi-wall-decor","13":"product_tag-joanna-musial-janicka","14":"product_tag-mindful-art","15":"product_tag-minimalist-organic-art","16":"product_tag-minimalist-wall-art","17":"product_tag-modern-office-decor","18":"product_tag-online-art-gallery","19":"product_tag-photography-by-contemporary-artists","20":"product_tag-poster-photography-print","21":"product_tag-scandinavian-style-decor","22":"product_tag-thepowerofastop","23":"product_shipping_class-posters","24":"pa_art-style-contemporary-modern-art","25":"pa_art-style-floral-art","26":"pa_art-style-industrial-loft-art","27":"pa_art-style-romantic-art","28":"pa_color-navy-photography-prints","29":"pa_color-yellow-photography-prints","30":"pa_orientation-vertical","31":"pa_size-70x100-30x40","32":"pa_size-30x45-12x18","33":"pa_size-50x75-20x30","34":"pa_theme-art-botanical-photography","35":"pa_tones-pop-of-color","36":"collections-thelight","38":"first","39":"instock","40":"shipping-taxable","41":"purchasable","42":"product-type-variable"},"yoast_head":"<!-- This site is optimized with the Yoast SEO plugin v27.5 - https:\/\/yoast.com\/product\/yoast-seo-wordpress\/ -->\n<title>Poster &quot;TheLightFul Yellow Dot&quot; by Joanna Musia\u0142-Janicka - musialjanicka.art<\/title>\n<meta name=\"description\" content=\"Artistic poster print &quot;TheLightFul Yellow Dot&quot; by Joanna Musia\u0142-Janicka \u2013 calming, elegant photography with white border and artist\u2019s logo.\" \/>\n<meta name=\"robots\" content=\"index, follow, max-snippet:-1, max-image-preview:large, max-video-preview:-1\" \/>\n<link rel=\"canonical\" href=\"https:\/\/musialjanicka.art\/pl\/produkt\/plakat-zachwycajaca-zolta-kropka\/\" \/>\n<meta property=\"og:locale\" content=\"pl_PL\" \/>\n<meta property=\"og:type\" content=\"article\" \/>\n<meta property=\"og:title\" content=\"Poster &quot;TheLightFul Yellow Dot&quot; by Joanna Musia\u0142-Janicka - musialjanicka.art\" \/>\n<meta property=\"og:description\" content=\"Artistic poster print &quot;TheLightFul Yellow Dot&quot; by Joanna Musia\u0142-Janicka \u2013 calming, elegant photography with white border and artist\u2019s logo.\" \/>\n<meta property=\"og:url\" content=\"https:\/\/musialjanicka.art\/pl\/produkt\/plakat-zachwycajaca-zolta-kropka\/\" \/>\n<meta property=\"og:site_name\" content=\"musialjanicka.art\" \/>\n<meta property=\"article:publisher\" content=\"https:\/\/www.facebook.com\/profile.php?id=61558487248297\" \/>\n<meta property=\"article:modified_time\" content=\"2025-08-11T15:44:47+00:00\" \/>\n<meta property=\"og:image\" content=\"https:\/\/musialjanicka.art\/wp-content\/uploads\/2025\/08\/TheligtFul-Yellow-Dot-poster-Fine-Art-Photography-Joanna-Musial-Janicka-musialjanicka.art-22.jpg\" \/>\n\t<meta property=\"og:image:width\" content=\"1024\" \/>\n\t<meta property=\"og:image:height\" content=\"1024\" \/>\n\t<meta property=\"og:image:type\" content=\"image\/jpeg\" \/>\n<meta name=\"twitter:card\" content=\"summary_large_image\" \/>\n<meta name=\"twitter:label1\" content=\"Szacowany czas czytania\" \/>\n\t<meta name=\"twitter:data1\" content=\"2 minuty\" \/>\n<script type=\"application\/ld+json\" class=\"yoast-schema-graph\">{\"@context\":\"https:\\\/\\\/schema.org\",\"@graph\":[{\"@type\":\"WebPage\",\"@id\":\"https:\\\/\\\/musialjanicka.art\\\/product\\\/poster-thelightful-yellow-dot\\\/\",\"url\":\"https:\\\/\\\/musialjanicka.art\\\/product\\\/poster-thelightful-yellow-dot\\\/\",\"name\":\"Poster \\\"TheLightFul Yellow Dot\\\" by Joanna Musia\u0142-Janicka - musialjanicka.art\",\"isPartOf\":{\"@id\":\"https:\\\/\\\/musialjanicka.art\\\/#website\"},\"primaryImageOfPage\":{\"@id\":\"https:\\\/\\\/musialjanicka.art\\\/product\\\/poster-thelightful-yellow-dot\\\/#primaryimage\"},\"image\":{\"@id\":\"https:\\\/\\\/musialjanicka.art\\\/product\\\/poster-thelightful-yellow-dot\\\/#primaryimage\"},\"thumbnailUrl\":\"https:\\\/\\\/musialjanicka.art\\\/wp-content\\\/uploads\\\/2025\\\/08\\\/TheligtFul-Yellow-Dot-poster-Fine-Art-Photography-Joanna-Musial-Janicka-musialjanicka.art-22.jpg\",\"datePublished\":\"2025-08-11T15:02:27+00:00\",\"dateModified\":\"2025-08-11T15:44:47+00:00\",\"description\":\"Artistic poster print \\\"TheLightFul Yellow Dot\\\" by Joanna Musia\u0142-Janicka \u2013 calming, elegant photography with white border and artist\u2019s logo.\",\"breadcrumb\":{\"@id\":\"https:\\\/\\\/musialjanicka.art\\\/product\\\/poster-thelightful-yellow-dot\\\/#breadcrumb\"},\"inLanguage\":\"pl-PL\",\"potentialAction\":[{\"@type\":\"ReadAction\",\"target\":[\"https:\\\/\\\/musialjanicka.art\\\/product\\\/poster-thelightful-yellow-dot\\\/\"]}]},{\"@type\":\"ImageObject\",\"inLanguage\":\"pl-PL\",\"@id\":\"https:\\\/\\\/musialjanicka.art\\\/product\\\/poster-thelightful-yellow-dot\\\/#primaryimage\",\"url\":\"https:\\\/\\\/musialjanicka.art\\\/wp-content\\\/uploads\\\/2025\\\/08\\\/TheligtFul-Yellow-Dot-poster-Fine-Art-Photography-Joanna-Musial-Janicka-musialjanicka.art-22.jpg\",\"contentUrl\":\"https:\\\/\\\/musialjanicka.art\\\/wp-content\\\/uploads\\\/2025\\\/08\\\/TheligtFul-Yellow-Dot-poster-Fine-Art-Photography-Joanna-Musial-Janicka-musialjanicka.art-22.jpg\",\"width\":1024,\"height\":1024,\"caption\":\"Minimalist mindful art photography poster for serene, elegant interiors \u2013 limited edition by Joanna Musia\u0142-Janicka\"},{\"@type\":\"BreadcrumbList\",\"@id\":\"https:\\\/\\\/musialjanicka.art\\\/product\\\/poster-thelightful-yellow-dot\\\/#breadcrumb\",\"itemListElement\":[{\"@type\":\"ListItem\",\"position\":1,\"name\":\"Home\",\"item\":\"https:\\\/\\\/musialjanicka.art\\\/\"},{\"@type\":\"ListItem\",\"position\":2,\"name\":\"Shop\",\"item\":\"https:\\\/\\\/musialjanicka.art\\\/shop\\\/\"},{\"@type\":\"ListItem\",\"position\":3,\"name\":\"Poster | TheLightFul Yellow Dot\"}]},{\"@type\":\"WebSite\",\"@id\":\"https:\\\/\\\/musialjanicka.art\\\/#website\",\"url\":\"https:\\\/\\\/musialjanicka.art\\\/\",\"name\":\"musialjanicka.art\",\"description\":\"Art Supporting Peace of Your Mind and Soul\",\"publisher\":{\"@id\":\"https:\\\/\\\/musialjanicka.art\\\/#organization\"},\"potentialAction\":[{\"@type\":\"SearchAction\",\"target\":{\"@type\":\"EntryPoint\",\"urlTemplate\":\"https:\\\/\\\/musialjanicka.art\\\/?s={search_term_string}\"},\"query-input\":{\"@type\":\"PropertyValueSpecification\",\"valueRequired\":true,\"valueName\":\"search_term_string\"}}],\"inLanguage\":\"pl-PL\"},{\"@type\":\"Organization\",\"@id\":\"https:\\\/\\\/musialjanicka.art\\\/#organization\",\"name\":\"musialjanicka.art\",\"url\":\"https:\\\/\\\/musialjanicka.art\\\/\",\"logo\":{\"@type\":\"ImageObject\",\"inLanguage\":\"pl-PL\",\"@id\":\"https:\\\/\\\/musialjanicka.art\\\/#\\\/schema\\\/logo\\\/image\\\/\",\"url\":\"https:\\\/\\\/musialjanicka.art\\\/wp-content\\\/uploads\\\/2025\\\/02\\\/cropped-Nowe-logo-kwadrat-620x620px.png\",\"contentUrl\":\"https:\\\/\\\/musialjanicka.art\\\/wp-content\\\/uploads\\\/2025\\\/02\\\/cropped-Nowe-logo-kwadrat-620x620px.png\",\"width\":512,\"height\":512,\"caption\":\"musialjanicka.art\"},\"image\":{\"@id\":\"https:\\\/\\\/musialjanicka.art\\\/#\\\/schema\\\/logo\\\/image\\\/\"},\"sameAs\":[\"https:\\\/\\\/www.facebook.com\\\/profile.php?id=61558487248297\",\"https:\\\/\\\/www.instagram.com\\\/peacefulnaturebyjmj\\\/\",\"https:\\\/\\\/pl.pinterest.com\\\/jmusialjanicka\\\/?actingBusinessId=482518684984684504\"]}]}<\/script>\n<!-- \/ Yoast SEO plugin. -->","yoast_head_json":{"title":"Plakat \"TheLightFul Yellow Dot\" autorstwa Joanny Musia\u0142-Janickiej - musialjanicka.art","description":"Artystyczny wydruk plakatu \"TheLightFul Yellow Dot\" autorstwa Joanny Musia\u0142-Janickiej - spokojna, elegancka fotografia z bia\u0142\u0105 ramk\u0105 i logo artystki.","robots":{"index":"index","follow":"follow","max-snippet":"max-snippet:-1","max-image-preview":"max-image-preview:large","max-video-preview":"max-video-preview:-1"},"canonical":"https:\/\/musialjanicka.art\/pl\/produkt\/plakat-zachwycajaca-zolta-kropka\/","og_locale":"pl_PL","og_type":"article","og_title":"Poster \"TheLightFul Yellow Dot\" by Joanna Musia\u0142-Janicka - musialjanicka.art","og_description":"Artistic poster print \"TheLightFul Yellow Dot\" by Joanna Musia\u0142-Janicka \u2013 calming, elegant photography with white border and artist\u2019s logo.","og_url":"https:\/\/musialjanicka.art\/pl\/produkt\/plakat-zachwycajaca-zolta-kropka\/","og_site_name":"musialjanicka.art","article_publisher":"https:\/\/www.facebook.com\/profile.php?id=61558487248297","article_modified_time":"2025-08-11T15:44:47+00:00","og_image":[{"width":1024,"height":1024,"url":"https:\/\/musialjanicka.art\/wp-content\/uploads\/2025\/08\/TheligtFul-Yellow-Dot-poster-Fine-Art-Photography-Joanna-Musial-Janicka-musialjanicka.art-22.jpg","type":"image\/jpeg"}],"twitter_card":"summary_large_image","twitter_misc":{"Szacowany czas czytania":"2 minuty"},"schema":{"@context":"https:\/\/schema.org","@graph":[{"@type":"WebPage","@id":"https:\/\/musialjanicka.art\/product\/poster-thelightful-yellow-dot\/","url":"https:\/\/musialjanicka.art\/product\/poster-thelightful-yellow-dot\/","name":"Plakat \"TheLightFul Yellow Dot\" autorstwa Joanny Musia\u0142-Janickiej - musialjanicka.art","isPartOf":{"@id":"https:\/\/musialjanicka.art\/#website"},"primaryImageOfPage":{"@id":"https:\/\/musialjanicka.art\/product\/poster-thelightful-yellow-dot\/#primaryimage"},"image":{"@id":"https:\/\/musialjanicka.art\/product\/poster-thelightful-yellow-dot\/#primaryimage"},"thumbnailUrl":"https:\/\/musialjanicka.art\/wp-content\/uploads\/2025\/08\/TheligtFul-Yellow-Dot-poster-Fine-Art-Photography-Joanna-Musial-Janicka-musialjanicka.art-22.jpg","datePublished":"2025-08-11T15:02:27+00:00","dateModified":"2025-08-11T15:44:47+00:00","description":"Artystyczny wydruk plakatu \"TheLightFul Yellow Dot\" autorstwa Joanny Musia\u0142-Janickiej - spokojna, elegancka fotografia z bia\u0142\u0105 ramk\u0105 i logo artystki.","breadcrumb":{"@id":"https:\/\/musialjanicka.art\/product\/poster-thelightful-yellow-dot\/#breadcrumb"},"inLanguage":"pl-PL","potentialAction":[{"@type":"ReadAction","target":["https:\/\/musialjanicka.art\/product\/poster-thelightful-yellow-dot\/"]}]},{"@type":"ImageObject","inLanguage":"pl-PL","@id":"https:\/\/musialjanicka.art\/product\/poster-thelightful-yellow-dot\/#primaryimage","url":"https:\/\/musialjanicka.art\/wp-content\/uploads\/2025\/08\/TheligtFul-Yellow-Dot-poster-Fine-Art-Photography-Joanna-Musial-Janicka-musialjanicka.art-22.jpg","contentUrl":"https:\/\/musialjanicka.art\/wp-content\/uploads\/2025\/08\/TheligtFul-Yellow-Dot-poster-Fine-Art-Photography-Joanna-Musial-Janicka-musialjanicka.art-22.jpg","width":1024,"height":1024,"caption":"Minimalist mindful art photography poster for serene, elegant interiors \u2013 limited edition by Joanna Musia\u0142-Janicka"},{"@type":"BreadcrumbList","@id":"https:\/\/musialjanicka.art\/product\/poster-thelightful-yellow-dot\/#breadcrumb","itemListElement":[{"@type":"ListItem","position":1,"name":"Home","item":"https:\/\/musialjanicka.art\/"},{"@type":"ListItem","position":2,"name":"Shop","item":"https:\/\/musialjanicka.art\/shop\/"},{"@type":"ListItem","position":3,"name":"Poster | TheLightFul Yellow Dot"}]},{"@type":"WebSite","@id":"https:\/\/musialjanicka.art\/#website","url":"https:\/\/musialjanicka.art\/","name":"musialjanicka.art","description":"Sztuka wspieraj\u0105ca spok\u00f3j umys\u0142u i duszy","publisher":{"@id":"https:\/\/musialjanicka.art\/#organization"},"potentialAction":[{"@type":"SearchAction","target":{"@type":"EntryPoint","urlTemplate":"https:\/\/musialjanicka.art\/?s={search_term_string}"},"query-input":{"@type":"PropertyValueSpecification","valueRequired":true,"valueName":"search_term_string"}}],"inLanguage":"pl-PL"},{"@type":"Organization","@id":"https:\/\/musialjanicka.art\/#organization","name":"musialjanicka.art","url":"https:\/\/musialjanicka.art\/","logo":{"@type":"ImageObject","inLanguage":"pl-PL","@id":"https:\/\/musialjanicka.art\/#\/schema\/logo\/image\/","url":"https:\/\/musialjanicka.art\/wp-content\/uploads\/2025\/02\/cropped-Nowe-logo-kwadrat-620x620px.png","contentUrl":"https:\/\/musialjanicka.art\/wp-content\/uploads\/2025\/02\/cropped-Nowe-logo-kwadrat-620x620px.png","width":512,"height":512,"caption":"musialjanicka.art"},"image":{"@id":"https:\/\/musialjanicka.art\/#\/schema\/logo\/image\/"},"sameAs":["https:\/\/www.facebook.com\/profile.php?id=61558487248297","https:\/\/www.instagram.com\/peacefulnaturebyjmj\/","https:\/\/pl.pinterest.com\/jmusialjanicka\/?actingBusinessId=482518684984684504"]}]}},"jetpack_sharing_enabled":true,"_links":{"self":[{"href":"https:\/\/musialjanicka.art\/pl\/wp-json\/wp\/v2\/product\/1866","targetHints":{"allow":["GET"]}}],"collection":[{"href":"https:\/\/musialjanicka.art\/pl\/wp-json\/wp\/v2\/product"}],"about":[{"href":"https:\/\/musialjanicka.art\/pl\/wp-json\/wp\/v2\/types\/product"}],"wp:featuredmedia":[{"embeddable":true,"href":"https:\/\/musialjanicka.art\/pl\/wp-json\/wp\/v2\/media\/1870"}],"wp:attachment":[{"href":"https:\/\/musialjanicka.art\/pl\/wp-json\/wp\/v2\/media?parent=1866"}],"wp:term":[{"taxonomy":"product_brand","embeddable":true,"href":"https:\/\/musialjanicka.art\/pl\/wp-json\/wp\/v2\/product_brand?post=1866"},{"taxonomy":"product_cat","embeddable":true,"href":"https:\/\/musialjanicka.art\/pl\/wp-json\/wp\/v2\/product_cat?post=1866"},{"taxonomy":"product_tag","embeddable":true,"href":"https:\/\/musialjanicka.art\/pl\/wp-json\/wp\/v2\/product_tag?post=1866"},{"taxonomy":"collections","embeddable":true,"href":"https:\/\/musialjanicka.art\/pl\/wp-json\/wp\/v2\/Collections?post=1866"}],"curies":[{"name":"wp","href":"https:\/\/api.w.org\/{rel}","templated":true}]}}