{"id":2123,"date":"2025-11-27T14:47:40","date_gmt":"2025-11-27T13:47:40","guid":{"rendered":"https:\/\/musialjanicka.art\/?post_type=product&#038;p=2123"},"modified":"2026-02-05T13:41:32","modified_gmt":"2026-02-05T12:41:32","slug":"oryginalny-mindfulness-w-kolorze-rozowym","status":"publish","type":"product","link":"https:\/\/musialjanicka.art\/pl\/product\/original-mindfulness-in-pink\/","title":{"rendered":"Oryginalny | Uwa\u017cno\u015b\u0107 w R\u00f3\u017cowym"},"content":{"rendered":"<p><strong>The photograph, <em>&#8220;Mindfulness in Pink&#8221;<\/em> is part of the <a href=\"https:\/\/musialjanicka.art\/collections\/mindfulness\/\" target=\"_blank\" rel=\"noopener\"><em>&#8220;Mindfulness&#8221; Collection<\/em><\/a>, celebrating the beauty of moments filled with stillness, simplicity, and harmony. Each artwork in this series was born from the artist\u2019s heartfelt need to pause and spend quiet, attentive moments in nature. A single, intuitively chosen tree became a place for practicing mindfulness, calm, and contemplation of subtle beauty. Across different seasons, under changing light, and in varying weather conditions. This is how the \u201cMindfulness\u201d Collection was created &#8211; in accordance with the rhythm of the artist\u2019s long-term project.<\/strong><\/p>\n<p>A single pink flower, intuitively discovered has become a symbol of freedom that does not require a crowd to exist. It stood confident in its color, among the bare, subdued branches of early autumn.<\/p>\n<p>This is freedom expressed through simple presence: in a color unafraid to stand out. In existence that needs no applause. In being that asks for no permission. It reminds us that freedom begins with the decision not to hide who we are &#8211; even when the surrounding world quiets down.<\/p>\n<p>This is an image of mindfulness that allows one to be fully present, without justification or fear. It invites pause and reflection on how much freedom arises from accepting one\u2019s own nature.<\/p>\n<h4 data-start=\"44\" data-end=\"107\">This Fine Art photograph, \u201cMindfulness in Pink,\u201d is part of a limited edition collectible series of only <strong data-start=\"690\" data-end=\"712\">25 pigment prints in total<\/strong> (5 in each size \u2014 once sold out, no further prints will be produced).<\/h4>\n<p>&nbsp;<\/p>\n<ul>\n<li data-start=\"514\" data-end=\"563\">The <strong>author\u2019s signature<\/strong>, <strong>unique number<\/strong>, and <strong>embossed dry stamp<\/strong> are positioned in the white margin<\/li>\n<li data-start=\"566\" data-end=\"611\">Includes a <strong>Certificate of Authenticity\u00a0<\/strong>(signed; with dry stamp)<\/li>\n<li><strong>Limited Edition<\/strong> with a Progressive Price List:\n<ul>\n<li data-start=\"705\" data-end=\"769\">The fewer pieces available, the greater the collectible value.<\/li>\n<li data-start=\"705\" data-end=\"769\">As the edition sells out, each subsequent print in a given size and format increases in price. Consequently, this enhances its value at the time of purchase.<\/li>\n<\/ul>\n<\/li>\n<\/ul>\n<p>&nbsp;<\/p>\n<h4 style=\"font-size: 16px; font-weight: 400;\">Crafted to gallery standards:<\/h4>\n<ul style=\"font-size: 16px; font-weight: 400;\">\n<li data-start=\"64\" data-end=\"118\"><strong>Museum-quality archival paper<\/strong> with matte finish for subtle depth and clarity<\/li>\n<li data-start=\"64\" data-end=\"118\"><strong>Pigment printing technology<\/strong> (Canon 1440DPI resolution) for exceptional precision<\/li>\n<li data-start=\"64\" data-end=\"118\">Archival<strong> acid-free paper<\/strong>, lasting over <strong>100 years<\/strong> (indoor exposure)<\/li>\n<\/ul>\n<h3 class=\"font-semibold pdf-heading-class-replace text-h4 leading-[30px] pt-[15px] pb-[2px] [&amp;_a]:underline-offset-[6px] [&amp;_.underline]:underline-offset-[6px]\"><strong class=\"font-semibold\">How \u201c<strong><em>Mindfulness in Pink<\/em><\/strong>\u201d Enriches Your Space?<\/strong><\/h3>\n<p data-start=\"2518\" data-end=\"2754\">\u201cMindfulness in Pink\u201d is not just a photograph. It is an invitation to pause, breathe, and find calm in everyday life. This fine art photograph harmonizes effortlessly with the slow-living-inspired space you create.<\/p>\n<p data-start=\"2756\" data-end=\"2784\">It is particularly well-suited for:<\/p>\n<ul>\n<li><strong>a living room wall art<\/strong><\/li>\n<li><strong>an artwork above your bed<\/strong><\/li>\n<li><strong data-start=\"2858\" data-end=\"2885\">reception area wall art<\/strong><\/li>\n<li><strong data-start=\"2892\" data-end=\"2910\">lobby wall art<\/strong><\/li>\n<\/ul>\n<p data-start=\"2913\" data-end=\"3177\">Thus, it brings timeless elegance, calm, and mindfulness to your environment while creating a space that supports reflection and conscious presence. Its soft light and warm hues make it an ideal choice for art collectors and those seeking depth and harmony in daily life.<\/p>\n<p data-start=\"3179\" data-end=\"3299\">What\u2019s more, it is a perfect option for those who value luxury art and seek inspiration for unique home or office decor.<\/p>\n<p data-start=\"3179\" data-end=\"3299\">This botanical photography work of art aligns beautifully with the message of the <a href=\"https:\/\/musialjanicka.art\/collections\/mindfulness\/\" target=\"_blank\" rel=\"noopener\">\u201cMindfulness\u201d Collection<\/a> as well as the <a href=\"https:\/\/musialjanicka.art\/mission\/\" target=\"_blank\" rel=\"noopener\">artist\u2019s intention<\/a>, reminding us of the importance of pausing and noticing what truly matters. Its gentle tones and subtle light make it an excellent choice for collectors and those wishing to bring depth, harmony, and a touch of nature into their spaces.<\/p>\n<h3 class=\"font-semibold pdf-heading-class-replace text-h4 leading-[30px] pt-[15px] pb-[2px] [&amp;_a]:underline-offset-[6px] [&amp;_.underline]:underline-offset-[6px]\" dir=\"ltr\">Add This Artwork to Your Collection<\/h3>\n<p>The photograph <em><strong data-start=\"309\" data-end=\"333\">\u201cMindfulness in Pink\u201d<\/strong><\/em> is available as part of a <strong data-start=\"360\" data-end=\"409\">limited collector\u2019s edition of only 20 pieces. <\/strong>Each accompanied by a <strong data-start=\"433\" data-end=\"484\">Certificate of Authenticity and a unique number<\/strong>, signed by the artist Joanna Musia\u0142-Janicka. This ensures that each piece gains investment value in order to give you confidence that you are bringing <strong>a unique work of art<\/strong> into your space.\u00a0Especially one that will remain special for years to come. Choose a fine art photograph that nurtures your environment with the <strong data-start=\"3790\" data-end=\"3873\">botanical beauty of nature while supporting mindfulness and well-being each day<\/strong>.<\/p>\n<hr \/>\n<p class=\"\" data-start=\"1581\" data-end=\"1696\">Meanwhile, explore the full &#8220;<em><strong><strong class=\"font-semibold\">Mindfulness&#8221;<\/strong><\/strong><\/em> collection and discover more art filled with light and delightful beauty. <strong class=\"font-semibold\">This is truly mindful art for the soul, offering a visual meditation.<\/strong>\u2013 [<a href=\"https:\/\/musialjanicka.art\/collections\/mindfulness\/\" target=\"_blank\" rel=\"noopener\">explore the full collection here<\/a>]. #ThePowerOfAStop<\/p>\n","protected":false},"excerpt":{"rendered":"<h6>Druk pigmentowy o jako\u015bci galeryjnej autorstwa Joanny Musia\u0142-Janickiej - certyfikowana, r\u0119cznie podpisana, kolekcjonerska edycja limitowana. Ceny progresywne.<\/h6>\n<p><em>Edycja kolekcjonerska - tylko 25 egzemplarzy<\/em><br \/>\n<em>Aktualnie dost\u0119pny numer: <strong>Nr 25 \/ 25<\/strong><\/em><br \/>\n<em>Numeracja przebiega w odwrotnej kolejno\u015bci (25 \u2192 1)<\/em><br \/>\n<em>Cena wzrasta wraz z post\u0119pem edycji<\/em><\/p>","protected":false},"featured_media":2317,"template":"","meta":{"pgc_sgb_lightbox_settings":""},"product_brand":[],"product_cat":[124],"product_tag":[93,194,201,73,172,102,74,105,90,117,111,179,92,173,181,96,195],"Collections":[193],"class_list":{"0":"post-2123","1":"product","2":"type-product","3":"status-publish","4":"has-post-thumbnail","6":"product_cat-collectors-photographs","7":"product_tag-art-collections","8":"product_tag-art-for-soul","9":"product_tag-art-to-buy","10":"product_tag-botanical-photography","11":"product_tag-certificate-of-authenticity","12":"product_tag-collectible-art","13":"product_tag-fine-art-photography","14":"product_tag-gallery-quality-fine-art","15":"product_tag-investing-in-art","16":"product_tag-joanna-musial-janicka","17":"product_tag-limited-edition-collectible-photography","18":"product_tag-mindful-art","19":"product_tag-original-photography-for-sale","20":"product_tag-progressive-price-list","21":"product_tag-thepowerofastop","22":"product_tag-unique-artworks","23":"product_tag-visual-meditation","24":"product_shipping_class-collectibles","25":"pa_art-style-contemporary-modern-art","26":"pa_art-style-floral-art","27":"pa_art-style-romantic-art","28":"pa_color-green-photography-prints","29":"pa_color-pink-photography-prints","30":"pa_orientation-vertical","31":"pa_size-85x120-33x47","32":"pa_size-60x85-24x33","33":"pa_size-60x40-24x16","34":"pa_size-40x30-16x12","35":"pa_size-20x30-8x12","36":"pa_theme-art-botanical-photography","37":"pa_tones-neutral-earth-tones","38":"pa_tones-pastel-tones","39":"collections-mindfulness","41":"first","42":"instock","43":"shipping-taxable","44":"purchasable","45":"product-type-variable"},"yoast_head":"<!-- This site is optimized with the Yoast SEO plugin v27.5 - https:\/\/yoast.com\/product\/yoast-seo-wordpress\/ -->\n<title>&quot;Mindfulness in Fruits&quot; | Limited Edition Fine Art Photography - musialjanicka.art<\/title>\n<meta name=\"description\" content=\"\u201cMindfulness in Fruits\u201d \u2013 a limited edition luxurious fine art photograph by Joanna Musia\u0142-Janicka. Discover the beauty of nature and timeless elegance.\" \/>\n<meta name=\"robots\" content=\"index, follow, max-snippet:-1, max-image-preview:large, max-video-preview:-1\" \/>\n<link rel=\"canonical\" href=\"https:\/\/musialjanicka.art\/pl\/produkt\/oryginalny-mindfulness-w-kolorze-rozowym\/\" \/>\n<meta property=\"og:locale\" content=\"pl_PL\" \/>\n<meta property=\"og:type\" content=\"article\" \/>\n<meta property=\"og:title\" content=\"&quot;Mindfulness in Fruits&quot; | Limited Edition Fine Art Photography - musialjanicka.art\" \/>\n<meta property=\"og:description\" content=\"\u201cMindfulness in Fruits\u201d \u2013 a limited edition luxurious fine art photograph by Joanna Musia\u0142-Janicka. Discover the beauty of nature and timeless elegance.\" \/>\n<meta property=\"og:url\" content=\"https:\/\/musialjanicka.art\/pl\/produkt\/oryginalny-mindfulness-w-kolorze-rozowym\/\" \/>\n<meta property=\"og:site_name\" content=\"musialjanicka.art\" \/>\n<meta property=\"article:publisher\" content=\"https:\/\/www.facebook.com\/profile.php?id=61558487248297\" \/>\n<meta property=\"article:modified_time\" content=\"2026-02-05T12:41:32+00:00\" \/>\n<meta property=\"og:image\" content=\"https:\/\/musialjanicka.art\/wp-content\/uploads\/2025\/11\/Mindfulness-in-Pink-Joanna-Musial-Janicka-musialjanicka.art_.jpg\" \/>\n\t<meta property=\"og:image:width\" content=\"1024\" \/>\n\t<meta property=\"og:image:height\" content=\"1024\" \/>\n\t<meta property=\"og:image:type\" content=\"image\/jpeg\" \/>\n<meta name=\"twitter:card\" content=\"summary_large_image\" \/>\n<meta name=\"twitter:label1\" content=\"Szacowany czas czytania\" \/>\n\t<meta name=\"twitter:data1\" content=\"4 minuty\" \/>\n<script type=\"application\/ld+json\" class=\"yoast-schema-graph\">{\"@context\":\"https:\\\/\\\/schema.org\",\"@graph\":[{\"@type\":\"WebPage\",\"@id\":\"https:\\\/\\\/musialjanicka.art\\\/product\\\/original-mindfulness-in-pink\\\/\",\"url\":\"https:\\\/\\\/musialjanicka.art\\\/product\\\/original-mindfulness-in-pink\\\/\",\"name\":\"\\\"Mindfulness in Fruits\\\" | Limited Edition Fine Art Photography - musialjanicka.art\",\"isPartOf\":{\"@id\":\"https:\\\/\\\/musialjanicka.art\\\/#website\"},\"primaryImageOfPage\":{\"@id\":\"https:\\\/\\\/musialjanicka.art\\\/product\\\/original-mindfulness-in-pink\\\/#primaryimage\"},\"image\":{\"@id\":\"https:\\\/\\\/musialjanicka.art\\\/product\\\/original-mindfulness-in-pink\\\/#primaryimage\"},\"thumbnailUrl\":\"https:\\\/\\\/musialjanicka.art\\\/wp-content\\\/uploads\\\/2025\\\/11\\\/Mindfulness-in-Pink-Joanna-Musial-Janicka-musialjanicka.art_.jpg\",\"datePublished\":\"2025-11-27T13:47:40+00:00\",\"dateModified\":\"2026-02-05T12:41:32+00:00\",\"description\":\"\u201cMindfulness in Fruits\u201d \u2013 a limited edition luxurious fine art photograph by Joanna Musia\u0142-Janicka. Discover the beauty of nature and timeless elegance.\",\"breadcrumb\":{\"@id\":\"https:\\\/\\\/musialjanicka.art\\\/product\\\/original-mindfulness-in-pink\\\/#breadcrumb\"},\"inLanguage\":\"pl-PL\",\"potentialAction\":[{\"@type\":\"ReadAction\",\"target\":[\"https:\\\/\\\/musialjanicka.art\\\/product\\\/original-mindfulness-in-pink\\\/\"]}]},{\"@type\":\"ImageObject\",\"inLanguage\":\"pl-PL\",\"@id\":\"https:\\\/\\\/musialjanicka.art\\\/product\\\/original-mindfulness-in-pink\\\/#primaryimage\",\"url\":\"https:\\\/\\\/musialjanicka.art\\\/wp-content\\\/uploads\\\/2025\\\/11\\\/Mindfulness-in-Pink-Joanna-Musial-Janicka-musialjanicka.art_.jpg\",\"contentUrl\":\"https:\\\/\\\/musialjanicka.art\\\/wp-content\\\/uploads\\\/2025\\\/11\\\/Mindfulness-in-Pink-Joanna-Musial-Janicka-musialjanicka.art_.jpg\",\"width\":1024,\"height\":1024,\"caption\":\"Mindfulniess in Pink - Joanna Musia\u0142-Janicka\"},{\"@type\":\"BreadcrumbList\",\"@id\":\"https:\\\/\\\/musialjanicka.art\\\/product\\\/original-mindfulness-in-pink\\\/#breadcrumb\",\"itemListElement\":[{\"@type\":\"ListItem\",\"position\":1,\"name\":\"Home\",\"item\":\"https:\\\/\\\/musialjanicka.art\\\/\"},{\"@type\":\"ListItem\",\"position\":2,\"name\":\"Shop\",\"item\":\"https:\\\/\\\/musialjanicka.art\\\/shop\\\/\"},{\"@type\":\"ListItem\",\"position\":3,\"name\":\"Original | Mindfulness in Pink\"}]},{\"@type\":\"WebSite\",\"@id\":\"https:\\\/\\\/musialjanicka.art\\\/#website\",\"url\":\"https:\\\/\\\/musialjanicka.art\\\/\",\"name\":\"musialjanicka.art\",\"description\":\"Art Supporting Peace of Your Mind and Soul\",\"publisher\":{\"@id\":\"https:\\\/\\\/musialjanicka.art\\\/#organization\"},\"potentialAction\":[{\"@type\":\"SearchAction\",\"target\":{\"@type\":\"EntryPoint\",\"urlTemplate\":\"https:\\\/\\\/musialjanicka.art\\\/?s={search_term_string}\"},\"query-input\":{\"@type\":\"PropertyValueSpecification\",\"valueRequired\":true,\"valueName\":\"search_term_string\"}}],\"inLanguage\":\"pl-PL\"},{\"@type\":\"Organization\",\"@id\":\"https:\\\/\\\/musialjanicka.art\\\/#organization\",\"name\":\"musialjanicka.art\",\"url\":\"https:\\\/\\\/musialjanicka.art\\\/\",\"logo\":{\"@type\":\"ImageObject\",\"inLanguage\":\"pl-PL\",\"@id\":\"https:\\\/\\\/musialjanicka.art\\\/#\\\/schema\\\/logo\\\/image\\\/\",\"url\":\"https:\\\/\\\/musialjanicka.art\\\/wp-content\\\/uploads\\\/2025\\\/02\\\/cropped-Nowe-logo-kwadrat-620x620px.png\",\"contentUrl\":\"https:\\\/\\\/musialjanicka.art\\\/wp-content\\\/uploads\\\/2025\\\/02\\\/cropped-Nowe-logo-kwadrat-620x620px.png\",\"width\":512,\"height\":512,\"caption\":\"musialjanicka.art\"},\"image\":{\"@id\":\"https:\\\/\\\/musialjanicka.art\\\/#\\\/schema\\\/logo\\\/image\\\/\"},\"sameAs\":[\"https:\\\/\\\/www.facebook.com\\\/profile.php?id=61558487248297\",\"https:\\\/\\\/www.instagram.com\\\/peacefulnaturebyjmj\\\/\",\"https:\\\/\\\/pl.pinterest.com\\\/jmusialjanicka\\\/?actingBusinessId=482518684984684504\"]}]}<\/script>\n<!-- \/ Yoast SEO plugin. -->","yoast_head_json":{"title":"\"Mindfulness in Fruits\" | Limited Edition Fine Art Photography - musialjanicka.art","description":"\"Mindfulness in Fruits\" - limitowana edycja luksusowej fotografii autorstwa Joanny Musia\u0142-Janickiej. Odkryj pi\u0119kno natury i ponadczasow\u0105 elegancj\u0119.","robots":{"index":"index","follow":"follow","max-snippet":"max-snippet:-1","max-image-preview":"max-image-preview:large","max-video-preview":"max-video-preview:-1"},"canonical":"https:\/\/musialjanicka.art\/pl\/produkt\/oryginalny-mindfulness-w-kolorze-rozowym\/","og_locale":"pl_PL","og_type":"article","og_title":"\"Mindfulness in Fruits\" | Limited Edition Fine Art Photography - musialjanicka.art","og_description":"\u201cMindfulness in Fruits\u201d \u2013 a limited edition luxurious fine art photograph by Joanna Musia\u0142-Janicka. Discover the beauty of nature and timeless elegance.","og_url":"https:\/\/musialjanicka.art\/pl\/produkt\/oryginalny-mindfulness-w-kolorze-rozowym\/","og_site_name":"musialjanicka.art","article_publisher":"https:\/\/www.facebook.com\/profile.php?id=61558487248297","article_modified_time":"2026-02-05T12:41:32+00:00","og_image":[{"width":1024,"height":1024,"url":"https:\/\/musialjanicka.art\/wp-content\/uploads\/2025\/11\/Mindfulness-in-Pink-Joanna-Musial-Janicka-musialjanicka.art_.jpg","type":"image\/jpeg"}],"twitter_card":"summary_large_image","twitter_misc":{"Szacowany czas czytania":"4 minuty"},"schema":{"@context":"https:\/\/schema.org","@graph":[{"@type":"WebPage","@id":"https:\/\/musialjanicka.art\/product\/original-mindfulness-in-pink\/","url":"https:\/\/musialjanicka.art\/product\/original-mindfulness-in-pink\/","name":"\"Mindfulness in Fruits\" | Limited Edition Fine Art Photography - musialjanicka.art","isPartOf":{"@id":"https:\/\/musialjanicka.art\/#website"},"primaryImageOfPage":{"@id":"https:\/\/musialjanicka.art\/product\/original-mindfulness-in-pink\/#primaryimage"},"image":{"@id":"https:\/\/musialjanicka.art\/product\/original-mindfulness-in-pink\/#primaryimage"},"thumbnailUrl":"https:\/\/musialjanicka.art\/wp-content\/uploads\/2025\/11\/Mindfulness-in-Pink-Joanna-Musial-Janicka-musialjanicka.art_.jpg","datePublished":"2025-11-27T13:47:40+00:00","dateModified":"2026-02-05T12:41:32+00:00","description":"\"Mindfulness in Fruits\" - limitowana edycja luksusowej fotografii autorstwa Joanny Musia\u0142-Janickiej. Odkryj pi\u0119kno natury i ponadczasow\u0105 elegancj\u0119.","breadcrumb":{"@id":"https:\/\/musialjanicka.art\/product\/original-mindfulness-in-pink\/#breadcrumb"},"inLanguage":"pl-PL","potentialAction":[{"@type":"ReadAction","target":["https:\/\/musialjanicka.art\/product\/original-mindfulness-in-pink\/"]}]},{"@type":"ImageObject","inLanguage":"pl-PL","@id":"https:\/\/musialjanicka.art\/product\/original-mindfulness-in-pink\/#primaryimage","url":"https:\/\/musialjanicka.art\/wp-content\/uploads\/2025\/11\/Mindfulness-in-Pink-Joanna-Musial-Janicka-musialjanicka.art_.jpg","contentUrl":"https:\/\/musialjanicka.art\/wp-content\/uploads\/2025\/11\/Mindfulness-in-Pink-Joanna-Musial-Janicka-musialjanicka.art_.jpg","width":1024,"height":1024,"caption":"Mindfulniess in Pink - Joanna Musia\u0142-Janicka"},{"@type":"BreadcrumbList","@id":"https:\/\/musialjanicka.art\/product\/original-mindfulness-in-pink\/#breadcrumb","itemListElement":[{"@type":"ListItem","position":1,"name":"Home","item":"https:\/\/musialjanicka.art\/"},{"@type":"ListItem","position":2,"name":"Shop","item":"https:\/\/musialjanicka.art\/shop\/"},{"@type":"ListItem","position":3,"name":"Original | Mindfulness in Pink"}]},{"@type":"WebSite","@id":"https:\/\/musialjanicka.art\/#website","url":"https:\/\/musialjanicka.art\/","name":"musialjanicka.art","description":"Sztuka wspieraj\u0105ca spok\u00f3j umys\u0142u i duszy","publisher":{"@id":"https:\/\/musialjanicka.art\/#organization"},"potentialAction":[{"@type":"SearchAction","target":{"@type":"EntryPoint","urlTemplate":"https:\/\/musialjanicka.art\/?s={search_term_string}"},"query-input":{"@type":"PropertyValueSpecification","valueRequired":true,"valueName":"search_term_string"}}],"inLanguage":"pl-PL"},{"@type":"Organization","@id":"https:\/\/musialjanicka.art\/#organization","name":"musialjanicka.art","url":"https:\/\/musialjanicka.art\/","logo":{"@type":"ImageObject","inLanguage":"pl-PL","@id":"https:\/\/musialjanicka.art\/#\/schema\/logo\/image\/","url":"https:\/\/musialjanicka.art\/wp-content\/uploads\/2025\/02\/cropped-Nowe-logo-kwadrat-620x620px.png","contentUrl":"https:\/\/musialjanicka.art\/wp-content\/uploads\/2025\/02\/cropped-Nowe-logo-kwadrat-620x620px.png","width":512,"height":512,"caption":"musialjanicka.art"},"image":{"@id":"https:\/\/musialjanicka.art\/#\/schema\/logo\/image\/"},"sameAs":["https:\/\/www.facebook.com\/profile.php?id=61558487248297","https:\/\/www.instagram.com\/peacefulnaturebyjmj\/","https:\/\/pl.pinterest.com\/jmusialjanicka\/?actingBusinessId=482518684984684504"]}]}},"jetpack_sharing_enabled":true,"_links":{"self":[{"href":"https:\/\/musialjanicka.art\/pl\/wp-json\/wp\/v2\/product\/2123","targetHints":{"allow":["GET"]}}],"collection":[{"href":"https:\/\/musialjanicka.art\/pl\/wp-json\/wp\/v2\/product"}],"about":[{"href":"https:\/\/musialjanicka.art\/pl\/wp-json\/wp\/v2\/types\/product"}],"wp:featuredmedia":[{"embeddable":true,"href":"https:\/\/musialjanicka.art\/pl\/wp-json\/wp\/v2\/media\/2317"}],"wp:attachment":[{"href":"https:\/\/musialjanicka.art\/pl\/wp-json\/wp\/v2\/media?parent=2123"}],"wp:term":[{"taxonomy":"product_brand","embeddable":true,"href":"https:\/\/musialjanicka.art\/pl\/wp-json\/wp\/v2\/product_brand?post=2123"},{"taxonomy":"product_cat","embeddable":true,"href":"https:\/\/musialjanicka.art\/pl\/wp-json\/wp\/v2\/product_cat?post=2123"},{"taxonomy":"product_tag","embeddable":true,"href":"https:\/\/musialjanicka.art\/pl\/wp-json\/wp\/v2\/product_tag?post=2123"},{"taxonomy":"collections","embeddable":true,"href":"https:\/\/musialjanicka.art\/pl\/wp-json\/wp\/v2\/Collections?post=2123"}],"curies":[{"name":"wp","href":"https:\/\/api.w.org\/{rel}","templated":true}]}}