{"id":2129,"date":"2025-12-03T13:31:59","date_gmt":"2025-12-03T12:31:59","guid":{"rendered":"https:\/\/musialjanicka.art\/?post_type=product&#038;p=2129"},"modified":"2026-02-05T13:40:45","modified_gmt":"2026-02-05T12:40:45","slug":"oryginalne-thelight-wolnosc","status":"publish","type":"product","link":"https:\/\/musialjanicka.art\/pl\/product\/original-thelight-of-slow-freedom\/","title":{"rendered":"Orygina\u0142 | Zachwycaj\u0105ca \/TheLight\/ (Po)Wolno\u015b\u0107"},"content":{"rendered":"<p data-start=\"261\" data-end=\"890\"><strong data-start=\"261\" data-end=\"554\">Inspired by the quiet beauty of nature, <em>\u201cTheLight of Slow Freedom\u201d<\/em> is a striking piece from the contemporary fine art photography collection <em>\u201c<a href=\"https:\/\/musialjanicka.art\/collections\/thelight\/\" target=\"_blank\" rel=\"noopener\">TheLight<\/a>\u201d<\/em>, where artist Joanna Musia\u0142-Janicka shares her personal moments of awe (<em data-start=\"485\" data-end=\"505\">TheLight \u2013 Delight<\/em>) inspired by the wonders of the natural world.<\/strong> With each photograph, she expresses<strong> deep gratitude<\/strong> for the gift of experiencing life \u2014 even in its smallest, most delicate details \u2014 as part of a beautifully interconnected whole. <em data-start=\"735\" data-end=\"745\">TheLight<\/em> is a poetic reminder of how important it is to pause and truly see the often-overlooked elements of nature. Sometimes, it\u2019s enough just to stop.<\/p>\n<p><em>&#8220;It could go upward&#8221;<\/em> \u2014 this thought arose involuntarily and immediately prompted the artist to reflect: is that really so? Or is it merely an expectation shaped by what is familiar and ingrained \u2014 that \u201cupward\u201d signifies growth and success, while \u201cdownward\u201d must mean the opposite?<\/p>\n<p>Meanwhile, the snail moves downward. Along its own path. Calmly, slowly, at its own pace, toward its chosen goal. Attentive, consistent. Free \u2014 from prejudice, patterns, and others\u2019 expectations. Perhaps \u201cdownward\u201d sometimes means taking a few steps back: to gain perspective, to retreat, to catch one\u2019s breath. So that later one may move \u201cupward\u201d along a better path. More slowly. In one\u2019s own way.<\/p>\n<p class=\"\" data-start=\"976\" data-end=\"1429\">This minimalist organic photography art embodies <a href=\"https:\/\/musialjanicka.art\/mission\/\" target=\"_blank\" rel=\"noopener\">the philosophy and intention<\/a> of Joanna Musia\u0142-Janicka: celebrating light, presence, and the profound experience of reality.<\/p>\n<h5>Exhibition history<\/h5>\n<p>The photograph premiered at the International Exhibition <a href=\"https:\/\/musialjanicka.art\/blog\/freedom-international-exhibition\/\" target=\"_blank\" rel=\"noopener\">&#8216;Freedom&#8217; at the Royal Blue VA Gallery in Stockholm<\/a>, concluding the <a href=\"https:\/\/musialjanicka.art\/blog\/rapid-accelerator-residency-freedom-stockholm\/\" target=\"_blank\" rel=\"noopener\">&#8216;Rapid Accelerator&#8217;<\/a> artistic residency in which Joanna Musia\u0142-Janicka took part.<br \/>\nInstallation views from the exhibition are included in the gallery and blog posts.<\/p>\n<p>&nbsp;<\/p>\n<h4 data-start=\"44\" data-end=\"107\">This Fine Art photograph, \u201c<strong data-start=\"261\" data-end=\"554\"><em>TheLight of Slow Freedom<\/em><\/strong>,\u201d is part of a limited edition collectible series of only <strong data-start=\"690\" data-end=\"712\">25 pigment prints in total<\/strong> (5 in each size \u2014 once sold out, no further prints will be produced).<\/h4>\n<p>&nbsp;<\/p>\n<ul>\n<li data-start=\"514\" data-end=\"563\"><strong>Signed<\/strong> by its author Joanna Musia\u0142-Janicka<\/li>\n<li data-start=\"566\" data-end=\"611\">Includes a <strong>Certificate of Authenticity <\/strong>(signed; with dry stamp)<\/li>\n<li data-start=\"614\" data-end=\"644\">Carries a <strong>unique number<\/strong><\/li>\n<li>Embossed with a <strong>dry stamp<\/strong> (positioned in the white margin)<\/li>\n<li><strong>Limited Edition<\/strong> with a Progressive Price List:\n<ul>\n<li data-start=\"705\" data-end=\"769\">The fewer pieces available, the greater the collectible value.<\/li>\n<li>As the edition sells out, each subsequent print in a given size and format increases in price. Consequently, this enhances its value at the time of purchase.<\/li>\n<\/ul>\n<\/li>\n<\/ul>\n<p>&nbsp;<\/p>\n<h4 style=\"font-size: 16px; font-weight: 400;\">Crafted to gallery standards:<\/h4>\n<ul style=\"font-size: 16px; font-weight: 400;\">\n<li data-start=\"64\" data-end=\"118\"><strong>Museum-quality archival paper<\/strong> with matte finish for subtle depth and clarity<\/li>\n<li data-start=\"64\" data-end=\"118\"><strong>Pigment printing technology<\/strong> (Canon 1440DPI resolution) for exceptional precision<\/li>\n<li data-start=\"64\" data-end=\"118\">Archival<strong> acid-free paper<\/strong>, lasting over <strong>100 years<\/strong> (indoor exposure)<\/li>\n<\/ul>\n<h5>Why Choose \u201cTheLight of Slow Freedom\u201d?<\/h5>\n<p data-start=\"2617\" data-end=\"3118\">It\u2019s a perfect choice for modern, minimalist interiors that need a visual accent in an elegant, simple form. This piece works beautifully in a bright kitchen, a creative office, a contemporary living room, or a serene hotel hallway. It introduces energy and freshness while maintaining artistic clarity. With its calm, neutral hue &#8211; in natural greens and browns and tactile detail, this photograph can easily become the visual focal point of the room.<\/p>\n<p data-start=\"3120\" data-end=\"3351\">Add a touch of light, color, and contemporary artistry to your home with this exceptional fine art print. Available as part of a limited edition <strong>of only 20 pieces.<\/strong> This fine art print offers a unique opportunity to bring a sense of calm and subtle strength into your environment. <strong class=\"font-semibold\">It is a perfect blend of art and meaning.<\/strong><\/p>\n<hr \/>\n<p class=\"\" data-start=\"1581\" data-end=\"1696\">Meanwhile, explore the full <strong>&#8216;<em>TheLight&#8217;<\/em><\/strong> collection and discover more art filled with light and delightful beauty \u2013 [<a href=\"https:\/\/musialjanicka.art\/collections\/thelight\/\" target=\"_blank\" rel=\"noopener\">click here<\/a>]. #ThePowerOfAStop<\/p>\n","protected":false},"excerpt":{"rendered":"<h6>Nowoczesna fotografia w jako\u015bci galeryjnej, wydruk pigmentowy autorstwa Joanny Musia\u0142-Janickiej - certyfikowana, r\u0119cznie sygnowana, kolekcjonerska edycja limitowana. Ceny progresywne.<\/h6>\n<p><em>Edycja kolekcjonerska - tylko 25 egzemplarzy<\/em><br \/>\n<em>Aktualnie dost\u0119pny numer: <strong>Nr 25 \/ 25<\/strong><\/em><br \/>\n<em>Numeracja przebiega w odwrotnej kolejno\u015bci (25 \u2192 1)<\/em><br \/>\n<em>Cena wzrasta wraz z post\u0119pem edycji<\/em><\/p>","protected":false},"featured_media":2134,"template":"","meta":{"pgc_sgb_lightbox_settings":""},"product_brand":[],"product_cat":[124],"product_tag":[93,196,99,73,172,102,114,74,105,90,117,111,179,80,92,173,197,181],"Collections":[191],"class_list":{"0":"post-2129","1":"product","2":"type-product","3":"status-publish","4":"has-post-thumbnail","6":"product_cat-collectors-photographs","7":"product_tag-art-collections","8":"product_tag-art-collector","9":"product_tag-art-for-sale-online","10":"product_tag-botanical-photography","11":"product_tag-certificate-of-authenticity","12":"product_tag-collectible-art","13":"product_tag-collectors-edition-photography","14":"product_tag-fine-art-photography","15":"product_tag-gallery-quality-fine-art","16":"product_tag-investing-in-art","17":"product_tag-joanna-musial-janicka","18":"product_tag-limited-edition-collectible-photography","19":"product_tag-mindful-art","20":"product_tag-minimalist-organic-art","21":"product_tag-original-photography-for-sale","22":"product_tag-progressive-price-list","23":"product_tag-slow-living-artist","24":"product_tag-thepowerofastop","25":"product_shipping_class-collectibles","26":"pa_art-style-contemporary-modern-art","27":"pa_art-style-industrial-loft-art","28":"pa_art-style-minimalist-art","29":"pa_art-style-scandinavian-japandi-wabi-sabi-art","30":"pa_color-brown-photography-prints","31":"pa_color-green-photography-prints","32":"pa_orientation-vertical","33":"pa_size-85x120-33x47","34":"pa_size-60x85-24x33","35":"pa_size-60x40-24x16","36":"pa_size-40x30-16x12","37":"pa_size-20x30-8x12","38":"pa_theme-art-botanical-photography","39":"pa_tones-neutral-earth-tones","40":"pa_tones-pastel-tones","41":"collections-thelight","43":"first","44":"instock","45":"featured","46":"shipping-taxable","47":"purchasable","48":"product-type-variable"},"yoast_head":"<!-- This site is optimized with the Yoast SEO plugin v27.5 - https:\/\/yoast.com\/product\/yoast-seo-wordpress\/ -->\n<title>&quot;TheLight of Slow Freedomt&quot; | Limited Edition Fine Art Photography - musialjanicka.art<\/title>\n<meta name=\"description\" content=\"Own &quot;TheLight of Slow Freedom&quot; by Joanna Musia\u0142-Janicka \u2013 a unique fine art print, part of a Limited Edition Collection, available online.\" \/>\n<meta name=\"robots\" content=\"index, follow, max-snippet:-1, max-image-preview:large, max-video-preview:-1\" \/>\n<link rel=\"canonical\" href=\"https:\/\/musialjanicka.art\/pl\/produkt\/oryginalne-thelight-wolnosc\/\" \/>\n<meta property=\"og:locale\" content=\"pl_PL\" \/>\n<meta property=\"og:type\" content=\"article\" \/>\n<meta property=\"og:title\" content=\"&quot;TheLight of Slow Freedomt&quot; | Limited Edition Fine Art Photography - musialjanicka.art\" \/>\n<meta property=\"og:description\" content=\"Own &quot;TheLight of Slow Freedom&quot; by Joanna Musia\u0142-Janicka \u2013 a unique fine art print, part of a Limited Edition Collection, available online.\" \/>\n<meta property=\"og:url\" content=\"https:\/\/musialjanicka.art\/pl\/produkt\/oryginalne-thelight-wolnosc\/\" \/>\n<meta property=\"og:site_name\" content=\"musialjanicka.art\" \/>\n<meta property=\"article:publisher\" content=\"https:\/\/www.facebook.com\/profile.php?id=61558487248297\" \/>\n<meta property=\"article:modified_time\" content=\"2026-02-05T12:40:45+00:00\" \/>\n<meta property=\"og:image\" content=\"https:\/\/musialjanicka.art\/wp-content\/uploads\/2025\/12\/Modern-Photography-TheLight-of-Slow-Freedom-Joanna-Musial-Janicka-musialjanicka.art_.jpg\" \/>\n\t<meta property=\"og:image:width\" content=\"1024\" \/>\n\t<meta property=\"og:image:height\" content=\"1024\" \/>\n\t<meta property=\"og:image:type\" content=\"image\/jpeg\" \/>\n<meta name=\"twitter:card\" content=\"summary_large_image\" \/>\n<meta name=\"twitter:label1\" content=\"Szacowany czas czytania\" \/>\n\t<meta name=\"twitter:data1\" content=\"3 minuty\" \/>\n<script type=\"application\/ld+json\" class=\"yoast-schema-graph\">{\"@context\":\"https:\\\/\\\/schema.org\",\"@graph\":[{\"@type\":\"WebPage\",\"@id\":\"https:\\\/\\\/musialjanicka.art\\\/product\\\/original-thelight-of-slow-freedom\\\/\",\"url\":\"https:\\\/\\\/musialjanicka.art\\\/product\\\/original-thelight-of-slow-freedom\\\/\",\"name\":\"\\\"TheLight of Slow Freedomt\\\" | Limited Edition Fine Art Photography - musialjanicka.art\",\"isPartOf\":{\"@id\":\"https:\\\/\\\/musialjanicka.art\\\/#website\"},\"primaryImageOfPage\":{\"@id\":\"https:\\\/\\\/musialjanicka.art\\\/product\\\/original-thelight-of-slow-freedom\\\/#primaryimage\"},\"image\":{\"@id\":\"https:\\\/\\\/musialjanicka.art\\\/product\\\/original-thelight-of-slow-freedom\\\/#primaryimage\"},\"thumbnailUrl\":\"https:\\\/\\\/musialjanicka.art\\\/wp-content\\\/uploads\\\/2025\\\/12\\\/Modern-Photography-TheLight-of-Slow-Freedom-Joanna-Musial-Janicka-musialjanicka.art_.jpg\",\"datePublished\":\"2025-12-03T12:31:59+00:00\",\"dateModified\":\"2026-02-05T12:40:45+00:00\",\"description\":\"Own \\\"TheLight of Slow Freedom\\\" by Joanna Musia\u0142-Janicka \u2013 a unique fine art print, part of a Limited Edition Collection, available online.\",\"breadcrumb\":{\"@id\":\"https:\\\/\\\/musialjanicka.art\\\/product\\\/original-thelight-of-slow-freedom\\\/#breadcrumb\"},\"inLanguage\":\"pl-PL\",\"potentialAction\":[{\"@type\":\"ReadAction\",\"target\":[\"https:\\\/\\\/musialjanicka.art\\\/product\\\/original-thelight-of-slow-freedom\\\/\"]}]},{\"@type\":\"ImageObject\",\"inLanguage\":\"pl-PL\",\"@id\":\"https:\\\/\\\/musialjanicka.art\\\/product\\\/original-thelight-of-slow-freedom\\\/#primaryimage\",\"url\":\"https:\\\/\\\/musialjanicka.art\\\/wp-content\\\/uploads\\\/2025\\\/12\\\/Modern-Photography-TheLight-of-Slow-Freedom-Joanna-Musial-Janicka-musialjanicka.art_.jpg\",\"contentUrl\":\"https:\\\/\\\/musialjanicka.art\\\/wp-content\\\/uploads\\\/2025\\\/12\\\/Modern-Photography-TheLight-of-Slow-Freedom-Joanna-Musial-Janicka-musialjanicka.art_.jpg\",\"width\":1024,\"height\":1024,\"caption\":\"Modern Photography by Joanna Musia\u0142-Janicka -TheLight of Slow Freedom\"},{\"@type\":\"BreadcrumbList\",\"@id\":\"https:\\\/\\\/musialjanicka.art\\\/product\\\/original-thelight-of-slow-freedom\\\/#breadcrumb\",\"itemListElement\":[{\"@type\":\"ListItem\",\"position\":1,\"name\":\"Home\",\"item\":\"https:\\\/\\\/musialjanicka.art\\\/\"},{\"@type\":\"ListItem\",\"position\":2,\"name\":\"Shop\",\"item\":\"https:\\\/\\\/musialjanicka.art\\\/shop\\\/\"},{\"@type\":\"ListItem\",\"position\":3,\"name\":\"Original | TheLight of Slow Freedom\"}]},{\"@type\":\"WebSite\",\"@id\":\"https:\\\/\\\/musialjanicka.art\\\/#website\",\"url\":\"https:\\\/\\\/musialjanicka.art\\\/\",\"name\":\"musialjanicka.art\",\"description\":\"Art Supporting Peace of Your Mind and Soul\",\"publisher\":{\"@id\":\"https:\\\/\\\/musialjanicka.art\\\/#organization\"},\"potentialAction\":[{\"@type\":\"SearchAction\",\"target\":{\"@type\":\"EntryPoint\",\"urlTemplate\":\"https:\\\/\\\/musialjanicka.art\\\/?s={search_term_string}\"},\"query-input\":{\"@type\":\"PropertyValueSpecification\",\"valueRequired\":true,\"valueName\":\"search_term_string\"}}],\"inLanguage\":\"pl-PL\"},{\"@type\":\"Organization\",\"@id\":\"https:\\\/\\\/musialjanicka.art\\\/#organization\",\"name\":\"musialjanicka.art\",\"url\":\"https:\\\/\\\/musialjanicka.art\\\/\",\"logo\":{\"@type\":\"ImageObject\",\"inLanguage\":\"pl-PL\",\"@id\":\"https:\\\/\\\/musialjanicka.art\\\/#\\\/schema\\\/logo\\\/image\\\/\",\"url\":\"https:\\\/\\\/musialjanicka.art\\\/wp-content\\\/uploads\\\/2025\\\/02\\\/cropped-Nowe-logo-kwadrat-620x620px.png\",\"contentUrl\":\"https:\\\/\\\/musialjanicka.art\\\/wp-content\\\/uploads\\\/2025\\\/02\\\/cropped-Nowe-logo-kwadrat-620x620px.png\",\"width\":512,\"height\":512,\"caption\":\"musialjanicka.art\"},\"image\":{\"@id\":\"https:\\\/\\\/musialjanicka.art\\\/#\\\/schema\\\/logo\\\/image\\\/\"},\"sameAs\":[\"https:\\\/\\\/www.facebook.com\\\/profile.php?id=61558487248297\",\"https:\\\/\\\/www.instagram.com\\\/peacefulnaturebyjmj\\\/\",\"https:\\\/\\\/pl.pinterest.com\\\/jmusialjanicka\\\/?actingBusinessId=482518684984684504\"]}]}<\/script>\n<!-- \/ Yoast SEO plugin. -->","yoast_head_json":{"title":"\"TheLight of Slow Freedomt\" | Limitowana edycja fotografii Fine Art - musialjanicka.art","description":"Posiadaj \"TheLight of Slow Freedom\" autorstwa Joanny Musia\u0142-Janickiej - unikalny wydruk artystyczny, cz\u0119\u015b\u0107 limitowanej kolekcji, dost\u0119pny online.","robots":{"index":"index","follow":"follow","max-snippet":"max-snippet:-1","max-image-preview":"max-image-preview:large","max-video-preview":"max-video-preview:-1"},"canonical":"https:\/\/musialjanicka.art\/pl\/produkt\/oryginalne-thelight-wolnosc\/","og_locale":"pl_PL","og_type":"article","og_title":"\"TheLight of Slow Freedomt\" | Limited Edition Fine Art Photography - musialjanicka.art","og_description":"Own \"TheLight of Slow Freedom\" by Joanna Musia\u0142-Janicka \u2013 a unique fine art print, part of a Limited Edition Collection, available online.","og_url":"https:\/\/musialjanicka.art\/pl\/produkt\/oryginalne-thelight-wolnosc\/","og_site_name":"musialjanicka.art","article_publisher":"https:\/\/www.facebook.com\/profile.php?id=61558487248297","article_modified_time":"2026-02-05T12:40:45+00:00","og_image":[{"width":1024,"height":1024,"url":"https:\/\/musialjanicka.art\/wp-content\/uploads\/2025\/12\/Modern-Photography-TheLight-of-Slow-Freedom-Joanna-Musial-Janicka-musialjanicka.art_.jpg","type":"image\/jpeg"}],"twitter_card":"summary_large_image","twitter_misc":{"Szacowany czas czytania":"3 minuty"},"schema":{"@context":"https:\/\/schema.org","@graph":[{"@type":"WebPage","@id":"https:\/\/musialjanicka.art\/product\/original-thelight-of-slow-freedom\/","url":"https:\/\/musialjanicka.art\/product\/original-thelight-of-slow-freedom\/","name":"\"TheLight of Slow Freedomt\" | Limitowana edycja fotografii Fine Art - musialjanicka.art","isPartOf":{"@id":"https:\/\/musialjanicka.art\/#website"},"primaryImageOfPage":{"@id":"https:\/\/musialjanicka.art\/product\/original-thelight-of-slow-freedom\/#primaryimage"},"image":{"@id":"https:\/\/musialjanicka.art\/product\/original-thelight-of-slow-freedom\/#primaryimage"},"thumbnailUrl":"https:\/\/musialjanicka.art\/wp-content\/uploads\/2025\/12\/Modern-Photography-TheLight-of-Slow-Freedom-Joanna-Musial-Janicka-musialjanicka.art_.jpg","datePublished":"2025-12-03T12:31:59+00:00","dateModified":"2026-02-05T12:40:45+00:00","description":"Posiadaj \"TheLight of Slow Freedom\" autorstwa Joanny Musia\u0142-Janickiej - unikalny wydruk artystyczny, cz\u0119\u015b\u0107 limitowanej kolekcji, dost\u0119pny online.","breadcrumb":{"@id":"https:\/\/musialjanicka.art\/product\/original-thelight-of-slow-freedom\/#breadcrumb"},"inLanguage":"pl-PL","potentialAction":[{"@type":"ReadAction","target":["https:\/\/musialjanicka.art\/product\/original-thelight-of-slow-freedom\/"]}]},{"@type":"ImageObject","inLanguage":"pl-PL","@id":"https:\/\/musialjanicka.art\/product\/original-thelight-of-slow-freedom\/#primaryimage","url":"https:\/\/musialjanicka.art\/wp-content\/uploads\/2025\/12\/Modern-Photography-TheLight-of-Slow-Freedom-Joanna-Musial-Janicka-musialjanicka.art_.jpg","contentUrl":"https:\/\/musialjanicka.art\/wp-content\/uploads\/2025\/12\/Modern-Photography-TheLight-of-Slow-Freedom-Joanna-Musial-Janicka-musialjanicka.art_.jpg","width":1024,"height":1024,"caption":"Modern Photography by Joanna Musia\u0142-Janicka -TheLight of Slow Freedom"},{"@type":"BreadcrumbList","@id":"https:\/\/musialjanicka.art\/product\/original-thelight-of-slow-freedom\/#breadcrumb","itemListElement":[{"@type":"ListItem","position":1,"name":"Home","item":"https:\/\/musialjanicka.art\/"},{"@type":"ListItem","position":2,"name":"Shop","item":"https:\/\/musialjanicka.art\/shop\/"},{"@type":"ListItem","position":3,"name":"Original | TheLight of Slow Freedom"}]},{"@type":"WebSite","@id":"https:\/\/musialjanicka.art\/#website","url":"https:\/\/musialjanicka.art\/","name":"musialjanicka.art","description":"Sztuka wspieraj\u0105ca spok\u00f3j umys\u0142u i duszy","publisher":{"@id":"https:\/\/musialjanicka.art\/#organization"},"potentialAction":[{"@type":"SearchAction","target":{"@type":"EntryPoint","urlTemplate":"https:\/\/musialjanicka.art\/?s={search_term_string}"},"query-input":{"@type":"PropertyValueSpecification","valueRequired":true,"valueName":"search_term_string"}}],"inLanguage":"pl-PL"},{"@type":"Organization","@id":"https:\/\/musialjanicka.art\/#organization","name":"musialjanicka.art","url":"https:\/\/musialjanicka.art\/","logo":{"@type":"ImageObject","inLanguage":"pl-PL","@id":"https:\/\/musialjanicka.art\/#\/schema\/logo\/image\/","url":"https:\/\/musialjanicka.art\/wp-content\/uploads\/2025\/02\/cropped-Nowe-logo-kwadrat-620x620px.png","contentUrl":"https:\/\/musialjanicka.art\/wp-content\/uploads\/2025\/02\/cropped-Nowe-logo-kwadrat-620x620px.png","width":512,"height":512,"caption":"musialjanicka.art"},"image":{"@id":"https:\/\/musialjanicka.art\/#\/schema\/logo\/image\/"},"sameAs":["https:\/\/www.facebook.com\/profile.php?id=61558487248297","https:\/\/www.instagram.com\/peacefulnaturebyjmj\/","https:\/\/pl.pinterest.com\/jmusialjanicka\/?actingBusinessId=482518684984684504"]}]}},"jetpack_sharing_enabled":true,"_links":{"self":[{"href":"https:\/\/musialjanicka.art\/pl\/wp-json\/wp\/v2\/product\/2129","targetHints":{"allow":["GET"]}}],"collection":[{"href":"https:\/\/musialjanicka.art\/pl\/wp-json\/wp\/v2\/product"}],"about":[{"href":"https:\/\/musialjanicka.art\/pl\/wp-json\/wp\/v2\/types\/product"}],"wp:featuredmedia":[{"embeddable":true,"href":"https:\/\/musialjanicka.art\/pl\/wp-json\/wp\/v2\/media\/2134"}],"wp:attachment":[{"href":"https:\/\/musialjanicka.art\/pl\/wp-json\/wp\/v2\/media?parent=2129"}],"wp:term":[{"taxonomy":"product_brand","embeddable":true,"href":"https:\/\/musialjanicka.art\/pl\/wp-json\/wp\/v2\/product_brand?post=2129"},{"taxonomy":"product_cat","embeddable":true,"href":"https:\/\/musialjanicka.art\/pl\/wp-json\/wp\/v2\/product_cat?post=2129"},{"taxonomy":"product_tag","embeddable":true,"href":"https:\/\/musialjanicka.art\/pl\/wp-json\/wp\/v2\/product_tag?post=2129"},{"taxonomy":"collections","embeddable":true,"href":"https:\/\/musialjanicka.art\/pl\/wp-json\/wp\/v2\/Collections?post=2129"}],"curies":[{"name":"wp","href":"https:\/\/api.w.org\/{rel}","templated":true}]}}