{"id":2139,"date":"2025-12-03T15:47:53","date_gmt":"2025-12-03T14:47:53","guid":{"rendered":"https:\/\/musialjanicka.art\/?post_type=product&#038;p=2139"},"modified":"2026-02-05T13:40:06","modified_gmt":"2026-02-05T12:40:06","slug":"oryginalna-obfitosc-chwili","status":"publish","type":"product","link":"https:\/\/musialjanicka.art\/pl\/product\/original-abundance-of-a-moment\/","title":{"rendered":"Orygina\u0142 | Obfito\u015b\u0107 Chwili"},"content":{"rendered":"<p data-start=\"221\" data-end=\"525\"><strong>Discover <em>\u201cAbundance of a Moment\u201d<\/em>, a unique artwork from the contemporary fine art photography collection \u201c<a href=\"https:\/\/musialjanicka.art\/collections\/abundance\/\" target=\"_blank\" rel=\"noopener\"><em>Abundance<\/em><\/a>\u201d, inspired by the quiet rhythm and serene abundance of nature. This Collector\u2019s Edition piece is more than decoration. It is a visual meditation on the beauty of everyday life and the harmony found in pausing mindfully.<\/strong><\/p>\n<p data-start=\"631\" data-end=\"934\">The beetle, standing majestically on a flower bud, remained in silence. It gifted the artist time: a longer moment in which she could seek the frame and her breath. Yet haste tried to take over. The fear that the moment would vanish, that what is alive and free would fly away before she could trust the process. Meanwhile, it simply was, anchored in its own nature.<br class=\"yoast-text-mark\" \/>In the light that shimmered behind it, like a reminder that freedom arises where we allow a moment to unfold, where we release control. Where we choose to pause.<br \/>\nThe image reminds us that freedom is an act of choice. To stay, to remain, to be part of the world \u2014 where fear gives way to wonder.<\/p>\n<p>Rendered in vibrant fuchsia tones, the luminous green of the beetle, and a soft circular burst of light in the background, <em>\u201cAbundance of a Moment\u201d<\/em> introduces an energising yet deeply soothing presence into your space. Its colours \u2014 bold, alive, and organic \u2014 echo the emotional tension of the scene: the fleeting fear that the moment might disappear, and the quiet revelation that true freedom begins where we allow a moment to simply unfold.<\/p>\n<p>This artwork brings a sense of grounding and mindful clarity. Inviting you to pause, breathe, and reconnect with the gentle rhythm of nature and the animal world. It embodies the essence of slow living, mindfulness, and simplicity. Values central to Joanna Musia\u0142-Janicka\u2019s artistic <a href=\"https:\/\/musialjanicka.art\/mission\/\" target=\"_blank\" rel=\"noopener\">philosophy<\/a> and to the spirit of the <a href=\"https:\/\/musialjanicka.art\/collections\/abundance\/\" target=\"_blank\" rel=\"noopener\">Abundance collection<\/a>.<\/p>\n<p>&nbsp;<\/p>\n<h5>Exhibition history<\/h5>\n<p>The photograph premiered at the International Exhibition <a href=\"https:\/\/musialjanicka.art\/blog\/freedom-international-exhibition\/\" target=\"_blank\" rel=\"noopener\">&#8216;Freedom&#8217; at the Royal Blue VA Gallery in Stockholm<\/a>, concluding the <a href=\"https:\/\/musialjanicka.art\/blog\/rapid-accelerator-residency-freedom-stockholm\/\" target=\"_blank\" rel=\"noopener\">&#8216;Rapid Accelerator&#8217;<\/a> artistic residency in which Joanna Musia\u0142-Janicka took part.<br \/>\nInstallation views from the exhibition are included in the gallery and blog posts.<\/p>\n<p>&nbsp;<\/p>\n<h4 class=\"yoast-text-mark\">This Fine Art photograph, \u201c<em>Abundance of a Moment<\/em>\u201d, is part of a limited edition collectible series of only <strong data-start=\"690\" data-end=\"712\">25 pigment prints in total<\/strong> (5 in each size \u2014 once sold out, no further prints will be produced).<\/h4>\n<p>&nbsp;<\/p>\n<ul>\n<li data-start=\"514\" data-end=\"563\"><strong>Signed<\/strong> by its author Joanna Musia\u0142-Janicka<\/li>\n<li data-start=\"566\" data-end=\"611\">Includes a <strong>Certificate of Authenticity <\/strong>(signed; with dry stamp)<\/li>\n<li data-start=\"614\" data-end=\"644\">Carries a <strong>unique number<\/strong><\/li>\n<li>Embossed with a <strong>dry stamp<\/strong> (positioned in the white margin)<\/li>\n<li><strong>Limited Edition<\/strong> with a Progressive Price List:\n<ul>\n<li data-start=\"705\" data-end=\"769\">The fewer pieces available, the greater the collectible value.<\/li>\n<li>As the edition sells out, each subsequent print in a given size and format increases in price. Consequently, this enhances its value at the time of purchase.<\/li>\n<\/ul>\n<\/li>\n<\/ul>\n<p>&nbsp;<\/p>\n<h4 style=\"font-size: 16px; font-weight: 400;\">Crafted to gallery standards:<\/h4>\n<ul style=\"font-size: 16px; font-weight: 400;\">\n<li data-start=\"64\" data-end=\"118\"><strong>Museum-quality archival paper<\/strong> with matte finish for subtle depth and clarity<\/li>\n<li data-start=\"64\" data-end=\"118\"><strong>Pigment printing technology<\/strong> (Canon 1440DPI resolution) for exceptional precision<\/li>\n<li data-start=\"64\" data-end=\"118\">Archival<strong> acid-free paper<\/strong>, lasting over <strong>100 years<\/strong> (indoor exposure)<\/li>\n<\/ul>\n<h3 class=\"font-semibold pdf-heading-class-replace text-h4 leading-[30px] pt-[15px] pb-[2px] [&amp;_a]:underline-offset-[6px] [&amp;_.underline]:underline-offset-[6px]\"><strong class=\"font-semibold\">Why Choose \u201c<strong><em>Abundance of a Moment<\/em><\/strong>\u201d<\/strong><strong class=\"font-semibold\">?<\/strong><\/h3>\n<p class=\"text-body font-regular leading-[24px] pt-[9px] pb-[2px]\"><em>\u201c<strong>Abundance of a Moment<\/strong>\u201d<\/em> complements <strong data-start=\"2782\" data-end=\"2840\">modern, slow living interiors. <\/strong>It brings the calm presence of nature and animals into your everyday surroundings. Also, it fits beautifully in living rooms, bedrooms, creative studios, therapy offices, or meditation spaces, supporting moments of quiet reflection and presence.<\/p>\n<p class=\"text-body font-regular leading-[24px] pt-[9px] pb-[2px]\">Enhance your space with art that combines timeless beauty with deeper meaning. <em><strong data-start=\"3180\" data-end=\"3205\">\u201cAbundance of a Moment\u201d<\/strong><\/em> is more than decoration. It is an invitation to pause and experience the serene abundance of nature in your everyday life. This luxurious fine art print is available as part of <strong>a limited edition of only 20 pieces<\/strong>, offering a unique opportunity to bring calm and depth into your environment.<\/p>\n<hr \/>\n<p class=\"\" data-start=\"1581\" data-end=\"1696\">Meanwhile, explore the full <em><strong>&#8216;<strong class=\"font-semibold\">Abundance&#8221;<\/strong><\/strong><\/em>\u00a0collection and discover more art filled with light and delightful beauty \u2013 [<a href=\"https:\/\/musialjanicka.art\/collections\/abundance\/\" target=\"_blank\" rel=\"noopener\">click here<\/a>]. #ThePowerOfAStop<\/p>\n","protected":false},"excerpt":{"rendered":"<h6><strong>Wizualna medytacja w fotografii botanicznej. <\/strong>Druk pigmentowy o jako\u015bci galeryjnej autorstwa Joanny Musia\u0142-Janickiej - certyfikowana, r\u0119cznie podpisana, kolekcjonerska edycja limitowana. Ceny progresywne.<\/h6>\n<p><em>Edycja kolekcjonerska - tylko 25 egzemplarzy<\/em><br \/>\n<em>Aktualnie dost\u0119pny numer: <strong>Nr 25 \/ 25<\/strong><\/em><br \/>\n<em>Numeracja przebiega w odwrotnej kolejno\u015bci (25 \u2192 1)<\/em><br \/>\n<em>Cena wzrasta wraz z post\u0119pem edycji<\/em><\/p>","protected":false},"featured_media":2144,"template":"","meta":{"pgc_sgb_lightbox_settings":""},"product_brand":[],"product_cat":[124],"product_tag":[93,196,99,175,73,172,102,114,94,74,105,90,117,111,95,179,82,92,173,197,181],"Collections":[192],"class_list":{"0":"post-2139","1":"product","2":"type-product","3":"status-publish","4":"has-post-thumbnail","6":"product_cat-collectors-photographs","7":"product_tag-art-collections","8":"product_tag-art-collector","9":"product_tag-art-for-sale-online","10":"product_tag-authors-photographs","11":"product_tag-botanical-photography","12":"product_tag-certificate-of-authenticity","13":"product_tag-collectible-art","14":"product_tag-collectors-edition-photography","15":"product_tag-contemporary-art-for-sale","16":"product_tag-fine-art-photography","17":"product_tag-gallery-quality-fine-art","18":"product_tag-investing-in-art","19":"product_tag-joanna-musial-janicka","20":"product_tag-limited-edition-collectible-photography","21":"product_tag-luxury-art","22":"product_tag-mindful-art","23":"product_tag-nature-inspired-wall-decor","24":"product_tag-original-photography-for-sale","25":"product_tag-progressive-price-list","26":"product_tag-slow-living-artist","27":"product_tag-thepowerofastop","28":"product_shipping_class-collectibles","29":"pa_art-style-contemporary-modern-art","30":"pa_art-style-floral-art","31":"pa_art-style-industrial-loft-art","32":"pa_art-style-romantic-art","33":"pa_color-green-photography-prints","34":"pa_color-pink-photography-prints","35":"pa_color-purple-photography-prints","36":"pa_orientation-vertical","37":"pa_size-85x120-33x47","38":"pa_size-60x85-24x33","39":"pa_size-60x40-24x16","40":"pa_size-40x30-16x12","41":"pa_size-20x30-8x12","42":"pa_theme-art-animals-photography","43":"pa_theme-art-botanical-photography","44":"pa_tones-pastel-tones","45":"pa_tones-pop-of-color","46":"collections-abundance","48":"first","49":"instock","50":"featured","51":"shipping-taxable","52":"purchasable","53":"product-type-variable"},"yoast_head":"<!-- This site is optimized with the Yoast SEO plugin v27.5 - https:\/\/yoast.com\/product\/yoast-seo-wordpress\/ -->\n<title>&quot;Abundance of a Moment&quot; | Limited Edition Fine Art Photography - musialjanicka.art<\/title>\n<meta name=\"description\" content=\"\u201cAbundance of a Moment\u201d \u2013 a limited edition luxurious fine art photograph by Joanna Musia\u0142-Janicka. Discover the beauty of nature and timeless elegance.\" \/>\n<meta name=\"robots\" content=\"index, follow, max-snippet:-1, max-image-preview:large, max-video-preview:-1\" \/>\n<link rel=\"canonical\" href=\"https:\/\/musialjanicka.art\/pl\/produkt\/oryginalna-obfitosc-chwili\/\" \/>\n<meta property=\"og:locale\" content=\"pl_PL\" \/>\n<meta property=\"og:type\" content=\"article\" \/>\n<meta property=\"og:title\" content=\"&quot;Abundance of a Moment&quot; | Limited Edition Fine Art Photography - musialjanicka.art\" \/>\n<meta property=\"og:description\" content=\"\u201cAbundance of a Moment\u201d \u2013 a limited edition luxurious fine art photograph by Joanna Musia\u0142-Janicka. Discover the beauty of nature and timeless elegance.\" \/>\n<meta property=\"og:url\" content=\"https:\/\/musialjanicka.art\/pl\/produkt\/oryginalna-obfitosc-chwili\/\" \/>\n<meta property=\"og:site_name\" content=\"musialjanicka.art\" \/>\n<meta property=\"article:publisher\" content=\"https:\/\/www.facebook.com\/profile.php?id=61558487248297\" \/>\n<meta property=\"article:modified_time\" content=\"2026-02-05T12:40:06+00:00\" \/>\n<meta property=\"og:image\" content=\"https:\/\/musialjanicka.art\/wp-content\/uploads\/2025\/12\/Abundance-of-a-Moment-Joanna-Musial-Janicka-musialjanicka.art_.jpg\" \/>\n\t<meta property=\"og:image:width\" content=\"1024\" \/>\n\t<meta property=\"og:image:height\" content=\"1024\" \/>\n\t<meta property=\"og:image:type\" content=\"image\/jpeg\" \/>\n<meta name=\"twitter:card\" content=\"summary_large_image\" \/>\n<meta name=\"twitter:label1\" content=\"Szacowany czas czytania\" \/>\n\t<meta name=\"twitter:data1\" content=\"3 minuty\" \/>\n<script type=\"application\/ld+json\" class=\"yoast-schema-graph\">{\"@context\":\"https:\\\/\\\/schema.org\",\"@graph\":[{\"@type\":\"WebPage\",\"@id\":\"https:\\\/\\\/musialjanicka.art\\\/product\\\/original-abundance-of-a-moment\\\/\",\"url\":\"https:\\\/\\\/musialjanicka.art\\\/product\\\/original-abundance-of-a-moment\\\/\",\"name\":\"\\\"Abundance of a Moment\\\" | Limited Edition Fine Art Photography - musialjanicka.art\",\"isPartOf\":{\"@id\":\"https:\\\/\\\/musialjanicka.art\\\/#website\"},\"primaryImageOfPage\":{\"@id\":\"https:\\\/\\\/musialjanicka.art\\\/product\\\/original-abundance-of-a-moment\\\/#primaryimage\"},\"image\":{\"@id\":\"https:\\\/\\\/musialjanicka.art\\\/product\\\/original-abundance-of-a-moment\\\/#primaryimage\"},\"thumbnailUrl\":\"https:\\\/\\\/musialjanicka.art\\\/wp-content\\\/uploads\\\/2025\\\/12\\\/Abundance-of-a-Moment-Joanna-Musial-Janicka-musialjanicka.art_.jpg\",\"datePublished\":\"2025-12-03T14:47:53+00:00\",\"dateModified\":\"2026-02-05T12:40:06+00:00\",\"description\":\"\u201cAbundance of a Moment\u201d \u2013 a limited edition luxurious fine art photograph by Joanna Musia\u0142-Janicka. Discover the beauty of nature and timeless elegance.\",\"breadcrumb\":{\"@id\":\"https:\\\/\\\/musialjanicka.art\\\/product\\\/original-abundance-of-a-moment\\\/#breadcrumb\"},\"inLanguage\":\"pl-PL\",\"potentialAction\":[{\"@type\":\"ReadAction\",\"target\":[\"https:\\\/\\\/musialjanicka.art\\\/product\\\/original-abundance-of-a-moment\\\/\"]}]},{\"@type\":\"ImageObject\",\"inLanguage\":\"pl-PL\",\"@id\":\"https:\\\/\\\/musialjanicka.art\\\/product\\\/original-abundance-of-a-moment\\\/#primaryimage\",\"url\":\"https:\\\/\\\/musialjanicka.art\\\/wp-content\\\/uploads\\\/2025\\\/12\\\/Abundance-of-a-Moment-Joanna-Musial-Janicka-musialjanicka.art_.jpg\",\"contentUrl\":\"https:\\\/\\\/musialjanicka.art\\\/wp-content\\\/uploads\\\/2025\\\/12\\\/Abundance-of-a-Moment-Joanna-Musial-Janicka-musialjanicka.art_.jpg\",\"width\":1024,\"height\":1024,\"caption\":\"Green beetle standing on a vivid fuchsia flower bud, with a soft circular burst of light glowing in the background.\"},{\"@type\":\"BreadcrumbList\",\"@id\":\"https:\\\/\\\/musialjanicka.art\\\/product\\\/original-abundance-of-a-moment\\\/#breadcrumb\",\"itemListElement\":[{\"@type\":\"ListItem\",\"position\":1,\"name\":\"Home\",\"item\":\"https:\\\/\\\/musialjanicka.art\\\/\"},{\"@type\":\"ListItem\",\"position\":2,\"name\":\"Shop\",\"item\":\"https:\\\/\\\/musialjanicka.art\\\/shop\\\/\"},{\"@type\":\"ListItem\",\"position\":3,\"name\":\"Original | Abundance of a Moment\"}]},{\"@type\":\"WebSite\",\"@id\":\"https:\\\/\\\/musialjanicka.art\\\/#website\",\"url\":\"https:\\\/\\\/musialjanicka.art\\\/\",\"name\":\"musialjanicka.art\",\"description\":\"Art Supporting Peace of Your Mind and Soul\",\"publisher\":{\"@id\":\"https:\\\/\\\/musialjanicka.art\\\/#organization\"},\"potentialAction\":[{\"@type\":\"SearchAction\",\"target\":{\"@type\":\"EntryPoint\",\"urlTemplate\":\"https:\\\/\\\/musialjanicka.art\\\/?s={search_term_string}\"},\"query-input\":{\"@type\":\"PropertyValueSpecification\",\"valueRequired\":true,\"valueName\":\"search_term_string\"}}],\"inLanguage\":\"pl-PL\"},{\"@type\":\"Organization\",\"@id\":\"https:\\\/\\\/musialjanicka.art\\\/#organization\",\"name\":\"musialjanicka.art\",\"url\":\"https:\\\/\\\/musialjanicka.art\\\/\",\"logo\":{\"@type\":\"ImageObject\",\"inLanguage\":\"pl-PL\",\"@id\":\"https:\\\/\\\/musialjanicka.art\\\/#\\\/schema\\\/logo\\\/image\\\/\",\"url\":\"https:\\\/\\\/musialjanicka.art\\\/wp-content\\\/uploads\\\/2025\\\/02\\\/cropped-Nowe-logo-kwadrat-620x620px.png\",\"contentUrl\":\"https:\\\/\\\/musialjanicka.art\\\/wp-content\\\/uploads\\\/2025\\\/02\\\/cropped-Nowe-logo-kwadrat-620x620px.png\",\"width\":512,\"height\":512,\"caption\":\"musialjanicka.art\"},\"image\":{\"@id\":\"https:\\\/\\\/musialjanicka.art\\\/#\\\/schema\\\/logo\\\/image\\\/\"},\"sameAs\":[\"https:\\\/\\\/www.facebook.com\\\/profile.php?id=61558487248297\",\"https:\\\/\\\/www.instagram.com\\\/peacefulnaturebyjmj\\\/\",\"https:\\\/\\\/pl.pinterest.com\\\/jmusialjanicka\\\/?actingBusinessId=482518684984684504\"]}]}<\/script>\n<!-- \/ Yoast SEO plugin. -->","yoast_head_json":{"title":"\"Obfito\u015b\u0107 chwili\" | Limitowana edycja fotografii Fine Art - musialjanicka.art","description":"\u201cObfito\u015b\u0107 chwili\u201d - limitowana edycja luksusowej fotografii autorstwa Joanny Musia\u0142-Janickiej. Odkryj pi\u0119kno natury i ponadczasow\u0105 elegancj\u0119.","robots":{"index":"index","follow":"follow","max-snippet":"max-snippet:-1","max-image-preview":"max-image-preview:large","max-video-preview":"max-video-preview:-1"},"canonical":"https:\/\/musialjanicka.art\/pl\/produkt\/oryginalna-obfitosc-chwili\/","og_locale":"pl_PL","og_type":"article","og_title":"\"Abundance of a Moment\" | Limited Edition Fine Art Photography - musialjanicka.art","og_description":"\u201cAbundance of a Moment\u201d \u2013 a limited edition luxurious fine art photograph by Joanna Musia\u0142-Janicka. Discover the beauty of nature and timeless elegance.","og_url":"https:\/\/musialjanicka.art\/pl\/produkt\/oryginalna-obfitosc-chwili\/","og_site_name":"musialjanicka.art","article_publisher":"https:\/\/www.facebook.com\/profile.php?id=61558487248297","article_modified_time":"2026-02-05T12:40:06+00:00","og_image":[{"width":1024,"height":1024,"url":"https:\/\/musialjanicka.art\/wp-content\/uploads\/2025\/12\/Abundance-of-a-Moment-Joanna-Musial-Janicka-musialjanicka.art_.jpg","type":"image\/jpeg"}],"twitter_card":"summary_large_image","twitter_misc":{"Szacowany czas czytania":"3 minuty"},"schema":{"@context":"https:\/\/schema.org","@graph":[{"@type":"WebPage","@id":"https:\/\/musialjanicka.art\/product\/original-abundance-of-a-moment\/","url":"https:\/\/musialjanicka.art\/product\/original-abundance-of-a-moment\/","name":"\"Obfito\u015b\u0107 chwili\" | Limitowana edycja fotografii Fine Art - musialjanicka.art","isPartOf":{"@id":"https:\/\/musialjanicka.art\/#website"},"primaryImageOfPage":{"@id":"https:\/\/musialjanicka.art\/product\/original-abundance-of-a-moment\/#primaryimage"},"image":{"@id":"https:\/\/musialjanicka.art\/product\/original-abundance-of-a-moment\/#primaryimage"},"thumbnailUrl":"https:\/\/musialjanicka.art\/wp-content\/uploads\/2025\/12\/Abundance-of-a-Moment-Joanna-Musial-Janicka-musialjanicka.art_.jpg","datePublished":"2025-12-03T14:47:53+00:00","dateModified":"2026-02-05T12:40:06+00:00","description":"\u201cObfito\u015b\u0107 chwili\u201d - limitowana edycja luksusowej fotografii autorstwa Joanny Musia\u0142-Janickiej. Odkryj pi\u0119kno natury i ponadczasow\u0105 elegancj\u0119.","breadcrumb":{"@id":"https:\/\/musialjanicka.art\/product\/original-abundance-of-a-moment\/#breadcrumb"},"inLanguage":"pl-PL","potentialAction":[{"@type":"ReadAction","target":["https:\/\/musialjanicka.art\/product\/original-abundance-of-a-moment\/"]}]},{"@type":"ImageObject","inLanguage":"pl-PL","@id":"https:\/\/musialjanicka.art\/product\/original-abundance-of-a-moment\/#primaryimage","url":"https:\/\/musialjanicka.art\/wp-content\/uploads\/2025\/12\/Abundance-of-a-Moment-Joanna-Musial-Janicka-musialjanicka.art_.jpg","contentUrl":"https:\/\/musialjanicka.art\/wp-content\/uploads\/2025\/12\/Abundance-of-a-Moment-Joanna-Musial-Janicka-musialjanicka.art_.jpg","width":1024,"height":1024,"caption":"Green beetle standing on a vivid fuchsia flower bud, with a soft circular burst of light glowing in the background."},{"@type":"BreadcrumbList","@id":"https:\/\/musialjanicka.art\/product\/original-abundance-of-a-moment\/#breadcrumb","itemListElement":[{"@type":"ListItem","position":1,"name":"Home","item":"https:\/\/musialjanicka.art\/"},{"@type":"ListItem","position":2,"name":"Shop","item":"https:\/\/musialjanicka.art\/shop\/"},{"@type":"ListItem","position":3,"name":"Original | Abundance of a Moment"}]},{"@type":"WebSite","@id":"https:\/\/musialjanicka.art\/#website","url":"https:\/\/musialjanicka.art\/","name":"musialjanicka.art","description":"Sztuka wspieraj\u0105ca spok\u00f3j umys\u0142u i duszy","publisher":{"@id":"https:\/\/musialjanicka.art\/#organization"},"potentialAction":[{"@type":"SearchAction","target":{"@type":"EntryPoint","urlTemplate":"https:\/\/musialjanicka.art\/?s={search_term_string}"},"query-input":{"@type":"PropertyValueSpecification","valueRequired":true,"valueName":"search_term_string"}}],"inLanguage":"pl-PL"},{"@type":"Organization","@id":"https:\/\/musialjanicka.art\/#organization","name":"musialjanicka.art","url":"https:\/\/musialjanicka.art\/","logo":{"@type":"ImageObject","inLanguage":"pl-PL","@id":"https:\/\/musialjanicka.art\/#\/schema\/logo\/image\/","url":"https:\/\/musialjanicka.art\/wp-content\/uploads\/2025\/02\/cropped-Nowe-logo-kwadrat-620x620px.png","contentUrl":"https:\/\/musialjanicka.art\/wp-content\/uploads\/2025\/02\/cropped-Nowe-logo-kwadrat-620x620px.png","width":512,"height":512,"caption":"musialjanicka.art"},"image":{"@id":"https:\/\/musialjanicka.art\/#\/schema\/logo\/image\/"},"sameAs":["https:\/\/www.facebook.com\/profile.php?id=61558487248297","https:\/\/www.instagram.com\/peacefulnaturebyjmj\/","https:\/\/pl.pinterest.com\/jmusialjanicka\/?actingBusinessId=482518684984684504"]}]}},"jetpack_sharing_enabled":true,"_links":{"self":[{"href":"https:\/\/musialjanicka.art\/pl\/wp-json\/wp\/v2\/product\/2139","targetHints":{"allow":["GET"]}}],"collection":[{"href":"https:\/\/musialjanicka.art\/pl\/wp-json\/wp\/v2\/product"}],"about":[{"href":"https:\/\/musialjanicka.art\/pl\/wp-json\/wp\/v2\/types\/product"}],"wp:featuredmedia":[{"embeddable":true,"href":"https:\/\/musialjanicka.art\/pl\/wp-json\/wp\/v2\/media\/2144"}],"wp:attachment":[{"href":"https:\/\/musialjanicka.art\/pl\/wp-json\/wp\/v2\/media?parent=2139"}],"wp:term":[{"taxonomy":"product_brand","embeddable":true,"href":"https:\/\/musialjanicka.art\/pl\/wp-json\/wp\/v2\/product_brand?post=2139"},{"taxonomy":"product_cat","embeddable":true,"href":"https:\/\/musialjanicka.art\/pl\/wp-json\/wp\/v2\/product_cat?post=2139"},{"taxonomy":"product_tag","embeddable":true,"href":"https:\/\/musialjanicka.art\/pl\/wp-json\/wp\/v2\/product_tag?post=2139"},{"taxonomy":"collections","embeddable":true,"href":"https:\/\/musialjanicka.art\/pl\/wp-json\/wp\/v2\/Collections?post=2139"}],"curies":[{"name":"wp","href":"https:\/\/api.w.org\/{rel}","templated":true}]}}