{"id":2148,"date":"2025-12-03T19:09:10","date_gmt":"2025-12-03T18:09:10","guid":{"rendered":"https:\/\/musialjanicka.art\/?post_type=product&#038;p=2148"},"modified":"2026-02-05T19:45:32","modified_gmt":"2026-02-05T18:45:32","slug":"oryginalna-nadzieja-wolnosc","status":"publish","type":"product","link":"https:\/\/musialjanicka.art\/pl\/product\/original-hope-freedom\/","title":{"rendered":"Orygina\u0142 | Nadzieja i Wolno\u015b\u0107"},"content":{"rendered":"<p class=\"\" data-start=\"221\" data-end=\"525\"><strong data-start=\"221\" data-end=\"525\">Discover &#8220;<em>Hope &amp; Freedom&#8221;<\/em>\u00a0\u2014 a poetic fine art photograph from the limited &#8220;<a href=\"https:\/\/musialjanicka.art\/collections\/hope\/\" target=\"_blank\" rel=\"noopener\">Hope<\/a>&#8221; Collection by Joanna Musia\u0142-Janicka. This delicate, nature-inspired piece captures the quiet elegance of simplicity, filling your space with soft light and a sense of gentle presence.<\/strong><\/p>\n<p class=\"\" data-start=\"221\" data-end=\"525\">This photograph was born from lightness: intuition, playful experimentation with light, and the pure joy that accompanied the artist during a walk in a nearby city park. Twisted branches and bursts of light created their own story.<br \/>\nIt is a tale of freedom in creation \u2014 of allowing oneself to experiment with colors, to break rules of form, and to follow light spontaneously. Without expectations, only with the joy of creating that arises when the artist follows her impulse. Of the purity of the process, which leads where the heart wants to go \u2014 into a space where creation flows effortlessly, and interpretation remains open like a breath.<\/p>\n<p class=\"\" data-start=\"221\" data-end=\"525\"><em>Freedom of choice. Lightness. Breath. Being. Joy.<\/em><\/p>\n<p data-start=\"379\" data-end=\"627\">It is a visual meditation \u2014 about lightness, mindfulness, and the soothing clarity of simply being. In full alignment with the<a href=\"https:\/\/musialjanicka.art\/mission\/\" target=\"_blank\" rel=\"noopener\"> Artist&#8217;s intention<\/a> of pausing and finding hope in simple beauty.<\/p>\n<h5><\/h5>\n<h5>Exhibition history<\/h5>\n<p>The photograph premiered at the International Exhibition <a href=\"https:\/\/musialjanicka.art\/blog\/freedom-international-exhibition\/\" target=\"_blank\" rel=\"noopener\">&#8216;Freedom&#8217; at the Royal Blue VA Gallery in Stockholm<\/a>, concluding the <a href=\"https:\/\/musialjanicka.art\/blog\/rapid-accelerator-residency-freedom-stockholm\/\" target=\"_blank\" rel=\"noopener\">&#8216;Rapid Accelerator&#8217;<\/a> artistic residency in which Joanna Musia\u0142-Janicka took part.<br \/>\nInstallation views from the exhibition are included in the gallery and blog posts.<\/p>\n<p>&nbsp;<\/p>\n<h4 data-start=\"44\" data-end=\"107\">This Fine Art photograph, \u201c<strong data-start=\"221\" data-end=\"525\"><em>Hope &amp; Freedom<\/em><\/strong>,\u201d is part of a limited edition collectible series of only <strong data-start=\"690\" data-end=\"712\">25 pigment prints in total<\/strong> (5 in each size \u2014 once sold out, no further prints will be produced).<\/h4>\n<p>&nbsp;<\/p>\n<ul>\n<li data-start=\"514\" data-end=\"563\"><strong>Signed<\/strong> by its author Joanna Musia\u0142-Janicka<\/li>\n<li data-start=\"566\" data-end=\"611\">Includes a <strong>Certificate of Authenticity <\/strong>(signed; with dry stamp)<\/li>\n<li data-start=\"614\" data-end=\"644\">Carries a <strong>unique number<\/strong><\/li>\n<li>Embossed with a <strong>dry stamp<\/strong> (positioned in the white margin)<\/li>\n<li><strong>Limited Edition<\/strong> with a Progressive Price List:\n<ul>\n<li data-start=\"705\" data-end=\"769\">The fewer pieces available, the greater the collectible value.<\/li>\n<li>As the edition sells out, each subsequent print in a given size and format increases in price. Consequently, this enhances its value at the time of purchase.<\/li>\n<\/ul>\n<\/li>\n<\/ul>\n<p>&nbsp;<\/p>\n<h4 style=\"font-size: 16px; font-weight: 400;\">Crafted to gallery standards:<\/h4>\n<ul style=\"font-size: 16px; font-weight: 400;\">\n<li data-start=\"64\" data-end=\"118\"><strong>Museum-quality archival paper<\/strong> with matte finish for subtle depth and clarity<\/li>\n<li data-start=\"64\" data-end=\"118\"><strong>Pigment printing technology<\/strong> (Canon 1440DPI resolution) for exceptional precision<\/li>\n<li data-start=\"64\" data-end=\"118\">Archival<strong> acid-free paper<\/strong>, lasting over <strong>100 years<\/strong> (indoor exposure)<\/li>\n<\/ul>\n<p>&nbsp;<\/p>\n<p>&nbsp;<\/p>\n<h5>Why Choose \u201c<strong data-start=\"221\" data-end=\"525\"><em>Hope &amp; Freedom<\/em><\/strong>\u201d?<\/h5>\n<p class=\"\" data-start=\"1930\" data-end=\"2039\">Add <strong data-start=\"1934\" data-end=\"1960\">&#8220;<em>Hope &amp; Freedom<\/em>&#8220;<\/strong> to your collection and bring softness, light, and serenity into your interior. Perfect for a range of interior styles, if it speaks to both your home and your inner world. Ideal for spaces like bedrooms, therapy rooms, modern offices, or serene reception areas \u2014 wherever you seek quiet elegance and emotional clarity.<\/p>\n<p class=\"\" data-start=\"1714\" data-end=\"1899\"><strong>Invest in art and tranquillity.<\/strong> <em>&#8220;<strong data-start=\"221\" data-end=\"525\">Hope &amp; Freedom<\/strong>&#8220;<\/em> \u2014 a unique piece of contemporary art, available for sale online, awaits to bring a soft ray of light and hope into your life. Only 20 pieces \u2013 this is your chance to own a unique part of this limited edition.<\/p>\n<p data-start=\"1714\" data-end=\"1899\"><strong data-start=\"2265\" data-end=\"2334\">A timeless artwork that celebrates stillness and gentle strength.<\/strong><br data-start=\"2334\" data-end=\"2337\" \/>Your invitation to pause. A moment of breath. A soft breeze of hope.<\/p>\n<hr \/>\n<p class=\"\" data-start=\"1581\" data-end=\"1696\">Meanwhile, explore the full &#8220;<a href=\"https:\/\/musialjanicka.art\/collections\/hope\/\" target=\"_blank\" rel=\"noopener\">Hope<\/a>&#8221; collection and discover more art filled with light and tranquility \u2013 [<a href=\"https:\/\/musialjanicka.art\/collections\/hope\/\" target=\"_blank\" rel=\"noopener\">click here<\/a>]. #ThePowerOfAStop<\/p>\n","protected":false},"excerpt":{"rendered":"<h6>Wydruk pigmentowy fotografii abstrakcyjnej o jako\u015bci galeryjnej autorstwa Joanny Musia\u0142-Janickiej. Certyfikowana, r\u0119cznie sygnowana, limitowana edycja kolekcjonerska. Progresywny system cenowy.<\/h6>\n<p><br data-start=\"2030\" data-end=\"2033\" \/><em>Edycja kolekcjonerska - tylko 25 odbitek<\/em><br \/>\n<em>Aktualnie dost\u0119pny numer: <strong>Nr 25 \/ 25<\/strong><\/em><br \/>\n<em>Numeracja przebiega w odwrotnej kolejno\u015bci (25 \u2192 1)<\/em><br \/>\n<em>Cena wzrasta wraz z post\u0119pem edycji<\/em><\/p>","protected":false},"featured_media":2157,"template":"","meta":{"pgc_sgb_lightbox_settings":""},"product_brand":[],"product_cat":[124],"product_tag":[93,180,99,175,73,172,102,114,94,74,105,90,117,111,95,179,81,106,82,173,181],"Collections":[165],"class_list":{"0":"post-2148","1":"product","2":"type-product","3":"status-publish","4":"has-post-thumbnail","6":"product_cat-collectors-photographs","7":"product_tag-art-collections","8":"product_tag-art-for-restaurants","9":"product_tag-art-for-sale-online","10":"product_tag-authors-photographs","11":"product_tag-botanical-photography","12":"product_tag-certificate-of-authenticity","13":"product_tag-collectible-art","14":"product_tag-collectors-edition-photography","15":"product_tag-contemporary-art-for-sale","16":"product_tag-fine-art-photography","17":"product_tag-gallery-quality-fine-art","18":"product_tag-investing-in-art","19":"product_tag-joanna-musial-janicka","20":"product_tag-limited-edition-collectible-photography","21":"product_tag-luxury-art","22":"product_tag-mindful-art","23":"product_tag-modern-office-decor","24":"product_tag-museum-quality-wall-art","25":"product_tag-nature-inspired-wall-decor","26":"product_tag-progressive-price-list","27":"product_tag-thepowerofastop","28":"product_shipping_class-collectibles","29":"pa_art-style-contemporary-modern-art","30":"pa_art-style-industrial-loft-art","31":"pa_color-blue-photography-prints","32":"pa_color-navy-photography-prints","33":"pa_orientation-vertical","34":"pa_size-85x120-33x47","35":"pa_size-60x85-24x33","36":"pa_size-60x40-24x16","37":"pa_size-40x30-16x12","38":"pa_size-20x30-8x12","39":"pa_theme-art-abstract-photography","40":"pa_theme-art-botanical-photography","41":"pa_tones-cool-tones","42":"collections-hope","44":"first","45":"instock","46":"featured","47":"shipping-taxable","48":"purchasable","49":"product-type-variable"},"yoast_head":"<!-- This site is optimized with the Yoast SEO plugin v27.5 - https:\/\/yoast.com\/product\/yoast-seo-wordpress\/ -->\n<title>&quot;Hope &amp; Freedom&quot; | Limited Edition Fine Art Photography - musialjanicka.art<\/title>\n<meta name=\"description\" content=\"Discover &quot;Hope &amp; Freedom&quot;- Luxury Abstract Photography - Limited Edition Fine Art Print for sale online with a Certificate of Authenticity.\" \/>\n<meta name=\"robots\" content=\"index, follow, max-snippet:-1, max-image-preview:large, max-video-preview:-1\" \/>\n<link rel=\"canonical\" href=\"https:\/\/musialjanicka.art\/pl\/produkt\/oryginalna-nadzieja-wolnosc\/\" \/>\n<meta property=\"og:locale\" content=\"pl_PL\" \/>\n<meta property=\"og:type\" content=\"article\" \/>\n<meta property=\"og:title\" content=\"&quot;Hope &amp; Freedom&quot; | Limited Edition Fine Art Photography - musialjanicka.art\" \/>\n<meta property=\"og:description\" content=\"Discover &quot;Hope &amp; Freedom&quot;- Luxury Abstract Photography - Limited Edition Fine Art Print for sale online with a Certificate of Authenticity.\" \/>\n<meta property=\"og:url\" content=\"https:\/\/musialjanicka.art\/pl\/produkt\/oryginalna-nadzieja-wolnosc\/\" \/>\n<meta property=\"og:site_name\" content=\"musialjanicka.art\" \/>\n<meta property=\"article:publisher\" content=\"https:\/\/www.facebook.com\/profile.php?id=61558487248297\" \/>\n<meta property=\"article:modified_time\" content=\"2026-02-05T18:45:32+00:00\" \/>\n<meta property=\"og:image\" content=\"https:\/\/musialjanicka.art\/wp-content\/uploads\/2025\/12\/Hope-and-Freedom-Photography-Joanna-Musial-Janicka-musialjanicka.art-11.jpg\" \/>\n\t<meta property=\"og:image:width\" content=\"1024\" \/>\n\t<meta property=\"og:image:height\" content=\"1024\" \/>\n\t<meta property=\"og:image:type\" content=\"image\/jpeg\" \/>\n<meta name=\"twitter:card\" content=\"summary_large_image\" \/>\n<meta name=\"twitter:label1\" content=\"Szacowany czas czytania\" \/>\n\t<meta name=\"twitter:data1\" content=\"3 minuty\" \/>\n<script type=\"application\/ld+json\" class=\"yoast-schema-graph\">{\"@context\":\"https:\\\/\\\/schema.org\",\"@graph\":[{\"@type\":\"WebPage\",\"@id\":\"https:\\\/\\\/musialjanicka.art\\\/product\\\/original-hope-freedom\\\/\",\"url\":\"https:\\\/\\\/musialjanicka.art\\\/product\\\/original-hope-freedom\\\/\",\"name\":\"\\\"Hope & Freedom\\\" | Limited Edition Fine Art Photography - musialjanicka.art\",\"isPartOf\":{\"@id\":\"https:\\\/\\\/musialjanicka.art\\\/#website\"},\"primaryImageOfPage\":{\"@id\":\"https:\\\/\\\/musialjanicka.art\\\/product\\\/original-hope-freedom\\\/#primaryimage\"},\"image\":{\"@id\":\"https:\\\/\\\/musialjanicka.art\\\/product\\\/original-hope-freedom\\\/#primaryimage\"},\"thumbnailUrl\":\"https:\\\/\\\/musialjanicka.art\\\/wp-content\\\/uploads\\\/2025\\\/12\\\/Hope-and-Freedom-Photography-Joanna-Musial-Janicka-musialjanicka.art-11.jpg\",\"datePublished\":\"2025-12-03T18:09:10+00:00\",\"dateModified\":\"2026-02-05T18:45:32+00:00\",\"description\":\"Discover \\\"Hope & Freedom\\\"- Luxury Abstract Photography - Limited Edition Fine Art Print for sale online with a Certificate of Authenticity.\",\"breadcrumb\":{\"@id\":\"https:\\\/\\\/musialjanicka.art\\\/product\\\/original-hope-freedom\\\/#breadcrumb\"},\"inLanguage\":\"pl-PL\",\"potentialAction\":[{\"@type\":\"ReadAction\",\"target\":[\"https:\\\/\\\/musialjanicka.art\\\/product\\\/original-hope-freedom\\\/\"]}]},{\"@type\":\"ImageObject\",\"inLanguage\":\"pl-PL\",\"@id\":\"https:\\\/\\\/musialjanicka.art\\\/product\\\/original-hope-freedom\\\/#primaryimage\",\"url\":\"https:\\\/\\\/musialjanicka.art\\\/wp-content\\\/uploads\\\/2025\\\/12\\\/Hope-and-Freedom-Photography-Joanna-Musial-Janicka-musialjanicka.art-11.jpg\",\"contentUrl\":\"https:\\\/\\\/musialjanicka.art\\\/wp-content\\\/uploads\\\/2025\\\/12\\\/Hope-and-Freedom-Photography-Joanna-Musial-Janicka-musialjanicka.art-11.jpg\",\"width\":1024,\"height\":1024,\"caption\":\"Soft, bright photograph of delicate twisted branches surrounded by gentle bursts of light in a pale, airy background.\"},{\"@type\":\"BreadcrumbList\",\"@id\":\"https:\\\/\\\/musialjanicka.art\\\/product\\\/original-hope-freedom\\\/#breadcrumb\",\"itemListElement\":[{\"@type\":\"ListItem\",\"position\":1,\"name\":\"Home\",\"item\":\"https:\\\/\\\/musialjanicka.art\\\/\"},{\"@type\":\"ListItem\",\"position\":2,\"name\":\"Shop\",\"item\":\"https:\\\/\\\/musialjanicka.art\\\/shop\\\/\"},{\"@type\":\"ListItem\",\"position\":3,\"name\":\"Original | Hope &#038; Freedom\"}]},{\"@type\":\"WebSite\",\"@id\":\"https:\\\/\\\/musialjanicka.art\\\/#website\",\"url\":\"https:\\\/\\\/musialjanicka.art\\\/\",\"name\":\"musialjanicka.art\",\"description\":\"Art Supporting Peace of Your Mind and Soul\",\"publisher\":{\"@id\":\"https:\\\/\\\/musialjanicka.art\\\/#organization\"},\"potentialAction\":[{\"@type\":\"SearchAction\",\"target\":{\"@type\":\"EntryPoint\",\"urlTemplate\":\"https:\\\/\\\/musialjanicka.art\\\/?s={search_term_string}\"},\"query-input\":{\"@type\":\"PropertyValueSpecification\",\"valueRequired\":true,\"valueName\":\"search_term_string\"}}],\"inLanguage\":\"pl-PL\"},{\"@type\":\"Organization\",\"@id\":\"https:\\\/\\\/musialjanicka.art\\\/#organization\",\"name\":\"musialjanicka.art\",\"url\":\"https:\\\/\\\/musialjanicka.art\\\/\",\"logo\":{\"@type\":\"ImageObject\",\"inLanguage\":\"pl-PL\",\"@id\":\"https:\\\/\\\/musialjanicka.art\\\/#\\\/schema\\\/logo\\\/image\\\/\",\"url\":\"https:\\\/\\\/musialjanicka.art\\\/wp-content\\\/uploads\\\/2025\\\/02\\\/cropped-Nowe-logo-kwadrat-620x620px.png\",\"contentUrl\":\"https:\\\/\\\/musialjanicka.art\\\/wp-content\\\/uploads\\\/2025\\\/02\\\/cropped-Nowe-logo-kwadrat-620x620px.png\",\"width\":512,\"height\":512,\"caption\":\"musialjanicka.art\"},\"image\":{\"@id\":\"https:\\\/\\\/musialjanicka.art\\\/#\\\/schema\\\/logo\\\/image\\\/\"},\"sameAs\":[\"https:\\\/\\\/www.facebook.com\\\/profile.php?id=61558487248297\",\"https:\\\/\\\/www.instagram.com\\\/peacefulnaturebyjmj\\\/\",\"https:\\\/\\\/pl.pinterest.com\\\/jmusialjanicka\\\/?actingBusinessId=482518684984684504\"]}]}<\/script>\n<!-- \/ Yoast SEO plugin. -->","yoast_head_json":{"title":"\"Hope &amp; Freedom\" | Limitowana edycja Fine Art Photography - musialjanicka.art","description":"Odkryj \"Hope &amp; Freedom\" - luksusow\u0105 fotografi\u0119 abstrakcyjn\u0105 - limitowan\u0105 edycj\u0119 Fine Art Print na sprzeda\u017c online z certyfikatem autentyczno\u015bci.","robots":{"index":"index","follow":"follow","max-snippet":"max-snippet:-1","max-image-preview":"max-image-preview:large","max-video-preview":"max-video-preview:-1"},"canonical":"https:\/\/musialjanicka.art\/pl\/produkt\/oryginalna-nadzieja-wolnosc\/","og_locale":"pl_PL","og_type":"article","og_title":"\"Hope & Freedom\" | Limited Edition Fine Art Photography - musialjanicka.art","og_description":"Discover \"Hope & Freedom\"- Luxury Abstract Photography - Limited Edition Fine Art Print for sale online with a Certificate of Authenticity.","og_url":"https:\/\/musialjanicka.art\/pl\/produkt\/oryginalna-nadzieja-wolnosc\/","og_site_name":"musialjanicka.art","article_publisher":"https:\/\/www.facebook.com\/profile.php?id=61558487248297","article_modified_time":"2026-02-05T18:45:32+00:00","og_image":[{"width":1024,"height":1024,"url":"https:\/\/musialjanicka.art\/wp-content\/uploads\/2025\/12\/Hope-and-Freedom-Photography-Joanna-Musial-Janicka-musialjanicka.art-11.jpg","type":"image\/jpeg"}],"twitter_card":"summary_large_image","twitter_misc":{"Szacowany czas czytania":"3 minuty"},"schema":{"@context":"https:\/\/schema.org","@graph":[{"@type":"WebPage","@id":"https:\/\/musialjanicka.art\/product\/original-hope-freedom\/","url":"https:\/\/musialjanicka.art\/product\/original-hope-freedom\/","name":"\"Hope &amp; Freedom\" | Limitowana edycja Fine Art Photography - musialjanicka.art","isPartOf":{"@id":"https:\/\/musialjanicka.art\/#website"},"primaryImageOfPage":{"@id":"https:\/\/musialjanicka.art\/product\/original-hope-freedom\/#primaryimage"},"image":{"@id":"https:\/\/musialjanicka.art\/product\/original-hope-freedom\/#primaryimage"},"thumbnailUrl":"https:\/\/musialjanicka.art\/wp-content\/uploads\/2025\/12\/Hope-and-Freedom-Photography-Joanna-Musial-Janicka-musialjanicka.art-11.jpg","datePublished":"2025-12-03T18:09:10+00:00","dateModified":"2026-02-05T18:45:32+00:00","description":"Odkryj \"Hope &amp; Freedom\" - luksusow\u0105 fotografi\u0119 abstrakcyjn\u0105 - limitowan\u0105 edycj\u0119 Fine Art Print na sprzeda\u017c online z certyfikatem autentyczno\u015bci.","breadcrumb":{"@id":"https:\/\/musialjanicka.art\/product\/original-hope-freedom\/#breadcrumb"},"inLanguage":"pl-PL","potentialAction":[{"@type":"ReadAction","target":["https:\/\/musialjanicka.art\/product\/original-hope-freedom\/"]}]},{"@type":"ImageObject","inLanguage":"pl-PL","@id":"https:\/\/musialjanicka.art\/product\/original-hope-freedom\/#primaryimage","url":"https:\/\/musialjanicka.art\/wp-content\/uploads\/2025\/12\/Hope-and-Freedom-Photography-Joanna-Musial-Janicka-musialjanicka.art-11.jpg","contentUrl":"https:\/\/musialjanicka.art\/wp-content\/uploads\/2025\/12\/Hope-and-Freedom-Photography-Joanna-Musial-Janicka-musialjanicka.art-11.jpg","width":1024,"height":1024,"caption":"Soft, bright photograph of delicate twisted branches surrounded by gentle bursts of light in a pale, airy background."},{"@type":"BreadcrumbList","@id":"https:\/\/musialjanicka.art\/product\/original-hope-freedom\/#breadcrumb","itemListElement":[{"@type":"ListItem","position":1,"name":"Home","item":"https:\/\/musialjanicka.art\/"},{"@type":"ListItem","position":2,"name":"Shop","item":"https:\/\/musialjanicka.art\/shop\/"},{"@type":"ListItem","position":3,"name":"Original | Hope &#038; Freedom"}]},{"@type":"WebSite","@id":"https:\/\/musialjanicka.art\/#website","url":"https:\/\/musialjanicka.art\/","name":"musialjanicka.art","description":"Sztuka wspieraj\u0105ca spok\u00f3j umys\u0142u i duszy","publisher":{"@id":"https:\/\/musialjanicka.art\/#organization"},"potentialAction":[{"@type":"SearchAction","target":{"@type":"EntryPoint","urlTemplate":"https:\/\/musialjanicka.art\/?s={search_term_string}"},"query-input":{"@type":"PropertyValueSpecification","valueRequired":true,"valueName":"search_term_string"}}],"inLanguage":"pl-PL"},{"@type":"Organization","@id":"https:\/\/musialjanicka.art\/#organization","name":"musialjanicka.art","url":"https:\/\/musialjanicka.art\/","logo":{"@type":"ImageObject","inLanguage":"pl-PL","@id":"https:\/\/musialjanicka.art\/#\/schema\/logo\/image\/","url":"https:\/\/musialjanicka.art\/wp-content\/uploads\/2025\/02\/cropped-Nowe-logo-kwadrat-620x620px.png","contentUrl":"https:\/\/musialjanicka.art\/wp-content\/uploads\/2025\/02\/cropped-Nowe-logo-kwadrat-620x620px.png","width":512,"height":512,"caption":"musialjanicka.art"},"image":{"@id":"https:\/\/musialjanicka.art\/#\/schema\/logo\/image\/"},"sameAs":["https:\/\/www.facebook.com\/profile.php?id=61558487248297","https:\/\/www.instagram.com\/peacefulnaturebyjmj\/","https:\/\/pl.pinterest.com\/jmusialjanicka\/?actingBusinessId=482518684984684504"]}]}},"jetpack_sharing_enabled":true,"_links":{"self":[{"href":"https:\/\/musialjanicka.art\/pl\/wp-json\/wp\/v2\/product\/2148","targetHints":{"allow":["GET"]}}],"collection":[{"href":"https:\/\/musialjanicka.art\/pl\/wp-json\/wp\/v2\/product"}],"about":[{"href":"https:\/\/musialjanicka.art\/pl\/wp-json\/wp\/v2\/types\/product"}],"wp:featuredmedia":[{"embeddable":true,"href":"https:\/\/musialjanicka.art\/pl\/wp-json\/wp\/v2\/media\/2157"}],"wp:attachment":[{"href":"https:\/\/musialjanicka.art\/pl\/wp-json\/wp\/v2\/media?parent=2148"}],"wp:term":[{"taxonomy":"product_brand","embeddable":true,"href":"https:\/\/musialjanicka.art\/pl\/wp-json\/wp\/v2\/product_brand?post=2148"},{"taxonomy":"product_cat","embeddable":true,"href":"https:\/\/musialjanicka.art\/pl\/wp-json\/wp\/v2\/product_cat?post=2148"},{"taxonomy":"product_tag","embeddable":true,"href":"https:\/\/musialjanicka.art\/pl\/wp-json\/wp\/v2\/product_tag?post=2148"},{"taxonomy":"collections","embeddable":true,"href":"https:\/\/musialjanicka.art\/pl\/wp-json\/wp\/v2\/Collections?post=2148"}],"curies":[{"name":"wp","href":"https:\/\/api.w.org\/{rel}","templated":true}]}}