{"id":2555,"date":"2026-03-21T15:23:51","date_gmt":"2026-03-21T14:23:51","guid":{"rendered":"https:\/\/musialjanicka.art\/?post_type=product&#038;p=2555"},"modified":"2026-03-25T18:17:47","modified_gmt":"2026-03-25T17:17:47","slug":"haftowane-swiatlo-nadzieja-wolnosc","status":"publish","type":"product","link":"https:\/\/musialjanicka.art\/pl\/product\/embroidered-light-hope-freedom\/","title":{"rendered":"Haftowane \u015bwiat\u0142o | Nadzieja i wolno\u015b\u0107"},"content":{"rendered":"<p><strong>Experience &#8216;<em>Embroidered Light | Hope &amp; Freedom&#8217;<\/em> from &#8216;<em><a href=\"https:\/\/musialjanicka.art\/product-category\/embroidered-light\/\" target=\"_blank\" rel=\"noopener\">Embroidered Light<\/a>&#8216; <\/em><\/strong><strong data-start=\"221\" data-end=\"525\">series\u00a0<\/strong><strong data-start=\"221\" data-end=\"525\">by Joanna Musia\u0142-Janicka. This delicate, nature-inspired original photograph by the artist is enhanced with subtle hand embroidery, adding a new dimension of light, texture, and presence.<\/strong><\/p>\n<p class=\"\" data-start=\"221\" data-end=\"525\">This photograph was born from lightness: intuition, playful experimentation with light, and the quiet joy that accompanied the artist during a walk in a nearby city park. Twisted branches and bursts of light created their own story.<\/p>\n<p class=\"\" data-start=\"221\" data-end=\"525\">As a result, embroidering stitches on a print of a photograph is a continuation of it &#8211; a gesture of freedom and joy in creation. A movement beyond the image.<\/p>\n<p class=\"\" data-start=\"221\" data-end=\"525\">Using luminous thread, the artist follows the natural flow of light already present in the scene. The embroidery highlights its direction, structure, and rhythm, without altering the image itself. In this way it gently reveals what was already there.<\/p>\n<p class=\"\" data-start=\"221\" data-end=\"525\">It is a visual meditation &#8211; mindfulness, expanded into material form.<\/p>\n<p>For the artist, <strong>light is a symbol of goodness, truth, faith, hope, and wonder &#8211; as well as the inner spark within<\/strong>. This is what she chose to <strong>highlight in this project<\/strong> <em><strong>\u00a0[<a href=\"https:\/\/musialjanicka.art\/blog\/new-project\/\" target=\"_blank\" rel=\"noopener\">read more about &#8216;Embroidered Light&#8217; philosophy<\/a>].<\/strong><\/em><\/p>\n<h5><\/h5>\n<h2><em>&#8216;Embroidered Light | Hope &amp; Freedom&#8217;<\/em> is a one-of-a-kind piece, manually finished by the artist, showcasing an original photograph enhanced with hand embroidery.<\/h2>\n<p>Hand embroidery is applied directly onto the fine art print using luminous metallic thread. Hand-applied acrylic silver dots complement the embroidery, adding extra shimmer and depth. Moreover, each stitch is placed individually, following the intuitive rhythm of light. No two works are identical; therefore, this piece will not be recreated.<\/p>\n<h5>This<strong> unique work is<\/strong><strong>:<\/strong><\/h5>\n<ul>\n<li data-start=\"514\" data-end=\"563\"><strong>Hand-signed<\/strong> by Joanna Musia\u0142-Janicka<\/li>\n<li data-start=\"566\" data-end=\"611\">Includes a <strong>Certificate of Authenticity <\/strong>(signed; with dry stamp)<\/li>\n<li>Embossed with a <strong>dry stamp<\/strong> (positioned in the white margin)<\/li>\n<li><strong>A one-of-a-kind<\/strong> piece, manually finished by the artist.<\/li>\n<\/ul>\n<h5><\/h5>\n<h5>Print of photograph crafted to gallery standards:<\/h5>\n<ul style=\"font-size: 16px; font-weight: 400;\">\n<li data-start=\"64\" data-end=\"118\"><strong>Museum-quality archival paper<\/strong> with matte finish for subtle depth and clarity<\/li>\n<li data-start=\"64\" data-end=\"118\"><strong>Pigment printing technology<\/strong> (Canon 1440DPI resolution) for exceptional precision<\/li>\n<li data-start=\"64\" data-end=\"118\">Archival<strong> acid-free paper<\/strong>, lasting over <strong>100 years<\/strong> (indoor exposure)<\/li>\n<\/ul>\n<h5><\/h5>\n<h5>Size &amp; Details:<\/h5>\n<ul>\n<li>Medium: Mixed media \u2014 textile art &amp; acrylic on archival pigment print<\/li>\n<li>A3 &#8211; 42 x 29,7 cm (16.5 x 11.7 in)<\/li>\n<li>Image margin: 4 cm (vertical) x 5 cm (horizontal)<\/li>\n<li>Unframed, allowing for personal framing and display.<\/li>\n<\/ul>\n<p>&nbsp;<\/p>\n<h5>Why Choose &#8216;<em><strong>Embroidered Light | Hope &amp; Freedom&#8217;<\/strong><\/em>?<\/h5>\n<p class=\"\" data-start=\"1930\" data-end=\"2039\">This work moves beyond photography and becomes a quiet object of contemplation. It interacts with light, changing subtly depending on the angle of view. Because of this, it suits collectors and interiors seeking depth, calm, and authenticity &#8211; from private living spaces to thoughtful, minimal environments.<\/p>\n<p><strong>Invest in art and presence. &#8216;Embroidered Light | Hope &amp; Freedom&#8217;<\/strong>\u00a0invites you to experience light in a new way.<\/p>\n<p>Your invitation to pause.<br \/>\nA\u00a0moment of breath.<\/p>\n<h5><\/h5>\n<h5 style=\"text-align: center;\"><strong>The world is where you choose to stop. <\/strong>#ThePowerOfAStop<\/h5>\n<p>&nbsp;<\/p>\n<hr \/>\n<h5><\/h5>\n<h5>Exhibition history<\/h5>\n<p>Joanna Musia\u0142-Janicka premiered the original photograph <em data-start=\"161\" data-end=\"179\">&#8220;<a href=\"https:\/\/musialjanicka.art\/product\/original-hope-freedom\/\" target=\"_blank\" rel=\"noopener\">Hope &amp; Freedom<\/a>&#8220;<\/em>, part of the limited, collector\u2019s, certified <em data-start=\"225\" data-end=\"233\">&#8220;<a href=\"https:\/\/musialjanicka.art\/collections\/hope\/\" target=\"_blank\" rel=\"noopener\">Hope<\/a>&#8220;<\/em> Collection, at the International Exhibition <a href=\"https:\/\/musialjanicka.art\/blog\/freedom-international-exhibition\/\" target=\"_blank\" rel=\"noopener\">&#8216;Freedom&#8217; at the Royal Blue VA Gallery in Stockholm<\/a>, concluding her participation in the\u00a0 <a href=\"https:\/\/musialjanicka.art\/blog\/rapid-accelerator-residency-freedom-stockholm\/\" target=\"_blank\" rel=\"noopener\">&#8216;Rapid Accelerator&#8217;<\/a> artistic residency.<br \/>\nThe gallery and blog posts include installation views from the exhibition.<\/p>\n<p>&nbsp;<\/p>\n","protected":false},"excerpt":{"rendered":"<h6>Unikatowa, autorska fotografia artystyczna z r\u0119cznym haftem autorstwa Joanny Musia\u0142-Janickiej.\nZawiera r\u0119cznie podpisany Certyfikat Autentyczno\u015bci.\nKolekcjonerska praca \u0142\u0105cz\u0105ca fotografi\u0119 i sztuk\u0119 tekstyln\u0105<\/h6>","protected":false},"featured_media":2547,"template":"","meta":{"pgc_sgb_lightbox_settings":""},"product_brand":[],"product_cat":[218],"product_tag":[99,172,114,223,227,228,224,117,179,226,225,181,96],"Collections":[165],"class_list":{"0":"post-2555","1":"product","2":"type-product","3":"status-publish","4":"has-post-thumbnail","6":"product_cat-embroidered-light","7":"product_tag-art-for-sale-online","8":"product_tag-certificate-of-authenticity","9":"product_tag-collectors-edition-photography","10":"product_tag-embroidered-light","11":"product_tag-embroidery-on-paper","12":"product_tag-hand-embroidered-photography","13":"product_tag-hand-embroidery","14":"product_tag-joanna-musial-janicka","15":"product_tag-mindful-art","16":"product_tag-mixed-media-art","17":"product_tag-photo-embroidery","18":"product_tag-thepowerofastop","19":"product_tag-unique-artworks","20":"product_shipping_class-collectibles","21":"pa_art-style-contemporary-modern-art","22":"pa_art-style-industrial-loft-art","23":"pa_color-blue-photography-prints","24":"pa_color-gray-photography-prints","25":"pa_color-navy-photography-prints","26":"pa_orientation-vertical","27":"pa_size-a3-embroidery","28":"pa_theme-art-abstract-photography","29":"pa_theme-art-botanical-photography","30":"pa_tones-cool-tones","31":"collections-hope","33":"first","34":"instock","35":"shipping-taxable","36":"purchasable","37":"product-type-simple"},"yoast_head":"<!-- This site is optimized with the Yoast SEO plugin v27.5 - https:\/\/yoast.com\/product\/yoast-seo-wordpress\/ -->\n<title>Embroidered Light | Hope &amp; Freedom \u2013 photo embroidery - musialjanicka.art<\/title>\n<meta name=\"description\" content=\"Embroidered Light | Hope &amp; Freedom \u2013 one-of-a-kind mixed media photograph with hand embroidery in luminous thread, combining photography and textile art.\" \/>\n<meta name=\"robots\" content=\"index, follow, max-snippet:-1, max-image-preview:large, max-video-preview:-1\" \/>\n<link rel=\"canonical\" href=\"https:\/\/musialjanicka.art\/pl\/produkt\/haftowane-swiatlo-nadzieja-wolnosc\/\" \/>\n<meta property=\"og:locale\" content=\"pl_PL\" \/>\n<meta property=\"og:type\" content=\"article\" \/>\n<meta property=\"og:title\" content=\"Embroidered Light | Hope &amp; Freedom \u2013 photo embroidery - musialjanicka.art\" \/>\n<meta property=\"og:description\" content=\"Embroidered Light | Hope &amp; Freedom \u2013 one-of-a-kind mixed media photograph with hand embroidery in luminous thread, combining photography and textile art.\" \/>\n<meta property=\"og:url\" content=\"https:\/\/musialjanicka.art\/pl\/produkt\/haftowane-swiatlo-nadzieja-wolnosc\/\" \/>\n<meta property=\"og:site_name\" content=\"musialjanicka.art\" \/>\n<meta property=\"article:publisher\" content=\"https:\/\/www.facebook.com\/profile.php?id=61558487248297\" \/>\n<meta property=\"article:modified_time\" content=\"2026-03-25T17:17:47+00:00\" \/>\n<meta property=\"og:image\" content=\"https:\/\/musialjanicka.art\/wp-content\/uploads\/2026\/03\/Embrioded-Light-Joanna-Musial-Janicka-musialjanicka.art_.jpg\" \/>\n\t<meta property=\"og:image:width\" content=\"1024\" \/>\n\t<meta property=\"og:image:height\" content=\"1024\" \/>\n\t<meta property=\"og:image:type\" content=\"image\/jpeg\" \/>\n<meta name=\"twitter:card\" content=\"summary_large_image\" \/>\n<meta name=\"twitter:label1\" content=\"Szacowany czas czytania\" \/>\n\t<meta name=\"twitter:data1\" content=\"3 minuty\" \/>\n<script type=\"application\/ld+json\" class=\"yoast-schema-graph\">{\"@context\":\"https:\\\/\\\/schema.org\",\"@graph\":[{\"@type\":\"WebPage\",\"@id\":\"https:\\\/\\\/musialjanicka.art\\\/product\\\/embroidered-light-hope-freedom\\\/\",\"url\":\"https:\\\/\\\/musialjanicka.art\\\/product\\\/embroidered-light-hope-freedom\\\/\",\"name\":\"Embroidered Light | Hope & Freedom \u2013 photo embroidery - musialjanicka.art\",\"isPartOf\":{\"@id\":\"https:\\\/\\\/musialjanicka.art\\\/#website\"},\"primaryImageOfPage\":{\"@id\":\"https:\\\/\\\/musialjanicka.art\\\/product\\\/embroidered-light-hope-freedom\\\/#primaryimage\"},\"image\":{\"@id\":\"https:\\\/\\\/musialjanicka.art\\\/product\\\/embroidered-light-hope-freedom\\\/#primaryimage\"},\"thumbnailUrl\":\"https:\\\/\\\/musialjanicka.art\\\/wp-content\\\/uploads\\\/2026\\\/03\\\/Embrioded-Light-Joanna-Musial-Janicka-musialjanicka.art_.jpg\",\"datePublished\":\"2026-03-21T14:23:51+00:00\",\"dateModified\":\"2026-03-25T17:17:47+00:00\",\"description\":\"Embroidered Light | Hope & Freedom \u2013 one-of-a-kind mixed media photograph with hand embroidery in luminous thread, combining photography and textile art.\",\"breadcrumb\":{\"@id\":\"https:\\\/\\\/musialjanicka.art\\\/product\\\/embroidered-light-hope-freedom\\\/#breadcrumb\"},\"inLanguage\":\"pl-PL\",\"potentialAction\":[{\"@type\":\"ReadAction\",\"target\":[\"https:\\\/\\\/musialjanicka.art\\\/product\\\/embroidered-light-hope-freedom\\\/\"]}]},{\"@type\":\"ImageObject\",\"inLanguage\":\"pl-PL\",\"@id\":\"https:\\\/\\\/musialjanicka.art\\\/product\\\/embroidered-light-hope-freedom\\\/#primaryimage\",\"url\":\"https:\\\/\\\/musialjanicka.art\\\/wp-content\\\/uploads\\\/2026\\\/03\\\/Embrioded-Light-Joanna-Musial-Janicka-musialjanicka.art_.jpg\",\"contentUrl\":\"https:\\\/\\\/musialjanicka.art\\\/wp-content\\\/uploads\\\/2026\\\/03\\\/Embrioded-Light-Joanna-Musial-Janicka-musialjanicka.art_.jpg\",\"width\":1024,\"height\":1024,\"caption\":\"Mindfulness inspired artwork with light, thread, and reflective details\"},{\"@type\":\"BreadcrumbList\",\"@id\":\"https:\\\/\\\/musialjanicka.art\\\/product\\\/embroidered-light-hope-freedom\\\/#breadcrumb\",\"itemListElement\":[{\"@type\":\"ListItem\",\"position\":1,\"name\":\"Home\",\"item\":\"https:\\\/\\\/musialjanicka.art\\\/\"},{\"@type\":\"ListItem\",\"position\":2,\"name\":\"Shop\",\"item\":\"https:\\\/\\\/musialjanicka.art\\\/shop\\\/\"},{\"@type\":\"ListItem\",\"position\":3,\"name\":\"Embroidered Light | Hope &#038; Freedom\"}]},{\"@type\":\"WebSite\",\"@id\":\"https:\\\/\\\/musialjanicka.art\\\/#website\",\"url\":\"https:\\\/\\\/musialjanicka.art\\\/\",\"name\":\"musialjanicka.art\",\"description\":\"Art Supporting Peace of Your Mind and Soul\",\"publisher\":{\"@id\":\"https:\\\/\\\/musialjanicka.art\\\/#organization\"},\"potentialAction\":[{\"@type\":\"SearchAction\",\"target\":{\"@type\":\"EntryPoint\",\"urlTemplate\":\"https:\\\/\\\/musialjanicka.art\\\/?s={search_term_string}\"},\"query-input\":{\"@type\":\"PropertyValueSpecification\",\"valueRequired\":true,\"valueName\":\"search_term_string\"}}],\"inLanguage\":\"pl-PL\"},{\"@type\":\"Organization\",\"@id\":\"https:\\\/\\\/musialjanicka.art\\\/#organization\",\"name\":\"musialjanicka.art\",\"url\":\"https:\\\/\\\/musialjanicka.art\\\/\",\"logo\":{\"@type\":\"ImageObject\",\"inLanguage\":\"pl-PL\",\"@id\":\"https:\\\/\\\/musialjanicka.art\\\/#\\\/schema\\\/logo\\\/image\\\/\",\"url\":\"https:\\\/\\\/musialjanicka.art\\\/wp-content\\\/uploads\\\/2025\\\/02\\\/cropped-Nowe-logo-kwadrat-620x620px.png\",\"contentUrl\":\"https:\\\/\\\/musialjanicka.art\\\/wp-content\\\/uploads\\\/2025\\\/02\\\/cropped-Nowe-logo-kwadrat-620x620px.png\",\"width\":512,\"height\":512,\"caption\":\"musialjanicka.art\"},\"image\":{\"@id\":\"https:\\\/\\\/musialjanicka.art\\\/#\\\/schema\\\/logo\\\/image\\\/\"},\"sameAs\":[\"https:\\\/\\\/www.facebook.com\\\/profile.php?id=61558487248297\",\"https:\\\/\\\/www.instagram.com\\\/peacefulnaturebyjmj\\\/\",\"https:\\\/\\\/pl.pinterest.com\\\/jmusialjanicka\\\/?actingBusinessId=482518684984684504\"]}]}<\/script>\n<!-- \/ Yoast SEO plugin. -->","yoast_head_json":{"title":"Haftowane \u015awiat\u0142o | Nadzieja i Wolno\u015b\u0107 - haft fotograficzny - musialjanicka.art","description":"Embroidered Light | Hope &amp; Freedom - jedyna w swoim rodzaju fotografia mieszana z r\u0119cznym haftem \u015bwietlistymi ni\u0107mi, \u0142\u0105cz\u0105ca fotografi\u0119 i sztuk\u0119 tekstyln\u0105.","robots":{"index":"index","follow":"follow","max-snippet":"max-snippet:-1","max-image-preview":"max-image-preview:large","max-video-preview":"max-video-preview:-1"},"canonical":"https:\/\/musialjanicka.art\/pl\/produkt\/haftowane-swiatlo-nadzieja-wolnosc\/","og_locale":"pl_PL","og_type":"article","og_title":"Embroidered Light | Hope & Freedom \u2013 photo embroidery - musialjanicka.art","og_description":"Embroidered Light | Hope & Freedom \u2013 one-of-a-kind mixed media photograph with hand embroidery in luminous thread, combining photography and textile art.","og_url":"https:\/\/musialjanicka.art\/pl\/produkt\/haftowane-swiatlo-nadzieja-wolnosc\/","og_site_name":"musialjanicka.art","article_publisher":"https:\/\/www.facebook.com\/profile.php?id=61558487248297","article_modified_time":"2026-03-25T17:17:47+00:00","og_image":[{"width":1024,"height":1024,"url":"https:\/\/musialjanicka.art\/wp-content\/uploads\/2026\/03\/Embrioded-Light-Joanna-Musial-Janicka-musialjanicka.art_.jpg","type":"image\/jpeg"}],"twitter_card":"summary_large_image","twitter_misc":{"Szacowany czas czytania":"3 minuty"},"schema":{"@context":"https:\/\/schema.org","@graph":[{"@type":"WebPage","@id":"https:\/\/musialjanicka.art\/product\/embroidered-light-hope-freedom\/","url":"https:\/\/musialjanicka.art\/product\/embroidered-light-hope-freedom\/","name":"Haftowane \u015awiat\u0142o | Nadzieja i Wolno\u015b\u0107 - haft fotograficzny - musialjanicka.art","isPartOf":{"@id":"https:\/\/musialjanicka.art\/#website"},"primaryImageOfPage":{"@id":"https:\/\/musialjanicka.art\/product\/embroidered-light-hope-freedom\/#primaryimage"},"image":{"@id":"https:\/\/musialjanicka.art\/product\/embroidered-light-hope-freedom\/#primaryimage"},"thumbnailUrl":"https:\/\/musialjanicka.art\/wp-content\/uploads\/2026\/03\/Embrioded-Light-Joanna-Musial-Janicka-musialjanicka.art_.jpg","datePublished":"2026-03-21T14:23:51+00:00","dateModified":"2026-03-25T17:17:47+00:00","description":"Embroidered Light | Hope &amp; Freedom - jedyna w swoim rodzaju fotografia mieszana z r\u0119cznym haftem \u015bwietlistymi ni\u0107mi, \u0142\u0105cz\u0105ca fotografi\u0119 i sztuk\u0119 tekstyln\u0105.","breadcrumb":{"@id":"https:\/\/musialjanicka.art\/product\/embroidered-light-hope-freedom\/#breadcrumb"},"inLanguage":"pl-PL","potentialAction":[{"@type":"ReadAction","target":["https:\/\/musialjanicka.art\/product\/embroidered-light-hope-freedom\/"]}]},{"@type":"ImageObject","inLanguage":"pl-PL","@id":"https:\/\/musialjanicka.art\/product\/embroidered-light-hope-freedom\/#primaryimage","url":"https:\/\/musialjanicka.art\/wp-content\/uploads\/2026\/03\/Embrioded-Light-Joanna-Musial-Janicka-musialjanicka.art_.jpg","contentUrl":"https:\/\/musialjanicka.art\/wp-content\/uploads\/2026\/03\/Embrioded-Light-Joanna-Musial-Janicka-musialjanicka.art_.jpg","width":1024,"height":1024,"caption":"Mindfulness inspired artwork with light, thread, and reflective details"},{"@type":"BreadcrumbList","@id":"https:\/\/musialjanicka.art\/product\/embroidered-light-hope-freedom\/#breadcrumb","itemListElement":[{"@type":"ListItem","position":1,"name":"Home","item":"https:\/\/musialjanicka.art\/"},{"@type":"ListItem","position":2,"name":"Shop","item":"https:\/\/musialjanicka.art\/shop\/"},{"@type":"ListItem","position":3,"name":"Embroidered Light | Hope &#038; Freedom"}]},{"@type":"WebSite","@id":"https:\/\/musialjanicka.art\/#website","url":"https:\/\/musialjanicka.art\/","name":"musialjanicka.art","description":"Sztuka wspieraj\u0105ca spok\u00f3j umys\u0142u i duszy","publisher":{"@id":"https:\/\/musialjanicka.art\/#organization"},"potentialAction":[{"@type":"SearchAction","target":{"@type":"EntryPoint","urlTemplate":"https:\/\/musialjanicka.art\/?s={search_term_string}"},"query-input":{"@type":"PropertyValueSpecification","valueRequired":true,"valueName":"search_term_string"}}],"inLanguage":"pl-PL"},{"@type":"Organization","@id":"https:\/\/musialjanicka.art\/#organization","name":"musialjanicka.art","url":"https:\/\/musialjanicka.art\/","logo":{"@type":"ImageObject","inLanguage":"pl-PL","@id":"https:\/\/musialjanicka.art\/#\/schema\/logo\/image\/","url":"https:\/\/musialjanicka.art\/wp-content\/uploads\/2025\/02\/cropped-Nowe-logo-kwadrat-620x620px.png","contentUrl":"https:\/\/musialjanicka.art\/wp-content\/uploads\/2025\/02\/cropped-Nowe-logo-kwadrat-620x620px.png","width":512,"height":512,"caption":"musialjanicka.art"},"image":{"@id":"https:\/\/musialjanicka.art\/#\/schema\/logo\/image\/"},"sameAs":["https:\/\/www.facebook.com\/profile.php?id=61558487248297","https:\/\/www.instagram.com\/peacefulnaturebyjmj\/","https:\/\/pl.pinterest.com\/jmusialjanicka\/?actingBusinessId=482518684984684504"]}]}},"jetpack_sharing_enabled":true,"_links":{"self":[{"href":"https:\/\/musialjanicka.art\/pl\/wp-json\/wp\/v2\/product\/2555","targetHints":{"allow":["GET"]}}],"collection":[{"href":"https:\/\/musialjanicka.art\/pl\/wp-json\/wp\/v2\/product"}],"about":[{"href":"https:\/\/musialjanicka.art\/pl\/wp-json\/wp\/v2\/types\/product"}],"wp:featuredmedia":[{"embeddable":true,"href":"https:\/\/musialjanicka.art\/pl\/wp-json\/wp\/v2\/media\/2547"}],"wp:attachment":[{"href":"https:\/\/musialjanicka.art\/pl\/wp-json\/wp\/v2\/media?parent=2555"}],"wp:term":[{"taxonomy":"product_brand","embeddable":true,"href":"https:\/\/musialjanicka.art\/pl\/wp-json\/wp\/v2\/product_brand?post=2555"},{"taxonomy":"product_cat","embeddable":true,"href":"https:\/\/musialjanicka.art\/pl\/wp-json\/wp\/v2\/product_cat?post=2555"},{"taxonomy":"product_tag","embeddable":true,"href":"https:\/\/musialjanicka.art\/pl\/wp-json\/wp\/v2\/product_tag?post=2555"},{"taxonomy":"collections","embeddable":true,"href":"https:\/\/musialjanicka.art\/pl\/wp-json\/wp\/v2\/Collections?post=2555"}],"curies":[{"name":"wp","href":"https:\/\/api.w.org\/{rel}","templated":true}]}}