{"id":2560,"date":"2026-03-23T14:34:29","date_gmt":"2026-03-23T13:34:29","guid":{"rendered":"https:\/\/musialjanicka.art\/?post_type=product&#038;p=2560"},"modified":"2026-03-25T18:17:12","modified_gmt":"2026-03-25T17:17:12","slug":"wyszywajac-swiatlo-powolnej-wolnosci","status":"publish","type":"product","link":"https:\/\/musialjanicka.art\/pl\/product\/embroidered-light-thelight-of-slow-freedom\/","title":{"rendered":"Haftowane \u015awiat\u0142o | Zachwycaj\u0105ca \/TheLight\/ Po(Wolno\u015b\u0107)"},"content":{"rendered":"<p><strong>Meet &#8216;<em>Embroidered Light | TheLight of Slow Freedom&#8217;<\/em> from &#8216;<em><a href=\"https:\/\/musialjanicka.art\/product-category\/embroidered-light\/\" target=\"_blank\" rel=\"noopener\">Embroidered Light<\/a>&#8216; <\/em><\/strong><strong data-start=\"221\" data-end=\"525\">series\u00a0<\/strong><strong data-start=\"221\" data-end=\"525\">by Joanna Musia\u0142-Janicka. This delicate, nature-inspired original photograph by the artist is enhanced with subtle hand embroidery, adding a new dimension of light, texture, and presence.<\/strong><\/p>\n<p class=\"\" data-start=\"221\" data-end=\"525\">This artist&#8217;s original photograph &#8216;<em><a href=\"http:\/\/This authors photograph TheLight of Slow Freedom was born from a moment of stillness - from observing nature and reflecting on questions of direction, purpose, and meaning.\" target=\"_blank\" rel=\"noopener\">TheLight of Slow Freedom<\/a>&#8216;<\/em> was born from a moment of stillness &#8211; from observing nature and reflecting on questions of direction, purpose, and meaning.<br \/>\nWhat we often perceive as \u201cupward\u201d is not always the only path forward. Sometimes moving more slowly &#8211; or in a different, less obvious direction, even a step backward &#8211; proves to be more conscious and closer to what we truly want to achieve.<br \/>\nIn this perspective, the direction becomes less important. What matters is the process itself &#8211; mindfulness, perseverance, and independence from others\u2019 expectations. Like a snail moving downward, it ultimately reaches its destination &#8211; slowly and in its own rhythm &#8211; a goal known only to itself.<\/p>\n<p class=\"\" data-start=\"221\" data-end=\"525\">This reflection naturally extends into the act of hand embroidery. Embroidering stitches on a print of the original photograph becomes a slow, attentive gesture that follows its own rhythm, just like the path it contemplates.<\/p>\n<p class=\"\" data-start=\"221\" data-end=\"525\">Using luminous thread, the artist follows the natural flow of light already present in the scene. The embroidery highlights its direction, structure, and rhythm, without altering the image itself. In this way it gently reveals what was already there.<\/p>\n<p class=\"\" data-start=\"221\" data-end=\"525\">It is a visual meditation &#8211; mindfulness, expanded into material form.<\/p>\n<p>For the artist, <strong>light is a symbol of goodness, truth, faith, hope, and wonder &#8211; as well as the inner spark within<\/strong>. This is what she chose to <strong>highlight in this project<\/strong> <em><strong>\u00a0[<a href=\"https:\/\/musialjanicka.art\/blog\/new-project\/\" target=\"_blank\" rel=\"noopener\">read more about &#8216;Embroidered Light&#8217; philosophy<\/a>].<\/strong><\/em><\/p>\n<h5><\/h5>\n<h2><em>&#8216;<strong>Embroidered Light | TheLight of Slow Freedom<\/strong>&#8216;<\/em> is a one-of-a-kind piece, manually finished by the artist, showcasing an original photograph enhanced with hand embroidery.<\/h2>\n<p>Hand embroidery is applied directly onto the fine art print using luminous gold metallic thread. Moreover, each stitch is placed individually, following the intuitive rhythm of light. No two works are identical; therefore, this piece will not be recreated.<\/p>\n<h5>This<strong> unique work is<\/strong><strong>:<\/strong><\/h5>\n<ul>\n<li data-start=\"514\" data-end=\"563\"><strong>Hand-signed<\/strong> by Joanna Musia\u0142-Janicka<\/li>\n<li data-start=\"566\" data-end=\"611\">Includes a <strong>Certificate of Authenticity <\/strong>(signed; with dry stamp)<\/li>\n<li>Embossed with a <strong>dry stamp<\/strong> (positioned in the white margin)<\/li>\n<li><strong>A one-of-a-kind<\/strong> piece, manually finished by the artist.<\/li>\n<\/ul>\n<h5><\/h5>\n<h5>Print of photograph crafted to gallery standards:<\/h5>\n<ul style=\"font-size: 16px; font-weight: 400;\">\n<li data-start=\"64\" data-end=\"118\"><strong>Museum-quality archival paper<\/strong> with matte finish for subtle depth and clarity<\/li>\n<li data-start=\"64\" data-end=\"118\"><strong>Pigment printing technology<\/strong> (Canon 1440DPI resolution) for exceptional precision<\/li>\n<li data-start=\"64\" data-end=\"118\">Archival<strong> acid-free paper<\/strong>, lasting over <strong>100 years<\/strong> (indoor exposure)<\/li>\n<\/ul>\n<h5><\/h5>\n<h5>Size &amp; Details:<\/h5>\n<ul>\n<li>Medium: Mixed media \u2014 textile art on archival pigment print<\/li>\n<li>A3 &#8211; 42 x 29,7 cm (16.5 x 11.7 in)<\/li>\n<li>Image margin: 4 cm (vertical) x 5 cm (horizontal)<\/li>\n<li>Unframed, allowing for personal framing and display.<\/li>\n<\/ul>\n<p>&nbsp;<\/p>\n<p><em><strong>\u2018Embroidered Light | TheLight of Slow Freedom\u2019 is currently on view and available for reservation. The work will return after June 22, 2026. For reservation enquiries, please contact the artist directly via email or the contact form.<\/strong><\/em><\/p>\n<h5><\/h5>\n<h5>Why Choose &#8216;<em><strong>Embroidered Light | TheLight of Slow Freedom&#8217;<\/strong><\/em>?<\/h5>\n<p class=\"\" data-start=\"1930\" data-end=\"2039\">This work moves beyond photography and becomes a quiet object of contemplation. It interacts with light, changing subtly depending on the angle of view. Because of this, it suits collectors and interiors seeking depth, calm, and authenticity &#8211; from private living spaces to thoughtful, minimal environments.<\/p>\n<p><strong>Invest in art and presence. &#8216;Embroidered Light | <em> TheLight of Slow Freedom<\/em>&#8216;<\/strong>\u00a0invites you to experience light in a new way.<\/p>\n<p>Your invitation to pause.<br \/>\nA\u00a0moment of breath.<\/p>\n<h5><\/h5>\n<h5 style=\"text-align: center;\"><strong>The world is where you choose to stop. <\/strong>#ThePowerOfAStop<\/h5>\n<p>&nbsp;<\/p>\n<hr \/>\n<h5><\/h5>\n<h5>Exhibition history<\/h5>\n<p>Joanna Musia\u0142-Janicka premiered the original photograph <em>&#8220;<a href=\"https:\/\/musialjanicka.art\/product\/original-thelight-of-slow-freedom\/\" target=\"_blank\" rel=\"noopener\">Embroidered Light | TheLight of Slow Freedom<\/a>&#8220;<\/em>, part of the limited, collector\u2019s, certified <em data-start=\"225\" data-end=\"233\">&#8220;<a href=\"https:\/\/musialjanicka.art\/collections\/thelight\/\" target=\"_blank\" rel=\"noopener\">TheLight<\/a>&#8220;<\/em> Collection, at the International Exhibition <a href=\"https:\/\/musialjanicka.art\/blog\/freedom-international-exhibition\/\" target=\"_blank\" rel=\"noopener\">&#8216;Freedom&#8217; at the Royal Blue VA Gallery in Stockholm<\/a>, concluding her participation in the\u00a0 <a href=\"https:\/\/musialjanicka.art\/blog\/rapid-accelerator-residency-freedom-stockholm\/\" target=\"_blank\" rel=\"noopener\">&#8216;Rapid Accelerator&#8217;<\/a> artistic residency.<br \/>\nThe gallery and blog posts include installation views from the exhibition.<\/p>\n<p>&nbsp;<\/p>\n","protected":false},"excerpt":{"rendered":"<h6>Unikatowa, autorska fotografia artystyczna z r\u0119cznym haftem Joanny Musia\u0142-Janickiej. Zawiera r\u0119cznie podpisany Certyfikat Autentyczno\u015bci. Kolekcjonerska praca w duchu uwa\u017cno\u015bci, \u0142\u0105cz\u0105ca fotografi\u0119 i sztuk\u0119 tekstyln\u0105.<\/h6>\n<p><strong class=\"Yjhzub\" data-sfc-root=\"c\" data-sfc-cb=\"\" data-processed=\"true\">Obecnie prezentowana na wystawie. Rezerwacja dost\u0119pna. Powr\u00f3t po 22 czerwca 2026 roku.\u00a0<\/strong><\/p>","protected":false},"featured_media":2576,"template":"","meta":{"pgc_sgb_lightbox_settings":""},"product_brand":[],"product_cat":[218],"product_tag":[99,172,114,223,227,228,224,117,179,226,225,181,96],"Collections":[191],"class_list":{"0":"post-2560","1":"product","2":"type-product","3":"status-publish","4":"has-post-thumbnail","6":"product_cat-embroidered-light","7":"product_tag-art-for-sale-online","8":"product_tag-certificate-of-authenticity","9":"product_tag-collectors-edition-photography","10":"product_tag-embroidered-light","11":"product_tag-embroidery-on-paper","12":"product_tag-hand-embroidered-photography","13":"product_tag-hand-embroidery","14":"product_tag-joanna-musial-janicka","15":"product_tag-mindful-art","16":"product_tag-mixed-media-art","17":"product_tag-photo-embroidery","18":"product_tag-thepowerofastop","19":"product_tag-unique-artworks","20":"product_shipping_class-collectibles","21":"pa_art-style-contemporary-modern-art","22":"pa_art-style-industrial-loft-art","23":"pa_art-style-minimalist-art","24":"pa_art-style-scandinavian-japandi-wabi-sabi-art","25":"pa_color-beige-photography-prints","26":"pa_color-brown-photography-prints","27":"pa_color-green-photography-prints","28":"pa_color-yellow-photography-prints","29":"pa_orientation-vertical","30":"pa_size-a3-embroidery","31":"pa_theme-art-animals-photography","32":"pa_theme-art-botanical-photography","33":"pa_tones-neutral-earth-tones","34":"pa_tones-pastel-tones","35":"collections-thelight","37":"first","38":"instock","39":"shipping-taxable","40":"purchasable","41":"product-type-simple"},"yoast_head":"<!-- This site is optimized with the Yoast SEO plugin v27.4 - https:\/\/yoast.com\/product\/yoast-seo-wordpress\/ -->\n<title>Embroidered Light | TheLight of Slow Freedom \u2013 photo embroidery - musialjanicka.art<\/title>\n<meta name=\"description\" content=\"Embroidered Light | TheLight of Slow Freedom \u2013 one-of-a-kind mixed media photograph with hand embroidery in luminous thread. Photography and textile art.\" \/>\n<meta name=\"robots\" content=\"index, follow, max-snippet:-1, max-image-preview:large, max-video-preview:-1\" \/>\n<link rel=\"canonical\" href=\"https:\/\/musialjanicka.art\/pl\/produkt\/wyszywajac-swiatlo-powolnej-wolnosci\/\" \/>\n<meta property=\"og:locale\" content=\"pl_PL\" \/>\n<meta property=\"og:type\" content=\"article\" \/>\n<meta property=\"og:title\" content=\"Embroidered Light | TheLight of Slow Freedom \u2013 photo embroidery - musialjanicka.art\" \/>\n<meta property=\"og:description\" content=\"Embroidered Light | TheLight of Slow Freedom \u2013 one-of-a-kind mixed media photograph with hand embroidery in luminous thread. Photography and textile art.\" \/>\n<meta property=\"og:url\" content=\"https:\/\/musialjanicka.art\/pl\/produkt\/wyszywajac-swiatlo-powolnej-wolnosci\/\" \/>\n<meta property=\"og:site_name\" content=\"musialjanicka.art\" \/>\n<meta property=\"article:publisher\" content=\"https:\/\/www.facebook.com\/profile.php?id=61558487248297\" \/>\n<meta property=\"article:modified_time\" content=\"2026-03-25T17:17:12+00:00\" \/>\n<meta property=\"og:image\" content=\"https:\/\/musialjanicka.art\/wp-content\/uploads\/2026\/03\/Embroided-Light-Joanna-Musial-Janicka-musialjanicka.art-1-1.jpg\" \/>\n\t<meta property=\"og:image:width\" content=\"1024\" \/>\n\t<meta property=\"og:image:height\" content=\"1024\" \/>\n\t<meta property=\"og:image:type\" content=\"image\/jpeg\" \/>\n<meta name=\"twitter:card\" content=\"summary_large_image\" \/>\n<meta name=\"twitter:label1\" content=\"Szacowany czas czytania\" \/>\n\t<meta name=\"twitter:data1\" content=\"3 minuty\" \/>\n<script type=\"application\/ld+json\" class=\"yoast-schema-graph\">{\"@context\":\"https:\\\/\\\/schema.org\",\"@graph\":[{\"@type\":\"WebPage\",\"@id\":\"https:\\\/\\\/musialjanicka.art\\\/product\\\/embroidered-light-thelight-of-slow-freedom\\\/\",\"url\":\"https:\\\/\\\/musialjanicka.art\\\/product\\\/embroidered-light-thelight-of-slow-freedom\\\/\",\"name\":\"Embroidered Light | TheLight of Slow Freedom \u2013 photo embroidery - musialjanicka.art\",\"isPartOf\":{\"@id\":\"https:\\\/\\\/musialjanicka.art\\\/#website\"},\"primaryImageOfPage\":{\"@id\":\"https:\\\/\\\/musialjanicka.art\\\/product\\\/embroidered-light-thelight-of-slow-freedom\\\/#primaryimage\"},\"image\":{\"@id\":\"https:\\\/\\\/musialjanicka.art\\\/product\\\/embroidered-light-thelight-of-slow-freedom\\\/#primaryimage\"},\"thumbnailUrl\":\"https:\\\/\\\/musialjanicka.art\\\/wp-content\\\/uploads\\\/2026\\\/03\\\/Embroided-Light-Joanna-Musial-Janicka-musialjanicka.art-1-1.jpg\",\"datePublished\":\"2026-03-23T13:34:29+00:00\",\"dateModified\":\"2026-03-25T17:17:12+00:00\",\"description\":\"Embroidered Light | TheLight of Slow Freedom \u2013 one-of-a-kind mixed media photograph with hand embroidery in luminous thread. Photography and textile art.\",\"breadcrumb\":{\"@id\":\"https:\\\/\\\/musialjanicka.art\\\/product\\\/embroidered-light-thelight-of-slow-freedom\\\/#breadcrumb\"},\"inLanguage\":\"pl-PL\",\"potentialAction\":[{\"@type\":\"ReadAction\",\"target\":[\"https:\\\/\\\/musialjanicka.art\\\/product\\\/embroidered-light-thelight-of-slow-freedom\\\/\"]}]},{\"@type\":\"ImageObject\",\"inLanguage\":\"pl-PL\",\"@id\":\"https:\\\/\\\/musialjanicka.art\\\/product\\\/embroidered-light-thelight-of-slow-freedom\\\/#primaryimage\",\"url\":\"https:\\\/\\\/musialjanicka.art\\\/wp-content\\\/uploads\\\/2026\\\/03\\\/Embroided-Light-Joanna-Musial-Janicka-musialjanicka.art-1-1.jpg\",\"contentUrl\":\"https:\\\/\\\/musialjanicka.art\\\/wp-content\\\/uploads\\\/2026\\\/03\\\/Embroided-Light-Joanna-Musial-Janicka-musialjanicka.art-1-1.jpg\",\"width\":1024,\"height\":1024,\"caption\":\"Contemporary mixed media artwork combining fine art photography and textile techniques, emphasizing light, texture, and slow artistic process.\"},{\"@type\":\"BreadcrumbList\",\"@id\":\"https:\\\/\\\/musialjanicka.art\\\/product\\\/embroidered-light-thelight-of-slow-freedom\\\/#breadcrumb\",\"itemListElement\":[{\"@type\":\"ListItem\",\"position\":1,\"name\":\"Home\",\"item\":\"https:\\\/\\\/musialjanicka.art\\\/\"},{\"@type\":\"ListItem\",\"position\":2,\"name\":\"Shop\",\"item\":\"https:\\\/\\\/musialjanicka.art\\\/shop\\\/\"},{\"@type\":\"ListItem\",\"position\":3,\"name\":\"Embroidered Light | TheLight of Slow Freedom\"}]},{\"@type\":\"WebSite\",\"@id\":\"https:\\\/\\\/musialjanicka.art\\\/#website\",\"url\":\"https:\\\/\\\/musialjanicka.art\\\/\",\"name\":\"musialjanicka.art\",\"description\":\"Art Supporting Peace of Your Mind and Soul\",\"publisher\":{\"@id\":\"https:\\\/\\\/musialjanicka.art\\\/#organization\"},\"potentialAction\":[{\"@type\":\"SearchAction\",\"target\":{\"@type\":\"EntryPoint\",\"urlTemplate\":\"https:\\\/\\\/musialjanicka.art\\\/?s={search_term_string}\"},\"query-input\":{\"@type\":\"PropertyValueSpecification\",\"valueRequired\":true,\"valueName\":\"search_term_string\"}}],\"inLanguage\":\"pl-PL\"},{\"@type\":\"Organization\",\"@id\":\"https:\\\/\\\/musialjanicka.art\\\/#organization\",\"name\":\"musialjanicka.art\",\"url\":\"https:\\\/\\\/musialjanicka.art\\\/\",\"logo\":{\"@type\":\"ImageObject\",\"inLanguage\":\"pl-PL\",\"@id\":\"https:\\\/\\\/musialjanicka.art\\\/#\\\/schema\\\/logo\\\/image\\\/\",\"url\":\"https:\\\/\\\/musialjanicka.art\\\/wp-content\\\/uploads\\\/2025\\\/02\\\/cropped-Nowe-logo-kwadrat-620x620px.png\",\"contentUrl\":\"https:\\\/\\\/musialjanicka.art\\\/wp-content\\\/uploads\\\/2025\\\/02\\\/cropped-Nowe-logo-kwadrat-620x620px.png\",\"width\":512,\"height\":512,\"caption\":\"musialjanicka.art\"},\"image\":{\"@id\":\"https:\\\/\\\/musialjanicka.art\\\/#\\\/schema\\\/logo\\\/image\\\/\"},\"sameAs\":[\"https:\\\/\\\/www.facebook.com\\\/profile.php?id=61558487248297\",\"https:\\\/\\\/www.instagram.com\\\/peacefulnaturebyjmj\\\/\",\"https:\\\/\\\/pl.pinterest.com\\\/jmusialjanicka\\\/?actingBusinessId=482518684984684504\"]}]}<\/script>\n<!-- \/ Yoast SEO plugin. -->","yoast_head_json":{"title":"Haftowane \u015awiat\u0142o | TheLight Wolnego Czasu \u2013 haft fotograficzny - musialjanicka.art","description":"Haftowane \u015awiat\u0142o | TheLight Wolnego Czasu \u2013 unikatowa fotografia mixed media z r\u0119cznym haftem \u015bwietlist\u0105 nici\u0105. Fotografia i sztuka tekstylna.","robots":{"index":"index","follow":"follow","max-snippet":"max-snippet:-1","max-image-preview":"max-image-preview:large","max-video-preview":"max-video-preview:-1"},"canonical":"https:\/\/musialjanicka.art\/pl\/produkt\/wyszywajac-swiatlo-powolnej-wolnosci\/","og_locale":"pl_PL","og_type":"article","og_title":"Embroidered Light | TheLight of Slow Freedom \u2013 photo embroidery - musialjanicka.art","og_description":"Embroidered Light | TheLight of Slow Freedom \u2013 one-of-a-kind mixed media photograph with hand embroidery in luminous thread. Photography and textile art.","og_url":"https:\/\/musialjanicka.art\/pl\/produkt\/wyszywajac-swiatlo-powolnej-wolnosci\/","og_site_name":"musialjanicka.art","article_publisher":"https:\/\/www.facebook.com\/profile.php?id=61558487248297","article_modified_time":"2026-03-25T17:17:12+00:00","og_image":[{"width":1024,"height":1024,"url":"https:\/\/musialjanicka.art\/wp-content\/uploads\/2026\/03\/Embroided-Light-Joanna-Musial-Janicka-musialjanicka.art-1-1.jpg","type":"image\/jpeg"}],"twitter_card":"summary_large_image","twitter_misc":{"Szacowany czas czytania":"3 minuty"},"schema":{"@context":"https:\/\/schema.org","@graph":[{"@type":"WebPage","@id":"https:\/\/musialjanicka.art\/product\/embroidered-light-thelight-of-slow-freedom\/","url":"https:\/\/musialjanicka.art\/product\/embroidered-light-thelight-of-slow-freedom\/","name":"Haftowane \u015awiat\u0142o | TheLight Wolnego Czasu \u2013 haft fotograficzny - musialjanicka.art","isPartOf":{"@id":"https:\/\/musialjanicka.art\/#website"},"primaryImageOfPage":{"@id":"https:\/\/musialjanicka.art\/product\/embroidered-light-thelight-of-slow-freedom\/#primaryimage"},"image":{"@id":"https:\/\/musialjanicka.art\/product\/embroidered-light-thelight-of-slow-freedom\/#primaryimage"},"thumbnailUrl":"https:\/\/musialjanicka.art\/wp-content\/uploads\/2026\/03\/Embroided-Light-Joanna-Musial-Janicka-musialjanicka.art-1-1.jpg","datePublished":"2026-03-23T13:34:29+00:00","dateModified":"2026-03-25T17:17:12+00:00","description":"Haftowane \u015awiat\u0142o | TheLight Wolnego Czasu \u2013 unikatowa fotografia mixed media z r\u0119cznym haftem \u015bwietlist\u0105 nici\u0105. Fotografia i sztuka tekstylna.","breadcrumb":{"@id":"https:\/\/musialjanicka.art\/product\/embroidered-light-thelight-of-slow-freedom\/#breadcrumb"},"inLanguage":"pl-PL","potentialAction":[{"@type":"ReadAction","target":["https:\/\/musialjanicka.art\/product\/embroidered-light-thelight-of-slow-freedom\/"]}]},{"@type":"ImageObject","inLanguage":"pl-PL","@id":"https:\/\/musialjanicka.art\/product\/embroidered-light-thelight-of-slow-freedom\/#primaryimage","url":"https:\/\/musialjanicka.art\/wp-content\/uploads\/2026\/03\/Embroided-Light-Joanna-Musial-Janicka-musialjanicka.art-1-1.jpg","contentUrl":"https:\/\/musialjanicka.art\/wp-content\/uploads\/2026\/03\/Embroided-Light-Joanna-Musial-Janicka-musialjanicka.art-1-1.jpg","width":1024,"height":1024,"caption":"Contemporary mixed media artwork combining fine art photography and textile techniques, emphasizing light, texture, and slow artistic process."},{"@type":"BreadcrumbList","@id":"https:\/\/musialjanicka.art\/product\/embroidered-light-thelight-of-slow-freedom\/#breadcrumb","itemListElement":[{"@type":"ListItem","position":1,"name":"Home","item":"https:\/\/musialjanicka.art\/"},{"@type":"ListItem","position":2,"name":"Shop","item":"https:\/\/musialjanicka.art\/shop\/"},{"@type":"ListItem","position":3,"name":"Embroidered Light | TheLight of Slow Freedom"}]},{"@type":"WebSite","@id":"https:\/\/musialjanicka.art\/#website","url":"https:\/\/musialjanicka.art\/","name":"musialjanicka.art","description":"Sztuka wspieraj\u0105ca spok\u00f3j umys\u0142u i duszy","publisher":{"@id":"https:\/\/musialjanicka.art\/#organization"},"potentialAction":[{"@type":"SearchAction","target":{"@type":"EntryPoint","urlTemplate":"https:\/\/musialjanicka.art\/?s={search_term_string}"},"query-input":{"@type":"PropertyValueSpecification","valueRequired":true,"valueName":"search_term_string"}}],"inLanguage":"pl-PL"},{"@type":"Organization","@id":"https:\/\/musialjanicka.art\/#organization","name":"musialjanicka.art","url":"https:\/\/musialjanicka.art\/","logo":{"@type":"ImageObject","inLanguage":"pl-PL","@id":"https:\/\/musialjanicka.art\/#\/schema\/logo\/image\/","url":"https:\/\/musialjanicka.art\/wp-content\/uploads\/2025\/02\/cropped-Nowe-logo-kwadrat-620x620px.png","contentUrl":"https:\/\/musialjanicka.art\/wp-content\/uploads\/2025\/02\/cropped-Nowe-logo-kwadrat-620x620px.png","width":512,"height":512,"caption":"musialjanicka.art"},"image":{"@id":"https:\/\/musialjanicka.art\/#\/schema\/logo\/image\/"},"sameAs":["https:\/\/www.facebook.com\/profile.php?id=61558487248297","https:\/\/www.instagram.com\/peacefulnaturebyjmj\/","https:\/\/pl.pinterest.com\/jmusialjanicka\/?actingBusinessId=482518684984684504"]}]}},"jetpack_sharing_enabled":true,"_links":{"self":[{"href":"https:\/\/musialjanicka.art\/pl\/wp-json\/wp\/v2\/product\/2560","targetHints":{"allow":["GET"]}}],"collection":[{"href":"https:\/\/musialjanicka.art\/pl\/wp-json\/wp\/v2\/product"}],"about":[{"href":"https:\/\/musialjanicka.art\/pl\/wp-json\/wp\/v2\/types\/product"}],"wp:featuredmedia":[{"embeddable":true,"href":"https:\/\/musialjanicka.art\/pl\/wp-json\/wp\/v2\/media\/2576"}],"wp:attachment":[{"href":"https:\/\/musialjanicka.art\/pl\/wp-json\/wp\/v2\/media?parent=2560"}],"wp:term":[{"taxonomy":"product_brand","embeddable":true,"href":"https:\/\/musialjanicka.art\/pl\/wp-json\/wp\/v2\/product_brand?post=2560"},{"taxonomy":"product_cat","embeddable":true,"href":"https:\/\/musialjanicka.art\/pl\/wp-json\/wp\/v2\/product_cat?post=2560"},{"taxonomy":"product_tag","embeddable":true,"href":"https:\/\/musialjanicka.art\/pl\/wp-json\/wp\/v2\/product_tag?post=2560"},{"taxonomy":"collections","embeddable":true,"href":"https:\/\/musialjanicka.art\/pl\/wp-json\/wp\/v2\/Collections?post=2560"}],"curies":[{"name":"wp","href":"https:\/\/api.w.org\/{rel}","templated":true}]}}