{"id":2590,"date":"2026-03-25T16:17:31","date_gmt":"2026-03-25T15:17:31","guid":{"rendered":"https:\/\/musialjanicka.art\/?post_type=product&#038;p=2590"},"modified":"2026-03-25T18:13:49","modified_gmt":"2026-03-25T17:13:49","slug":"wyhaftowane-swiatlo-uwaznosci-na-trojkacie","status":"publish","type":"product","link":"https:\/\/musialjanicka.art\/pl\/product\/embroidered-light-mindfulness-on-the-triangle\/","title":{"rendered":"Haftowane \u015awiat\u0142o | Uwa\u017cno\u015b\u0107 na Tr\u00f3jk\u0105cie"},"content":{"rendered":"<p><strong>Experience &#8216;<em>Embroidered Light | Mindfulness on the Triangle&#8217;<\/em> from &#8216;<em><a href=\"https:\/\/musialjanicka.art\/product-category\/embroidered-light\/\" target=\"_blank\" rel=\"noopener\">Embroidered Light<\/a>&#8216; <\/em><\/strong><strong data-start=\"221\" data-end=\"525\">series\u00a0<\/strong><strong data-start=\"221\" data-end=\"525\">by Joanna Musia\u0142-Janicka. This delicate, nature-inspired original photograph by the artist is enhanced with subtle hand embroidery, adding a new dimension of light, texture, and presence.<\/strong><\/p>\n<p class=\"\" data-start=\"221\" data-end=\"525\">This photograph was born from lightness: intuition, playful experimentation with light, and the quiet joy that accompanied the artist during a walk in a nearby city park. Twisted branches and bursts of light told their own story, inspired by a single tree visited throughout this ongoing project &#8216;<a href=\"https:\/\/musialjanicka.art\/collections\/mindfulness\/\" target=\"_blank\" rel=\"noopener\"><em>Mindfulness<\/em><\/a>&#8216; since 11\/01\/2024, under varying weather, seasons, and light conditions.<\/p>\n<p class=\"\" data-start=\"221\" data-end=\"525\">As a result, embroidering stitches on a print of a photograph is a continuation of light itself &#8211; a gesture of freedom and joy in creation. A movement beyond the image.<\/p>\n<p class=\"\" data-start=\"221\" data-end=\"525\">Using luminous thread, the artist follows the natural flow of light already present in the scene. The embroidery highlights its direction, structure, and rhythm, without altering the image itself. In this way it gently reveals what was already there.<\/p>\n<p class=\"\" data-start=\"221\" data-end=\"525\">It is a visual meditation &#8211; mindfulness, expanded into material form.<\/p>\n<p>For the artist, <strong>light is a symbol of goodness, truth, faith, hope, and wonder &#8211; as well as the inner spark within<\/strong>. This is what she chose to <strong>highlight in this project<\/strong> <em><strong>\u00a0[<a href=\"https:\/\/musialjanicka.art\/blog\/new-project\/\" target=\"_blank\" rel=\"noopener\">read more about &#8216;Embroidered Light&#8217; philosophy<\/a>].<\/strong><\/em><\/p>\n<h5><\/h5>\n<h2><em>&#8216;Embroidered Light | Mindfulness on the Triangle&#8217;<\/em> is a one-of-a-kind piece, manually finished by the artist, showcasing an original photograph enhanced with hand embroidery.<\/h2>\n<p>Hand embroidery is applied directly onto the fine art print using luminous, golden metallic thread. Moreover, each stitch is placed individually, following the intuitive rhythm of light. No two works are identical; therefore, this piece will not be recreated.<\/p>\n<h5>This<strong> unique work is<\/strong><strong>:<\/strong><\/h5>\n<ul>\n<li data-start=\"514\" data-end=\"563\"><strong>Hand-signed<\/strong> by Joanna Musia\u0142-Janicka<\/li>\n<li data-start=\"566\" data-end=\"611\">Includes a <strong>Certificate of Authenticity <\/strong>(signed; with dry stamp)<\/li>\n<li>Embossed with a <strong>dry stamp<\/strong> (positioned in the white margin)<\/li>\n<li><strong>A one-of-a-kind<\/strong> piece, manually finished by the artist.<\/li>\n<\/ul>\n<h5><\/h5>\n<h5>Print of photograph crafted to gallery standards:<\/h5>\n<ul style=\"font-size: 16px; font-weight: 400;\">\n<li data-start=\"64\" data-end=\"118\"><strong>Museum-quality archival paper<\/strong> with matte finish for subtle depth and clarity, preserves the work\u2019s delicate textures<\/li>\n<li data-start=\"64\" data-end=\"118\"><strong>Pigment printing technology<\/strong> (Canon 1440DPI resolution) for exceptional precision<\/li>\n<li data-start=\"64\" data-end=\"118\">Archival<strong> acid-free paper<\/strong>, lasting over <strong>100 years<\/strong> (indoor exposure)<\/li>\n<\/ul>\n<h5><\/h5>\n<h5>Size &amp; Details:<\/h5>\n<ul>\n<li>Medium: Mixed media \u2014 textile art on archival pigment print<\/li>\n<li>A3 &#8211; 42 x 29,7 cm (16.5 x 11.7 in)<\/li>\n<li>Image margin: 4 cm (vertical) x 5 cm (horizontal)<\/li>\n<li>Unframed, allowing for personal framing and display.<\/li>\n<\/ul>\n<p>&nbsp;<\/p>\n<p><em><strong>&#8216;Embroidered Light | Mindfulness on the Triangle&#8217; is currently on view and available for reservation. The work will return after May 04, 2026. For reservation enquiries, please contact the artist directly via email or the <a href=\"https:\/\/musialjanicka.art\/contact\/\" target=\"_blank\" rel=\"noopener\">contact form<\/a>.<\/strong><\/em><\/p>\n<h5><\/h5>\n<h5>Why Choose &#8216;<em><strong>Embroidered Light | Mindfulness on the Triangle&#8217;<\/strong><\/em>?<\/h5>\n<p class=\"\" data-start=\"1930\" data-end=\"2039\">This work moves beyond photography and becomes a quiet object of contemplation. It interacts with light, changing subtly depending on the angle of view. Because of this, it suits collectors and interiors seeking depth, calm, and authenticity &#8211; from private living spaces to thoughtful, minimal environments.<\/p>\n<p><strong>Invest in art and presence. &#8216;Embroidered Light | Mindfulness on the Triangle&#8217;<\/strong>\u00a0invites you to experience light in a new way.<\/p>\n<p>Your invitation to pause.<br \/>\nA\u00a0moment of breath.<\/p>\n<h5><\/h5>\n<h5 style=\"text-align: center;\"><strong>The world is where you choose to stop. <\/strong>#ThePowerOfAStop<\/h5>\n<p>&nbsp;<\/p>\n<hr \/>\n<h5><\/h5>\n<h5>Exhibition history<\/h5>\n<p>Joanna Musia\u0142-Janicka premiered the work, part of the limited, collector\u2019s, certified &#8220;<i><a href=\"https:\/\/musialjanicka.art\/collections\/mindfulness\/\" target=\"_blank\" rel=\"noopener\">Mindfulness<\/a>&#8220;<\/i> Collection, at her Solo Exhibition <em><a href=\"https:\/\/musialjanicka.art\/blog\/exhibition-opening-mindfulness-by-the-tree-in-nysa\/\" target=\"_blank\" rel=\"noopener\">&#8216;Mindfulness (by The Tree)&#8217;<\/a><\/em>\u00a0at <a href=\"http:\/\/www.muzeum.nysa.pl\/web.n4?go=1824\" target=\"_blank\" rel=\"noopener\"><em>Muzeum Powiatowe in Nysa, Poland<\/em><\/a>.<br \/>\nThe gallery and blog posts include installation views from the exhibition.<\/p>\n<p>&nbsp;<\/p>\n","protected":false},"excerpt":{"rendered":"<h6>Unikatowa, autorska fotografia artystyczna z r\u0119cznym haftem autorstwa Joanny Musia\u0142-Janickiej.\nZawiera r\u0119cznie podpisany Certyfikat Autentyczno\u015bci.\nKolekcjonerska praca \u0142\u0105cz\u0105ca fotografi\u0119 i sztuk\u0119 tekstyln\u0105<\/h6>\n<p><strong class=\"Yjhzub\" data-sfc-root=\"c\" data-sfc-cb=\"\" data-processed=\"true\">Obecnie prezentowana na wystawie i dost\u0119pna do rezerwacji. Powr\u00f3t po 04 maja 2026 r.\u00a0<\/strong><\/p>","protected":false},"featured_media":2595,"template":"","meta":{"pgc_sgb_lightbox_settings":""},"product_brand":[],"product_cat":[218],"product_tag":[99,172,114,223,227,228,224,117,179,226,225,181,96],"Collections":[193],"class_list":{"0":"post-2590","1":"product","2":"type-product","3":"status-publish","4":"has-post-thumbnail","6":"product_cat-embroidered-light","7":"product_tag-art-for-sale-online","8":"product_tag-certificate-of-authenticity","9":"product_tag-collectors-edition-photography","10":"product_tag-embroidered-light","11":"product_tag-embroidery-on-paper","12":"product_tag-hand-embroidered-photography","13":"product_tag-hand-embroidery","14":"product_tag-joanna-musial-janicka","15":"product_tag-mindful-art","16":"product_tag-mixed-media-art","17":"product_tag-photo-embroidery","18":"product_tag-thepowerofastop","19":"product_tag-unique-artworks","20":"product_shipping_class-collectibles","21":"pa_art-style-contemporary-modern-art","22":"pa_art-style-floral-art","23":"pa_art-style-industrial-loft-art","24":"pa_art-style-minimalist-art","25":"pa_color-gray-photography-prints","26":"pa_color-yellow-photography-prints","27":"pa_orientation-vertical","28":"pa_size-a3-embroidery","29":"pa_theme-art-abstract-photography","30":"pa_theme-art-botanical-photography","31":"pa_tones-cool-tones","32":"pa_tones-pastel-tones","33":"pa_tones-warm-tones","34":"collections-mindfulness","36":"first","37":"instock","38":"shipping-taxable","39":"purchasable","40":"product-type-simple"},"yoast_head":"<!-- This site is optimized with the Yoast SEO plugin v27.4 - https:\/\/yoast.com\/product\/yoast-seo-wordpress\/ -->\n<title>Embroidered Light | Mindfulness on the Triangle: photo embroidery - musialjanicka.art<\/title>\n<meta name=\"description\" content=\"Embroidered Light | Mindfulness on the Triangle \u2013 one-of-a-kind mixed media photograph with hand embroidery in luminous thread: photography and textile art.\" \/>\n<meta name=\"robots\" content=\"index, follow, max-snippet:-1, max-image-preview:large, max-video-preview:-1\" \/>\n<link rel=\"canonical\" href=\"https:\/\/musialjanicka.art\/pl\/produkt\/wyhaftowane-swiatlo-uwaznosci-na-trojkacie\/\" \/>\n<meta property=\"og:locale\" content=\"pl_PL\" \/>\n<meta property=\"og:type\" content=\"article\" \/>\n<meta property=\"og:title\" content=\"Embroidered Light | Mindfulness on the Triangle: photo embroidery - musialjanicka.art\" \/>\n<meta property=\"og:description\" content=\"Embroidered Light | Mindfulness on the Triangle \u2013 one-of-a-kind mixed media photograph with hand embroidery in luminous thread: photography and textile art.\" \/>\n<meta property=\"og:url\" content=\"https:\/\/musialjanicka.art\/pl\/produkt\/wyhaftowane-swiatlo-uwaznosci-na-trojkacie\/\" \/>\n<meta property=\"og:site_name\" content=\"musialjanicka.art\" \/>\n<meta property=\"article:publisher\" content=\"https:\/\/www.facebook.com\/profile.php?id=61558487248297\" \/>\n<meta property=\"article:modified_time\" content=\"2026-03-25T17:13:49+00:00\" \/>\n<meta property=\"og:image\" content=\"https:\/\/musialjanicka.art\/wp-content\/uploads\/2026\/03\/Embroidered-Light-Mindfulness-on-Tiangle-Joanna-Musial-Janicka-Art-musialjanicka.art-1.jpg\" \/>\n\t<meta property=\"og:image:width\" content=\"1024\" \/>\n\t<meta property=\"og:image:height\" content=\"1024\" \/>\n\t<meta property=\"og:image:type\" content=\"image\/jpeg\" \/>\n<meta name=\"twitter:card\" content=\"summary_large_image\" \/>\n<meta name=\"twitter:label1\" content=\"Szacowany czas czytania\" \/>\n\t<meta name=\"twitter:data1\" content=\"3 minuty\" \/>\n<script type=\"application\/ld+json\" class=\"yoast-schema-graph\">{\"@context\":\"https:\\\/\\\/schema.org\",\"@graph\":[{\"@type\":\"WebPage\",\"@id\":\"https:\\\/\\\/musialjanicka.art\\\/product\\\/embroidered-light-mindfulness-on-the-triangle\\\/\",\"url\":\"https:\\\/\\\/musialjanicka.art\\\/product\\\/embroidered-light-mindfulness-on-the-triangle\\\/\",\"name\":\"Embroidered Light | Mindfulness on the Triangle: photo embroidery - musialjanicka.art\",\"isPartOf\":{\"@id\":\"https:\\\/\\\/musialjanicka.art\\\/#website\"},\"primaryImageOfPage\":{\"@id\":\"https:\\\/\\\/musialjanicka.art\\\/product\\\/embroidered-light-mindfulness-on-the-triangle\\\/#primaryimage\"},\"image\":{\"@id\":\"https:\\\/\\\/musialjanicka.art\\\/product\\\/embroidered-light-mindfulness-on-the-triangle\\\/#primaryimage\"},\"thumbnailUrl\":\"https:\\\/\\\/musialjanicka.art\\\/wp-content\\\/uploads\\\/2026\\\/03\\\/Embroidered-Light-Mindfulness-on-Tiangle-Joanna-Musial-Janicka-Art-musialjanicka.art-1.jpg\",\"datePublished\":\"2026-03-25T15:17:31+00:00\",\"dateModified\":\"2026-03-25T17:13:49+00:00\",\"description\":\"Embroidered Light | Mindfulness on the Triangle \u2013 one-of-a-kind mixed media photograph with hand embroidery in luminous thread: photography and textile art.\",\"breadcrumb\":{\"@id\":\"https:\\\/\\\/musialjanicka.art\\\/product\\\/embroidered-light-mindfulness-on-the-triangle\\\/#breadcrumb\"},\"inLanguage\":\"pl-PL\",\"potentialAction\":[{\"@type\":\"ReadAction\",\"target\":[\"https:\\\/\\\/musialjanicka.art\\\/product\\\/embroidered-light-mindfulness-on-the-triangle\\\/\"]}]},{\"@type\":\"ImageObject\",\"inLanguage\":\"pl-PL\",\"@id\":\"https:\\\/\\\/musialjanicka.art\\\/product\\\/embroidered-light-mindfulness-on-the-triangle\\\/#primaryimage\",\"url\":\"https:\\\/\\\/musialjanicka.art\\\/wp-content\\\/uploads\\\/2026\\\/03\\\/Embroidered-Light-Mindfulness-on-Tiangle-Joanna-Musial-Janicka-Art-musialjanicka.art-1.jpg\",\"contentUrl\":\"https:\\\/\\\/musialjanicka.art\\\/wp-content\\\/uploads\\\/2026\\\/03\\\/Embroidered-Light-Mindfulness-on-Tiangle-Joanna-Musial-Janicka-Art-musialjanicka.art-1.jpg\",\"width\":1024,\"height\":1024,\"caption\":\"embroidered light golden thread contemporary art photography\"},{\"@type\":\"BreadcrumbList\",\"@id\":\"https:\\\/\\\/musialjanicka.art\\\/product\\\/embroidered-light-mindfulness-on-the-triangle\\\/#breadcrumb\",\"itemListElement\":[{\"@type\":\"ListItem\",\"position\":1,\"name\":\"Home\",\"item\":\"https:\\\/\\\/musialjanicka.art\\\/\"},{\"@type\":\"ListItem\",\"position\":2,\"name\":\"Shop\",\"item\":\"https:\\\/\\\/musialjanicka.art\\\/shop\\\/\"},{\"@type\":\"ListItem\",\"position\":3,\"name\":\"Embroidered Light | Mindfulness on the Triangle\"}]},{\"@type\":\"WebSite\",\"@id\":\"https:\\\/\\\/musialjanicka.art\\\/#website\",\"url\":\"https:\\\/\\\/musialjanicka.art\\\/\",\"name\":\"musialjanicka.art\",\"description\":\"Art Supporting Peace of Your Mind and Soul\",\"publisher\":{\"@id\":\"https:\\\/\\\/musialjanicka.art\\\/#organization\"},\"potentialAction\":[{\"@type\":\"SearchAction\",\"target\":{\"@type\":\"EntryPoint\",\"urlTemplate\":\"https:\\\/\\\/musialjanicka.art\\\/?s={search_term_string}\"},\"query-input\":{\"@type\":\"PropertyValueSpecification\",\"valueRequired\":true,\"valueName\":\"search_term_string\"}}],\"inLanguage\":\"pl-PL\"},{\"@type\":\"Organization\",\"@id\":\"https:\\\/\\\/musialjanicka.art\\\/#organization\",\"name\":\"musialjanicka.art\",\"url\":\"https:\\\/\\\/musialjanicka.art\\\/\",\"logo\":{\"@type\":\"ImageObject\",\"inLanguage\":\"pl-PL\",\"@id\":\"https:\\\/\\\/musialjanicka.art\\\/#\\\/schema\\\/logo\\\/image\\\/\",\"url\":\"https:\\\/\\\/musialjanicka.art\\\/wp-content\\\/uploads\\\/2025\\\/02\\\/cropped-Nowe-logo-kwadrat-620x620px.png\",\"contentUrl\":\"https:\\\/\\\/musialjanicka.art\\\/wp-content\\\/uploads\\\/2025\\\/02\\\/cropped-Nowe-logo-kwadrat-620x620px.png\",\"width\":512,\"height\":512,\"caption\":\"musialjanicka.art\"},\"image\":{\"@id\":\"https:\\\/\\\/musialjanicka.art\\\/#\\\/schema\\\/logo\\\/image\\\/\"},\"sameAs\":[\"https:\\\/\\\/www.facebook.com\\\/profile.php?id=61558487248297\",\"https:\\\/\\\/www.instagram.com\\\/peacefulnaturebyjmj\\\/\",\"https:\\\/\\\/pl.pinterest.com\\\/jmusialjanicka\\\/?actingBusinessId=482518684984684504\"]}]}<\/script>\n<!-- \/ Yoast SEO plugin. -->","yoast_head_json":{"title":"Haftowane \u015bwiat\u0142o | Uwa\u017cno\u015b\u0107 na tr\u00f3jk\u0105cie: haft fotograficzny - musialjanicka.art","description":"Embroidered Light | Mindfulness on the Triangle - jedyna w swoim rodzaju fotografia mieszana z r\u0119cznym haftem \u015bwietlist\u0105 nici\u0105: fotografia i sztuka tekstylna.","robots":{"index":"index","follow":"follow","max-snippet":"max-snippet:-1","max-image-preview":"max-image-preview:large","max-video-preview":"max-video-preview:-1"},"canonical":"https:\/\/musialjanicka.art\/pl\/produkt\/wyhaftowane-swiatlo-uwaznosci-na-trojkacie\/","og_locale":"pl_PL","og_type":"article","og_title":"Embroidered Light | Mindfulness on the Triangle: photo embroidery - musialjanicka.art","og_description":"Embroidered Light | Mindfulness on the Triangle \u2013 one-of-a-kind mixed media photograph with hand embroidery in luminous thread: photography and textile art.","og_url":"https:\/\/musialjanicka.art\/pl\/produkt\/wyhaftowane-swiatlo-uwaznosci-na-trojkacie\/","og_site_name":"musialjanicka.art","article_publisher":"https:\/\/www.facebook.com\/profile.php?id=61558487248297","article_modified_time":"2026-03-25T17:13:49+00:00","og_image":[{"width":1024,"height":1024,"url":"https:\/\/musialjanicka.art\/wp-content\/uploads\/2026\/03\/Embroidered-Light-Mindfulness-on-Tiangle-Joanna-Musial-Janicka-Art-musialjanicka.art-1.jpg","type":"image\/jpeg"}],"twitter_card":"summary_large_image","twitter_misc":{"Szacowany czas czytania":"3 minuty"},"schema":{"@context":"https:\/\/schema.org","@graph":[{"@type":"WebPage","@id":"https:\/\/musialjanicka.art\/product\/embroidered-light-mindfulness-on-the-triangle\/","url":"https:\/\/musialjanicka.art\/product\/embroidered-light-mindfulness-on-the-triangle\/","name":"Haftowane \u015bwiat\u0142o | Uwa\u017cno\u015b\u0107 na tr\u00f3jk\u0105cie: haft fotograficzny - musialjanicka.art","isPartOf":{"@id":"https:\/\/musialjanicka.art\/#website"},"primaryImageOfPage":{"@id":"https:\/\/musialjanicka.art\/product\/embroidered-light-mindfulness-on-the-triangle\/#primaryimage"},"image":{"@id":"https:\/\/musialjanicka.art\/product\/embroidered-light-mindfulness-on-the-triangle\/#primaryimage"},"thumbnailUrl":"https:\/\/musialjanicka.art\/wp-content\/uploads\/2026\/03\/Embroidered-Light-Mindfulness-on-Tiangle-Joanna-Musial-Janicka-Art-musialjanicka.art-1.jpg","datePublished":"2026-03-25T15:17:31+00:00","dateModified":"2026-03-25T17:13:49+00:00","description":"Embroidered Light | Mindfulness on the Triangle - jedyna w swoim rodzaju fotografia mieszana z r\u0119cznym haftem \u015bwietlist\u0105 nici\u0105: fotografia i sztuka tekstylna.","breadcrumb":{"@id":"https:\/\/musialjanicka.art\/product\/embroidered-light-mindfulness-on-the-triangle\/#breadcrumb"},"inLanguage":"pl-PL","potentialAction":[{"@type":"ReadAction","target":["https:\/\/musialjanicka.art\/product\/embroidered-light-mindfulness-on-the-triangle\/"]}]},{"@type":"ImageObject","inLanguage":"pl-PL","@id":"https:\/\/musialjanicka.art\/product\/embroidered-light-mindfulness-on-the-triangle\/#primaryimage","url":"https:\/\/musialjanicka.art\/wp-content\/uploads\/2026\/03\/Embroidered-Light-Mindfulness-on-Tiangle-Joanna-Musial-Janicka-Art-musialjanicka.art-1.jpg","contentUrl":"https:\/\/musialjanicka.art\/wp-content\/uploads\/2026\/03\/Embroidered-Light-Mindfulness-on-Tiangle-Joanna-Musial-Janicka-Art-musialjanicka.art-1.jpg","width":1024,"height":1024,"caption":"embroidered light golden thread contemporary art photography"},{"@type":"BreadcrumbList","@id":"https:\/\/musialjanicka.art\/product\/embroidered-light-mindfulness-on-the-triangle\/#breadcrumb","itemListElement":[{"@type":"ListItem","position":1,"name":"Home","item":"https:\/\/musialjanicka.art\/"},{"@type":"ListItem","position":2,"name":"Shop","item":"https:\/\/musialjanicka.art\/shop\/"},{"@type":"ListItem","position":3,"name":"Embroidered Light | Mindfulness on the Triangle"}]},{"@type":"WebSite","@id":"https:\/\/musialjanicka.art\/#website","url":"https:\/\/musialjanicka.art\/","name":"musialjanicka.art","description":"Sztuka wspieraj\u0105ca spok\u00f3j umys\u0142u i duszy","publisher":{"@id":"https:\/\/musialjanicka.art\/#organization"},"potentialAction":[{"@type":"SearchAction","target":{"@type":"EntryPoint","urlTemplate":"https:\/\/musialjanicka.art\/?s={search_term_string}"},"query-input":{"@type":"PropertyValueSpecification","valueRequired":true,"valueName":"search_term_string"}}],"inLanguage":"pl-PL"},{"@type":"Organization","@id":"https:\/\/musialjanicka.art\/#organization","name":"musialjanicka.art","url":"https:\/\/musialjanicka.art\/","logo":{"@type":"ImageObject","inLanguage":"pl-PL","@id":"https:\/\/musialjanicka.art\/#\/schema\/logo\/image\/","url":"https:\/\/musialjanicka.art\/wp-content\/uploads\/2025\/02\/cropped-Nowe-logo-kwadrat-620x620px.png","contentUrl":"https:\/\/musialjanicka.art\/wp-content\/uploads\/2025\/02\/cropped-Nowe-logo-kwadrat-620x620px.png","width":512,"height":512,"caption":"musialjanicka.art"},"image":{"@id":"https:\/\/musialjanicka.art\/#\/schema\/logo\/image\/"},"sameAs":["https:\/\/www.facebook.com\/profile.php?id=61558487248297","https:\/\/www.instagram.com\/peacefulnaturebyjmj\/","https:\/\/pl.pinterest.com\/jmusialjanicka\/?actingBusinessId=482518684984684504"]}]}},"jetpack_sharing_enabled":true,"_links":{"self":[{"href":"https:\/\/musialjanicka.art\/pl\/wp-json\/wp\/v2\/product\/2590","targetHints":{"allow":["GET"]}}],"collection":[{"href":"https:\/\/musialjanicka.art\/pl\/wp-json\/wp\/v2\/product"}],"about":[{"href":"https:\/\/musialjanicka.art\/pl\/wp-json\/wp\/v2\/types\/product"}],"wp:featuredmedia":[{"embeddable":true,"href":"https:\/\/musialjanicka.art\/pl\/wp-json\/wp\/v2\/media\/2595"}],"wp:attachment":[{"href":"https:\/\/musialjanicka.art\/pl\/wp-json\/wp\/v2\/media?parent=2590"}],"wp:term":[{"taxonomy":"product_brand","embeddable":true,"href":"https:\/\/musialjanicka.art\/pl\/wp-json\/wp\/v2\/product_brand?post=2590"},{"taxonomy":"product_cat","embeddable":true,"href":"https:\/\/musialjanicka.art\/pl\/wp-json\/wp\/v2\/product_cat?post=2590"},{"taxonomy":"product_tag","embeddable":true,"href":"https:\/\/musialjanicka.art\/pl\/wp-json\/wp\/v2\/product_tag?post=2590"},{"taxonomy":"collections","embeddable":true,"href":"https:\/\/musialjanicka.art\/pl\/wp-json\/wp\/v2\/Collections?post=2590"}],"curies":[{"name":"wp","href":"https:\/\/api.w.org\/{rel}","templated":true}]}}